{"id":97,"date":"2026-03-21T13:57:04","date_gmt":"2026-03-21T13:57:04","guid":{"rendered":"https:\/\/amazon.azdigi.shop\/?post_type=product&#038;p=97"},"modified":"2026-04-18T10:14:59","modified_gmt":"2026-04-18T10:14:59","slug":"luna-closet-wide-leg-pants-with-floral-embroidery","status":"publish","type":"product","link":"https:\/\/amazon.azdigi.shop\/index.php\/product\/luna-closet-wide-leg-pants-with-floral-embroidery\/","title":{"rendered":"Luna Closet Wide Leg Pants with Floral Embroidery"},"content":{"rendered":"<div class=\"AdPoic\" role=\"heading\" aria-level=\"3\" data-animation-nesting=\"\" data-sfc-cp=\"\" data-sfc-root=\"c\" data-sfc-cb=\"\" data-complete=\"true\" data-processed=\"true\" data-sae=\"\">T\u1ea1i sao Qu\u1ea7n \u1ed0ng R\u1ed9ng Th\u00eau Hoa l\u00e0 l\u1ef1a ch\u1ecdn ho\u00e0n h\u1ea3o?<button class=\"rBl3me\" tabindex=\"0\" data-amic=\"true\" data-icl-uuid=\"0cb99fd8-87a6-46a2-a756-d0940caa4bea\" aria-label=\"Xem c\u00e1c \u0111\u01b0\u1eddng li\u00ean k\u1ebft c\u00f3 li\u00ean quan\" data-wiz-attrbind=\"disabled=Z9yvff_23\/C5gNJc;aria-label=Z9yvff_23\/bOjMyf;class=Z9yvff_23\/UpSNec\" data-ved=\"2ahUKEwiZqcTP0e-TAxWUsVYBHeeNCigQye0OegYIAQgLEAA\" data-hveid=\"CAEICxAA\"><\/button><\/div>\n<div class=\"Y3BBE\" data-sfc-cp=\"\" data-sfc-root=\"c\" data-sfc-cb=\"\" data-hveid=\"CAEIDBAA\" data-complete=\"true\" data-processed=\"true\"><strong class=\"Yjhzub\" data-sfc-root=\"c\" data-sfc-cb=\"\" data-complete=\"true\" data-processed=\"true\">Thi\u1ebft k\u1ebf thanh l\u1ecbch v\u00e0 n\u1eef t\u00ednh<\/strong><br data-sfc-root=\"c\" data-sfc-pl=\"|[]\" data-sfc-cb=\"\" data-complete=\"true\" data-processed=\"true\" \/>M\u1eabu\u00a0<strong class=\"Yjhzub\" data-sfc-root=\"c\" data-sfc-cb=\"\" data-complete=\"true\" data-processed=\"true\">qu\u1ea7n \u1ed1ng r\u1ed9ng th\u00eau hoa<\/strong>\u00a0t\u1eeb Luna Closet mang \u0111\u1ebfn m\u1ed9t l\u00e0n gi\u00f3 m\u1edbi cho phong c\u00e1ch th\u1eddi trang c\u00f4ng s\u1edf v\u00e0 d\u1ea1o ph\u1ed1. V\u1edbi thi\u1ebft k\u1ebf d\u00e1ng su\u00f4ng r\u1ed9ng tho\u1ea3i m\u00e1i, s\u1ea3n ph\u1ea9m kh\u00f4ng ch\u1ec9 gi\u00fap t\u00f4n d\u00e1ng, k\u00e9o d\u00e0i \u0111\u00f4i ch\u00e2n m\u00e0 c\u00f2n t\u1ea1o c\u1ea3m gi\u00e1c nh\u1eb9 nh\u00e0ng, t\u1ef1 do trong m\u1ed7i b\u01b0\u1edbc di chuy\u1ec3n. \u0110i\u1ec3m nh\u1ea5n \u0111\u1eaft gi\u00e1 nh\u1ea5t ch\u00ednh l\u00e0 nh\u1eefng h\u1ecda ti\u1ebft\u00a0<strong class=\"Yjhzub\" data-sfc-root=\"c\" data-sfc-cb=\"\" data-complete=\"true\" data-processed=\"true\">th\u00eau hoa th\u1ee7 c\u00f4ng<\/strong>\u00a0tinh x\u1ea3o \u1edf ph\u1ea7n g\u1ea5u qu\u1ea7n, mang l\u1ea1i v\u1ebb \u0111\u1eb9p \u0111\u1ea7y ngh\u1ec7 thu\u1eadt v\u00e0 tinh t\u1ebf cho ng\u01b0\u1eddi m\u1eb7c.<button class=\"rBl3me\" tabindex=\"0\" data-amic=\"true\" data-icl-uuid=\"e19cc6e8-8311-44be-b60d-bfe5da46cc81\" aria-label=\"Xem c\u00e1c \u0111\u01b0\u1eddng li\u00ean k\u1ebft c\u00f3 li\u00ean quan\" data-wiz-attrbind=\"disabled=Z9yvff_2b\/C5gNJc;aria-label=Z9yvff_2b\/bOjMyf;class=Z9yvff_2b\/UpSNec\" data-ved=\"2ahUKEwiZqcTP0e-TAxWUsVYBHeeNCigQye0OegYIAQgMEAE\" data-hveid=\"CAEIDBAB\"><\/button><\/div>\n<div class=\"Y3BBE\" data-sfc-cp=\"\" data-sfc-root=\"c\" data-sfc-cb=\"\" data-hveid=\"CAEIDRAA\" data-complete=\"true\" data-processed=\"true\"><strong class=\"Yjhzub\" data-sfc-root=\"c\" data-sfc-cb=\"\" data-complete=\"true\" data-processed=\"true\">Ch\u1ea5t li\u1ec7u Denim cao c\u1ea5p<\/strong><br data-sfc-root=\"c\" data-sfc-pl=\"|[]\" data-sfc-cb=\"\" data-complete=\"true\" data-processed=\"true\" \/>Ch\u00fang t\u00f4i l\u1ef1a ch\u1ecdn ch\u1ea5t li\u1ec7u\u00a0<strong class=\"Yjhzub\" data-sfc-root=\"c\" data-sfc-cb=\"\" data-complete=\"true\" data-processed=\"true\">v\u1ea3i Denim<\/strong>\u00a0m\u00e0u tr\u1eafng tinh kh\u00f4i, c\u00f3 \u0111\u1ed9 d\u00e0y d\u1eb7n v\u1eeba ph\u1ea3i \u0111\u1ec3 gi\u1eef form qu\u1ea7n \u0111\u1ee9ng d\u00e1ng nh\u01b0ng v\u1eabn \u0111\u1ea3m b\u1ea3o s\u1ef1 m\u1ec1m m\u1ea1i, tho\u00e1ng m\u00e1t. V\u1ea3i denim n\u00e0y \u0111\u00e3 qua x\u1eed l\u00fd b\u1ec1 m\u1eb7t, h\u1ea1n ch\u1ebf t\u1ed1i \u0111a vi\u1ec7c nh\u0103n nh\u00fam hay b\u00e1m b\u1ea9n, gi\u00fap b\u1ea1n lu\u00f4n t\u1ef1 tin trong su\u1ed1t ng\u00e0y d\u00e0i l\u00e0m vi\u1ec7c hay \u0111i ch\u01a1i c\u00f9ng b\u1ea1n b\u00e8.<button class=\"rBl3me\" tabindex=\"0\" data-amic=\"true\" data-icl-uuid=\"42c24b8b-87b9-45df-8845-f4d516f1db77\" aria-label=\"Xem c\u00e1c \u0111\u01b0\u1eddng li\u00ean k\u1ebft c\u00f3 li\u00ean quan\" data-wiz-attrbind=\"disabled=Z9yvff_2i\/C5gNJc;aria-label=Z9yvff_2i\/bOjMyf;class=Z9yvff_2i\/UpSNec\" data-ved=\"2ahUKEwiZqcTP0e-TAxWUsVYBHeeNCigQye0OegYIAQgNEAE\" data-hveid=\"CAEIDRAB\"><\/button><\/div>\n<div class=\"Fsg96\" data-sfc-cp=\"\" data-sfc-root=\"c\" data-sfc-cb=\"\" data-complete=\"true\" data-processed=\"true\"><\/div>\n<div data-subtree=\"aimba\" data-sfc-cp=\"\" data-sfc-root=\"c\" data-sfc-cb=\"\" data-complete=\"true\" data-processed=\"true\">\n<div class=\"Jd31eb\" data-sfc-root=\"c\" data-sfc-cb=\"\" data-complete=\"true\" data-processed=\"true\">\n<div class=\"AdPoic\" role=\"heading\" aria-level=\"3\" data-animation-nesting=\"\" data-sfc-cp=\"\" data-sfc-root=\"c\" data-sfc-cb=\"\" data-complete=\"true\" data-processed=\"true\" data-sae=\"\">G\u1ee3i \u00fd ph\u1ed1i \u0111\u1ed3 v\u1edbi Qu\u1ea7n Denim \u1ed0ng R\u1ed9ng<button class=\"rBl3me\" tabindex=\"0\" data-amic=\"true\" data-icl-uuid=\"58e844e4-6976-4690-b3e8-e139f0853541\" aria-label=\"Xem c\u00e1c \u0111\u01b0\u1eddng li\u00ean k\u1ebft c\u00f3 li\u00ean quan\" data-wiz-attrbind=\"disabled=Z9yvff_2q\/C5gNJc;aria-label=Z9yvff_2q\/bOjMyf;class=Z9yvff_2q\/UpSNec\" data-ved=\"2ahUKEwiZqcTP0e-TAxWUsVYBHeeNCigQye0OegYIAQgPEAA\" data-hveid=\"CAEIDxAA\"><\/button><\/div>\n<div class=\"Y3BBE\" data-sfc-cp=\"\" data-sfc-root=\"c\" data-sfc-cb=\"\" data-hveid=\"CAEIEBAA\" data-complete=\"true\" data-processed=\"true\">Chi\u1ebfc qu\u1ea7n n\u00e0y c\u1ef1c k\u1ef3 &#8220;d\u1ec5 t\u00ednh&#8221; khi k\u1ebft h\u1ee3p c\u00f9ng c\u00e1c trang ph\u1ee5c kh\u00e1c:<button class=\"rBl3me\" tabindex=\"0\" data-amic=\"true\" data-icl-uuid=\"2256eb56-2115-4325-8b94-09f36e04ca69\" aria-label=\"Xem c\u00e1c \u0111\u01b0\u1eddng li\u00ean k\u1ebft c\u00f3 li\u00ean quan\" data-wiz-attrbind=\"disabled=Z9yvff_2u\/C5gNJc;aria-label=Z9yvff_2u\/bOjMyf;class=Z9yvff_2u\/UpSNec\" data-ved=\"2ahUKEwiZqcTP0e-TAxWUsVYBHeeNCigQye0OegYIAQgQEAE\" data-hveid=\"CAEIEBAB\"><\/button><\/div>\n<ul class=\"KsbFXc U6u95\" data-sfc-root=\"c\" data-sfc-cb=\"\" data-complete=\"true\" data-processed=\"true\">\n<li class=\"dF3vjf\" data-sfc-root=\"c\" data-sfc-cb=\"\" data-hveid=\"CAEIERAA\" data-complete=\"true\" data-sae=\"\"><span class=\"T286Pc\" data-sfc-cp=\"\" data-sfc-root=\"c\" data-sfc-cb=\"\" data-complete=\"true\"><strong class=\"Yjhzub\" data-sfc-root=\"c\" data-sfc-cb=\"\" data-complete=\"true\">Phong c\u00e1ch d\u1ecbu d\u00e0ng:<\/strong>\u00a0Ph\u1ed1i c\u00f9ng \u00e1o s\u01a1 mi l\u1ee5a ho\u1eb7c \u00e1o blouse th\u1eaft n\u01a1.<\/span><\/li>\n<li class=\"dF3vjf\" data-sfc-root=\"c\" data-sfc-cb=\"\" data-hveid=\"CAEIERAB\" data-complete=\"true\" data-sae=\"\"><span class=\"T286Pc\" data-sfc-cp=\"\" data-sfc-root=\"c\" data-sfc-cb=\"\" data-complete=\"true\"><strong class=\"Yjhzub\" data-sfc-root=\"c\" data-sfc-cb=\"\" data-complete=\"true\">Phong c\u00e1ch tr\u1ebb trung:<\/strong>\u00a0Mix c\u00f9ng \u00e1o crop top ho\u1eb7c \u00e1o hai d\u00e2y (nh\u01b0 m\u1eabu trong \u1ea3nh).<\/span><\/li>\n<li class=\"dF3vjf\" data-sfc-root=\"c\" data-sfc-cb=\"\" data-hveid=\"CAEIERAC\" data-complete=\"true\" data-sae=\"\"><span class=\"T286Pc\" data-sfc-cp=\"\" data-sfc-root=\"c\" data-sfc-cb=\"\" data-complete=\"true\" aria-owns=\"action-menu-parent-container\"><strong class=\"Yjhzub\" data-sfc-root=\"c\" data-sfc-cb=\"\" data-complete=\"true\">Phong c\u00e1ch chuy\u00ean nghi\u1ec7p:<\/strong>\u00a0K\u1ebft h\u1ee3p c\u00f9ng m\u1ed9t chi\u1ebfc blazer m\u1ecfng c\u00f9ng tone m\u00e0u tr\u1eafng ho\u1eb7c m\u00e0u pastel.<\/span><\/li>\n<\/ul>\n<\/div>\n<\/div>\n<p><strong><span dir=\"auto\" style=\"vertical-align: inherit;\"><span dir=\"auto\" style=\"vertical-align: inherit;\">CHI TI\u1ebeT S\u1ea2N PH\u1ea8M:<\/span><\/span><\/strong><span dir=\"auto\" style=\"vertical-align: inherit;\"><span dir=\"auto\" style=\"vertical-align: inherit;\"> \u00a0Qu\u1ea7n \u1ed1ng r\u1ed9ng th\u00eau hoa mang \u0111\u1ebfn phong c\u00e1ch thanh l\u1ecbch v\u00e0 n\u1eef t\u00ednh, ph\u00f9 h\u1ee3p cho c\u1ea3 \u0111i l\u00e0m d\u1ea1o ph\u1ed1. Thi\u1ebft k\u1ebf \u1ed1ng r\u1ed9ng tho\u1ea3i m\u00e1i gi\u00fap t\u00f4n t\u1ea1o phong c\u00e1ch v\u00e0 t\u1ea1o c\u1ea3m gi\u00e1c nh\u1eb9 nh\u00e0ng, t\u1ef1 do khi di chuy\u1ec3n. \u0110i\u1ec3m nh\u1ea5n tinh t\u1ebf n\u1eb1m \u1edf chi ti\u1ebft th\u00eau hoa th\u1ee7 c\u00f4ng tinh ph\u00e2n \u1edf ph\u1ea7n g\u1ea5u qu\u1ea7n, v\u1eeba n\u1ed5i b\u1eadt v\u1eeba mang h\u01a1i th\u1edf ngh\u1ec7 thu\u1eadt.<\/span><\/span><\/p>\n<p><strong><span dir=\"auto\" style=\"vertical-align: inherit;\"><span dir=\"auto\" style=\"vertical-align: inherit;\">V\u1eadt li\u1ec7u:<\/span><\/span><\/strong><span dir=\"auto\" style=\"vertical-align: inherit;\"><span dir=\"auto\" style=\"vertical-align: inherit;\"> \u00a0Denim<\/span><\/span><\/p>\n<p><strong><span dir=\"auto\" style=\"vertical-align: inherit;\"><span dir=\"auto\" style=\"vertical-align: inherit;\">M\u00e0u\u00a0<\/span><\/span><\/strong><span dir=\"auto\" style=\"vertical-align: inherit;\"><span dir=\"auto\" style=\"vertical-align: inherit;\"> tr\u1eafng<\/span><\/span><\/p>\n<p><strong><span dir=\"auto\" style=\"vertical-align: inherit;\"><span dir=\"auto\" style=\"vertical-align: inherit;\">Size:<\/span><\/span><\/strong><span dir=\"auto\" style=\"vertical-align: inherit;\"><span dir=\"auto\" style=\"vertical-align: inherit;\"> \u00a0Size S: Ng\u1ef1c 82-84, Eo 66-68, M\u00f4ng 88-90<\/span><\/span><\/p>\n<p><span dir=\"auto\" style=\"vertical-align: inherit;\"><span dir=\"auto\" style=\"vertical-align: inherit;\">\u00a0 \u00a0 \u00a0 \u00a0 \u00a0Size M: Ng\u1ef1c 86-88, Eo 70-72, M\u00f4ng 90-92<\/span><\/span><\/p>\n<p><span dir=\"auto\" style=\"vertical-align: inherit;\"><span dir=\"auto\" style=\"vertical-align: inherit;\">\u00a0 \u00a0 \u00a0 \u00a0 \u00a0Size L: Ng\u1ef1c 90-92, Eo 74-76, M\u00f4ng 94-96<\/span><\/span><\/p>\n<p><strong><span dir=\"auto\" style=\"vertical-align: inherit;\"><span dir=\"auto\" style=\"vertical-align: inherit;\">Kh\u00e1ch h\u00e0ng h\u00e0ng l\u01b0u \u00fd:<\/span><\/span><\/strong><\/p>\n<p><span dir=\"auto\" style=\"vertical-align: inherit;\"><span dir=\"auto\" style=\"vertical-align: inherit;\">&#8211; B\u1ea3ng k\u00edch th\u01b0\u1edbc bi\u1ec3u \u0111\u1ed3 ch\u1ec9 mang t\u00ednh ch\u1ea5t tham kh\u1ea3o, t\u00f9y thu\u1ed9c v\u00e0o s\u1ed1 \u0111o c\u01a1 b\u1ea3n v\u00e0 ch\u1ea5t li\u1ec7u v\u1ea3i kh\u00e1c nhau s\u1ebd c\u00f3 \u0111\u1ed9 ch\u00eanh l\u1ec7ch nh\u1ea5t \u0111\u1ecbnh.<\/span><\/span><\/p>\n<p><span dir=\"auto\" style=\"vertical-align: inherit;\"><span dir=\"auto\" style=\"vertical-align: inherit;\">&#8211; M\u00e0u v\u1ea3i c\u1ee7a s\u1ea3n ph\u1ea9m c\u00f3 th\u1ec3 s\u1ebd b\u1ecb ch\u00eanh l\u1ec7ch th\u1ef1c t\u1ebf m\u1ed9t ph\u1ea7n nh\u1ecf, l\u00e0m \u1ea3nh h\u01b0\u1edfng \u0111\u1ebfn \u0111\u1ed9 l\u1ec7ch m\u00e0u c\u1ee7a \u0111\u1ed9 s\u00e1ng nh\u01b0ng v\u1eabn \u0111\u1ea3m b\u1ea3o ch\u1ea5t l\u01b0\u1ee3ng.\u00a0<\/span><\/span><\/p>\n<p><span dir=\"auto\" style=\"vertical-align: inherit;\"><span dir=\"auto\" style=\"vertical-align: inherit;\">*** Vui l\u00f2ng inbox LUNA CLOSET \u0111\u1ec3 \u0111\u01b0\u1ee3c t\u01b0 v\u1ea5n ch\u00ednh x\u00e1c h\u01a1n.<\/span><\/span><\/p>\n","protected":false},"excerpt":{"rendered":"<p>T\u1ea1i sao Qu\u1ea7n \u1ed0ng R\u1ed9ng Th\u00eau Hoa l\u00e0 l\u1ef1a ch\u1ecdn ho\u00e0n h\u1ea3o? Thi\u1ebft k\u1ebf thanh l\u1ecbch v\u00e0 n\u1eef t\u00ednhM\u1eabu\u00a0qu\u1ea7n \u1ed1ng r\u1ed9ng th\u00eau hoa\u00a0t\u1eeb Luna Closet mang \u0111\u1ebfn m\u1ed9t l\u00e0n gi\u00f3 m\u1edbi cho phong c\u00e1ch th\u1eddi trang c\u00f4ng s\u1edf v\u00e0 d\u1ea1o ph\u1ed1. V\u1edbi thi\u1ebft k\u1ebf d\u00e1ng su\u00f4ng r\u1ed9ng tho\u1ea3i m\u00e1i, s\u1ea3n ph\u1ea9m kh\u00f4ng ch\u1ec9 gi\u00fap t\u00f4n [&#8230;]\n","protected":false},"featured_media":98,"comment_status":"open","ping_status":"closed","template":"","meta":[],"product_brand":[],"product_cat":[40,27,30,29,36,22,56,58],"product_tag":[],"class_list":{"0":"post-97","1":"product","2":"type-product","3":"status-publish","4":"has-post-thumbnail","6":"product_cat-breath-of-summer","7":"product_cat-cherish","8":"product_cat-coastal-muse","9":"product_cat-in-her-stillness","10":"product_cat-parisian-collection","11":"product_cat-quan","12":"product_cat-quan-dai","13":"product_cat-quan-jean","15":"first","16":"instock","17":"sale","18":"shipping-taxable","19":"purchasable","20":"product-type-variable"},"yoast_head":"<!-- This site is optimized with the Yoast SEO plugin v27.2 - https:\/\/yoast.com\/product\/yoast-seo-wordpress\/ -->\n<title>Luna Closet Wide Leg Pants with Floral Embroidery - lunacloset<\/title>\n<meta name=\"description\" content=\"Mua ngay qu\u1ea7n \u1ed1ng r\u1ed9ng th\u00eau hoa th\u1ee7 c\u00f4ng t\u1eeb Luna Closet. Ch\u1ea5t li\u1ec7u Denim cao c\u1ea5p, m\u00e0u tr\u1eafng thanh l\u1ecbch, t\u00f4n d\u00e1ng c\u1ef1c \u0111\u1ec9nh, \u0111\u1ee7 size cho n\u00e0ng \u0111i l\u00e0m, \u0111i ch\u01a1i.\" \/>\n<meta name=\"robots\" content=\"index, follow, max-snippet:-1, max-image-preview:large, max-video-preview:-1\" \/>\n<link rel=\"canonical\" href=\"https:\/\/amazon.azdigi.shop\/index.php\/product\/luna-closet-wide-leg-pants-with-floral-embroidery\/\" \/>\n<meta property=\"og:locale\" content=\"en_US\" \/>\n<meta property=\"og:type\" content=\"article\" \/>\n<meta property=\"og:title\" content=\"Luna Closet Wide Leg Pants with Floral Embroidery - lunacloset\" \/>\n<meta property=\"og:description\" content=\"Mua ngay qu\u1ea7n \u1ed1ng r\u1ed9ng th\u00eau hoa th\u1ee7 c\u00f4ng t\u1eeb Luna Closet. Ch\u1ea5t li\u1ec7u Denim cao c\u1ea5p, m\u00e0u tr\u1eafng thanh l\u1ecbch, t\u00f4n d\u00e1ng c\u1ef1c \u0111\u1ec9nh, \u0111\u1ee7 size cho n\u00e0ng \u0111i l\u00e0m, \u0111i ch\u01a1i.\" \/>\n<meta property=\"og:url\" content=\"https:\/\/amazon.azdigi.shop\/index.php\/product\/luna-closet-wide-leg-pants-with-floral-embroidery\/\" \/>\n<meta property=\"og:site_name\" content=\"lunacloset\" \/>\n<meta property=\"article:modified_time\" content=\"2026-04-18T10:14:59+00:00\" \/>\n<meta property=\"og:image\" content=\"https:\/\/amazon.azdigi.shop\/wp-content\/uploads\/2026\/03\/sp7-a1.jpg?wsr\" \/>\n\t<meta property=\"og:image:width\" content=\"1638\" \/>\n\t<meta property=\"og:image:height\" content=\"2048\" \/>\n\t<meta property=\"og:image:type\" content=\"image\/jpeg\" \/>\n<meta name=\"twitter:card\" content=\"summary_large_image\" \/>\n<meta name=\"twitter:label1\" content=\"Est. reading time\" \/>\n\t<meta name=\"twitter:data1\" content=\"3 minutes\" \/>\n<script type=\"application\/ld+json\" class=\"yoast-schema-graph\">{\"@context\":\"https:\/\/schema.org\",\"@graph\":[{\"@type\":\"WebPage\",\"@id\":\"https:\/\/amazon.azdigi.shop\/index.php\/product\/luna-closet-wide-leg-pants-with-floral-embroidery\/\",\"url\":\"https:\/\/amazon.azdigi.shop\/index.php\/product\/luna-closet-wide-leg-pants-with-floral-embroidery\/\",\"name\":\"Luna Closet Wide Leg Pants with Floral Embroidery - lunacloset\",\"isPartOf\":{\"@id\":\"https:\/\/amazon.azdigi.shop\/#website\"},\"primaryImageOfPage\":{\"@id\":\"https:\/\/amazon.azdigi.shop\/index.php\/product\/luna-closet-wide-leg-pants-with-floral-embroidery\/#primaryimage\"},\"image\":{\"@id\":\"https:\/\/amazon.azdigi.shop\/index.php\/product\/luna-closet-wide-leg-pants-with-floral-embroidery\/#primaryimage\"},\"thumbnailUrl\":\"https:\/\/amazon.azdigi.shop\/wp-content\/uploads\/2026\/03\/sp7-a1.jpg?wsr\",\"datePublished\":\"2026-03-21T13:57:04+00:00\",\"dateModified\":\"2026-04-18T10:14:59+00:00\",\"description\":\"Mua ngay qu\u1ea7n \u1ed1ng r\u1ed9ng th\u00eau hoa th\u1ee7 c\u00f4ng t\u1eeb Luna Closet. Ch\u1ea5t li\u1ec7u Denim cao c\u1ea5p, m\u00e0u tr\u1eafng thanh l\u1ecbch, t\u00f4n d\u00e1ng c\u1ef1c \u0111\u1ec9nh, \u0111\u1ee7 size cho n\u00e0ng \u0111i l\u00e0m, \u0111i ch\u01a1i.\",\"breadcrumb\":{\"@id\":\"https:\/\/amazon.azdigi.shop\/index.php\/product\/luna-closet-wide-leg-pants-with-floral-embroidery\/#breadcrumb\"},\"inLanguage\":\"en-US\",\"potentialAction\":[{\"@type\":\"ReadAction\",\"target\":[\"https:\/\/amazon.azdigi.shop\/index.php\/product\/luna-closet-wide-leg-pants-with-floral-embroidery\/\"]}]},{\"@type\":\"ImageObject\",\"inLanguage\":\"en-US\",\"@id\":\"https:\/\/amazon.azdigi.shop\/index.php\/product\/luna-closet-wide-leg-pants-with-floral-embroidery\/#primaryimage\",\"url\":\"https:\/\/amazon.azdigi.shop\/wp-content\/uploads\/2026\/03\/sp7-a1.jpg?wsr\",\"contentUrl\":\"https:\/\/amazon.azdigi.shop\/wp-content\/uploads\/2026\/03\/sp7-a1.jpg?wsr\",\"width\":1638,\"height\":2048,\"caption\":\"qu\u1ea7n denim \u1ed1ng r\u1ed9ng th\u00eau hoa m\u00e0u tr\u1eafng luna closet.\"},{\"@type\":\"BreadcrumbList\",\"@id\":\"https:\/\/amazon.azdigi.shop\/index.php\/product\/luna-closet-wide-leg-pants-with-floral-embroidery\/#breadcrumb\",\"itemListElement\":[{\"@type\":\"ListItem\",\"position\":1,\"name\":\"Home\",\"item\":\"https:\/\/amazon.azdigi.shop\/\"},{\"@type\":\"ListItem\",\"position\":2,\"name\":\"Shop\",\"item\":\"https:\/\/amazon.azdigi.shop\/index.php\/shop\/\"},{\"@type\":\"ListItem\",\"position\":3,\"name\":\"Luna Closet Wide Leg Pants with Floral Embroidery\"}]},{\"@type\":\"WebSite\",\"@id\":\"https:\/\/amazon.azdigi.shop\/#website\",\"url\":\"https:\/\/amazon.azdigi.shop\/\",\"name\":\"lunacloset\",\"description\":\"\",\"potentialAction\":[{\"@type\":\"SearchAction\",\"target\":{\"@type\":\"EntryPoint\",\"urlTemplate\":\"https:\/\/amazon.azdigi.shop\/?s={search_term_string}\"},\"query-input\":{\"@type\":\"PropertyValueSpecification\",\"valueRequired\":true,\"valueName\":\"search_term_string\"}}],\"inLanguage\":\"en-US\"}]}<\/script>\n<!-- \/ Yoast SEO plugin. -->","yoast_head_json":{"title":"Luna Closet Wide Leg Pants with Floral Embroidery - lunacloset","description":"Mua ngay qu\u1ea7n \u1ed1ng r\u1ed9ng th\u00eau hoa th\u1ee7 c\u00f4ng t\u1eeb Luna Closet. Ch\u1ea5t li\u1ec7u Denim cao c\u1ea5p, m\u00e0u tr\u1eafng thanh l\u1ecbch, t\u00f4n d\u00e1ng c\u1ef1c \u0111\u1ec9nh, \u0111\u1ee7 size cho n\u00e0ng \u0111i l\u00e0m, \u0111i ch\u01a1i.","robots":{"index":"index","follow":"follow","max-snippet":"max-snippet:-1","max-image-preview":"max-image-preview:large","max-video-preview":"max-video-preview:-1"},"canonical":"https:\/\/amazon.azdigi.shop\/index.php\/product\/luna-closet-wide-leg-pants-with-floral-embroidery\/","og_locale":"en_US","og_type":"article","og_title":"Luna Closet Wide Leg Pants with Floral Embroidery - lunacloset","og_description":"Mua ngay qu\u1ea7n \u1ed1ng r\u1ed9ng th\u00eau hoa th\u1ee7 c\u00f4ng t\u1eeb Luna Closet. Ch\u1ea5t li\u1ec7u Denim cao c\u1ea5p, m\u00e0u tr\u1eafng thanh l\u1ecbch, t\u00f4n d\u00e1ng c\u1ef1c \u0111\u1ec9nh, \u0111\u1ee7 size cho n\u00e0ng \u0111i l\u00e0m, \u0111i ch\u01a1i.","og_url":"https:\/\/amazon.azdigi.shop\/index.php\/product\/luna-closet-wide-leg-pants-with-floral-embroidery\/","og_site_name":"lunacloset","article_modified_time":"2026-04-18T10:14:59+00:00","og_image":[{"width":1638,"height":2048,"url":"https:\/\/amazon.azdigi.shop\/wp-content\/uploads\/2026\/03\/sp7-a1.jpg?wsr","type":"image\/jpeg"}],"twitter_card":"summary_large_image","twitter_misc":{"Est. reading time":"3 minutes"},"schema":{"@context":"https:\/\/schema.org","@graph":[{"@type":"WebPage","@id":"https:\/\/amazon.azdigi.shop\/index.php\/product\/luna-closet-wide-leg-pants-with-floral-embroidery\/","url":"https:\/\/amazon.azdigi.shop\/index.php\/product\/luna-closet-wide-leg-pants-with-floral-embroidery\/","name":"Luna Closet Wide Leg Pants with Floral Embroidery - lunacloset","isPartOf":{"@id":"https:\/\/amazon.azdigi.shop\/#website"},"primaryImageOfPage":{"@id":"https:\/\/amazon.azdigi.shop\/index.php\/product\/luna-closet-wide-leg-pants-with-floral-embroidery\/#primaryimage"},"image":{"@id":"https:\/\/amazon.azdigi.shop\/index.php\/product\/luna-closet-wide-leg-pants-with-floral-embroidery\/#primaryimage"},"thumbnailUrl":"https:\/\/amazon.azdigi.shop\/wp-content\/uploads\/2026\/03\/sp7-a1.jpg?wsr","datePublished":"2026-03-21T13:57:04+00:00","dateModified":"2026-04-18T10:14:59+00:00","description":"Mua ngay qu\u1ea7n \u1ed1ng r\u1ed9ng th\u00eau hoa th\u1ee7 c\u00f4ng t\u1eeb Luna Closet. Ch\u1ea5t li\u1ec7u Denim cao c\u1ea5p, m\u00e0u tr\u1eafng thanh l\u1ecbch, t\u00f4n d\u00e1ng c\u1ef1c \u0111\u1ec9nh, \u0111\u1ee7 size cho n\u00e0ng \u0111i l\u00e0m, \u0111i ch\u01a1i.","breadcrumb":{"@id":"https:\/\/amazon.azdigi.shop\/index.php\/product\/luna-closet-wide-leg-pants-with-floral-embroidery\/#breadcrumb"},"inLanguage":"en-US","potentialAction":[{"@type":"ReadAction","target":["https:\/\/amazon.azdigi.shop\/index.php\/product\/luna-closet-wide-leg-pants-with-floral-embroidery\/"]}]},{"@type":"ImageObject","inLanguage":"en-US","@id":"https:\/\/amazon.azdigi.shop\/index.php\/product\/luna-closet-wide-leg-pants-with-floral-embroidery\/#primaryimage","url":"https:\/\/amazon.azdigi.shop\/wp-content\/uploads\/2026\/03\/sp7-a1.jpg?wsr","contentUrl":"https:\/\/amazon.azdigi.shop\/wp-content\/uploads\/2026\/03\/sp7-a1.jpg?wsr","width":1638,"height":2048,"caption":"qu\u1ea7n denim \u1ed1ng r\u1ed9ng th\u00eau hoa m\u00e0u tr\u1eafng luna closet."},{"@type":"BreadcrumbList","@id":"https:\/\/amazon.azdigi.shop\/index.php\/product\/luna-closet-wide-leg-pants-with-floral-embroidery\/#breadcrumb","itemListElement":[{"@type":"ListItem","position":1,"name":"Home","item":"https:\/\/amazon.azdigi.shop\/"},{"@type":"ListItem","position":2,"name":"Shop","item":"https:\/\/amazon.azdigi.shop\/index.php\/shop\/"},{"@type":"ListItem","position":3,"name":"Luna Closet Wide Leg Pants with Floral Embroidery"}]},{"@type":"WebSite","@id":"https:\/\/amazon.azdigi.shop\/#website","url":"https:\/\/amazon.azdigi.shop\/","name":"lunacloset","description":"","potentialAction":[{"@type":"SearchAction","target":{"@type":"EntryPoint","urlTemplate":"https:\/\/amazon.azdigi.shop\/?s={search_term_string}"},"query-input":{"@type":"PropertyValueSpecification","valueRequired":true,"valueName":"search_term_string"}}],"inLanguage":"en-US"}]}},"_links":{"self":[{"href":"https:\/\/amazon.azdigi.shop\/index.php\/wp-json\/wp\/v2\/product\/97","targetHints":{"allow":["GET"]}}],"collection":[{"href":"https:\/\/amazon.azdigi.shop\/index.php\/wp-json\/wp\/v2\/product"}],"about":[{"href":"https:\/\/amazon.azdigi.shop\/index.php\/wp-json\/wp\/v2\/types\/product"}],"replies":[{"embeddable":true,"href":"https:\/\/amazon.azdigi.shop\/index.php\/wp-json\/wp\/v2\/comments?post=97"}],"wp:featuredmedia":[{"embeddable":true,"href":"https:\/\/amazon.azdigi.shop\/index.php\/wp-json\/wp\/v2\/media\/98"}],"wp:attachment":[{"href":"https:\/\/amazon.azdigi.shop\/index.php\/wp-json\/wp\/v2\/media?parent=97"}],"wp:term":[{"taxonomy":"product_brand","embeddable":true,"href":"https:\/\/amazon.azdigi.shop\/index.php\/wp-json\/wp\/v2\/product_brand?post=97"},{"taxonomy":"product_cat","embeddable":true,"href":"https:\/\/amazon.azdigi.shop\/index.php\/wp-json\/wp\/v2\/product_cat?post=97"},{"taxonomy":"product_tag","embeddable":true,"href":"https:\/\/amazon.azdigi.shop\/index.php\/wp-json\/wp\/v2\/product_tag?post=97"}],"curies":[{"name":"wp","href":"https:\/\/api.w.org\/{rel}","templated":true}]}}