{"id":90,"date":"2026-03-21T13:50:49","date_gmt":"2026-03-21T13:50:49","guid":{"rendered":"https:\/\/amazon.azdigi.shop\/?post_type=product&#038;p=90"},"modified":"2026-04-18T10:21:14","modified_gmt":"2026-04-18T10:21:14","slug":"set-do-cong-so-thanh-lich","status":"publish","type":"product","link":"https:\/\/amazon.azdigi.shop\/index.php\/product\/set-do-cong-so-thanh-lich\/","title":{"rendered":"Luna Closet Set 2 Pieces Sleeveless Cropped Vest Top &#8211; Mesh Overlay Pencil Skirt"},"content":{"rendered":"<h2 class=\"AdPoic\" role=\"heading\" aria-level=\"3\" data-sfc-root=\"c\" data-complete=\"true\" data-processed=\"true\">T\u1ea1i sao n\u00ean s\u1edf h\u1eefu Set \u00c1o Vest S\u00e1t N\u00e1ch &amp; Ch\u00e2n V\u00e1y B\u00fat Ch\u00ec t\u1eeb Luna Closet?<button class=\"rBl3me\" tabindex=\"0\" data-amic=\"true\" data-icl-uuid=\"a2a3df9b-aed1-43c7-9130-82e8f886a786\" aria-label=\"Xem c\u00e1c \u0111\u01b0\u1eddng li\u00ean k\u1ebft c\u00f3 li\u00ean quan\" data-wiz-attrbind=\"disabled=P6G2Oc_20\/C5gNJc;aria-label=P6G2Oc_20\/bOjMyf;class=P6G2Oc_20\/UpSNec\" data-ved=\"2ahUKEwj-7buC0--TAxUGhagCHQu0L8cQye0OegYIAQgLEAA\" data-hveid=\"CAEICxAA\"><\/button><\/h2>\n<h3 class=\"Y3BBE\" data-sfc-root=\"c\" data-hveid=\"CAEIDBAA\" data-processed=\"true\" data-complete=\"true\"><strong class=\"Yjhzub\" data-sfc-root=\"c\" data-sfc-cb=\"\" data-complete=\"true\" data-processed=\"true\">Thi\u1ebft k\u1ebf sang tr\u1ecdng, d\u1eabn \u0111\u1ea7u xu h\u01b0\u1edbng c\u00f4ng s\u1edf<\/strong><br data-sfc-root=\"c\" data-sfc-pl=\"|[]\" data-sfc-cb=\"\" data-complete=\"true\" data-processed=\"true\" \/>S\u1ef1 k\u1ebft h\u1ee3p gi\u1eefa\u00a0<strong class=\"Yjhzub\" data-sfc-root=\"c\" data-sfc-cb=\"\" data-complete=\"true\" data-processed=\"true\">\u00e1o vest s\u00e1t n\u00e1ch d\u00e1ng l\u1eedng<\/strong>\u00a0v\u00e0\u00a0<strong class=\"Yjhzub\" data-sfc-root=\"c\" data-sfc-cb=\"\" data-complete=\"true\" data-processed=\"true\">ch\u00e2n v\u00e1y b\u00fat ch\u00ec<\/strong>\u00a0mang \u0111\u1ebfn m\u1ed9t di\u1ec7n m\u1ea1o ho\u00e0n to\u00e0n m\u1edbi: v\u1eeba chuy\u00ean nghi\u1ec7p, v\u1eeba hi\u1ec7n \u0111\u1ea1i v\u00e0 ph\u00f3ng kho\u00e1ng. \u00c1o \u0111\u01b0\u1ee3c thi\u1ebft k\u1ebf c\u1ed5 vest c\u1ed5 \u0111i\u1ec3n k\u1ebft h\u1ee3p c\u00f9ng khuy v\u00e0ng n\u1ed5i b\u1eadt, t\u1ea1o \u0111i\u1ec3m nh\u1ea5n quy\u1ec1n l\u1ef1c. Ch\u00e2n v\u00e1y \u00f4m nh\u1eb9 v\u1edbi \u0111\u01b0\u1eddng x\u1ebb sau tinh t\u1ebf kh\u00f4ng ch\u1ec9 t\u00f4n vinh \u0111\u01b0\u1eddng cong m\u00e0 c\u00f2n mang l\u1ea1i s\u1ef1 tho\u1ea3i m\u00e1i t\u1ed1i \u0111a khi di chuy\u1ec3n.<button class=\"rBl3me\" tabindex=\"0\" data-amic=\"true\" data-icl-uuid=\"9206bbf9-a108-4e75-a308-6fd761bd32ef\" aria-label=\"Xem c\u00e1c \u0111\u01b0\u1eddng li\u00ean k\u1ebft c\u00f3 li\u00ean quan\" data-wiz-attrbind=\"disabled=P6G2Oc_28\/C5gNJc;aria-label=P6G2Oc_28\/bOjMyf;class=P6G2Oc_28\/UpSNec\" data-ved=\"2ahUKEwj-7buC0--TAxUGhagCHQu0L8cQye0OegYIAQgMEAE\" data-hveid=\"CAEIDBAB\"><\/button><\/h3>\n<div data-sfc-cp=\"\" data-sfc-root=\"c\" data-sfc-cb=\"\" data-hveid=\"CAEIDBAA\" data-processed=\"true\" data-complete=\"true\">Kh\u00e1m ph\u00e1\u00a0<strong class=\"Yjhzub\" data-sfc-root=\"c\" data-sfc-cb=\"\" data-complete=\"true\">set \u0111\u1ed3 c\u00f4ng s\u1edf thanh l\u1ecbch<\/strong>\u00a0m\u1edbi nh\u1ea5t t\u1ea1i Luna Closet. V\u1edbi thi\u1ebft k\u1ebf hi\u1ec7n \u0111\u1ea1i v\u00e0 ch\u1ea5t li\u1ec7u cao c\u1ea5p,\u00a0<strong class=\"Yjhzub\" data-sfc-root=\"c\" data-sfc-cb=\"\" data-complete=\"true\">set \u0111\u1ed3 c\u00f4ng s\u1edf<\/strong>\u00a0n\u00e0y mang l\u1ea1i s\u1ef1 t\u1ef1 tin t\u1ed1i \u0111a cho ph\u00e1i \u0111\u1eb9p<\/div>\n<div class=\"Y3BBE\" data-sfc-cp=\"\" data-sfc-root=\"c\" data-sfc-cb=\"\" data-hveid=\"CAEIDRAA\" data-processed=\"true\" data-complete=\"true\" aria-owns=\"action-menu-parent-container\"><strong class=\"Yjhzub\" data-sfc-root=\"c\" data-sfc-cb=\"\" data-complete=\"true\" data-processed=\"true\">Ch\u1ea5t li\u1ec7u Kaki ph\u1ed1i ren \u0111\u1ed9c \u0111\u00e1o<\/strong><br data-sfc-root=\"c\" data-sfc-pl=\"|[]\" data-sfc-cb=\"\" data-complete=\"true\" data-processed=\"true\" \/>\u0110i\u1ec3m kh\u00e1c bi\u1ec7t n\u1eb1m \u1edf s\u1ef1 h\u00f2a quy\u1ec7n gi\u1eefa ch\u1ea5t li\u1ec7u Kaki \u0111\u1ee9ng form v\u00e0 l\u1edbp ren (Mesh Overlay) m\u1ec1m m\u1ea1i. V\u1ea3i kaki gi\u00fap b\u1ed9 \u0111\u1ed3 gi\u1eef \u0111\u01b0\u1ee3c n\u00e9t thanh l\u1ecbch, trong khi c\u00e1c chi ti\u1ebft ph\u1ed1i ren t\u1ea1o n\u00ean s\u1ef1 bay b\u1ed5ng, n\u1eef t\u00ednh. Tone m\u00e0u <strong class=\"Yjhzub\" data-sfc-root=\"c\" data-sfc-cb=\"\" data-complete=\"true\" data-processed=\"true\">Baby Pink<\/strong>\u00a0(H\u1ed3ng ph\u1ea5n) ng\u1ecdt ng\u00e0o \u0111\u1eb7c bi\u1ec7t ph\u00f9 h\u1ee3p v\u1edbi nh\u1eefng qu\u00fd c\u00f4 y\u00eau th\u00edch phong c\u00e1ch tr\u1ebb trung nh\u01b0ng v\u1eabn mu\u1ed1n gi\u1eef n\u00e9t sang tr\u1ecdng.<\/div>\n<div data-sfc-cp=\"\" data-sfc-root=\"c\" data-sfc-cb=\"\" data-hveid=\"CAEIDRAA\" data-processed=\"true\" data-complete=\"true\" aria-owns=\"action-menu-parent-container\">\n<div class=\"AdPoic\" role=\"heading\" aria-level=\"3\" data-animation-nesting=\"\" data-sfc-cp=\"\" data-sfc-root=\"c\" data-sfc-cb=\"\" data-complete=\"true\" data-processed=\"true\" data-sae=\"\">G\u1ee3i \u00fd ph\u1ed1i \u0111\u1ed3 (Mix &amp; Match) cho n\u00e0ng t\u1ecfa s\u00e1ng<button class=\"rBl3me\" tabindex=\"0\" data-amic=\"true\" data-icl-uuid=\"f67e8e48-1827-4e59-a83c-cfc93f8194c0\" aria-label=\"Xem c\u00e1c \u0111\u01b0\u1eddng li\u00ean k\u1ebft c\u00f3 li\u00ean quan\" data-wiz-attrbind=\"disabled=P6G2Oc_2o\/C5gNJc;aria-label=P6G2Oc_2o\/bOjMyf;class=P6G2Oc_2o\/UpSNec\" data-ved=\"2ahUKEwj-7buC0--TAxUGhagCHQu0L8cQye0OegYIAQgPEAA\" data-hveid=\"CAEIDxAA\"><\/button><\/div>\n<div class=\"Y3BBE\" data-sfc-cp=\"\" data-sfc-root=\"c\" data-sfc-cb=\"\" data-hveid=\"CAEIEBAA\" data-complete=\"true\" data-processed=\"true\">V\u1edbi set \u0111\u1ed3 n\u00e0y, b\u1ea1n c\u00f3 th\u1ec3 bi\u1ebfn h\u00f3a \u0111a d\u1ea1ng phong c\u00e1ch t\u00f9y theo ho\u00e0n c\u1ea3nh:<button class=\"rBl3me\" tabindex=\"0\" data-amic=\"true\" data-icl-uuid=\"dbc2ba44-f4f9-4b39-b6ac-07f87f5cdc6b\" aria-label=\"Xem c\u00e1c \u0111\u01b0\u1eddng li\u00ean k\u1ebft c\u00f3 li\u00ean quan\" data-wiz-attrbind=\"disabled=P6G2Oc_2s\/C5gNJc;aria-label=P6G2Oc_2s\/bOjMyf;class=P6G2Oc_2s\/UpSNec\" data-ved=\"2ahUKEwj-7buC0--TAxUGhagCHQu0L8cQye0OegYIAQgQEAE\" data-hveid=\"CAEIEBAB\"><\/button><\/div>\n<ul class=\"KsbFXc U6u95\" data-sfc-root=\"c\" data-sfc-cb=\"\" data-complete=\"true\" data-processed=\"true\">\n<li class=\"dF3vjf\" data-sfc-root=\"c\" data-sfc-cb=\"\" data-hveid=\"CAEIERAA\" data-complete=\"true\" data-sae=\"\"><span class=\"T286Pc\" data-sfc-cp=\"\" data-sfc-root=\"c\" data-sfc-cb=\"\" data-complete=\"true\"><strong class=\"Yjhzub\" data-sfc-root=\"c\" data-sfc-cb=\"\" data-complete=\"true\">\u0110i l\u00e0m chuy\u00ean nghi\u1ec7p:<\/strong>\u00a0K\u1ebft h\u1ee3p c\u00f9ng m\u1ed9t \u0111\u00f4i gi\u00e0y cao g\u00f3t m\u0169i nh\u1ecdn m\u00e0u nude v\u00e0 t\u00fai x\u00e1ch t\u1ed1i gi\u1ea3n.<\/span><\/li>\n<li class=\"dF3vjf\" data-sfc-root=\"c\" data-sfc-cb=\"\" data-hveid=\"CAEIERAB\" data-complete=\"true\" data-sae=\"\"><span class=\"T286Pc\" data-sfc-cp=\"\" data-sfc-root=\"c\" data-sfc-cb=\"\" data-complete=\"true\"><strong class=\"Yjhzub\" data-sfc-root=\"c\" data-sfc-cb=\"\" data-complete=\"true\">D\u1ef1 ti\u1ec7c nh\u1eb9 nh\u00e0ng:<\/strong>\u00a0Th\u00eam m\u1ed9t chi\u1ebfc v\u00f2ng c\u1ed5 ng\u1ecdc trai v\u00e0 clutch c\u1ea7m tay \u0111\u00ednh \u0111\u00e1 \u0111\u1ec3 t\u0103ng ph\u1ea7n l\u1ea5p l\u00e1nh.<\/span><\/li>\n<li class=\"dF3vjf\" data-sfc-root=\"c\" data-sfc-cb=\"\" data-hveid=\"CAEIERAC\" data-complete=\"true\" data-sae=\"\"><span class=\"T286Pc\" data-sfc-cp=\"\" data-sfc-root=\"c\" data-sfc-cb=\"\" data-complete=\"true\" aria-owns=\"action-menu-parent-container\"><strong class=\"Yjhzub\" data-sfc-root=\"c\" data-sfc-cb=\"\" data-complete=\"true\">H\u1eb9n h\u00f2 cu\u1ed1i tu\u1ea7n:<\/strong>\u00a0B\u1ea1n c\u00f3 th\u1ec3 di\u1ec7n r\u1eddi \u00e1o vest c\u00f9ng qu\u1ea7n jeans c\u1ea1p cao \u0111\u1ec3 t\u1ea1o n\u00ean outfit n\u0103ng \u0111\u1ed9ng h\u01a1n.<\/span><\/li>\n<li data-sfc-root=\"c\" data-sfc-cb=\"\" data-hveid=\"CAEIERAC\" data-complete=\"true\" data-sae=\"\">\n<div class=\"AdPoic\" role=\"heading\" aria-level=\"3\" data-animation-nesting=\"\" data-sfc-cp=\"\" data-sfc-root=\"c\" data-sfc-cb=\"\" data-complete=\"true\" data-processed=\"true\" data-sae=\"\">H\u01b0\u1edbng d\u1eabn b\u1ea3o qu\u1ea3n \u0111\u1ec3 b\u1ed9 \u0111\u1ed3 lu\u00f4n b\u1ec1n \u0111\u1eb9p<button class=\"rBl3me\" tabindex=\"0\" data-amic=\"true\" data-icl-uuid=\"10fa18cf-3a3a-41a4-85f0-7d872f00b353\" aria-label=\"Xem c\u00e1c \u0111\u01b0\u1eddng li\u00ean k\u1ebft c\u00f3 li\u00ean quan\" data-wiz-attrbind=\"disabled=P6G2Oc_3d\/C5gNJc;aria-label=P6G2Oc_3d\/bOjMyf;class=P6G2Oc_3d\/UpSNec\" data-ved=\"2ahUKEwj-7buC0--TAxUGhagCHQu0L8cQye0OegYIAQgTEAA\" data-hveid=\"CAEIExAA\"><\/button><\/div>\n<div class=\"Y3BBE\" data-sfc-cp=\"\" data-sfc-root=\"c\" data-sfc-cb=\"\" data-hveid=\"CAEIFBAA\" data-complete=\"true\" data-processed=\"true\">\u0110\u1ec3 gi\u1eef cho ch\u1ea5t li\u1ec7u kaki ph\u1ed1i ren lu\u00f4n nh\u01b0 m\u1edbi,\u00a0<strong class=\"Yjhzub\" data-sfc-root=\"c\" data-sfc-cb=\"\" data-complete=\"true\" data-processed=\"true\">Luna Closet<\/strong>\u00a0khuy\u1ebfn ngh\u1ecb:<button class=\"rBl3me\" tabindex=\"0\" data-amic=\"true\" data-icl-uuid=\"19acdc52-7941-417f-b645-1da8c673b0f8\" aria-label=\"Xem c\u00e1c \u0111\u01b0\u1eddng li\u00ean k\u1ebft c\u00f3 li\u00ean quan\" data-wiz-attrbind=\"disabled=P6G2Oc_3i\/C5gNJc;aria-label=P6G2Oc_3i\/bOjMyf;class=P6G2Oc_3i\/UpSNec\" data-ved=\"2ahUKEwj-7buC0--TAxUGhagCHQu0L8cQye0OegYIAQgUEAE\" data-hveid=\"CAEIFBAB\"><\/button><\/div>\n<ol class=\"IaGLZe VimKh\" data-sfc-root=\"c\" data-sfc-cb=\"\" data-complete=\"true\" data-processed=\"true\">\n<li class=\"dF3vjf\" data-sfc-root=\"c\" data-sfc-cb=\"\" data-hveid=\"CAEIFRAA\" data-complete=\"true\" data-sae=\"\"><span class=\"T286Pc\" data-sfc-cp=\"\" data-sfc-root=\"c\" data-sfc-cb=\"\" data-complete=\"true\"><strong class=\"Yjhzub\" data-sfc-root=\"c\" data-sfc-cb=\"\" data-complete=\"true\">\u01afu ti\u00ean gi\u1eb7t tay:<\/strong>\u00a0H\u1ea1n ch\u1ebf gi\u1eb7t m\u00e1y \u0111\u1ec3 tr\u00e1nh l\u00e0m h\u1ecfng l\u1edbp ren l\u01b0\u1edbi v\u00e0 gi\u1eef form \u00e1o vest.<\/span><\/li>\n<li class=\"dF3vjf\" data-sfc-root=\"c\" data-sfc-cb=\"\" data-hveid=\"CAEIFRAB\" data-complete=\"true\" data-sae=\"\"><span class=\"T286Pc\" data-sfc-cp=\"\" data-sfc-root=\"c\" data-sfc-cb=\"\" data-complete=\"true\"><strong class=\"Yjhzub\" data-sfc-root=\"c\" data-sfc-cb=\"\" data-complete=\"true\">Tr\u00e1nh ch\u1ea5t t\u1ea9y m\u1ea1nh:<\/strong>\u00a0Ch\u1ec9 s\u1eed d\u1ee5ng x\u00e0 ph\u00f2ng trung t\u00ednh \u0111\u1ec3 gi\u1eef m\u00e0u Baby Pink lu\u00f4n t\u01b0\u01a1i s\u00e1ng.<\/span><\/li>\n<li class=\"dF3vjf\" data-sfc-root=\"c\" data-sfc-cb=\"\" data-hveid=\"CAEIFRAC\" data-complete=\"true\" data-sae=\"\"><span class=\"T286Pc\" data-sfc-cp=\"\" data-sfc-root=\"c\" data-sfc-cb=\"\" data-complete=\"true\"><strong class=\"Yjhzub\" data-sfc-root=\"c\" data-sfc-cb=\"\" data-complete=\"true\">Ph\u01a1i trong b\u00f3ng r\u00e2m:<\/strong>\u00a0Tr\u00e1nh \u00e1nh n\u1eafng g\u1eaft tr\u1ef1c ti\u1ebfp l\u00e0m c\u1ee9ng s\u1ee3i v\u1ea3i kaki.<\/span><button class=\"rBl3me\" tabindex=\"0\" data-amic=\"true\" data-icl-uuid=\"e1c8da4c-d97c-4275-93f5-19cfcdbe1473\" aria-label=\"Xem c\u00e1c \u0111\u01b0\u1eddng li\u00ean k\u1ebft c\u00f3 li\u00ean quan\" data-wiz-attrbind=\"disabled=P6G2Oc_3v\/C5gNJc;aria-label=P6G2Oc_3v\/bOjMyf;class=P6G2Oc_3v\/UpSNec\" data-ved=\"2ahUKEwj-7buC0--TAxUGhagCHQu0L8cQye0OegYIAQgVEAM\" data-hveid=\"CAEIFRAD\"><\/button><\/li>\n<\/ol>\n<div class=\"Fsg96\" data-sfc-cp=\"\" data-sfc-root=\"c\" data-sfc-cb=\"\" data-complete=\"true\" data-processed=\"true\"><\/div>\n<hr class=\"j3tEEe\" data-sfc-root=\"c\" data-sfc-pl=\"|[]\" data-sfc-cb=\"\" data-complete=\"true\" data-processed=\"true\" data-sae=\"\" \/>\n<div class=\"Fsg96\" data-sfc-cp=\"\" data-sfc-root=\"c\" data-sfc-cb=\"\" data-complete=\"true\" data-processed=\"true\"><\/div>\n<\/li>\n<\/ul>\n<\/div>\n<p><strong>PRODUCT DETAILS: <\/strong>Set \u00e1o vest s\u00e1t n\u00e1ch ph\u1ed1i ch\u00e2n v\u00e1y b\u00fat ch\u00ec, thi\u1ebft k\u1ebf\u00a0sang tr\u1ecdng v\u00e0 thanh l\u1ecbch. \u00c1o \u0111\u01b0\u1ee3c thi\u1ebft k\u1ebf c\u1ed5 vest c\u1ed5 \u0111i\u1ec3n, khuy v\u00e0ng n\u1ed5i b\u1eadt c\u00f9ng 2 t\u00fai n\u1eafp ph\u00eda tr\u01b0\u1edbc t\u1ea1o \u0111i\u1ec3m nh\u1ea5n hi\u1ec7n \u0111\u1ea1i. Ch\u00e2n v\u00e1y \u00f4m nh\u1eb9, x\u1ebb sau tinh t\u1ebf gi\u00fap t\u00f4n d\u00e1ng, t\u1ea1o s\u1ef1 tho\u1ea3i m\u00e1i khi di chuy\u1ec3n.<\/p>\n<p><strong>TH\u00d4NG S\u1ed0 S\u1ea2N PH\u1ea8M<\/strong><\/p>\n<p><strong>Ch\u1ea5t li\u1ec7u:<\/strong>\u00a0Kaki ph\u1ed1i ren<\/p>\n<p><strong>M\u00e0u s\u1eafc:\u00a0<\/strong>Baby Pink<\/p>\n<p><strong>Size:<\/strong>\u00a0Size S: Ng\u1ef1c 82-84, Eo 66-68, M\u00f4ng 88-90<\/p>\n<p>Size M: Ng\u1ef1c 86-88, Eo 70-72, M\u00f4ng 90-92<\/p>\n<p>Size L:\u00a0Ng\u1ef1c 90-92, Eo 74-76, M\u00f4ng 94-96<\/p>\n<p><strong>KH\u00c1CH H\u00c0NG L\u01afU \u00dd:<\/strong><\/p>\n<p>&#8211; B\u1ea3ng size chart ch\u1ec9 mang t\u00ednh ch\u1ea5t tham kh\u1ea3o, t\u00f9y thu\u1ed9c v\u00e0o s\u1ed1 \u0111o c\u01a1 th\u1ec3 v\u00e0 ch\u1ea5t li\u1ec7u v\u1ea3i kh\u00e1c nhau s\u1ebd c\u00f3 s\u1ef1 ch\u00eanh l\u1ec7ch nh\u1ea5t \u0111\u1ecbnh.<\/p>\n<p>&#8211; M\u00e0u s\u1eafc v\u1ea3i c\u1ee7a s\u1ea3n ph\u1ea9m c\u00f3 th\u1ec3 s\u1ebd ch\u00eanh l\u1ec7ch th\u1ef1c t\u1ebf m\u1ed9t ph\u1ea7n nh\u1ecf, do \u1ea3nh h\u01b0\u1edfng v\u1ec1 \u0111\u1ed9 l\u1ec7ch m\u00e0u c\u1ee7a \u00e1nh s\u00e1ng nh\u01b0ng v\u1eabn \u0111\u1ea3m b\u1ea3o ch\u1ea5t l\u01b0\u1ee3ng.<\/p>\n<p>*** Vui l\u00f2ng inbox LUNA CLOSET \u0111\u1ec3 \u0111\u01b0\u1ee3c t\u01b0 v\u1ea5n ch\u00ednh x\u00e1c h\u01a1n.<\/p>\n<p><a href=\"https:\/\/jm.com.vn\/diem-danh-11-mau-vay-dam-trang-thanh-lich-giup-nang-ton-dang-n119099.html\">https:\/\/jm.com.vn\/diem-danh-11-mau-vay-dam-trang-thanh-lich-giup-nang-ton-dang-n119099.html<\/a><\/p>\n","protected":false},"excerpt":{"rendered":"<p>T\u1ea1i sao n\u00ean s\u1edf h\u1eefu Set \u00c1o Vest S\u00e1t N\u00e1ch &amp; Ch\u00e2n V\u00e1y B\u00fat Ch\u00ec t\u1eeb Luna Closet? Thi\u1ebft k\u1ebf sang tr\u1ecdng, d\u1eabn \u0111\u1ea7u xu h\u01b0\u1edbng c\u00f4ng s\u1edfS\u1ef1 k\u1ebft h\u1ee3p gi\u1eefa\u00a0\u00e1o vest s\u00e1t n\u00e1ch d\u00e1ng l\u1eedng\u00a0v\u00e0\u00a0ch\u00e2n v\u00e1y b\u00fat ch\u00ec\u00a0mang \u0111\u1ebfn m\u1ed9t di\u1ec7n m\u1ea1o ho\u00e0n to\u00e0n m\u1edbi: v\u1eeba chuy\u00ean nghi\u1ec7p, v\u1eeba hi\u1ec7n \u0111\u1ea1i v\u00e0 ph\u00f3ng kho\u00e1ng. [&#8230;]\n","protected":false},"featured_media":92,"comment_status":"open","ping_status":"closed","template":"","meta":[],"product_brand":[],"product_cat":[39,40,30,20,53,16,46,52,32,34,36,33,19,21,55],"product_tag":[],"class_list":{"0":"post-90","1":"product","2":"type-product","3":"status-publish","4":"has-post-thumbnail","6":"product_cat-a-day-with-labby","7":"product_cat-breath-of-summer","8":"product_cat-coastal-muse","9":"product_cat-dam","10":"product_cat-dam-du-tiec","11":"product_cat-dam-midi-dam","12":"product_cat-dam-midi","13":"product_cat-dam-ngan-dam","14":"product_cat-dream-closet","15":"product_cat-luminious-spring","16":"product_cat-parisian-collection","17":"product_cat-rose-allure","18":"product_cat-set","19":"product_cat-vay","20":"product_cat-vay-midi","22":"first","23":"instock","24":"sale","25":"shipping-taxable","26":"purchasable","27":"product-type-variable"},"yoast_head":"<!-- This site is optimized with the Yoast SEO plugin v27.2 - https:\/\/yoast.com\/product\/yoast-seo-wordpress\/ -->\n<title>Luna Closet Set 2 Pieces Sleeveless Cropped Vest Top - Mesh Overlay Pencil Skirt -<\/title>\n<meta name=\"description\" content=\"Mua ngay set \u00e1o vest s\u00e1t n\u00e1ch ph\u1ed1i ch\u00e2n v\u00e1y b\u00fat ch\u00ec ph\u1ed1i ren c\u1ef1c sang tr\u1ecdng t\u1ea1i Luna Closet. Ch\u1ea5t kaki cao c\u1ea5p, t\u00f4n d\u00e1ng, m\u00e0u Baby Pink ng\u1ecdt ng\u00e0o\" \/>\n<meta name=\"robots\" content=\"index, follow, max-snippet:-1, max-image-preview:large, max-video-preview:-1\" \/>\n<link rel=\"canonical\" href=\"https:\/\/amazon.azdigi.shop\/index.php\/product\/set-do-cong-so-thanh-lich\/\" \/>\n<meta property=\"og:locale\" content=\"en_US\" \/>\n<meta property=\"og:type\" content=\"article\" \/>\n<meta property=\"og:title\" content=\"Luna Closet Set 2 Pieces Sleeveless Cropped Vest Top - Mesh Overlay Pencil Skirt -\" \/>\n<meta property=\"og:description\" content=\"Mua ngay set \u00e1o vest s\u00e1t n\u00e1ch ph\u1ed1i ch\u00e2n v\u00e1y b\u00fat ch\u00ec ph\u1ed1i ren c\u1ef1c sang tr\u1ecdng t\u1ea1i Luna Closet. Ch\u1ea5t kaki cao c\u1ea5p, t\u00f4n d\u00e1ng, m\u00e0u Baby Pink ng\u1ecdt ng\u00e0o\" \/>\n<meta property=\"og:url\" content=\"https:\/\/amazon.azdigi.shop\/index.php\/product\/set-do-cong-so-thanh-lich\/\" \/>\n<meta property=\"og:site_name\" content=\"lunacloset\" \/>\n<meta property=\"article:modified_time\" content=\"2026-04-18T10:21:14+00:00\" \/>\n<meta property=\"og:image\" content=\"https:\/\/amazon.azdigi.shop\/wp-content\/uploads\/2026\/03\/sp6-a2.jpg?wsr\" \/>\n\t<meta property=\"og:image:width\" content=\"1638\" \/>\n\t<meta property=\"og:image:height\" content=\"2048\" \/>\n\t<meta property=\"og:image:type\" content=\"image\/jpeg\" \/>\n<meta name=\"twitter:card\" content=\"summary_large_image\" \/>\n<meta name=\"twitter:label1\" content=\"Est. reading time\" \/>\n\t<meta name=\"twitter:data1\" content=\"3 minutes\" \/>\n<script type=\"application\/ld+json\" class=\"yoast-schema-graph\">{\"@context\":\"https:\/\/schema.org\",\"@graph\":[{\"@type\":\"WebPage\",\"@id\":\"https:\/\/amazon.azdigi.shop\/index.php\/product\/set-do-cong-so-thanh-lich\/\",\"url\":\"https:\/\/amazon.azdigi.shop\/index.php\/product\/set-do-cong-so-thanh-lich\/\",\"name\":\"Luna Closet Set 2 Pieces Sleeveless Cropped Vest Top - Mesh Overlay Pencil Skirt -\",\"isPartOf\":{\"@id\":\"https:\/\/amazon.azdigi.shop\/#website\"},\"primaryImageOfPage\":{\"@id\":\"https:\/\/amazon.azdigi.shop\/index.php\/product\/set-do-cong-so-thanh-lich\/#primaryimage\"},\"image\":{\"@id\":\"https:\/\/amazon.azdigi.shop\/index.php\/product\/set-do-cong-so-thanh-lich\/#primaryimage\"},\"thumbnailUrl\":\"https:\/\/amazon.azdigi.shop\/wp-content\/uploads\/2026\/03\/sp6-a2.jpg?wsr\",\"datePublished\":\"2026-03-21T13:50:49+00:00\",\"dateModified\":\"2026-04-18T10:21:14+00:00\",\"description\":\"Mua ngay set \u00e1o vest s\u00e1t n\u00e1ch ph\u1ed1i ch\u00e2n v\u00e1y b\u00fat ch\u00ec ph\u1ed1i ren c\u1ef1c sang tr\u1ecdng t\u1ea1i Luna Closet. Ch\u1ea5t kaki cao c\u1ea5p, t\u00f4n d\u00e1ng, m\u00e0u Baby Pink ng\u1ecdt ng\u00e0o\",\"breadcrumb\":{\"@id\":\"https:\/\/amazon.azdigi.shop\/index.php\/product\/set-do-cong-so-thanh-lich\/#breadcrumb\"},\"inLanguage\":\"en-US\",\"potentialAction\":[{\"@type\":\"ReadAction\",\"target\":[\"https:\/\/amazon.azdigi.shop\/index.php\/product\/set-do-cong-so-thanh-lich\/\"]}]},{\"@type\":\"ImageObject\",\"inLanguage\":\"en-US\",\"@id\":\"https:\/\/amazon.azdigi.shop\/index.php\/product\/set-do-cong-so-thanh-lich\/#primaryimage\",\"url\":\"https:\/\/amazon.azdigi.shop\/wp-content\/uploads\/2026\/03\/sp6-a2.jpg?wsr\",\"contentUrl\":\"https:\/\/amazon.azdigi.shop\/wp-content\/uploads\/2026\/03\/sp6-a2.jpg?wsr\",\"width\":1638,\"height\":2048,\"caption\":\"set \u00e1o vest s\u00e1t n\u00e1ch ph\u1ed1i ch\u00e2n v\u00e1y b\u00fat ch\u00ec m\u00e0u h\u1ed3ng luna closet\"},{\"@type\":\"BreadcrumbList\",\"@id\":\"https:\/\/amazon.azdigi.shop\/index.php\/product\/set-do-cong-so-thanh-lich\/#breadcrumb\",\"itemListElement\":[{\"@type\":\"ListItem\",\"position\":1,\"name\":\"Home\",\"item\":\"https:\/\/amazon.azdigi.shop\/\"},{\"@type\":\"ListItem\",\"position\":2,\"name\":\"Shop\",\"item\":\"https:\/\/amazon.azdigi.shop\/index.php\/shop\/\"},{\"@type\":\"ListItem\",\"position\":3,\"name\":\"Luna Closet Set 2 Pieces Sleeveless Cropped Vest Top &#8211; Mesh Overlay Pencil Skirt\"}]},{\"@type\":\"WebSite\",\"@id\":\"https:\/\/amazon.azdigi.shop\/#website\",\"url\":\"https:\/\/amazon.azdigi.shop\/\",\"name\":\"lunacloset\",\"description\":\"\",\"potentialAction\":[{\"@type\":\"SearchAction\",\"target\":{\"@type\":\"EntryPoint\",\"urlTemplate\":\"https:\/\/amazon.azdigi.shop\/?s={search_term_string}\"},\"query-input\":{\"@type\":\"PropertyValueSpecification\",\"valueRequired\":true,\"valueName\":\"search_term_string\"}}],\"inLanguage\":\"en-US\"}]}<\/script>\n<!-- \/ Yoast SEO plugin. -->","yoast_head_json":{"title":"Luna Closet Set 2 Pieces Sleeveless Cropped Vest Top - Mesh Overlay Pencil Skirt -","description":"Mua ngay set \u00e1o vest s\u00e1t n\u00e1ch ph\u1ed1i ch\u00e2n v\u00e1y b\u00fat ch\u00ec ph\u1ed1i ren c\u1ef1c sang tr\u1ecdng t\u1ea1i Luna Closet. Ch\u1ea5t kaki cao c\u1ea5p, t\u00f4n d\u00e1ng, m\u00e0u Baby Pink ng\u1ecdt ng\u00e0o","robots":{"index":"index","follow":"follow","max-snippet":"max-snippet:-1","max-image-preview":"max-image-preview:large","max-video-preview":"max-video-preview:-1"},"canonical":"https:\/\/amazon.azdigi.shop\/index.php\/product\/set-do-cong-so-thanh-lich\/","og_locale":"en_US","og_type":"article","og_title":"Luna Closet Set 2 Pieces Sleeveless Cropped Vest Top - Mesh Overlay Pencil Skirt -","og_description":"Mua ngay set \u00e1o vest s\u00e1t n\u00e1ch ph\u1ed1i ch\u00e2n v\u00e1y b\u00fat ch\u00ec ph\u1ed1i ren c\u1ef1c sang tr\u1ecdng t\u1ea1i Luna Closet. Ch\u1ea5t kaki cao c\u1ea5p, t\u00f4n d\u00e1ng, m\u00e0u Baby Pink ng\u1ecdt ng\u00e0o","og_url":"https:\/\/amazon.azdigi.shop\/index.php\/product\/set-do-cong-so-thanh-lich\/","og_site_name":"lunacloset","article_modified_time":"2026-04-18T10:21:14+00:00","og_image":[{"width":1638,"height":2048,"url":"https:\/\/amazon.azdigi.shop\/wp-content\/uploads\/2026\/03\/sp6-a2.jpg?wsr","type":"image\/jpeg"}],"twitter_card":"summary_large_image","twitter_misc":{"Est. reading time":"3 minutes"},"schema":{"@context":"https:\/\/schema.org","@graph":[{"@type":"WebPage","@id":"https:\/\/amazon.azdigi.shop\/index.php\/product\/set-do-cong-so-thanh-lich\/","url":"https:\/\/amazon.azdigi.shop\/index.php\/product\/set-do-cong-so-thanh-lich\/","name":"Luna Closet Set 2 Pieces Sleeveless Cropped Vest Top - Mesh Overlay Pencil Skirt -","isPartOf":{"@id":"https:\/\/amazon.azdigi.shop\/#website"},"primaryImageOfPage":{"@id":"https:\/\/amazon.azdigi.shop\/index.php\/product\/set-do-cong-so-thanh-lich\/#primaryimage"},"image":{"@id":"https:\/\/amazon.azdigi.shop\/index.php\/product\/set-do-cong-so-thanh-lich\/#primaryimage"},"thumbnailUrl":"https:\/\/amazon.azdigi.shop\/wp-content\/uploads\/2026\/03\/sp6-a2.jpg?wsr","datePublished":"2026-03-21T13:50:49+00:00","dateModified":"2026-04-18T10:21:14+00:00","description":"Mua ngay set \u00e1o vest s\u00e1t n\u00e1ch ph\u1ed1i ch\u00e2n v\u00e1y b\u00fat ch\u00ec ph\u1ed1i ren c\u1ef1c sang tr\u1ecdng t\u1ea1i Luna Closet. Ch\u1ea5t kaki cao c\u1ea5p, t\u00f4n d\u00e1ng, m\u00e0u Baby Pink ng\u1ecdt ng\u00e0o","breadcrumb":{"@id":"https:\/\/amazon.azdigi.shop\/index.php\/product\/set-do-cong-so-thanh-lich\/#breadcrumb"},"inLanguage":"en-US","potentialAction":[{"@type":"ReadAction","target":["https:\/\/amazon.azdigi.shop\/index.php\/product\/set-do-cong-so-thanh-lich\/"]}]},{"@type":"ImageObject","inLanguage":"en-US","@id":"https:\/\/amazon.azdigi.shop\/index.php\/product\/set-do-cong-so-thanh-lich\/#primaryimage","url":"https:\/\/amazon.azdigi.shop\/wp-content\/uploads\/2026\/03\/sp6-a2.jpg?wsr","contentUrl":"https:\/\/amazon.azdigi.shop\/wp-content\/uploads\/2026\/03\/sp6-a2.jpg?wsr","width":1638,"height":2048,"caption":"set \u00e1o vest s\u00e1t n\u00e1ch ph\u1ed1i ch\u00e2n v\u00e1y b\u00fat ch\u00ec m\u00e0u h\u1ed3ng luna closet"},{"@type":"BreadcrumbList","@id":"https:\/\/amazon.azdigi.shop\/index.php\/product\/set-do-cong-so-thanh-lich\/#breadcrumb","itemListElement":[{"@type":"ListItem","position":1,"name":"Home","item":"https:\/\/amazon.azdigi.shop\/"},{"@type":"ListItem","position":2,"name":"Shop","item":"https:\/\/amazon.azdigi.shop\/index.php\/shop\/"},{"@type":"ListItem","position":3,"name":"Luna Closet Set 2 Pieces Sleeveless Cropped Vest Top &#8211; Mesh Overlay Pencil Skirt"}]},{"@type":"WebSite","@id":"https:\/\/amazon.azdigi.shop\/#website","url":"https:\/\/amazon.azdigi.shop\/","name":"lunacloset","description":"","potentialAction":[{"@type":"SearchAction","target":{"@type":"EntryPoint","urlTemplate":"https:\/\/amazon.azdigi.shop\/?s={search_term_string}"},"query-input":{"@type":"PropertyValueSpecification","valueRequired":true,"valueName":"search_term_string"}}],"inLanguage":"en-US"}]}},"_links":{"self":[{"href":"https:\/\/amazon.azdigi.shop\/index.php\/wp-json\/wp\/v2\/product\/90","targetHints":{"allow":["GET"]}}],"collection":[{"href":"https:\/\/amazon.azdigi.shop\/index.php\/wp-json\/wp\/v2\/product"}],"about":[{"href":"https:\/\/amazon.azdigi.shop\/index.php\/wp-json\/wp\/v2\/types\/product"}],"replies":[{"embeddable":true,"href":"https:\/\/amazon.azdigi.shop\/index.php\/wp-json\/wp\/v2\/comments?post=90"}],"wp:featuredmedia":[{"embeddable":true,"href":"https:\/\/amazon.azdigi.shop\/index.php\/wp-json\/wp\/v2\/media\/92"}],"wp:attachment":[{"href":"https:\/\/amazon.azdigi.shop\/index.php\/wp-json\/wp\/v2\/media?parent=90"}],"wp:term":[{"taxonomy":"product_brand","embeddable":true,"href":"https:\/\/amazon.azdigi.shop\/index.php\/wp-json\/wp\/v2\/product_brand?post=90"},{"taxonomy":"product_cat","embeddable":true,"href":"https:\/\/amazon.azdigi.shop\/index.php\/wp-json\/wp\/v2\/product_cat?post=90"},{"taxonomy":"product_tag","embeddable":true,"href":"https:\/\/amazon.azdigi.shop\/index.php\/wp-json\/wp\/v2\/product_tag?post=90"}],"curies":[{"name":"wp","href":"https:\/\/api.w.org\/{rel}","templated":true}]}}