{"id":80,"date":"2026-03-21T13:45:17","date_gmt":"2026-03-21T13:45:17","guid":{"rendered":"https:\/\/amazon.azdigi.shop\/?post_type=product&#038;p=80"},"modified":"2026-04-18T11:52:31","modified_gmt":"2026-04-18T11:52:31","slug":"luna-closet-set-2-pieces-striped-smocked-top-with-cardigan","status":"publish","type":"product","link":"https:\/\/amazon.azdigi.shop\/index.php\/product\/luna-closet-set-2-pieces-striped-smocked-top-with-cardigan\/","title":{"rendered":"Luna Closet Set 2 Pieces Striped Smocked Top with Cardigan"},"content":{"rendered":"<div class=\"AdPoic\" role=\"heading\" aria-level=\"3\" data-animation-nesting=\"\" data-sfc-cp=\"\" data-sfc-root=\"c\" data-sfc-cb=\"\" data-complete=\"true\" data-processed=\"true\" data-sae=\"\">T\u1ea1i sao n\u00ean s\u1edf h\u1eefu Set \u00c1o Cardigan K\u1ebb S\u1ecdc &amp; \u00c1o Smock t\u1eeb Luna Closet?<button class=\"rBl3me\" tabindex=\"0\" data-amic=\"true\" data-icl-uuid=\"98e7d3e0-ed28-4437-b0c0-4bba31716800\" aria-label=\"Xem c\u00e1c \u0111\u01b0\u1eddng li\u00ean k\u1ebft c\u00f3 li\u00ean quan\" data-wiz-attrbind=\"disabled=UzN0He_1z\/C5gNJc;aria-label=UzN0He_1z\/bOjMyf;class=UzN0He_1z\/UpSNec\" data-ved=\"2ahUKEwjfxY2xufCTAxV2sVYBHQrEL18Qye0OegYIAQgKEAA\" data-hveid=\"CAEIChAA\"><\/button><\/div>\n<div class=\"Y3BBE\" data-sfc-cp=\"\" data-sfc-root=\"c\" data-sfc-cb=\"\" data-hveid=\"CAEICxAA\" data-complete=\"true\" data-processed=\"true\"><strong class=\"Yjhzub\" data-sfc-root=\"c\" data-sfc-cb=\"\" data-complete=\"true\" data-processed=\"true\">Thi\u1ebft k\u1ebf tr\u1ebb trung v\u00e0 \u0111a n\u0103ng<\/strong><br data-sfc-root=\"c\" data-sfc-pl=\"|[]\" data-sfc-cb=\"\" data-complete=\"true\" data-processed=\"true\" \/><strong class=\"Yjhzub\" data-sfc-root=\"c\" data-sfc-cb=\"\" data-complete=\"true\" data-processed=\"true\">Set \u00e1o cardigan k\u1ebb s\u1ecdc<\/strong>\u00a0k\u1ebft h\u1ee3p c\u00f9ng \u00e1o 2 d\u00e2y smock \u0111\u1ed3ng \u0111i\u1ec7u l\u00e0 s\u1ef1 l\u1ef1a ch\u1ecdn ho\u00e0n h\u1ea3o cho nh\u1eefng c\u00f4 n\u00e0ng y\u00eau th\u00edch phong c\u00e1ch nh\u1eb9 nh\u00e0ng nh\u01b0ng v\u1eabn \u0111\u1ea7y c\u00e1 t\u00ednh. Thi\u1ebft k\u1ebf \u00e1o smock (bo chun) kh\u00f4ng ch\u1ec9 t\u1ea1o \u0111i\u1ec3m nh\u1ea5n \u0111i\u1ec7u \u0111\u00e0 m\u00e0 c\u00f2n gi\u00fap t\u00f4n l\u00ean v\u00f2ng eo thon g\u1ecdn. \u0110i k\u00e8m l\u00e0 chi\u1ebfc \u00e1o kho\u00e1c cardigan k\u1ebb s\u1ecdc thanh l\u1ecbch, t\u1ea1o n\u00ean m\u1ed9t t\u1ed5ng th\u1ec3 h\u00e0i h\u00f2a, gi\u00fap b\u1ea1n t\u1ef1 tin di\u1ec7n trong nhi\u1ec1u ho\u00e0n c\u1ea3nh kh\u00e1c nhau.<button class=\"rBl3me\" tabindex=\"0\" data-amic=\"true\" data-icl-uuid=\"e6cd1c98-0796-4533-ab67-958f94b892ec\" aria-label=\"Xem c\u00e1c \u0111\u01b0\u1eddng li\u00ean k\u1ebft c\u00f3 li\u00ean quan\" data-wiz-attrbind=\"disabled=UzN0He_26\/C5gNJc;aria-label=UzN0He_26\/bOjMyf;class=UzN0He_26\/UpSNec\" data-ved=\"2ahUKEwjfxY2xufCTAxV2sVYBHQrEL18Qye0OegYIAQgLEAE\" data-hveid=\"CAEICxAB\"><\/button><\/div>\n<div class=\"Y3BBE\" data-sfc-cp=\"\" data-sfc-root=\"c\" data-sfc-cb=\"\" data-hveid=\"CAEIDBAA\" data-complete=\"true\" data-processed=\"true\" aria-owns=\"action-menu-parent-container\"><strong class=\"Yjhzub\" data-sfc-root=\"c\" data-sfc-cb=\"\" data-complete=\"true\" data-processed=\"true\">Ch\u1ea5t li\u1ec7u Thun gi\u1ea5y cao c\u1ea5p, m\u1ec1m m\u1ea1i<\/strong><br data-sfc-root=\"c\" data-sfc-pl=\"|[]\" data-sfc-cb=\"\" data-complete=\"true\" data-processed=\"true\" \/>S\u1ea3n ph\u1ea9m s\u1eed d\u1ee5ng ch\u1ea5t li\u1ec7u\u00a0<strong class=\"Yjhzub\" data-sfc-root=\"c\" data-sfc-cb=\"\" data-complete=\"true\" data-processed=\"true\">thun gi\u1ea5y<\/strong>\u00a0\u0111\u1eb7c tr\u01b0ng v\u1edbi \u01b0u \u0111i\u1ec3m m\u1ecfng nh\u1eb9, tho\u00e1ng m\u00e1t v\u00e0 c\u00f3 \u0111\u1ed9 co gi\u00e3n tuy\u1ec7t v\u1eddi. Ch\u1ea5t v\u1ea3i n\u00e0y mang l\u1ea1i c\u1ea3m gi\u00e1c d\u1ec5 ch\u1ecbu t\u1ed1i \u0111a cho ng\u01b0\u1eddi m\u1eb7c, kh\u00f4ng g\u00e2y b\u00ed b\u00e1ch ngay c\u1ea3 trong ti\u1ebft tr\u1eddi m\u00f9a h\u00e8 oi b\u1ee9c. V\u1edbi hai t\u00f4ng m\u00e0u ch\u1ee7 \u0111\u1ea1o l\u00e0\u00a0<strong class=\"Yjhzub\" data-sfc-root=\"c\" data-sfc-cb=\"\" data-complete=\"true\" data-processed=\"true\">H\u1ed3ng<\/strong>\u00a0ng\u1ecdt ng\u00e0o v\u00e0\u00a0<strong class=\"Yjhzub\" data-sfc-root=\"c\" data-sfc-cb=\"\" data-complete=\"true\" data-processed=\"true\">V\u00e0ng<\/strong>\u00a0n\u0103ng \u0111\u1ed9ng, set \u0111\u1ed3 n\u00e0y c\u1ef1c k\u1ef3 t\u00f4n da v\u00e0 d\u1ec5 d\u00e0ng ph\u1ed1i h\u1ee3p v\u1edbi nhi\u1ec1u lo\u1ea1i ph\u1ee5 ki\u1ec7n.<\/div>\n<div data-sfc-cp=\"\" data-sfc-root=\"c\" data-sfc-cb=\"\" data-hveid=\"CAEIDBAA\" data-complete=\"true\" data-processed=\"true\" aria-owns=\"action-menu-parent-container\">\n<div class=\"Y3BBE\" data-sfc-cp=\"\" data-sfc-root=\"c\" data-sfc-cb=\"\" data-hveid=\"CAEIDRAA\" data-complete=\"true\" data-processed=\"true\"><strong class=\"Yjhzub\" data-sfc-root=\"c\" data-sfc-cb=\"\" data-complete=\"true\" data-processed=\"true\">G\u1ee3i \u00fd ph\u1ed1i \u0111\u1ed3 (Mix &amp; Match) c\u1ef1c xinh<\/strong><br data-sfc-root=\"c\" data-sfc-pl=\"|[]\" data-sfc-cb=\"\" data-complete=\"true\" data-processed=\"true\" \/>V\u1edbi\u00a0<strong class=\"Yjhzub\" data-sfc-root=\"c\" data-sfc-cb=\"\" data-complete=\"true\" data-processed=\"true\">set \u00e1o cardigan<\/strong>\u00a0n\u00e0y, b\u1ea1n c\u00f3 th\u1ec3 bi\u1ebfn h\u00f3a linh ho\u1ea1t phong c\u00e1ch m\u1ed7i ng\u00e0y:<button class=\"rBl3me\" tabindex=\"0\" data-amic=\"true\" data-icl-uuid=\"ad55991b-854b-4c29-a318-81956ea37158\" aria-label=\"Xem c\u00e1c \u0111\u01b0\u1eddng li\u00ean k\u1ebft c\u00f3 li\u00ean quan\" data-wiz-attrbind=\"disabled=UzN0He_2m\/C5gNJc;aria-label=UzN0He_2m\/bOjMyf;class=UzN0He_2m\/UpSNec\" data-ved=\"2ahUKEwjfxY2xufCTAxV2sVYBHQrEL18Qye0OegYIAQgNEAE\" data-hveid=\"CAEIDRAB\"><\/button><\/div>\n<ul class=\"KsbFXc U6u95\" data-sfc-root=\"c\" data-sfc-cb=\"\" data-complete=\"true\" data-processed=\"true\">\n<li class=\"dF3vjf\" data-sfc-root=\"c\" data-sfc-cb=\"\" data-hveid=\"CAEIDhAA\" data-complete=\"true\" data-sae=\"\"><span class=\"T286Pc\" data-sfc-cp=\"\" data-sfc-root=\"c\" data-sfc-cb=\"\" data-complete=\"true\"><strong class=\"Yjhzub\" data-sfc-root=\"c\" data-sfc-cb=\"\" data-complete=\"true\">Phong c\u00e1ch n\u0103ng \u0111\u1ed9ng:<\/strong>\u00a0Ph\u1ed1i c\u00f9ng qu\u1ea7n jean \u1ed1ng r\u1ed9ng ho\u1eb7c qu\u1ea7n short denim v\u00e0 gi\u00e0y sneaker.<\/span><\/li>\n<li class=\"dF3vjf\" data-sfc-root=\"c\" data-sfc-cb=\"\" data-hveid=\"CAEIDhAB\" data-complete=\"true\" data-sae=\"\"><span class=\"T286Pc\" data-sfc-cp=\"\" data-sfc-root=\"c\" data-sfc-cb=\"\" data-complete=\"true\"><strong class=\"Yjhzub\" data-sfc-root=\"c\" data-sfc-cb=\"\" data-complete=\"true\">Phong c\u00e1ch n\u1eef t\u00ednh:<\/strong>\u00a0K\u1ebft h\u1ee3p c\u00f9ng ch\u00e2n v\u00e1y x\u1ebfp ly ho\u1eb7c ch\u00e2n v\u00e1y tennis \u0111\u1ec3 \u0111i h\u1eb9n h\u00f2, c\u00e0 ph\u00ea.<\/span><\/li>\n<li class=\"dF3vjf\" data-sfc-root=\"c\" data-sfc-cb=\"\" data-hveid=\"CAEIDhAC\" data-complete=\"true\" data-sae=\"\"><span class=\"T286Pc\" data-sfc-cp=\"\" data-sfc-root=\"c\" data-sfc-cb=\"\" data-complete=\"true\"><strong class=\"Yjhzub\" data-sfc-root=\"c\" data-sfc-cb=\"\" data-complete=\"true\">Phong c\u00e1ch thanh l\u1ecbch:<\/strong>\u00a0Di\u1ec7n c\u00f9ng qu\u1ea7n v\u1ea3i su\u00f4ng v\u00e0 m\u1ed9t \u0111\u00f4i gi\u00e0y b\u00fap b\u00ea nh\u1eb9 nh\u00e0ng cho nh\u1eefng bu\u1ed5i d\u1ea1o ph\u1ed1 cu\u1ed1i tu\u1ea7n.<\/span><button class=\"rBl3me\" tabindex=\"0\" data-amic=\"true\" data-icl-uuid=\"36cd0824-ffea-4aea-b1e4-d1c73b1315c5\" aria-label=\"Xem c\u00e1c \u0111\u01b0\u1eddng li\u00ean k\u1ebft c\u00f3 li\u00ean quan\" data-wiz-attrbind=\"disabled=UzN0He_2z\/C5gNJc;aria-label=UzN0He_2z\/bOjMyf;class=UzN0He_2z\/UpSNec\" data-ved=\"2ahUKEwjfxY2xufCTAxV2sVYBHQrEL18Qye0OegYIAQgOEAM\" data-hveid=\"CAEIDhAD\"><\/button><\/li>\n<\/ul>\n<div class=\"Fsg96\" data-sfc-cp=\"\" data-sfc-root=\"c\" data-sfc-cb=\"\" data-complete=\"true\" data-processed=\"true\"><\/div>\n<hr class=\"j3tEEe\" data-sfc-root=\"c\" data-sfc-pl=\"|[]\" data-sfc-cb=\"\" data-complete=\"true\" data-processed=\"true\" data-sae=\"\" \/>\n<div class=\"Fsg96\" data-sfc-cp=\"\" data-sfc-root=\"c\" data-sfc-cb=\"\" data-complete=\"true\" data-processed=\"true\"><\/div>\n<div data-subtree=\"aimba\" data-sfc-cp=\"\" data-sfc-root=\"c\" data-sfc-cb=\"\" data-complete=\"true\" data-processed=\"true\">\n<div class=\"Jd31eb\" data-sfc-root=\"c\" data-sfc-cb=\"\" data-complete=\"true\" data-processed=\"true\"><\/div>\n<\/div>\n<\/div>\n<p><strong>PRODUCT DETAILS:\u00a0<\/strong>Set\u00a0\u00e1o\u00a0cardigan k\u1ebb s\u1ecdc mix \u00e1o 2 d\u00e2y smock \u0111\u1ed3ng \u0111i\u1ec7u, t\u00f4n d\u00e1ng v\u1edbi thi\u1ebft k\u1ebf co gi\u00e3n. Trang ph\u1ee5c n\u1eef c\u00e1 t\u00ednh, ph\u1ed1i d\u1ec5 d\u00e0ng c\u00f9ng jean, short ho\u1eb7c v\u00e1y<\/p>\n<p><strong>TH\u00d4NG S\u1ed0 S\u1ea2N PH\u1ea8M<\/strong><\/p>\n<p><strong>Ch\u1ea5t li\u1ec7u:<\/strong>\u00a0Thun gi\u1ea5y<\/p>\n<p><strong>M\u00e0u s\u1eafc:\u00a0<\/strong>H\u1ed3ng \/ V\u00e0ng<\/p>\n<p><strong>Size:<\/strong>\u00a0Size S: Ng\u1ef1c 82-84, Eo 66-68, M\u00f4ng 88-90<\/p>\n<p>Size M: Ng\u1ef1c 86-88, Eo 70-72, M\u00f4ng 90-92<\/p>\n<p>Size L:\u00a0Ng\u1ef1c 90-92, Eo 74-76, M\u00f4ng 94-96<\/p>\n<p><strong>KH\u00c1CH H\u00c0NG L\u01afU \u00dd:<\/strong><\/p>\n<p>&#8211; B\u1ea3ng size chart ch\u1ec9 mang t\u00ednh ch\u1ea5t tham kh\u1ea3o, t\u00f9y thu\u1ed9c v\u00e0o s\u1ed1 \u0111o c\u01a1 th\u1ec3 v\u00e0 ch\u1ea5t li\u1ec7u v\u1ea3i kh\u00e1c nhau s\u1ebd c\u00f3 s\u1ef1 ch\u00eanh l\u1ec7ch nh\u1ea5t \u0111\u1ecbnh.<\/p>\n<p>&#8211; M\u00e0u s\u1eafc v\u1ea3i c\u1ee7a s\u1ea3n ph\u1ea9m c\u00f3 th\u1ec3 s\u1ebd ch\u00eanh l\u1ec7ch th\u1ef1c t\u1ebf m\u1ed9t ph\u1ea7n nh\u1ecf, do \u1ea3nh h\u01b0\u1edfng v\u1ec1 \u0111\u1ed9 l\u1ec7ch m\u00e0u c\u1ee7a \u00e1nh s\u00e1ng nh\u01b0ng v\u1eabn \u0111\u1ea3m b\u1ea3o ch\u1ea5t l\u01b0\u1ee3ng.<\/p>\n<p>*** Vui l\u00f2ng inbox LUNA CLOSET \u0111\u1ec3 \u0111\u01b0\u1ee3c t\u01b0 v\u1ea5n ch\u00ednh x\u00e1c h\u01a1n<\/p>\n","protected":false},"excerpt":{"rendered":"<p>T\u1ea1i sao n\u00ean s\u1edf h\u1eefu Set \u00c1o Cardigan K\u1ebb S\u1ecdc &amp; \u00c1o Smock t\u1eeb Luna Closet? Thi\u1ebft k\u1ebf tr\u1ebb trung v\u00e0 \u0111a n\u0103ngSet \u00e1o cardigan k\u1ebb s\u1ecdc\u00a0k\u1ebft h\u1ee3p c\u00f9ng \u00e1o 2 d\u00e2y smock \u0111\u1ed3ng \u0111i\u1ec7u l\u00e0 s\u1ef1 l\u1ef1a ch\u1ecdn ho\u00e0n h\u1ea3o cho nh\u1eefng c\u00f4 n\u00e0ng y\u00eau th\u00edch phong c\u00e1ch nh\u1eb9 nh\u00e0ng nh\u01b0ng v\u1eabn \u0111\u1ea7y c\u00e1 [&#8230;]\n","protected":false},"featured_media":84,"comment_status":"open","ping_status":"closed","template":"","meta":[],"product_brand":[],"product_cat":[39,17,41,43,40,30,32,34,36,33,19],"product_tag":[],"class_list":{"0":"post-80","1":"product","2":"type-product","3":"status-publish","4":"has-post-thumbnail","6":"product_cat-a-day-with-labby","7":"product_cat-ao","8":"product_cat-ao-kieu","9":"product_cat-ao-thun","10":"product_cat-breath-of-summer","11":"product_cat-coastal-muse","12":"product_cat-dream-closet","13":"product_cat-luminious-spring","14":"product_cat-parisian-collection","15":"product_cat-rose-allure","16":"product_cat-set","18":"first","19":"instock","20":"sale","21":"shipping-taxable","22":"purchasable","23":"product-type-variable"},"yoast_head":"<!-- This site is optimized with the Yoast SEO plugin v27.2 - https:\/\/yoast.com\/product\/yoast-seo-wordpress\/ -->\n<title>Luna Closet Set 2 Pieces Striped Smocked Top with Cardigan - lunacloset<\/title>\n<meta name=\"description\" content=\"Mua ngay set \u00e1o cardigan k\u1ebb s\u1ecdc mix \u00e1o 2 d\u00e2y smock t\u00f4n d\u00e1ng t\u1eeb Luna Closet. Ch\u1ea5t thun gi\u1ea5y tho\u00e1ng m\u00e1t, m\u00e0u s\u1eafc tr\u1ebb trung, \u0111\u1ee7 size S M L cho n\u00e0ng t\u1ecfa s\u00e1ng.\" \/>\n<meta name=\"robots\" content=\"index, follow, max-snippet:-1, max-image-preview:large, max-video-preview:-1\" \/>\n<link rel=\"canonical\" href=\"https:\/\/amazon.azdigi.shop\/index.php\/product\/luna-closet-set-2-pieces-striped-smocked-top-with-cardigan\/\" \/>\n<meta property=\"og:locale\" content=\"en_US\" \/>\n<meta property=\"og:type\" content=\"article\" \/>\n<meta property=\"og:title\" content=\"Luna Closet Set 2 Pieces Striped Smocked Top with Cardigan - lunacloset\" \/>\n<meta property=\"og:description\" content=\"Mua ngay set \u00e1o cardigan k\u1ebb s\u1ecdc mix \u00e1o 2 d\u00e2y smock t\u00f4n d\u00e1ng t\u1eeb Luna Closet. Ch\u1ea5t thun gi\u1ea5y tho\u00e1ng m\u00e1t, m\u00e0u s\u1eafc tr\u1ebb trung, \u0111\u1ee7 size S M L cho n\u00e0ng t\u1ecfa s\u00e1ng.\" \/>\n<meta property=\"og:url\" content=\"https:\/\/amazon.azdigi.shop\/index.php\/product\/luna-closet-set-2-pieces-striped-smocked-top-with-cardigan\/\" \/>\n<meta property=\"og:site_name\" content=\"lunacloset\" \/>\n<meta property=\"article:modified_time\" content=\"2026-04-18T11:52:31+00:00\" \/>\n<meta property=\"og:image\" content=\"https:\/\/amazon.azdigi.shop\/wp-content\/uploads\/2026\/03\/sp5-vang-anh-4.jpg?wsr\" \/>\n\t<meta property=\"og:image:width\" content=\"1638\" \/>\n\t<meta property=\"og:image:height\" content=\"2048\" \/>\n\t<meta property=\"og:image:type\" content=\"image\/jpeg\" \/>\n<meta name=\"twitter:card\" content=\"summary_large_image\" \/>\n<meta name=\"twitter:label1\" content=\"Est. reading time\" \/>\n\t<meta name=\"twitter:data1\" content=\"3 minutes\" \/>\n<script type=\"application\/ld+json\" class=\"yoast-schema-graph\">{\"@context\":\"https:\/\/schema.org\",\"@graph\":[{\"@type\":\"WebPage\",\"@id\":\"https:\/\/amazon.azdigi.shop\/index.php\/product\/luna-closet-set-2-pieces-striped-smocked-top-with-cardigan\/\",\"url\":\"https:\/\/amazon.azdigi.shop\/index.php\/product\/luna-closet-set-2-pieces-striped-smocked-top-with-cardigan\/\",\"name\":\"Luna Closet Set 2 Pieces Striped Smocked Top with Cardigan - lunacloset\",\"isPartOf\":{\"@id\":\"https:\/\/amazon.azdigi.shop\/#website\"},\"primaryImageOfPage\":{\"@id\":\"https:\/\/amazon.azdigi.shop\/index.php\/product\/luna-closet-set-2-pieces-striped-smocked-top-with-cardigan\/#primaryimage\"},\"image\":{\"@id\":\"https:\/\/amazon.azdigi.shop\/index.php\/product\/luna-closet-set-2-pieces-striped-smocked-top-with-cardigan\/#primaryimage\"},\"thumbnailUrl\":\"https:\/\/amazon.azdigi.shop\/wp-content\/uploads\/2026\/03\/sp5-vang-anh-4.jpg?wsr\",\"datePublished\":\"2026-03-21T13:45:17+00:00\",\"dateModified\":\"2026-04-18T11:52:31+00:00\",\"description\":\"Mua ngay set \u00e1o cardigan k\u1ebb s\u1ecdc mix \u00e1o 2 d\u00e2y smock t\u00f4n d\u00e1ng t\u1eeb Luna Closet. Ch\u1ea5t thun gi\u1ea5y tho\u00e1ng m\u00e1t, m\u00e0u s\u1eafc tr\u1ebb trung, \u0111\u1ee7 size S M L cho n\u00e0ng t\u1ecfa s\u00e1ng.\",\"breadcrumb\":{\"@id\":\"https:\/\/amazon.azdigi.shop\/index.php\/product\/luna-closet-set-2-pieces-striped-smocked-top-with-cardigan\/#breadcrumb\"},\"inLanguage\":\"en-US\",\"potentialAction\":[{\"@type\":\"ReadAction\",\"target\":[\"https:\/\/amazon.azdigi.shop\/index.php\/product\/luna-closet-set-2-pieces-striped-smocked-top-with-cardigan\/\"]}]},{\"@type\":\"ImageObject\",\"inLanguage\":\"en-US\",\"@id\":\"https:\/\/amazon.azdigi.shop\/index.php\/product\/luna-closet-set-2-pieces-striped-smocked-top-with-cardigan\/#primaryimage\",\"url\":\"https:\/\/amazon.azdigi.shop\/wp-content\/uploads\/2026\/03\/sp5-vang-anh-4.jpg?wsr\",\"contentUrl\":\"https:\/\/amazon.azdigi.shop\/wp-content\/uploads\/2026\/03\/sp5-vang-anh-4.jpg?wsr\",\"width\":1638,\"height\":2048,\"caption\":\"set \u00e1o cardigan k\u1ebb s\u1ecdc ph\u1ed1i \u00e1o smock h\u1ed3ng v\u00e0ng luna closet\"},{\"@type\":\"BreadcrumbList\",\"@id\":\"https:\/\/amazon.azdigi.shop\/index.php\/product\/luna-closet-set-2-pieces-striped-smocked-top-with-cardigan\/#breadcrumb\",\"itemListElement\":[{\"@type\":\"ListItem\",\"position\":1,\"name\":\"Home\",\"item\":\"https:\/\/amazon.azdigi.shop\/\"},{\"@type\":\"ListItem\",\"position\":2,\"name\":\"Shop\",\"item\":\"https:\/\/amazon.azdigi.shop\/index.php\/shop\/\"},{\"@type\":\"ListItem\",\"position\":3,\"name\":\"Luna Closet Set 2 Pieces Striped Smocked Top with Cardigan\"}]},{\"@type\":\"WebSite\",\"@id\":\"https:\/\/amazon.azdigi.shop\/#website\",\"url\":\"https:\/\/amazon.azdigi.shop\/\",\"name\":\"lunacloset\",\"description\":\"\",\"potentialAction\":[{\"@type\":\"SearchAction\",\"target\":{\"@type\":\"EntryPoint\",\"urlTemplate\":\"https:\/\/amazon.azdigi.shop\/?s={search_term_string}\"},\"query-input\":{\"@type\":\"PropertyValueSpecification\",\"valueRequired\":true,\"valueName\":\"search_term_string\"}}],\"inLanguage\":\"en-US\"}]}<\/script>\n<!-- \/ Yoast SEO plugin. -->","yoast_head_json":{"title":"Luna Closet Set 2 Pieces Striped Smocked Top with Cardigan - lunacloset","description":"Mua ngay set \u00e1o cardigan k\u1ebb s\u1ecdc mix \u00e1o 2 d\u00e2y smock t\u00f4n d\u00e1ng t\u1eeb Luna Closet. Ch\u1ea5t thun gi\u1ea5y tho\u00e1ng m\u00e1t, m\u00e0u s\u1eafc tr\u1ebb trung, \u0111\u1ee7 size S M L cho n\u00e0ng t\u1ecfa s\u00e1ng.","robots":{"index":"index","follow":"follow","max-snippet":"max-snippet:-1","max-image-preview":"max-image-preview:large","max-video-preview":"max-video-preview:-1"},"canonical":"https:\/\/amazon.azdigi.shop\/index.php\/product\/luna-closet-set-2-pieces-striped-smocked-top-with-cardigan\/","og_locale":"en_US","og_type":"article","og_title":"Luna Closet Set 2 Pieces Striped Smocked Top with Cardigan - lunacloset","og_description":"Mua ngay set \u00e1o cardigan k\u1ebb s\u1ecdc mix \u00e1o 2 d\u00e2y smock t\u00f4n d\u00e1ng t\u1eeb Luna Closet. Ch\u1ea5t thun gi\u1ea5y tho\u00e1ng m\u00e1t, m\u00e0u s\u1eafc tr\u1ebb trung, \u0111\u1ee7 size S M L cho n\u00e0ng t\u1ecfa s\u00e1ng.","og_url":"https:\/\/amazon.azdigi.shop\/index.php\/product\/luna-closet-set-2-pieces-striped-smocked-top-with-cardigan\/","og_site_name":"lunacloset","article_modified_time":"2026-04-18T11:52:31+00:00","og_image":[{"width":1638,"height":2048,"url":"https:\/\/amazon.azdigi.shop\/wp-content\/uploads\/2026\/03\/sp5-vang-anh-4.jpg?wsr","type":"image\/jpeg"}],"twitter_card":"summary_large_image","twitter_misc":{"Est. reading time":"3 minutes"},"schema":{"@context":"https:\/\/schema.org","@graph":[{"@type":"WebPage","@id":"https:\/\/amazon.azdigi.shop\/index.php\/product\/luna-closet-set-2-pieces-striped-smocked-top-with-cardigan\/","url":"https:\/\/amazon.azdigi.shop\/index.php\/product\/luna-closet-set-2-pieces-striped-smocked-top-with-cardigan\/","name":"Luna Closet Set 2 Pieces Striped Smocked Top with Cardigan - lunacloset","isPartOf":{"@id":"https:\/\/amazon.azdigi.shop\/#website"},"primaryImageOfPage":{"@id":"https:\/\/amazon.azdigi.shop\/index.php\/product\/luna-closet-set-2-pieces-striped-smocked-top-with-cardigan\/#primaryimage"},"image":{"@id":"https:\/\/amazon.azdigi.shop\/index.php\/product\/luna-closet-set-2-pieces-striped-smocked-top-with-cardigan\/#primaryimage"},"thumbnailUrl":"https:\/\/amazon.azdigi.shop\/wp-content\/uploads\/2026\/03\/sp5-vang-anh-4.jpg?wsr","datePublished":"2026-03-21T13:45:17+00:00","dateModified":"2026-04-18T11:52:31+00:00","description":"Mua ngay set \u00e1o cardigan k\u1ebb s\u1ecdc mix \u00e1o 2 d\u00e2y smock t\u00f4n d\u00e1ng t\u1eeb Luna Closet. Ch\u1ea5t thun gi\u1ea5y tho\u00e1ng m\u00e1t, m\u00e0u s\u1eafc tr\u1ebb trung, \u0111\u1ee7 size S M L cho n\u00e0ng t\u1ecfa s\u00e1ng.","breadcrumb":{"@id":"https:\/\/amazon.azdigi.shop\/index.php\/product\/luna-closet-set-2-pieces-striped-smocked-top-with-cardigan\/#breadcrumb"},"inLanguage":"en-US","potentialAction":[{"@type":"ReadAction","target":["https:\/\/amazon.azdigi.shop\/index.php\/product\/luna-closet-set-2-pieces-striped-smocked-top-with-cardigan\/"]}]},{"@type":"ImageObject","inLanguage":"en-US","@id":"https:\/\/amazon.azdigi.shop\/index.php\/product\/luna-closet-set-2-pieces-striped-smocked-top-with-cardigan\/#primaryimage","url":"https:\/\/amazon.azdigi.shop\/wp-content\/uploads\/2026\/03\/sp5-vang-anh-4.jpg?wsr","contentUrl":"https:\/\/amazon.azdigi.shop\/wp-content\/uploads\/2026\/03\/sp5-vang-anh-4.jpg?wsr","width":1638,"height":2048,"caption":"set \u00e1o cardigan k\u1ebb s\u1ecdc ph\u1ed1i \u00e1o smock h\u1ed3ng v\u00e0ng luna closet"},{"@type":"BreadcrumbList","@id":"https:\/\/amazon.azdigi.shop\/index.php\/product\/luna-closet-set-2-pieces-striped-smocked-top-with-cardigan\/#breadcrumb","itemListElement":[{"@type":"ListItem","position":1,"name":"Home","item":"https:\/\/amazon.azdigi.shop\/"},{"@type":"ListItem","position":2,"name":"Shop","item":"https:\/\/amazon.azdigi.shop\/index.php\/shop\/"},{"@type":"ListItem","position":3,"name":"Luna Closet Set 2 Pieces Striped Smocked Top with Cardigan"}]},{"@type":"WebSite","@id":"https:\/\/amazon.azdigi.shop\/#website","url":"https:\/\/amazon.azdigi.shop\/","name":"lunacloset","description":"","potentialAction":[{"@type":"SearchAction","target":{"@type":"EntryPoint","urlTemplate":"https:\/\/amazon.azdigi.shop\/?s={search_term_string}"},"query-input":{"@type":"PropertyValueSpecification","valueRequired":true,"valueName":"search_term_string"}}],"inLanguage":"en-US"}]}},"_links":{"self":[{"href":"https:\/\/amazon.azdigi.shop\/index.php\/wp-json\/wp\/v2\/product\/80","targetHints":{"allow":["GET"]}}],"collection":[{"href":"https:\/\/amazon.azdigi.shop\/index.php\/wp-json\/wp\/v2\/product"}],"about":[{"href":"https:\/\/amazon.azdigi.shop\/index.php\/wp-json\/wp\/v2\/types\/product"}],"replies":[{"embeddable":true,"href":"https:\/\/amazon.azdigi.shop\/index.php\/wp-json\/wp\/v2\/comments?post=80"}],"wp:featuredmedia":[{"embeddable":true,"href":"https:\/\/amazon.azdigi.shop\/index.php\/wp-json\/wp\/v2\/media\/84"}],"wp:attachment":[{"href":"https:\/\/amazon.azdigi.shop\/index.php\/wp-json\/wp\/v2\/media?parent=80"}],"wp:term":[{"taxonomy":"product_brand","embeddable":true,"href":"https:\/\/amazon.azdigi.shop\/index.php\/wp-json\/wp\/v2\/product_brand?post=80"},{"taxonomy":"product_cat","embeddable":true,"href":"https:\/\/amazon.azdigi.shop\/index.php\/wp-json\/wp\/v2\/product_cat?post=80"},{"taxonomy":"product_tag","embeddable":true,"href":"https:\/\/amazon.azdigi.shop\/index.php\/wp-json\/wp\/v2\/product_tag?post=80"}],"curies":[{"name":"wp","href":"https:\/\/api.w.org\/{rel}","templated":true}]}}