{"id":70,"date":"2026-03-21T13:35:53","date_gmt":"2026-03-21T13:35:53","guid":{"rendered":"https:\/\/amazon.azdigi.shop\/?post_type=product&#038;p=70"},"modified":"2026-04-18T12:02:16","modified_gmt":"2026-04-18T12:02:16","slug":"ao-len-co-be-3-soc-luna-closet","status":"publish","type":"product","link":"https:\/\/amazon.azdigi.shop\/index.php\/product\/ao-len-co-be-3-soc-luna-closet\/","title":{"rendered":"\u00c1O LEN C\u1ed4 B\u1eba 3 S\u1eccC LUNA CLOSET"},"content":{"rendered":"<div class=\"AdPoic\" role=\"heading\" aria-level=\"3\" data-animation-nesting=\"\" data-sfc-cp=\"\" data-sfc-root=\"c\" data-sfc-cb=\"\" data-complete=\"true\" data-processed=\"true\" data-sae=\"\">T\u1ea1i sao \u00c1o Len C\u1ed5 B\u1ebb 3 S\u1ecdc Luna Closet l\u00e0 m\u00f3n \u0111\u1ed3 kh\u00f4ng th\u1ec3 thi\u1ebfu?<button class=\"rBl3me\" tabindex=\"0\" data-amic=\"true\" data-icl-uuid=\"ce05f3fe-d680-47dd-bd10-49b7f880ed1c\" aria-label=\"Xem c\u00e1c \u0111\u01b0\u1eddng li\u00ean k\u1ebft c\u00f3 li\u00ean quan\" data-wiz-attrbind=\"disabled=q0t8Be_1y\/C5gNJc;aria-label=q0t8Be_1y\/bOjMyf;class=q0t8Be_1y\/UpSNec\" data-ved=\"2ahUKEwjd8_i5uvCTAxXF1zgGHWpbFyAQye0OegYIAQgKEAA\" data-hveid=\"CAEIChAA\"><\/button><\/div>\n<div class=\"Y3BBE\" data-sfc-cp=\"\" data-sfc-root=\"c\" data-sfc-cb=\"\" data-hveid=\"CAEICxAA\" data-complete=\"true\" data-processed=\"true\"><strong class=\"Yjhzub\" data-sfc-root=\"c\" data-sfc-cb=\"\" data-complete=\"true\" data-processed=\"true\">Thi\u1ebft k\u1ebf thanh l\u1ecbch v\u00e0 hi\u1ec7n \u0111\u1ea1i<\/strong><br data-sfc-root=\"c\" data-sfc-pl=\"|[]\" data-sfc-cb=\"\" data-complete=\"true\" data-processed=\"true\" \/>M\u1eabu\u00a0<strong class=\"Yjhzub\" data-sfc-root=\"c\" data-sfc-cb=\"\" data-complete=\"true\" data-processed=\"true\">\u00e1o len c\u1ed5 b\u1ebb 3 s\u1ecdc<\/strong>\u00a0mang phong c\u00e1ch v\u1eeba c\u1ed5 \u0111i\u1ec3n v\u1eeba tr\u1ebb trung, ph\u00f9 h\u1ee3p cho nhi\u1ec1u ho\u00e0n c\u1ea3nh t\u1eeb \u0111i l\u00e0m c\u00f4ng s\u1edf \u0111\u1ebfn d\u1ea1o ph\u1ed1. \u0110i\u1ec3m nh\u1ea5n c\u1ee7a s\u1ea3n ph\u1ea9m ch\u00ednh l\u00e0 c\u00e1c \u0111\u01b0\u1eddng s\u1ecdc ngang \u1edf c\u1ed5 \u00e1o, t\u00fai v\u00e0 tay \u00e1o, t\u1ea1o n\u00ean n\u00e9t \u0111\u1eb9p kh\u1ecfe kho\u1eafn nh\u01b0ng v\u1eabn gi\u1eef \u0111\u01b0\u1ee3c s\u1ef1 tinh t\u1ebf. D\u00e1ng \u00e1o v\u1eeba v\u1eb7n gi\u00fap t\u00f4n l\u00ean v\u00f3c d\u00e1ng ng\u01b0\u1eddi m\u1eb7c m\u00e0 v\u1eabn \u0111\u1ea3m b\u1ea3o s\u1ef1 tho\u1ea3i m\u00e1i tuy\u1ec7t \u0111\u1ed1i.<button class=\"rBl3me\" tabindex=\"0\" data-amic=\"true\" data-icl-uuid=\"3a1e469a-3b64-4983-96b0-ec4f99ee9556\" aria-label=\"Xem c\u00e1c \u0111\u01b0\u1eddng li\u00ean k\u1ebft c\u00f3 li\u00ean quan\" data-wiz-attrbind=\"disabled=q0t8Be_25\/C5gNJc;aria-label=q0t8Be_25\/bOjMyf;class=q0t8Be_25\/UpSNec\" data-ved=\"2ahUKEwjd8_i5uvCTAxXF1zgGHWpbFyAQye0OegYIAQgLEAE\" data-hveid=\"CAEICxAB\"><\/button><\/div>\n<div class=\"Y3BBE\" data-sfc-cp=\"\" data-sfc-root=\"c\" data-sfc-cb=\"\" data-hveid=\"CAEIDBAA\" data-complete=\"true\" data-processed=\"true\" aria-owns=\"action-menu-parent-container\"><strong class=\"Yjhzub\" data-sfc-root=\"c\" data-sfc-cb=\"\" data-complete=\"true\" data-processed=\"true\">Ch\u1ea5t li\u1ec7u len d\u1ec7t kim cao c\u1ea5p<\/strong><br data-sfc-root=\"c\" data-sfc-pl=\"|[]\" data-sfc-cb=\"\" data-complete=\"true\" data-processed=\"true\" \/>S\u1ea3n ph\u1ea9m \u0111\u01b0\u1ee3c l\u00e0m t\u1eeb ch\u1ea5t li\u1ec7u\u00a0<strong class=\"Yjhzub\" data-sfc-root=\"c\" data-sfc-cb=\"\" data-complete=\"true\" data-processed=\"true\">len d\u1ec7t kim<\/strong>\u00a0m\u1ec1m m\u1ecbn, c\u00f3 \u0111\u1ed9 co gi\u00e3n nh\u1eb9 v\u00e0 c\u1ef1c k\u1ef3 tho\u00e1ng m\u00e1t. Ch\u1ea5t v\u1ea3i n\u00e0y kh\u00f4ng ch\u1ec9 gi\u1eef form t\u1ed1t sau nhi\u1ec1u l\u1ea7n gi\u1eb7t m\u00e0 c\u00f2n mang l\u1ea1i c\u1ea3m gi\u00e1c d\u1ec5 ch\u1ecbu cho l\u00e0n da. V\u1edbi b\u1ea3ng m\u00e0u \u0111a d\u1ea1ng g\u1ed3m\u00a0<strong class=\"Yjhzub\" data-sfc-root=\"c\" data-sfc-cb=\"\" data-complete=\"true\" data-processed=\"true\">Tr\u1eafng, Beige v\u00e0 Navy<\/strong>, b\u1ea1n c\u00f3 th\u1ec3 d\u1ec5 d\u00e0ng l\u1ef1a ch\u1ecdn s\u1eafc m\u00e0u ph\u00f9 h\u1ee3p nh\u1ea5t v\u1edbi phong c\u00e1ch c\u00e1 nh\u00e2n c\u1ee7a m\u00ecnh.<\/div>\n<div data-sfc-cp=\"\" data-sfc-root=\"c\" data-sfc-cb=\"\" data-hveid=\"CAEIDBAA\" data-complete=\"true\" data-processed=\"true\" aria-owns=\"action-menu-parent-container\">\n<div class=\"AdPoic\" role=\"heading\" aria-level=\"3\" data-animation-nesting=\"\" data-sfc-cp=\"\" data-sfc-root=\"c\" data-sfc-cb=\"\" data-complete=\"true\" data-processed=\"true\" data-sae=\"\">G\u1ee3i \u00fd ph\u1ed1i \u0111\u1ed3 (Mix &amp; Match) c\u1ef1c chu\u1ea9n<button class=\"rBl3me\" tabindex=\"0\" data-amic=\"true\" data-icl-uuid=\"025452af-1d5a-4852-9eae-228a886cf924\" aria-label=\"Xem c\u00e1c \u0111\u01b0\u1eddng li\u00ean k\u1ebft c\u00f3 li\u00ean quan\" data-wiz-attrbind=\"disabled=q0t8Be_2l\/C5gNJc;aria-label=q0t8Be_2l\/bOjMyf;class=q0t8Be_2l\/UpSNec\" data-ved=\"2ahUKEwjd8_i5uvCTAxXF1zgGHWpbFyAQye0OegYIAQgOEAA\" data-hveid=\"CAEIDhAA\"><\/button><\/div>\n<div class=\"Y3BBE\" data-sfc-cp=\"\" data-sfc-root=\"c\" data-sfc-cb=\"\" data-hveid=\"CAEIDxAA\" data-complete=\"true\" data-processed=\"true\">Chi\u1ebfc\u00a0<strong class=\"Yjhzub\" data-sfc-root=\"c\" data-sfc-cb=\"\" data-complete=\"true\" data-processed=\"true\">\u00e1o len c\u1ed5 b\u1ebb<\/strong>\u00a0n\u00e0y c\u1ef1c k\u1ef3 &#8220;d\u1ec5 t\u00ednh&#8221; khi k\u1ebft h\u1ee3p c\u00f9ng c\u00e1c trang ph\u1ee5c kh\u00e1c:<button class=\"rBl3me\" tabindex=\"0\" data-amic=\"true\" data-icl-uuid=\"e3d7a855-5b12-4dd3-8a1d-6ebbc513426f\" aria-label=\"Xem c\u00e1c \u0111\u01b0\u1eddng li\u00ean k\u1ebft c\u00f3 li\u00ean quan\" data-wiz-attrbind=\"disabled=q0t8Be_2q\/C5gNJc;aria-label=q0t8Be_2q\/bOjMyf;class=q0t8Be_2q\/UpSNec\" data-ved=\"2ahUKEwjd8_i5uvCTAxXF1zgGHWpbFyAQye0OegYIAQgPEAE\" data-hveid=\"CAEIDxAB\"><\/button><\/div>\n<ul class=\"KsbFXc U6u95\" data-sfc-root=\"c\" data-sfc-cb=\"\" data-complete=\"true\" data-processed=\"true\">\n<li class=\"dF3vjf\" data-sfc-root=\"c\" data-sfc-cb=\"\" data-hveid=\"CAEIEBAA\" data-complete=\"true\" data-sae=\"\"><span class=\"T286Pc\" data-sfc-cp=\"\" data-sfc-root=\"c\" data-sfc-cb=\"\" data-complete=\"true\"><strong class=\"Yjhzub\" data-sfc-root=\"c\" data-sfc-cb=\"\" data-complete=\"true\">Phong c\u00e1ch thanh l\u1ecbch:<\/strong>\u00a0Ph\u1ed1i c\u00f9ng ch\u00e2n v\u00e1y b\u00fat ch\u00ec ho\u1eb7c qu\u1ea7n t\u00e2y \u1ed1ng su\u00f4ng \u0111\u1ec3 \u0111i l\u00e0m.<\/span><\/li>\n<li class=\"dF3vjf\" data-sfc-root=\"c\" data-sfc-cb=\"\" data-hveid=\"CAEIEBAB\" data-complete=\"true\" data-sae=\"\"><span class=\"T286Pc\" data-sfc-cp=\"\" data-sfc-root=\"c\" data-sfc-cb=\"\" data-complete=\"true\"><strong class=\"Yjhzub\" data-sfc-root=\"c\" data-sfc-cb=\"\" data-complete=\"true\">Phong c\u00e1ch n\u0103ng \u0111\u1ed9ng:<\/strong>\u00a0K\u1ebft h\u1ee3p c\u00f9ng qu\u1ea7n jean v\u00e0 gi\u00e0y sneaker cho nh\u1eefng bu\u1ed5i c\u00e0 ph\u00ea c\u00f9ng b\u1ea1n b\u00e8.<\/span><\/li>\n<li class=\"dF3vjf\" data-sfc-root=\"c\" data-sfc-cb=\"\" data-hveid=\"CAEIEBAC\" data-complete=\"true\" data-sae=\"\"><span class=\"T286Pc\" data-sfc-cp=\"\" data-sfc-root=\"c\" data-sfc-cb=\"\" data-complete=\"true\"><strong class=\"Yjhzub\" data-sfc-root=\"c\" data-sfc-cb=\"\" data-complete=\"true\">Phong c\u00e1ch nh\u1eb9 nh\u00e0ng:<\/strong>\u00a0Mix c\u00f9ng ch\u00e2n v\u00e1y x\u1ebfp ly d\u00e0i \u0111\u1ec3 t\u1ea1o n\u00ean v\u1ebb ngo\u00e0i ng\u1ecdt ng\u00e0o, n\u1eef t\u00ednh.<\/span><button class=\"rBl3me\" tabindex=\"0\" data-amic=\"true\" data-icl-uuid=\"a28a8e2c-e4ed-4dec-9c13-e0934dd81dea\" aria-label=\"Xem c\u00e1c \u0111\u01b0\u1eddng li\u00ean k\u1ebft c\u00f3 li\u00ean quan\" data-wiz-attrbind=\"disabled=q0t8Be_33\/C5gNJc;aria-label=q0t8Be_33\/bOjMyf;class=q0t8Be_33\/UpSNec\" data-ved=\"2ahUKEwjd8_i5uvCTAxXF1zgGHWpbFyAQye0OegYIAQgQEAM\" data-hveid=\"CAEIEBAD\"><\/button><\/li>\n<\/ul>\n<div class=\"Fsg96\" data-sfc-cp=\"\" data-sfc-root=\"c\" data-sfc-cb=\"\" data-complete=\"true\" data-processed=\"true\"><\/div>\n<div data-subtree=\"aimba\" data-sfc-cp=\"\" data-sfc-root=\"c\" data-sfc-cb=\"\" data-complete=\"true\" data-processed=\"true\">\n<div class=\"Jd31eb\" data-sfc-root=\"c\" data-sfc-cb=\"\" data-complete=\"true\" data-processed=\"true\">\n<div class=\"cycAue\" data-ved=\"2ahUKEwjd8_i5uvCTAxXF1zgGHWpbFyAQ3OMSegYIAQgREAA\" data-hveid=\"CAEIERAA\" data-processed=\"true\"><\/div>\n<\/div>\n<\/div>\n<div class=\"Fsg96\" data-sfc-cp=\"\" data-sfc-root=\"c\" data-sfc-cb=\"\" data-complete=\"true\" data-processed=\"true\"><\/div>\n<div class=\"AdPoic\" role=\"heading\" aria-level=\"3\" data-animation-nesting=\"\" data-sfc-cp=\"\" data-sfc-root=\"c\" data-sfc-cb=\"\" data-complete=\"true\" data-processed=\"true\" data-sae=\"\">H\u01b0\u1edbng d\u1eabn b\u1ea3o qu\u1ea3n \u00e1o len lu\u00f4n b\u1ec1n \u0111\u1eb9p<button class=\"rBl3me\" tabindex=\"0\" data-amic=\"true\" data-icl-uuid=\"53294594-1662-43aa-ab57-a507c7585a63\" aria-label=\"Xem c\u00e1c \u0111\u01b0\u1eddng li\u00ean k\u1ebft c\u00f3 li\u00ean quan\" data-wiz-attrbind=\"disabled=q0t8Be_3b\/C5gNJc;aria-label=q0t8Be_3b\/bOjMyf;class=q0t8Be_3b\/UpSNec\" data-ved=\"2ahUKEwjd8_i5uvCTAxXF1zgGHWpbFyAQye0OegYIAQgSEAA\" data-hveid=\"CAEIEhAA\"><\/button><\/div>\n<div class=\"Y3BBE\" data-sfc-cp=\"\" data-sfc-root=\"c\" data-sfc-cb=\"\" data-hveid=\"CAEIExAA\" data-complete=\"true\" data-processed=\"true\">\u0110\u1ec3 gi\u1eef cho ch\u1ea5t li\u1ec7u\u00a0<strong class=\"Yjhzub\" data-sfc-root=\"c\" data-sfc-cb=\"\" data-complete=\"true\" data-processed=\"true\">len d\u1ec7t kim<\/strong>\u00a0lu\u00f4n b\u1ec1n m\u00e0u v\u00e0 kh\u00f4ng b\u1ecb bi\u1ebfn d\u1ea1ng, b\u1ea1n n\u00ean:<button class=\"rBl3me\" tabindex=\"0\" data-amic=\"true\" data-icl-uuid=\"2f866fb3-a5be-4be6-8890-91e36b70b0af\" aria-label=\"Xem c\u00e1c \u0111\u01b0\u1eddng li\u00ean k\u1ebft c\u00f3 li\u00ean quan\" data-wiz-attrbind=\"disabled=q0t8Be_3g\/C5gNJc;aria-label=q0t8Be_3g\/bOjMyf;class=q0t8Be_3g\/UpSNec\" data-ved=\"2ahUKEwjd8_i5uvCTAxXF1zgGHWpbFyAQye0OegYIAQgTEAE\" data-hveid=\"CAEIExAB\"><\/button><\/div>\n<ol class=\"IaGLZe VimKh\" data-sfc-root=\"c\" data-sfc-cb=\"\" data-complete=\"true\" data-processed=\"true\">\n<li class=\"dF3vjf\" data-sfc-root=\"c\" data-sfc-cb=\"\" data-hveid=\"CAEIFBAA\" data-complete=\"true\" data-sae=\"\"><span class=\"T286Pc\" data-sfc-cp=\"\" data-sfc-root=\"c\" data-sfc-cb=\"\" data-complete=\"true\"><strong class=\"Yjhzub\" data-sfc-root=\"c\" data-sfc-cb=\"\" data-complete=\"true\">Gi\u1eb7t tay nh\u1eb9 nh\u00e0ng:<\/strong>\u00a0H\u1ea1n ch\u1ebf gi\u1eb7t m\u00e1y \u0111\u1ec3 b\u1ea3o v\u1ec7 c\u00e1c s\u1ee3i len.<\/span><\/li>\n<li class=\"dF3vjf\" data-sfc-root=\"c\" data-sfc-cb=\"\" data-hveid=\"CAEIFBAB\" data-complete=\"true\" data-sae=\"\"><span class=\"T286Pc\" data-sfc-cp=\"\" data-sfc-root=\"c\" data-sfc-cb=\"\" data-complete=\"true\"><strong class=\"Yjhzub\" data-sfc-root=\"c\" data-sfc-cb=\"\" data-complete=\"true\">S\u1eed d\u1ee5ng t\u00fai gi\u1eb7t:<\/strong>\u00a0N\u1ebfu ph\u1ea3i gi\u1eb7t m\u00e1y, h\u00e3y l\u1ed9n tr\u00e1i \u00e1o v\u00e0 b\u1ecf v\u00e0o t\u00fai gi\u1eb7t ri\u00eang.<\/span><\/li>\n<li class=\"dF3vjf\" data-sfc-root=\"c\" data-sfc-cb=\"\" data-hveid=\"CAEIFBAC\" data-complete=\"true\" data-sae=\"\"><span class=\"T286Pc\" data-sfc-cp=\"\" data-sfc-root=\"c\" data-sfc-cb=\"\" data-complete=\"true\" aria-owns=\"action-menu-parent-container\"><strong class=\"Yjhzub\" data-sfc-root=\"c\" data-sfc-cb=\"\" data-complete=\"true\">Ph\u01a1i ngang \u00e1o:<\/strong>\u00a0Kh\u00f4ng n\u00ean d\u00f9ng m\u00f3c treo tr\u1ef1c ti\u1ebfp khi \u00e1o c\u00f2n \u01b0\u1edbt v\u00ec s\u1ebd l\u00e0m \u00e1o b\u1ecb ch\u1ea3y x\u1ec7.<\/span><\/li>\n<\/ol>\n<\/div>\n<p><strong>PRODUCT DETAILS:\u00a0<\/strong>\u00c1o len d\u1ec7t kim, ch\u1ea5t co gi\u00e3n nh\u1eb9, n\u00ean m\u1eb7c c\u00f9ng bra t\u1ec7p m\u00e0u. C\u1ed5 \u00e1o, t\u00fai \u00e1o v\u00e0 tay \u00e1o c\u00f3 s\u1ecdc ngang vi\u1ec1n kh\u00e1c nhau<\/p>\n<p><strong>TH\u00d4NG S\u1ed0 S\u1ea2N PH\u1ea8M<\/strong><\/p>\n<p><strong>Ch\u1ea5t li\u1ec7u:<\/strong>\u00a0Len d\u1ec7t kim<\/p>\n<p><strong>M\u00e0u s\u1eafc:\u00a0<\/strong>Tr\u1eafng\/Beige\/Navy<\/p>\n<p><strong>Size:<\/strong>\u00a0Size S: Ng\u1ef1c 82-84, Eo 66-68, M\u00f4ng 88-90<\/p>\n<p>Size M: Ng\u1ef1c 86-88, Eo 70-72, M\u00f4ng 90-92<\/p>\n<p>Size L:\u00a0Ng\u1ef1c 90-92, Eo 74-76, M\u00f4ng 94-96<\/p>\n<p><strong>KH\u00c1CH H\u00c0NG L\u01afU \u00dd:<\/strong><\/p>\n<p>&#8211; B\u1ea3ng size chart ch\u1ec9 mang t\u00ednh ch\u1ea5t tham kh\u1ea3o, t\u00f9y thu\u1ed9c v\u00e0o s\u1ed1 \u0111o c\u01a1 th\u1ec3 v\u00e0 ch\u1ea5t li\u1ec7u v\u1ea3i kh\u00e1c nhau s\u1ebd c\u00f3 s\u1ef1 ch\u00eanh l\u1ec7ch nh\u1ea5t \u0111\u1ecbnh.<\/p>\n<p>&#8211; M\u00e0u s\u1eafc v\u1ea3i c\u1ee7a s\u1ea3n ph\u1ea9m c\u00f3 th\u1ec3 s\u1ebd ch\u00eanh l\u1ec7ch th\u1ef1c t\u1ebf m\u1ed9t ph\u1ea7n nh\u1ecf, do \u1ea3nh h\u01b0\u1edfng v\u1ec1 \u0111\u1ed9 l\u1ec7ch m\u00e0u c\u1ee7a \u00e1nh s\u00e1ng nh\u01b0ng v\u1eabn \u0111\u1ea3m b\u1ea3o ch\u1ea5t l\u01b0\u1ee3ng.<\/p>\n<p>*** Vui l\u00f2ng inbox LUNA CLOSET \u0111\u1ec3 \u0111\u01b0\u1ee3c t\u01b0 v\u1ea5n ch\u00ednh x\u00e1c h\u01a1n.<\/p>\n","protected":false},"excerpt":{"rendered":"<p>T\u1ea1i sao \u00c1o Len C\u1ed5 B\u1ebb 3 S\u1ecdc Luna Closet l\u00e0 m\u00f3n \u0111\u1ed3 kh\u00f4ng th\u1ec3 thi\u1ebfu? Thi\u1ebft k\u1ebf thanh l\u1ecbch v\u00e0 hi\u1ec7n \u0111\u1ea1iM\u1eabu\u00a0\u00e1o len c\u1ed5 b\u1ebb 3 s\u1ecdc\u00a0mang phong c\u00e1ch v\u1eeba c\u1ed5 \u0111i\u1ec3n v\u1eeba tr\u1ebb trung, ph\u00f9 h\u1ee3p cho nhi\u1ec1u ho\u00e0n c\u1ea3nh t\u1eeb \u0111i l\u00e0m c\u00f4ng s\u1edf \u0111\u1ebfn d\u1ea1o ph\u1ed1. \u0110i\u1ec3m nh\u1ea5n c\u1ee7a s\u1ea3n ph\u1ea9m [&#8230;]\n","protected":false},"featured_media":72,"comment_status":"open","ping_status":"closed","template":"","meta":[],"product_brand":[],"product_cat":[39,17,41,42,43,40,30,32,29,34,36,33],"product_tag":[],"class_list":{"0":"post-70","1":"product","2":"type-product","3":"status-publish","4":"has-post-thumbnail","6":"product_cat-a-day-with-labby","7":"product_cat-ao","8":"product_cat-ao-kieu","9":"product_cat-ao-so-mi","10":"product_cat-ao-thun","11":"product_cat-breath-of-summer","12":"product_cat-coastal-muse","13":"product_cat-dream-closet","14":"product_cat-in-her-stillness","15":"product_cat-luminious-spring","16":"product_cat-parisian-collection","17":"product_cat-rose-allure","19":"first","20":"instock","21":"sale","22":"shipping-taxable","23":"purchasable","24":"product-type-variable"},"yoast_head":"<!-- This site is optimized with the Yoast SEO plugin v27.2 - https:\/\/yoast.com\/product\/yoast-seo-wordpress\/ -->\n<title>\u00c1O LEN C\u1ed4 B\u1eba 3 S\u1eccC LUNA CLOSET - lunacloset<\/title>\n<meta name=\"description\" content=\"Mua ngay \u00e1o len c\u1ed5 b\u1ebb 3 s\u1ecdc t\u1eeb Luna Closet. Ch\u1ea5t li\u1ec7u len d\u1ec7t kim cao c\u1ea5p, co gi\u00e3n nh\u1eb9, thi\u1ebft k\u1ebf thanh l\u1ecbch v\u1edbi 3 m\u00e0u Tr\u1eafng\/Beige\/Navy c\u1ef1c xinh.\" \/>\n<meta name=\"robots\" content=\"index, follow, max-snippet:-1, max-image-preview:large, max-video-preview:-1\" \/>\n<link rel=\"canonical\" href=\"https:\/\/amazon.azdigi.shop\/index.php\/product\/ao-len-co-be-3-soc-luna-closet\/\" \/>\n<meta property=\"og:locale\" content=\"en_US\" \/>\n<meta property=\"og:type\" content=\"article\" \/>\n<meta property=\"og:title\" content=\"\u00c1O LEN C\u1ed4 B\u1eba 3 S\u1eccC LUNA CLOSET - lunacloset\" \/>\n<meta property=\"og:description\" content=\"Mua ngay \u00e1o len c\u1ed5 b\u1ebb 3 s\u1ecdc t\u1eeb Luna Closet. Ch\u1ea5t li\u1ec7u len d\u1ec7t kim cao c\u1ea5p, co gi\u00e3n nh\u1eb9, thi\u1ebft k\u1ebf thanh l\u1ecbch v\u1edbi 3 m\u00e0u Tr\u1eafng\/Beige\/Navy c\u1ef1c xinh.\" \/>\n<meta property=\"og:url\" content=\"https:\/\/amazon.azdigi.shop\/index.php\/product\/ao-len-co-be-3-soc-luna-closet\/\" \/>\n<meta property=\"og:site_name\" content=\"lunacloset\" \/>\n<meta property=\"article:modified_time\" content=\"2026-04-18T12:02:16+00:00\" \/>\n<meta property=\"og:image\" content=\"https:\/\/amazon.azdigi.shop\/wp-content\/uploads\/2026\/03\/sp4-trang-anh-2.jpg?wsr\" \/>\n\t<meta property=\"og:image:width\" content=\"1080\" \/>\n\t<meta property=\"og:image:height\" content=\"1350\" \/>\n\t<meta property=\"og:image:type\" content=\"image\/jpeg\" \/>\n<meta name=\"twitter:card\" content=\"summary_large_image\" \/>\n<meta name=\"twitter:label1\" content=\"Est. reading time\" \/>\n\t<meta name=\"twitter:data1\" content=\"3 minutes\" \/>\n<script type=\"application\/ld+json\" class=\"yoast-schema-graph\">{\"@context\":\"https:\/\/schema.org\",\"@graph\":[{\"@type\":\"WebPage\",\"@id\":\"https:\/\/amazon.azdigi.shop\/index.php\/product\/ao-len-co-be-3-soc-luna-closet\/\",\"url\":\"https:\/\/amazon.azdigi.shop\/index.php\/product\/ao-len-co-be-3-soc-luna-closet\/\",\"name\":\"\u00c1O LEN C\u1ed4 B\u1eba 3 S\u1eccC LUNA CLOSET - lunacloset\",\"isPartOf\":{\"@id\":\"https:\/\/amazon.azdigi.shop\/#website\"},\"primaryImageOfPage\":{\"@id\":\"https:\/\/amazon.azdigi.shop\/index.php\/product\/ao-len-co-be-3-soc-luna-closet\/#primaryimage\"},\"image\":{\"@id\":\"https:\/\/amazon.azdigi.shop\/index.php\/product\/ao-len-co-be-3-soc-luna-closet\/#primaryimage\"},\"thumbnailUrl\":\"https:\/\/amazon.azdigi.shop\/wp-content\/uploads\/2026\/03\/sp4-trang-anh-2.jpg?wsr\",\"datePublished\":\"2026-03-21T13:35:53+00:00\",\"dateModified\":\"2026-04-18T12:02:16+00:00\",\"description\":\"Mua ngay \u00e1o len c\u1ed5 b\u1ebb 3 s\u1ecdc t\u1eeb Luna Closet. Ch\u1ea5t li\u1ec7u len d\u1ec7t kim cao c\u1ea5p, co gi\u00e3n nh\u1eb9, thi\u1ebft k\u1ebf thanh l\u1ecbch v\u1edbi 3 m\u00e0u Tr\u1eafng\/Beige\/Navy c\u1ef1c xinh.\",\"breadcrumb\":{\"@id\":\"https:\/\/amazon.azdigi.shop\/index.php\/product\/ao-len-co-be-3-soc-luna-closet\/#breadcrumb\"},\"inLanguage\":\"en-US\",\"potentialAction\":[{\"@type\":\"ReadAction\",\"target\":[\"https:\/\/amazon.azdigi.shop\/index.php\/product\/ao-len-co-be-3-soc-luna-closet\/\"]}]},{\"@type\":\"ImageObject\",\"inLanguage\":\"en-US\",\"@id\":\"https:\/\/amazon.azdigi.shop\/index.php\/product\/ao-len-co-be-3-soc-luna-closet\/#primaryimage\",\"url\":\"https:\/\/amazon.azdigi.shop\/wp-content\/uploads\/2026\/03\/sp4-trang-anh-2.jpg?wsr\",\"contentUrl\":\"https:\/\/amazon.azdigi.shop\/wp-content\/uploads\/2026\/03\/sp4-trang-anh-2.jpg?wsr\",\"width\":1080,\"height\":1350,\"caption\":\"\u00e1o len c\u1ed5 b\u1ebb 3 s\u1ecdc d\u1ec7t kim m\u00e0u beige luna closet\"},{\"@type\":\"BreadcrumbList\",\"@id\":\"https:\/\/amazon.azdigi.shop\/index.php\/product\/ao-len-co-be-3-soc-luna-closet\/#breadcrumb\",\"itemListElement\":[{\"@type\":\"ListItem\",\"position\":1,\"name\":\"Home\",\"item\":\"https:\/\/amazon.azdigi.shop\/\"},{\"@type\":\"ListItem\",\"position\":2,\"name\":\"Shop\",\"item\":\"https:\/\/amazon.azdigi.shop\/index.php\/shop\/\"},{\"@type\":\"ListItem\",\"position\":3,\"name\":\"\u00c1O LEN C\u1ed4 B\u1eba 3 S\u1eccC LUNA CLOSET\"}]},{\"@type\":\"WebSite\",\"@id\":\"https:\/\/amazon.azdigi.shop\/#website\",\"url\":\"https:\/\/amazon.azdigi.shop\/\",\"name\":\"lunacloset\",\"description\":\"\",\"potentialAction\":[{\"@type\":\"SearchAction\",\"target\":{\"@type\":\"EntryPoint\",\"urlTemplate\":\"https:\/\/amazon.azdigi.shop\/?s={search_term_string}\"},\"query-input\":{\"@type\":\"PropertyValueSpecification\",\"valueRequired\":true,\"valueName\":\"search_term_string\"}}],\"inLanguage\":\"en-US\"}]}<\/script>\n<!-- \/ Yoast SEO plugin. -->","yoast_head_json":{"title":"\u00c1O LEN C\u1ed4 B\u1eba 3 S\u1eccC LUNA CLOSET - lunacloset","description":"Mua ngay \u00e1o len c\u1ed5 b\u1ebb 3 s\u1ecdc t\u1eeb Luna Closet. Ch\u1ea5t li\u1ec7u len d\u1ec7t kim cao c\u1ea5p, co gi\u00e3n nh\u1eb9, thi\u1ebft k\u1ebf thanh l\u1ecbch v\u1edbi 3 m\u00e0u Tr\u1eafng\/Beige\/Navy c\u1ef1c xinh.","robots":{"index":"index","follow":"follow","max-snippet":"max-snippet:-1","max-image-preview":"max-image-preview:large","max-video-preview":"max-video-preview:-1"},"canonical":"https:\/\/amazon.azdigi.shop\/index.php\/product\/ao-len-co-be-3-soc-luna-closet\/","og_locale":"en_US","og_type":"article","og_title":"\u00c1O LEN C\u1ed4 B\u1eba 3 S\u1eccC LUNA CLOSET - lunacloset","og_description":"Mua ngay \u00e1o len c\u1ed5 b\u1ebb 3 s\u1ecdc t\u1eeb Luna Closet. Ch\u1ea5t li\u1ec7u len d\u1ec7t kim cao c\u1ea5p, co gi\u00e3n nh\u1eb9, thi\u1ebft k\u1ebf thanh l\u1ecbch v\u1edbi 3 m\u00e0u Tr\u1eafng\/Beige\/Navy c\u1ef1c xinh.","og_url":"https:\/\/amazon.azdigi.shop\/index.php\/product\/ao-len-co-be-3-soc-luna-closet\/","og_site_name":"lunacloset","article_modified_time":"2026-04-18T12:02:16+00:00","og_image":[{"width":1080,"height":1350,"url":"https:\/\/amazon.azdigi.shop\/wp-content\/uploads\/2026\/03\/sp4-trang-anh-2.jpg?wsr","type":"image\/jpeg"}],"twitter_card":"summary_large_image","twitter_misc":{"Est. reading time":"3 minutes"},"schema":{"@context":"https:\/\/schema.org","@graph":[{"@type":"WebPage","@id":"https:\/\/amazon.azdigi.shop\/index.php\/product\/ao-len-co-be-3-soc-luna-closet\/","url":"https:\/\/amazon.azdigi.shop\/index.php\/product\/ao-len-co-be-3-soc-luna-closet\/","name":"\u00c1O LEN C\u1ed4 B\u1eba 3 S\u1eccC LUNA CLOSET - lunacloset","isPartOf":{"@id":"https:\/\/amazon.azdigi.shop\/#website"},"primaryImageOfPage":{"@id":"https:\/\/amazon.azdigi.shop\/index.php\/product\/ao-len-co-be-3-soc-luna-closet\/#primaryimage"},"image":{"@id":"https:\/\/amazon.azdigi.shop\/index.php\/product\/ao-len-co-be-3-soc-luna-closet\/#primaryimage"},"thumbnailUrl":"https:\/\/amazon.azdigi.shop\/wp-content\/uploads\/2026\/03\/sp4-trang-anh-2.jpg?wsr","datePublished":"2026-03-21T13:35:53+00:00","dateModified":"2026-04-18T12:02:16+00:00","description":"Mua ngay \u00e1o len c\u1ed5 b\u1ebb 3 s\u1ecdc t\u1eeb Luna Closet. Ch\u1ea5t li\u1ec7u len d\u1ec7t kim cao c\u1ea5p, co gi\u00e3n nh\u1eb9, thi\u1ebft k\u1ebf thanh l\u1ecbch v\u1edbi 3 m\u00e0u Tr\u1eafng\/Beige\/Navy c\u1ef1c xinh.","breadcrumb":{"@id":"https:\/\/amazon.azdigi.shop\/index.php\/product\/ao-len-co-be-3-soc-luna-closet\/#breadcrumb"},"inLanguage":"en-US","potentialAction":[{"@type":"ReadAction","target":["https:\/\/amazon.azdigi.shop\/index.php\/product\/ao-len-co-be-3-soc-luna-closet\/"]}]},{"@type":"ImageObject","inLanguage":"en-US","@id":"https:\/\/amazon.azdigi.shop\/index.php\/product\/ao-len-co-be-3-soc-luna-closet\/#primaryimage","url":"https:\/\/amazon.azdigi.shop\/wp-content\/uploads\/2026\/03\/sp4-trang-anh-2.jpg?wsr","contentUrl":"https:\/\/amazon.azdigi.shop\/wp-content\/uploads\/2026\/03\/sp4-trang-anh-2.jpg?wsr","width":1080,"height":1350,"caption":"\u00e1o len c\u1ed5 b\u1ebb 3 s\u1ecdc d\u1ec7t kim m\u00e0u beige luna closet"},{"@type":"BreadcrumbList","@id":"https:\/\/amazon.azdigi.shop\/index.php\/product\/ao-len-co-be-3-soc-luna-closet\/#breadcrumb","itemListElement":[{"@type":"ListItem","position":1,"name":"Home","item":"https:\/\/amazon.azdigi.shop\/"},{"@type":"ListItem","position":2,"name":"Shop","item":"https:\/\/amazon.azdigi.shop\/index.php\/shop\/"},{"@type":"ListItem","position":3,"name":"\u00c1O LEN C\u1ed4 B\u1eba 3 S\u1eccC LUNA CLOSET"}]},{"@type":"WebSite","@id":"https:\/\/amazon.azdigi.shop\/#website","url":"https:\/\/amazon.azdigi.shop\/","name":"lunacloset","description":"","potentialAction":[{"@type":"SearchAction","target":{"@type":"EntryPoint","urlTemplate":"https:\/\/amazon.azdigi.shop\/?s={search_term_string}"},"query-input":{"@type":"PropertyValueSpecification","valueRequired":true,"valueName":"search_term_string"}}],"inLanguage":"en-US"}]}},"_links":{"self":[{"href":"https:\/\/amazon.azdigi.shop\/index.php\/wp-json\/wp\/v2\/product\/70","targetHints":{"allow":["GET"]}}],"collection":[{"href":"https:\/\/amazon.azdigi.shop\/index.php\/wp-json\/wp\/v2\/product"}],"about":[{"href":"https:\/\/amazon.azdigi.shop\/index.php\/wp-json\/wp\/v2\/types\/product"}],"replies":[{"embeddable":true,"href":"https:\/\/amazon.azdigi.shop\/index.php\/wp-json\/wp\/v2\/comments?post=70"}],"wp:featuredmedia":[{"embeddable":true,"href":"https:\/\/amazon.azdigi.shop\/index.php\/wp-json\/wp\/v2\/media\/72"}],"wp:attachment":[{"href":"https:\/\/amazon.azdigi.shop\/index.php\/wp-json\/wp\/v2\/media?parent=70"}],"wp:term":[{"taxonomy":"product_brand","embeddable":true,"href":"https:\/\/amazon.azdigi.shop\/index.php\/wp-json\/wp\/v2\/product_brand?post=70"},{"taxonomy":"product_cat","embeddable":true,"href":"https:\/\/amazon.azdigi.shop\/index.php\/wp-json\/wp\/v2\/product_cat?post=70"},{"taxonomy":"product_tag","embeddable":true,"href":"https:\/\/amazon.azdigi.shop\/index.php\/wp-json\/wp\/v2\/product_tag?post=70"}],"curies":[{"name":"wp","href":"https:\/\/api.w.org\/{rel}","templated":true}]}}