{"id":66,"date":"2026-03-21T13:29:08","date_gmt":"2026-03-21T13:29:08","guid":{"rendered":"https:\/\/amazon.azdigi.shop\/?post_type=product&#038;p=66"},"modified":"2026-04-18T12:14:29","modified_gmt":"2026-04-18T12:14:29","slug":"dam-babydoll-lech-vai-dan-day-luna-closet","status":"publish","type":"product","link":"https:\/\/amazon.azdigi.shop\/index.php\/product\/dam-babydoll-lech-vai-dan-day-luna-closet\/","title":{"rendered":"\u0110\u1ea6M BABYDOLL L\u1ec6CH VAI \u0110AN D\u00c2Y LUNA CLOSET"},"content":{"rendered":"<div class=\"AdPoic\" role=\"heading\" aria-level=\"3\" data-animation-nesting=\"\" data-sfc-cp=\"\" data-sfc-root=\"c\" data-sfc-cb=\"\" data-complete=\"true\" data-processed=\"true\" data-sae=\"\">T\u1ea1i sao \u0110\u1ea7m Babydoll L\u1ec7ch Vai \u0110an D\u00e2y l\u00e0 l\u1ef1a ch\u1ecdn ho\u00e0n h\u1ea3o?<button class=\"rBl3me\" tabindex=\"0\" data-amic=\"true\" data-icl-uuid=\"3d43a0a3-0792-4d79-9d63-d4b58cfeda99\" aria-label=\"Xem c\u00e1c \u0111\u01b0\u1eddng li\u00ean k\u1ebft c\u00f3 li\u00ean quan\" data-wiz-attrbind=\"disabled=f3H4Re_1z\/C5gNJc;aria-label=f3H4Re_1z\/bOjMyf;class=f3H4Re_1z\/UpSNec\" data-ved=\"2ahUKEwjjrZvBu_CTAxVK4zgGHeaSDGgQye0OegYIAQgKEAA\" data-hveid=\"CAEIChAA\"><\/button><\/div>\n<div class=\"Y3BBE\" data-sfc-cp=\"\" data-sfc-root=\"c\" data-sfc-cb=\"\" data-hveid=\"CAEICxAA\" data-complete=\"true\" data-processed=\"true\"><strong class=\"Yjhzub\" data-sfc-root=\"c\" data-sfc-cb=\"\" data-complete=\"true\" data-processed=\"true\">Thi\u1ebft k\u1ebf l\u1ec7ch vai quy\u1ebfn r\u0169 v\u00e0 n\u1eef t\u00ednh<\/strong><br data-sfc-root=\"c\" data-sfc-pl=\"|[]\" data-sfc-cb=\"\" data-complete=\"true\" data-processed=\"true\" \/>M\u1eabu\u00a0<strong class=\"Yjhzub\" data-sfc-root=\"c\" data-sfc-cb=\"\" data-complete=\"true\" data-processed=\"true\">\u0111\u1ea7m babydoll l\u1ec7ch vai<\/strong>\u00a0t\u1eeb Luna Closet mang \u0111\u1ebfn v\u1ebb \u0111\u1eb9p ng\u1ecdt ng\u00e0o nh\u01b0 m\u1ed9t n\u00e0ng ti\u1ec3u th\u01b0 hi\u1ec7n \u0111\u1ea1i. Thi\u1ebft k\u1ebf l\u1ec7ch vai tinh t\u1ebf gi\u00fap khoe tr\u1ecdn b\u1edd vai tr\u1ea7n thon g\u1ecdn, k\u1ebft h\u1ee3p c\u00f9ng chi ti\u1ebft \u0111an d\u00e2y c\u00e1ch \u0111i\u1ec7u t\u1ea1o n\u00ean \u0111i\u1ec3m nh\u1ea5n thu h\u00fat m\u1ecdi \u00e1nh nh\u00ecn. Form d\u00e1ng \u0111\u1ea7m x\u00f2e r\u1ed9ng, x\u1ebfp t\u1ea7ng b\u00e8o nh\u00fan kh\u00f4ng ch\u1ec9 mang l\u1ea1i s\u1ef1 tho\u1ea3i m\u00e1i m\u00e0 c\u00f2n gi\u00fap che khuy\u1ebft \u0111i\u1ec3m v\u00f2ng 2 v\u00e0 v\u00f2ng 3 m\u1ed9t c\u00e1ch ho\u00e0n h\u1ea3o.<button class=\"rBl3me\" tabindex=\"0\" data-amic=\"true\" data-icl-uuid=\"6f10895d-bb71-4381-b814-233b84994bb7\" aria-label=\"Xem c\u00e1c \u0111\u01b0\u1eddng li\u00ean k\u1ebft c\u00f3 li\u00ean quan\" data-wiz-attrbind=\"disabled=f3H4Re_26\/C5gNJc;aria-label=f3H4Re_26\/bOjMyf;class=f3H4Re_26\/UpSNec\" data-ved=\"2ahUKEwjjrZvBu_CTAxVK4zgGHeaSDGgQye0OegYIAQgLEAE\" data-hveid=\"CAEICxAB\"><\/button><\/div>\n<div class=\"Y3BBE\" data-sfc-cp=\"\" data-sfc-root=\"c\" data-sfc-cb=\"\" data-hveid=\"CAEIDBAA\" data-complete=\"true\" data-processed=\"true\" aria-owns=\"action-menu-parent-container\"><strong class=\"Yjhzub\" data-sfc-root=\"c\" data-sfc-cb=\"\" data-complete=\"true\" data-processed=\"true\">Ch\u1ea5t li\u1ec7u Voan ph\u1ed1i Ren cao c\u1ea5p<\/strong><br data-sfc-root=\"c\" data-sfc-pl=\"|[]\" data-sfc-cb=\"\" data-complete=\"true\" data-processed=\"true\" \/>S\u1ea3n ph\u1ea9m l\u00e0 s\u1ef1 h\u00f2a quy\u1ec7n tuy\u1ec7t v\u1eddi gi\u1eefa ch\u1ea5t li\u1ec7u\u00a0<strong class=\"Yjhzub\" data-sfc-root=\"c\" data-sfc-cb=\"\" data-complete=\"true\" data-processed=\"true\">voan<\/strong>\u00a0m\u1ec1m m\u1ea1i, bay b\u1ed5ng v\u00e0 c\u00e1c l\u1edbp\u00a0<strong class=\"Yjhzub\" data-sfc-root=\"c\" data-sfc-cb=\"\" data-complete=\"true\" data-processed=\"true\">ren<\/strong>\u00a0t\u1ec9 m\u1ec9. Ph\u1ea7n c\u1ed5 v\u00e0 ch\u00e2n v\u00e1y \u0111\u01b0\u1ee3c \u0111\u1ec7m nhi\u1ec1u t\u1ea7ng b\u00e8o vi\u1ec1n ren c\u00e1ch \u0111i\u1ec7u, t\u1ea1o \u0111\u1ed9 ph\u1ed3ng t\u1ef1 nhi\u00ean gi\u00fap chi\u1ebfc \u0111\u1ea7m tr\u00f4ng b\u1ed3ng b\u1ec1nh nh\u01b0 m\u1ed9t \u0111\u00f3a hoa. V\u1edbi t\u00f4ng m\u00e0u h\u1ed3ng (Pink) pastel d\u1ecbu d\u00e0ng, chi\u1ebfc \u0111\u1ea7m n\u00e0y c\u1ef1c k\u1ef3 t\u00f4n da v\u00e0 ph\u00f9 h\u1ee3p cho nh\u1eefng bu\u1ed5i ti\u1ec7c tr\u00e0, d\u1ea1o ph\u1ed1 hay nh\u1eefng chuy\u1ebfn du l\u1ecbch bi\u1ec3n.<\/div>\n<div data-sfc-cp=\"\" data-sfc-root=\"c\" data-sfc-cb=\"\" data-hveid=\"CAEIDBAA\" data-complete=\"true\" data-processed=\"true\" aria-owns=\"action-menu-parent-container\">\n<div class=\"Y3BBE\" data-sfc-cp=\"\" data-sfc-root=\"c\" data-sfc-cb=\"\" data-hveid=\"CAEIDRAA\" data-complete=\"true\" data-processed=\"true\"><strong class=\"Yjhzub\" data-sfc-root=\"c\" data-sfc-cb=\"\" data-complete=\"true\" data-processed=\"true\">G\u1ee3i \u00fd ph\u1ed1i \u0111\u1ed3 (Mix &amp; Match)<\/strong><br data-sfc-root=\"c\" data-sfc-pl=\"|[]\" data-sfc-cb=\"\" data-complete=\"true\" data-processed=\"true\" \/>\u0110\u1ec3 di\u1ec7n chi\u1ebfc\u00a0<strong class=\"Yjhzub\" data-sfc-root=\"c\" data-sfc-cb=\"\" data-complete=\"true\" data-processed=\"true\">\u0111\u1ea7m babydoll l\u1ec7ch vai<\/strong>\u00a0n\u00e0y th\u1eadt xinh, b\u1ea1n c\u00f3 th\u1ec3:<button class=\"rBl3me\" tabindex=\"0\" data-amic=\"true\" data-icl-uuid=\"a78c7d9d-2d65-435f-9f0b-54143093cfb8\" aria-label=\"Xem c\u00e1c \u0111\u01b0\u1eddng li\u00ean k\u1ebft c\u00f3 li\u00ean quan\" data-wiz-attrbind=\"disabled=f3H4Re_2l\/C5gNJc;aria-label=f3H4Re_2l\/bOjMyf;class=f3H4Re_2l\/UpSNec\" data-ved=\"2ahUKEwjjrZvBu_CTAxVK4zgGHeaSDGgQye0OegYIAQgNEAE\" data-hveid=\"CAEIDRAB\"><\/button><\/div>\n<ul class=\"KsbFXc U6u95\" data-sfc-root=\"c\" data-sfc-cb=\"\" data-complete=\"true\" data-processed=\"true\">\n<li class=\"dF3vjf\" data-sfc-root=\"c\" data-sfc-cb=\"\" data-hveid=\"CAEIDhAA\" data-complete=\"true\" data-sae=\"\"><span class=\"T286Pc\" data-sfc-cp=\"\" data-sfc-root=\"c\" data-sfc-cb=\"\" data-complete=\"true\">K\u1ebft h\u1ee3p c\u00f9ng m\u1ed9t \u0111\u00f4i gi\u00e0y b\u00fap b\u00ea ho\u1eb7c sandal quai m\u1ea3nh \u0111\u1ec3 t\u0103ng th\u00eam n\u00e9t d\u1ecbu d\u00e0ng.<\/span><\/li>\n<li class=\"dF3vjf\" data-sfc-root=\"c\" data-sfc-cb=\"\" data-hveid=\"CAEIDhAB\" data-complete=\"true\" data-sae=\"\"><span class=\"T286Pc\" data-sfc-cp=\"\" data-sfc-root=\"c\" data-sfc-cb=\"\" data-complete=\"true\">Th\u00eam m\u1ed9t chi\u1ebfc t\u00fai x\u00e1ch \u0111an m\u00e2y v\u00e0 m\u0169 r\u1ed9ng v\u00e0nh cho outfit \u0111i bi\u1ec3n ho\u00e0n h\u1ea3o.<\/span><\/li>\n<li class=\"dF3vjf\" data-sfc-root=\"c\" data-sfc-cb=\"\" data-hveid=\"CAEIDhAC\" data-complete=\"true\" data-sae=\"\"><span class=\"T286Pc\" data-sfc-cp=\"\" data-sfc-root=\"c\" data-sfc-cb=\"\" data-complete=\"true\" aria-owns=\"action-menu-parent-container\">Ph\u1ed1i c\u00f9ng trang s\u1ee9c t\u1ed1i gi\u1ea3n nh\u01b0 d\u00e2y chuy\u1ec1n m\u1ea3nh \u0111\u1ec3 l\u00e0m n\u1ed5i b\u1eadt ph\u1ea7n c\u1ed5 v\u00e0 vai tr\u1ec5.<\/span><\/li>\n<\/ul>\n<\/div>\n<p><strong><span dir=\"auto\" style=\"vertical-align: inherit;\"><span dir=\"auto\" style=\"vertical-align: inherit;\">CHI TI\u1ebeT S\u1ea2N PH\u1ea8M:\u00a0<\/span><\/span><\/strong><span dir=\"auto\" style=\"vertical-align: inherit;\"><span dir=\"auto\" style=\"vertical-align: inherit;\"> Form \u0111\u1ea7m \u0111\u1ea7m b\u00e9 b\u00fap b\u00ea, g\u1ee3n vai, g\u1ed3m nhi\u1ec1u t\u1ea7ng, ph\u1ea7n c\u1ed5 v\u00e0 \u0111\u1ec7m c\u00e1ch \u0111i\u1ec7u c\u00e1c l\u1edbp t\u1ea7ng b\u00e8o vi\u1ec1n ren. C\u00f3 l\u1edbp m\u1ea1 \u1edf h\u1ed3ng t\u1ea1o h\u00ecnh th\u1ee9c b\u00ed hot trend<\/span><\/span><\/p>\n<p><strong><span dir=\"auto\" style=\"vertical-align: inherit;\"><span dir=\"auto\" style=\"vertical-align: inherit;\">TH\u00d4NG S\u1ed0 S\u1ea2N PH\u1ea8M<\/span><\/span><\/strong><\/p>\n<p><strong><span dir=\"auto\" style=\"vertical-align: inherit;\"><span dir=\"auto\" style=\"vertical-align: inherit;\">Ch\u1ea5t li\u1ec7u:<\/span><\/span><\/strong><span dir=\"auto\" style=\"vertical-align: inherit;\"><span dir=\"auto\" style=\"vertical-align: inherit;\"> \u00a0Voan v\u00e0 ren<\/span><\/span><\/p>\n<p><strong><span dir=\"auto\" style=\"vertical-align: inherit;\"><span dir=\"auto\" style=\"vertical-align: inherit;\">M\u00e0u s\u1eafc:\u00a0<\/span><\/span><\/strong><span dir=\"auto\" style=\"vertical-align: inherit;\"><span dir=\"auto\" style=\"vertical-align: inherit;\"> H\u1ed3ng<\/span><\/span><\/p>\n<p><strong><span dir=\"auto\" style=\"vertical-align: inherit;\"><span dir=\"auto\" style=\"vertical-align: inherit;\">Size:<\/span><\/span><\/strong><span dir=\"auto\" style=\"vertical-align: inherit;\"><span dir=\"auto\" style=\"vertical-align: inherit;\"> \u00a0Size S: Ng\u1ef1c 82-84, Eo 66-68, M\u00f4ng 88-90<\/span><\/span><\/p>\n<p><span dir=\"auto\" style=\"vertical-align: inherit;\"><span dir=\"auto\" style=\"vertical-align: inherit;\">\u00a0 \u00a0 \u00a0 \u00a0 \u00a0Size M: Ng\u1ef1c 86-88, Eo 70-72, M\u00f4ng 90-92<\/span><\/span><\/p>\n<p><span dir=\"auto\" style=\"vertical-align: inherit;\"><span dir=\"auto\" style=\"vertical-align: inherit;\">\u00a0 \u00a0 \u00a0 \u00a0 \u00a0Size L: Ng\u1ef1c 90-92, Eo 74-76, M\u00f4ng 94-96<\/span><\/span><\/p>\n<p><strong><span dir=\"auto\" style=\"vertical-align: inherit;\"><span dir=\"auto\" style=\"vertical-align: inherit;\">Kh\u00e1ch h\u00e0ng h\u00e0ng l\u01b0u \u00fd:<\/span><\/span><\/strong><\/p>\n<p><span dir=\"auto\" style=\"vertical-align: inherit;\"><span dir=\"auto\" style=\"vertical-align: inherit;\">&#8211; B\u1ea3ng k\u00edch th\u01b0\u1edbc bi\u1ec3u \u0111\u1ed3 ch\u1ec9 mang t\u00ednh ch\u1ea5t tham kh\u1ea3o, t\u00f9y thu\u1ed9c v\u00e0o s\u1ed1 \u0111o c\u01a1 b\u1ea3n v\u00e0 ch\u1ea5t li\u1ec7u v\u1ea3i kh\u00e1c nhau s\u1ebd c\u00f3 \u0111\u1ed9 ch\u00eanh l\u1ec7ch nh\u1ea5t \u0111\u1ecbnh.<\/span><\/span><\/p>\n<p><span dir=\"auto\" style=\"vertical-align: inherit;\"><span dir=\"auto\" style=\"vertical-align: inherit;\">&#8211; M\u00e0u v\u1ea3i c\u1ee7a s\u1ea3n ph\u1ea9m c\u00f3 th\u1ec3 s\u1ebd b\u1ecb ch\u00eanh l\u1ec7ch th\u1ef1c t\u1ebf m\u1ed9t ph\u1ea7n nh\u1ecf, l\u00e0m \u1ea3nh h\u01b0\u1edfng \u0111\u1ebfn \u0111\u1ed9 l\u1ec7ch m\u00e0u c\u1ee7a \u0111\u1ed9 s\u00e1ng nh\u01b0ng v\u1eabn \u0111\u1ea3m b\u1ea3o ch\u1ea5t l\u01b0\u1ee3ng.\u00a0<\/span><\/span><\/p>\n<p><span dir=\"auto\" style=\"vertical-align: inherit;\"><span dir=\"auto\" style=\"vertical-align: inherit;\">*** Vui l\u00f2ng inbox LUNA CLOSET \u0111\u1ec3 \u0111\u01b0\u1ee3c t\u01b0 v\u1ea5n ch\u00ednh x\u00e1c h\u01a1n.<\/span><\/span><\/p>\n","protected":false},"excerpt":{"rendered":"<p>T\u1ea1i sao \u0110\u1ea7m Babydoll L\u1ec7ch Vai \u0110an D\u00e2y l\u00e0 l\u1ef1a ch\u1ecdn ho\u00e0n h\u1ea3o? Thi\u1ebft k\u1ebf l\u1ec7ch vai quy\u1ebfn r\u0169 v\u00e0 n\u1eef t\u00ednhM\u1eabu\u00a0\u0111\u1ea7m babydoll l\u1ec7ch vai\u00a0t\u1eeb Luna Closet mang \u0111\u1ebfn v\u1ebb \u0111\u1eb9p ng\u1ecdt ng\u00e0o nh\u01b0 m\u1ed9t n\u00e0ng ti\u1ec3u th\u01b0 hi\u1ec7n \u0111\u1ea1i. Thi\u1ebft k\u1ebf l\u1ec7ch vai tinh t\u1ebf gi\u00fap khoe tr\u1ecdn b\u1edd vai tr\u1ea7n thon g\u1ecdn, k\u1ebft [&#8230;]\n","protected":false},"featured_media":69,"comment_status":"open","ping_status":"closed","template":"","meta":[],"product_brand":[],"product_cat":[39,27,30,20,53,46,52,32,29,36,33,21,55,54],"product_tag":[],"class_list":{"0":"post-66","1":"product","2":"type-product","3":"status-publish","4":"has-post-thumbnail","6":"product_cat-a-day-with-labby","7":"product_cat-cherish","8":"product_cat-coastal-muse","9":"product_cat-dam","10":"product_cat-dam-du-tiec","11":"product_cat-dam-midi","12":"product_cat-dam-ngan-dam","13":"product_cat-dream-closet","14":"product_cat-in-her-stillness","15":"product_cat-parisian-collection","16":"product_cat-rose-allure","17":"product_cat-vay","18":"product_cat-vay-midi","19":"product_cat-vay-ngan","21":"first","22":"instock","23":"sale","24":"shipping-taxable","25":"purchasable","26":"product-type-variable"},"yoast_head":"<!-- This site is optimized with the Yoast SEO plugin v27.2 - https:\/\/yoast.com\/product\/yoast-seo-wordpress\/ -->\n<title>\u0110\u1ea6M BABYDOLL L\u1ec6CH VAI \u0110AN D\u00c2Y LUNA CLOSET - lunacloset<\/title>\n<meta name=\"description\" content=\"Mua ngay \u0111\u1ea7m babydoll l\u1ec7ch vai \u0111an d\u00e2y c\u1ef1c xinh t\u1eeb Luna Closet. Ch\u1ea5t li\u1ec7u voan ph\u1ed1i ren t\u1ea7ng b\u1ed3ng b\u1ec1nh, m\u00e0u h\u1ed3ng ng\u1ecdt ng\u00e0o, \u0111\u1ee7 size S M L cho n\u00e0ng.\" \/>\n<meta name=\"robots\" content=\"index, follow, max-snippet:-1, max-image-preview:large, max-video-preview:-1\" \/>\n<link rel=\"canonical\" href=\"https:\/\/amazon.azdigi.shop\/index.php\/product\/dam-babydoll-lech-vai-dan-day-luna-closet\/\" \/>\n<meta property=\"og:locale\" content=\"en_US\" \/>\n<meta property=\"og:type\" content=\"article\" \/>\n<meta property=\"og:title\" content=\"\u0110\u1ea6M BABYDOLL L\u1ec6CH VAI \u0110AN D\u00c2Y LUNA CLOSET - lunacloset\" \/>\n<meta property=\"og:description\" content=\"Mua ngay \u0111\u1ea7m babydoll l\u1ec7ch vai \u0111an d\u00e2y c\u1ef1c xinh t\u1eeb Luna Closet. Ch\u1ea5t li\u1ec7u voan ph\u1ed1i ren t\u1ea7ng b\u1ed3ng b\u1ec1nh, m\u00e0u h\u1ed3ng ng\u1ecdt ng\u00e0o, \u0111\u1ee7 size S M L cho n\u00e0ng.\" \/>\n<meta property=\"og:url\" content=\"https:\/\/amazon.azdigi.shop\/index.php\/product\/dam-babydoll-lech-vai-dan-day-luna-closet\/\" \/>\n<meta property=\"og:site_name\" content=\"lunacloset\" \/>\n<meta property=\"article:modified_time\" content=\"2026-04-18T12:14:29+00:00\" \/>\n<meta property=\"og:image\" content=\"https:\/\/amazon.azdigi.shop\/wp-content\/uploads\/2026\/03\/sp3-anh-mau-3.jpg?wsr\" \/>\n\t<meta property=\"og:image:width\" content=\"1080\" \/>\n\t<meta property=\"og:image:height\" content=\"1350\" \/>\n\t<meta property=\"og:image:type\" content=\"image\/jpeg\" \/>\n<meta name=\"twitter:card\" content=\"summary_large_image\" \/>\n<meta name=\"twitter:label1\" content=\"Est. reading time\" \/>\n\t<meta name=\"twitter:data1\" content=\"3 minutes\" \/>\n<script type=\"application\/ld+json\" class=\"yoast-schema-graph\">{\"@context\":\"https:\/\/schema.org\",\"@graph\":[{\"@type\":\"WebPage\",\"@id\":\"https:\/\/amazon.azdigi.shop\/index.php\/product\/dam-babydoll-lech-vai-dan-day-luna-closet\/\",\"url\":\"https:\/\/amazon.azdigi.shop\/index.php\/product\/dam-babydoll-lech-vai-dan-day-luna-closet\/\",\"name\":\"\u0110\u1ea6M BABYDOLL L\u1ec6CH VAI \u0110AN D\u00c2Y LUNA CLOSET - lunacloset\",\"isPartOf\":{\"@id\":\"https:\/\/amazon.azdigi.shop\/#website\"},\"primaryImageOfPage\":{\"@id\":\"https:\/\/amazon.azdigi.shop\/index.php\/product\/dam-babydoll-lech-vai-dan-day-luna-closet\/#primaryimage\"},\"image\":{\"@id\":\"https:\/\/amazon.azdigi.shop\/index.php\/product\/dam-babydoll-lech-vai-dan-day-luna-closet\/#primaryimage\"},\"thumbnailUrl\":\"https:\/\/amazon.azdigi.shop\/wp-content\/uploads\/2026\/03\/sp3-anh-mau-3.jpg?wsr\",\"datePublished\":\"2026-03-21T13:29:08+00:00\",\"dateModified\":\"2026-04-18T12:14:29+00:00\",\"description\":\"Mua ngay \u0111\u1ea7m babydoll l\u1ec7ch vai \u0111an d\u00e2y c\u1ef1c xinh t\u1eeb Luna Closet. Ch\u1ea5t li\u1ec7u voan ph\u1ed1i ren t\u1ea7ng b\u1ed3ng b\u1ec1nh, m\u00e0u h\u1ed3ng ng\u1ecdt ng\u00e0o, \u0111\u1ee7 size S M L cho n\u00e0ng.\",\"breadcrumb\":{\"@id\":\"https:\/\/amazon.azdigi.shop\/index.php\/product\/dam-babydoll-lech-vai-dan-day-luna-closet\/#breadcrumb\"},\"inLanguage\":\"en-US\",\"potentialAction\":[{\"@type\":\"ReadAction\",\"target\":[\"https:\/\/amazon.azdigi.shop\/index.php\/product\/dam-babydoll-lech-vai-dan-day-luna-closet\/\"]}]},{\"@type\":\"ImageObject\",\"inLanguage\":\"en-US\",\"@id\":\"https:\/\/amazon.azdigi.shop\/index.php\/product\/dam-babydoll-lech-vai-dan-day-luna-closet\/#primaryimage\",\"url\":\"https:\/\/amazon.azdigi.shop\/wp-content\/uploads\/2026\/03\/sp3-anh-mau-3.jpg?wsr\",\"contentUrl\":\"https:\/\/amazon.azdigi.shop\/wp-content\/uploads\/2026\/03\/sp3-anh-mau-3.jpg?wsr\",\"width\":1080,\"height\":1350,\"caption\":\"\u0111\u1ea7m babydoll l\u1ec7ch vai \u0111an d\u00e2y m\u00e0u h\u1ed3ng ph\u1ed1i ren luna closet\"},{\"@type\":\"BreadcrumbList\",\"@id\":\"https:\/\/amazon.azdigi.shop\/index.php\/product\/dam-babydoll-lech-vai-dan-day-luna-closet\/#breadcrumb\",\"itemListElement\":[{\"@type\":\"ListItem\",\"position\":1,\"name\":\"Home\",\"item\":\"https:\/\/amazon.azdigi.shop\/\"},{\"@type\":\"ListItem\",\"position\":2,\"name\":\"Shop\",\"item\":\"https:\/\/amazon.azdigi.shop\/index.php\/shop\/\"},{\"@type\":\"ListItem\",\"position\":3,\"name\":\"\u0110\u1ea6M BABYDOLL L\u1ec6CH VAI \u0110AN D\u00c2Y LUNA CLOSET\"}]},{\"@type\":\"WebSite\",\"@id\":\"https:\/\/amazon.azdigi.shop\/#website\",\"url\":\"https:\/\/amazon.azdigi.shop\/\",\"name\":\"lunacloset\",\"description\":\"\",\"potentialAction\":[{\"@type\":\"SearchAction\",\"target\":{\"@type\":\"EntryPoint\",\"urlTemplate\":\"https:\/\/amazon.azdigi.shop\/?s={search_term_string}\"},\"query-input\":{\"@type\":\"PropertyValueSpecification\",\"valueRequired\":true,\"valueName\":\"search_term_string\"}}],\"inLanguage\":\"en-US\"}]}<\/script>\n<!-- \/ Yoast SEO plugin. -->","yoast_head_json":{"title":"\u0110\u1ea6M BABYDOLL L\u1ec6CH VAI \u0110AN D\u00c2Y LUNA CLOSET - lunacloset","description":"Mua ngay \u0111\u1ea7m babydoll l\u1ec7ch vai \u0111an d\u00e2y c\u1ef1c xinh t\u1eeb Luna Closet. Ch\u1ea5t li\u1ec7u voan ph\u1ed1i ren t\u1ea7ng b\u1ed3ng b\u1ec1nh, m\u00e0u h\u1ed3ng ng\u1ecdt ng\u00e0o, \u0111\u1ee7 size S M L cho n\u00e0ng.","robots":{"index":"index","follow":"follow","max-snippet":"max-snippet:-1","max-image-preview":"max-image-preview:large","max-video-preview":"max-video-preview:-1"},"canonical":"https:\/\/amazon.azdigi.shop\/index.php\/product\/dam-babydoll-lech-vai-dan-day-luna-closet\/","og_locale":"en_US","og_type":"article","og_title":"\u0110\u1ea6M BABYDOLL L\u1ec6CH VAI \u0110AN D\u00c2Y LUNA CLOSET - lunacloset","og_description":"Mua ngay \u0111\u1ea7m babydoll l\u1ec7ch vai \u0111an d\u00e2y c\u1ef1c xinh t\u1eeb Luna Closet. Ch\u1ea5t li\u1ec7u voan ph\u1ed1i ren t\u1ea7ng b\u1ed3ng b\u1ec1nh, m\u00e0u h\u1ed3ng ng\u1ecdt ng\u00e0o, \u0111\u1ee7 size S M L cho n\u00e0ng.","og_url":"https:\/\/amazon.azdigi.shop\/index.php\/product\/dam-babydoll-lech-vai-dan-day-luna-closet\/","og_site_name":"lunacloset","article_modified_time":"2026-04-18T12:14:29+00:00","og_image":[{"width":1080,"height":1350,"url":"https:\/\/amazon.azdigi.shop\/wp-content\/uploads\/2026\/03\/sp3-anh-mau-3.jpg?wsr","type":"image\/jpeg"}],"twitter_card":"summary_large_image","twitter_misc":{"Est. reading time":"3 minutes"},"schema":{"@context":"https:\/\/schema.org","@graph":[{"@type":"WebPage","@id":"https:\/\/amazon.azdigi.shop\/index.php\/product\/dam-babydoll-lech-vai-dan-day-luna-closet\/","url":"https:\/\/amazon.azdigi.shop\/index.php\/product\/dam-babydoll-lech-vai-dan-day-luna-closet\/","name":"\u0110\u1ea6M BABYDOLL L\u1ec6CH VAI \u0110AN D\u00c2Y LUNA CLOSET - lunacloset","isPartOf":{"@id":"https:\/\/amazon.azdigi.shop\/#website"},"primaryImageOfPage":{"@id":"https:\/\/amazon.azdigi.shop\/index.php\/product\/dam-babydoll-lech-vai-dan-day-luna-closet\/#primaryimage"},"image":{"@id":"https:\/\/amazon.azdigi.shop\/index.php\/product\/dam-babydoll-lech-vai-dan-day-luna-closet\/#primaryimage"},"thumbnailUrl":"https:\/\/amazon.azdigi.shop\/wp-content\/uploads\/2026\/03\/sp3-anh-mau-3.jpg?wsr","datePublished":"2026-03-21T13:29:08+00:00","dateModified":"2026-04-18T12:14:29+00:00","description":"Mua ngay \u0111\u1ea7m babydoll l\u1ec7ch vai \u0111an d\u00e2y c\u1ef1c xinh t\u1eeb Luna Closet. Ch\u1ea5t li\u1ec7u voan ph\u1ed1i ren t\u1ea7ng b\u1ed3ng b\u1ec1nh, m\u00e0u h\u1ed3ng ng\u1ecdt ng\u00e0o, \u0111\u1ee7 size S M L cho n\u00e0ng.","breadcrumb":{"@id":"https:\/\/amazon.azdigi.shop\/index.php\/product\/dam-babydoll-lech-vai-dan-day-luna-closet\/#breadcrumb"},"inLanguage":"en-US","potentialAction":[{"@type":"ReadAction","target":["https:\/\/amazon.azdigi.shop\/index.php\/product\/dam-babydoll-lech-vai-dan-day-luna-closet\/"]}]},{"@type":"ImageObject","inLanguage":"en-US","@id":"https:\/\/amazon.azdigi.shop\/index.php\/product\/dam-babydoll-lech-vai-dan-day-luna-closet\/#primaryimage","url":"https:\/\/amazon.azdigi.shop\/wp-content\/uploads\/2026\/03\/sp3-anh-mau-3.jpg?wsr","contentUrl":"https:\/\/amazon.azdigi.shop\/wp-content\/uploads\/2026\/03\/sp3-anh-mau-3.jpg?wsr","width":1080,"height":1350,"caption":"\u0111\u1ea7m babydoll l\u1ec7ch vai \u0111an d\u00e2y m\u00e0u h\u1ed3ng ph\u1ed1i ren luna closet"},{"@type":"BreadcrumbList","@id":"https:\/\/amazon.azdigi.shop\/index.php\/product\/dam-babydoll-lech-vai-dan-day-luna-closet\/#breadcrumb","itemListElement":[{"@type":"ListItem","position":1,"name":"Home","item":"https:\/\/amazon.azdigi.shop\/"},{"@type":"ListItem","position":2,"name":"Shop","item":"https:\/\/amazon.azdigi.shop\/index.php\/shop\/"},{"@type":"ListItem","position":3,"name":"\u0110\u1ea6M BABYDOLL L\u1ec6CH VAI \u0110AN D\u00c2Y LUNA CLOSET"}]},{"@type":"WebSite","@id":"https:\/\/amazon.azdigi.shop\/#website","url":"https:\/\/amazon.azdigi.shop\/","name":"lunacloset","description":"","potentialAction":[{"@type":"SearchAction","target":{"@type":"EntryPoint","urlTemplate":"https:\/\/amazon.azdigi.shop\/?s={search_term_string}"},"query-input":{"@type":"PropertyValueSpecification","valueRequired":true,"valueName":"search_term_string"}}],"inLanguage":"en-US"}]}},"_links":{"self":[{"href":"https:\/\/amazon.azdigi.shop\/index.php\/wp-json\/wp\/v2\/product\/66","targetHints":{"allow":["GET"]}}],"collection":[{"href":"https:\/\/amazon.azdigi.shop\/index.php\/wp-json\/wp\/v2\/product"}],"about":[{"href":"https:\/\/amazon.azdigi.shop\/index.php\/wp-json\/wp\/v2\/types\/product"}],"replies":[{"embeddable":true,"href":"https:\/\/amazon.azdigi.shop\/index.php\/wp-json\/wp\/v2\/comments?post=66"}],"wp:featuredmedia":[{"embeddable":true,"href":"https:\/\/amazon.azdigi.shop\/index.php\/wp-json\/wp\/v2\/media\/69"}],"wp:attachment":[{"href":"https:\/\/amazon.azdigi.shop\/index.php\/wp-json\/wp\/v2\/media?parent=66"}],"wp:term":[{"taxonomy":"product_brand","embeddable":true,"href":"https:\/\/amazon.azdigi.shop\/index.php\/wp-json\/wp\/v2\/product_brand?post=66"},{"taxonomy":"product_cat","embeddable":true,"href":"https:\/\/amazon.azdigi.shop\/index.php\/wp-json\/wp\/v2\/product_cat?post=66"},{"taxonomy":"product_tag","embeddable":true,"href":"https:\/\/amazon.azdigi.shop\/index.php\/wp-json\/wp\/v2\/product_tag?post=66"}],"curies":[{"name":"wp","href":"https:\/\/api.w.org\/{rel}","templated":true}]}}