{"id":468,"date":"2026-04-14T10:01:07","date_gmt":"2026-04-14T10:01:07","guid":{"rendered":"https:\/\/amazon.azdigi.shop\/?post_type=product&#038;p=468"},"modified":"2026-04-18T06:15:41","modified_gmt":"2026-04-18T06:15:41","slug":"vay-lua-co-do-silk-satin-ivory","status":"publish","type":"product","link":"https:\/\/amazon.azdigi.shop\/index.php\/product\/vay-lua-co-do-silk-satin-ivory\/","title":{"rendered":"V\u00e1y L\u1ee5a C\u1ed5 \u0110\u1ed5 Silk Satin Ivory"},"content":{"rendered":"<h1 class=\"otQkpb\" role=\"heading\" aria-level=\"3\" data-sfc-root=\"c\" data-complete=\"true\" data-processed=\"true\">V\u00e1y L\u1ee5a C\u1ed5 \u0110\u1ed5 Sang Tr\u1ecdng: Bi\u1ec3u T\u01b0\u1ee3ng C\u1ee7a S\u1ef1 Thanh L\u1ecbch V\u00e0 Quy\u1ebfn R\u0169<\/h1>\n<div class=\"Fsg96\" data-sfc-cp=\"\" data-sfc-root=\"c\" data-sfc-cb=\"\" data-complete=\"true\" data-processed=\"true\"><\/div>\n<div class=\"AdPoic\" role=\"heading\" aria-level=\"3\" data-animation-nesting=\"\" data-sfc-cp=\"\" data-sfc-root=\"c\" data-sfc-cb=\"\" data-complete=\"true\" data-processed=\"true\" data-sae=\"\">Gi\u1edbi thi\u1ec7u<\/div>\n<div class=\"Y3BBE\" data-sfc-cp=\"\" data-sfc-root=\"c\" data-sfc-cb=\"\" data-hveid=\"CAEIAxAA\" data-complete=\"true\" data-processed=\"true\">N\u1ebfu b\u1ea1n \u0111ang t\u00ecm ki\u1ebfm m\u1ed9t thi\u1ebft k\u1ebf v\u1eeba tinh t\u1ebf, v\u1eeba t\u00f4n vinh n\u00e9t \u0111\u1eb9p ki\u00eau sa th\u00ec\u00a0<strong class=\"Yjhzub\" data-sfc-root=\"c\" data-sfc-cb=\"\" data-complete=\"true\" data-processed=\"true\">v\u00e1y l\u1ee5a c\u1ed5 \u0111\u1ed5 sang tr\u1ecdng<\/strong>\u00a0ch\u00ednh l\u00e0 c\u00e2u tr\u1ea3 l\u1eddi ho\u00e0n h\u1ea3o. V\u1edbi ch\u1ea5t li\u1ec7u l\u1ee5a satin cao c\u1ea5p c\u00f9ng \u0111\u01b0\u1eddng c\u1eaft may t\u1ec9 m\u1ec9, m\u1eabu v\u00e1y n\u00e0y \u0111ang tr\u1edf th\u00e0nh &#8220;must-have item&#8221; trong t\u1ee7 \u0111\u1ed3 c\u1ee7a nh\u1eefng qu\u00fd c\u00f4 hi\u1ec7n \u0111\u1ea1i n\u0103m 2026.<\/div>\n<div class=\"Fsg96\" data-sfc-cp=\"\" data-sfc-root=\"c\" data-sfc-cb=\"\" data-complete=\"true\" data-processed=\"true\"><\/div>\n<div class=\"AdPoic\" role=\"heading\" aria-level=\"3\" data-animation-nesting=\"\" data-sfc-cp=\"\" data-sfc-root=\"c\" data-sfc-cb=\"\" data-complete=\"true\" data-processed=\"true\" data-sae=\"\">1. Thi\u1ebft K\u1ebf C\u1ed5 \u0110\u1ed5 (Cowl Neck) \u0110\u1ea7y Ngh\u1ec7 Thu\u1eadt<\/div>\n<div class=\"Y3BBE\" data-sfc-cp=\"\" data-sfc-root=\"c\" data-sfc-cb=\"\" data-hveid=\"CAEIBBAA\" data-complete=\"true\" data-processed=\"true\" aria-owns=\"action-menu-parent-container\">\u0110i\u1ec3m nh\u1ea5n \u0111\u1eaft gi\u00e1 nh\u1ea5t c\u1ee7a chi\u1ebfc v\u00e1y ch\u00ednh l\u00e0 ph\u1ea7n c\u1ed5 \u0111\u1ed5 m\u1ec1m m\u1ea1i. Chi ti\u1ebft n\u00e0y kh\u00f4ng ch\u1ec9 t\u1ea1o hi\u1ec7u \u1ee9ng b\u1ed3ng b\u1ec1nh, che khuy\u1ebft \u0111i\u1ec3m v\u00f2ng 1 m\u00e0 c\u00f2n mang l\u1ea1i v\u1ebb ngo\u00e0i v\u00f4 c\u00f9ng l\u00e3ng m\u1ea1n. K\u1ebft h\u1ee3p c\u00f9ng d\u00e1ng v\u00e1y su\u00f4ng d\u00e0i qua g\u1ed1i,\u00a0gi\u00fap ng\u01b0\u1eddi m\u1eb7c to\u00e1t l\u00ean kh\u00ed ch\u1ea5t thanh tao kh\u00f3 c\u01b0\u1ee1ng.<\/div>\n<div data-sfc-cp=\"\" data-sfc-root=\"c\" data-sfc-cb=\"\" data-hveid=\"CAEIBBAA\" data-complete=\"true\" data-processed=\"true\" aria-owns=\"action-menu-parent-container\">\n<div class=\"AdPoic\" role=\"heading\" aria-level=\"3\" data-animation-nesting=\"\" data-sfc-cp=\"\" data-sfc-root=\"c\" data-sfc-cb=\"\" data-complete=\"true\" data-processed=\"true\" data-sae=\"\">2. Ch\u1ea5t Li\u1ec7u L\u1ee5a Cao C\u1ea5p &#8211; N\u00e2ng T\u1ea7m Tr\u1ea3i Nghi\u1ec7m<\/div>\n<div class=\"Y3BBE\" data-sfc-cp=\"\" data-sfc-root=\"c\" data-sfc-cb=\"\" data-hveid=\"CAEIBRAA\" data-complete=\"true\" data-processed=\"true\">\u0110\u1ed9 b\u00f3ng nh\u1eb9 \u0111\u1eb7c tr\u01b0ng c\u1ee7a l\u1ee5a satin gi\u00fap b\u1eaft s\u00e1ng c\u1ef1c t\u1ed1t d\u01b0\u1edbi \u00e1nh \u0111\u00e8n, bi\u1ebfn b\u1ea1n th\u00e0nh t\u00e2m \u0111i\u1ec3m trong m\u1ecdi b\u1eefa ti\u1ec7c.<\/div>\n<ul class=\"KsbFXc U6u95\" data-sfc-root=\"c\" data-sfc-cb=\"\" data-complete=\"true\" data-processed=\"true\">\n<li class=\"dF3vjf\" data-sfc-root=\"c\" data-sfc-cb=\"\" data-hveid=\"CAEIBhAA\" data-complete=\"true\" data-sae=\"\"><span class=\"T286Pc\" data-sfc-cp=\"\" data-sfc-root=\"c\" data-sfc-cb=\"\" data-complete=\"true\"><strong class=\"Yjhzub\" data-sfc-root=\"c\" data-sfc-cb=\"\" data-complete=\"true\">M\u00e0u s\u1eafc:<\/strong>\u00a0T\u00f4ng m\u00e0u kem (cream\/ivory) trang nh\u00e3, c\u1ef1c k\u1ef3 t\u00f4n da v\u00e0 d\u1ec5 d\u00e0ng ph\u1ed1i c\u00f9ng nhi\u1ec1u lo\u1ea1i ph\u1ee5 ki\u1ec7n.<\/span><\/li>\n<li class=\"dF3vjf\" data-sfc-root=\"c\" data-sfc-cb=\"\" data-hveid=\"CAEIBhAB\" data-complete=\"true\" data-sae=\"\"><span class=\"T286Pc\" data-sfc-cp=\"\" data-sfc-root=\"c\" data-sfc-cb=\"\" data-complete=\"true\" aria-owns=\"action-menu-parent-container\"><strong class=\"Yjhzub\" data-sfc-root=\"c\" data-sfc-cb=\"\" data-complete=\"true\">C\u1ea3m gi\u00e1c:<\/strong> M\u1ec1m m\u1ea1i, m\u00e1t r\u01b0\u1ee3i v\u00e0 \u00f4m s\u00e1t c\u01a1 th\u1ec3 m\u1ed9t c\u00e1ch t\u1ef1 nhi\u00ean nh\u1ea5t.<\/span><\/li>\n<li data-sfc-root=\"c\" data-sfc-cb=\"\" data-hveid=\"CAEIBhAB\" data-complete=\"true\" data-sae=\"\"><\/li>\n<li class=\"dF3vjf\" data-sfc-root=\"c\" data-sfc-cb=\"\" data-hveid=\"CAEIBhAB\" data-complete=\"true\" data-sae=\"\">3. C\u00e1ch Ph\u1ed1i Ph\u1ee5 Ki\u1ec7n Cho Set \u0110\u1ed3 Ho\u00e0n H\u1ea3o\n<div class=\"Y3BBE\" data-sfc-cp=\"\" data-sfc-root=\"c\" data-sfc-cb=\"\" data-hveid=\"CAEIBxAA\" data-complete=\"true\" data-processed=\"true\">\u0110\u1ec3 l\u00e0m n\u1ed5i b\u1eadt chi\u1ebfc\u00a0<strong class=\"Yjhzub\" data-sfc-root=\"c\" data-sfc-cb=\"\" data-complete=\"true\" data-processed=\"true\">v\u00e1y l\u1ee5a c\u1ed5 \u0111\u1ed5 sang tr\u1ecdng<\/strong>, b\u1ea1n n\u00ean ch\u1ecdn nh\u1eefng ph\u1ee5 ki\u1ec7n t\u1ed1i gi\u1ea3n nh\u01b0ng ch\u1ea5t l\u01b0\u1ee3ng:<\/div>\n<ul class=\"KsbFXc U6u95\" data-sfc-root=\"c\" data-sfc-cb=\"\" data-complete=\"true\" data-processed=\"true\">\n<li class=\"dF3vjf\" data-sfc-root=\"c\" data-sfc-cb=\"\" data-hveid=\"CAEICBAA\" data-complete=\"true\" data-sae=\"\"><span class=\"T286Pc\" data-sfc-cp=\"\" data-sfc-root=\"c\" data-sfc-cb=\"\" data-complete=\"true\"><strong class=\"Yjhzub\" data-sfc-root=\"c\" data-sfc-cb=\"\" data-complete=\"true\">T\u00fai x\u00e1ch:<\/strong>\u00a0M\u1ed9t chi\u1ebfc clutch c\u1ea7m tay \u0111\u00ednh ng\u1ecdc trai nh\u1ecf xinh.<\/span><\/li>\n<li class=\"dF3vjf\" data-sfc-root=\"c\" data-sfc-cb=\"\" data-hveid=\"CAEICBAB\" data-complete=\"true\" data-sae=\"\"><span class=\"T286Pc\" data-sfc-cp=\"\" data-sfc-root=\"c\" data-sfc-cb=\"\" data-complete=\"true\"><strong class=\"Yjhzub\" data-sfc-root=\"c\" data-sfc-cb=\"\" data-complete=\"true\">Trang s\u1ee9c:<\/strong>\u00a0Khuy\u00ean tai ng\u1ecdc trai ho\u1eb7c v\u00f2ng tay kim lo\u1ea1i \u0111\u01a1n gi\u1ea3n.<\/span><\/li>\n<li class=\"dF3vjf\" data-sfc-root=\"c\" data-sfc-cb=\"\" data-hveid=\"CAEICBAC\" data-complete=\"true\" data-sae=\"\"><span class=\"T286Pc\" data-sfc-cp=\"\" data-sfc-root=\"c\" data-sfc-cb=\"\" data-complete=\"true\"><strong class=\"Yjhzub\" data-sfc-root=\"c\" data-sfc-cb=\"\" data-complete=\"true\">Gi\u00e0y:<\/strong>\u00a0M\u1ed9t \u0111\u00f4i cao g\u00f3t m\u0169i nh\u1ecdn m\u00e0u nude ho\u1eb7c tr\u1eafng kem s\u1ebd gi\u00fap &#8220;hack&#8221; chi\u1ec1u cao t\u1ed1i \u0111a.<\/span><\/li>\n<li data-sfc-root=\"c\" data-sfc-cb=\"\" data-hveid=\"CAEICBAC\" data-complete=\"true\" data-sae=\"\"><a href=\"https:\/\/bbstores.vn\/collections\/dam-lua?srsltid=AfmBOorZukFffONu0td9t7xoYcfscoetnuXQBY55SQM3bBJWkwhd-2ov\">https:\/\/bbstores.vn\/collections\/dam-lua?srsltid=AfmBOorZukFffONu0td9t7xoYcfscoetnuXQBY55SQM3bBJWkwhd-2ov<\/a><\/li>\n<li data-sfc-root=\"c\" data-sfc-cb=\"\" data-hveid=\"CAEICBAC\" data-complete=\"true\" data-sae=\"\"><img loading=\"lazy\" decoding=\"async\" class=\"alignnone wp-image-401 size-full\" src=\"https:\/\/amazon.azdigi.shop\/wp-content\/uploads\/2026\/04\/darling-2-scaled.webp\" alt=\"Ng\u01b0\u1eddi m\u1eabu m\u1eb7c v\u00e1y l\u1ee5a c\u1ed5 \u0111\u1ed5 sang tr\u1ecdng m\u00e0u kem th\u01b0\u01a1ng hi\u1ec7u Darling.ism\" width=\"1920\" height=\"2560\" srcset=\"https:\/\/amazon.azdigi.shop\/wp-content\/uploads\/2026\/04\/darling-2-scaled.webp 1920w, https:\/\/amazon.azdigi.shop\/wp-content\/uploads\/2026\/04\/darling-2-225x300.webp 225w, https:\/\/amazon.azdigi.shop\/wp-content\/uploads\/2026\/04\/darling-2-768x1024.webp 768w, https:\/\/amazon.azdigi.shop\/wp-content\/uploads\/2026\/04\/darling-2-1152x1536.webp 1152w, https:\/\/amazon.azdigi.shop\/wp-content\/uploads\/2026\/04\/darling-2-1536x2048.webp 1536w, https:\/\/amazon.azdigi.shop\/wp-content\/uploads\/2026\/04\/darling-2-600x800.webp 600w\" sizes=\"auto, (max-width: 1920px) 100vw, 1920px\" \/><\/li>\n<\/ul>\n<div class=\"Fsg96\" data-sfc-cp=\"\" data-sfc-root=\"c\" data-sfc-cb=\"\" data-complete=\"true\" data-processed=\"true\"><\/div>\n<hr class=\"j3tEEe\" data-sfc-root=\"c\" data-sfc-pl=\"|[]\" data-sfc-cb=\"\" data-complete=\"true\" data-processed=\"true\" data-sae=\"\" \/>\n<div class=\"Fsg96\" data-sfc-cp=\"\" data-sfc-root=\"c\" data-sfc-cb=\"\" data-complete=\"true\" data-processed=\"true\"><\/div>\n<div data-subtree=\"aimba\" data-sfc-cp=\"\" data-sfc-root=\"c\" data-sfc-cb=\"\" data-complete=\"true\" data-processed=\"true\">\n<div class=\"Jd31eb\" data-sfc-root=\"c\" data-sfc-cb=\"\" data-complete=\"true\" data-processed=\"true\"><\/div>\n<\/div>\n<\/li>\n<\/ul>\n<\/div>\n","protected":false},"excerpt":{"rendered":"<p>V\u00e1y L\u1ee5a C\u1ed5 \u0110\u1ed5 Sang Tr\u1ecdng: Bi\u1ec3u T\u01b0\u1ee3ng C\u1ee7a S\u1ef1 Thanh L\u1ecbch V\u00e0 Quy\u1ebfn R\u0169 Gi\u1edbi thi\u1ec7u N\u1ebfu b\u1ea1n \u0111ang t\u00ecm ki\u1ebfm m\u1ed9t thi\u1ebft k\u1ebf v\u1eeba tinh t\u1ebf, v\u1eeba t\u00f4n vinh n\u00e9t \u0111\u1eb9p ki\u00eau sa th\u00ec\u00a0v\u00e1y l\u1ee5a c\u1ed5 \u0111\u1ed5 sang tr\u1ecdng\u00a0ch\u00ednh l\u00e0 c\u00e2u tr\u1ea3 l\u1eddi ho\u00e0n h\u1ea3o. V\u1edbi ch\u1ea5t li\u1ec7u l\u1ee5a satin cao c\u1ea5p c\u00f9ng [&#8230;]\n","protected":false},"featured_media":401,"comment_status":"open","ping_status":"closed","template":"","meta":[],"product_brand":[],"product_cat":[39,40,27,30,20,53,46,16,32,34,33],"product_tag":[],"class_list":{"0":"post-468","1":"product","2":"type-product","3":"status-publish","4":"has-post-thumbnail","6":"product_cat-a-day-with-labby","7":"product_cat-breath-of-summer","8":"product_cat-cherish","9":"product_cat-coastal-muse","10":"product_cat-dam","11":"product_cat-dam-du-tiec","12":"product_cat-dam-midi","13":"product_cat-dam-midi-dam","14":"product_cat-dream-closet","15":"product_cat-luminious-spring","16":"product_cat-rose-allure","18":"first","19":"instock","20":"sale","21":"shipping-taxable","22":"purchasable","23":"product-type-variable","24":"has-default-attributes"},"yoast_head":"<!-- This site is optimized with the Yoast SEO plugin v27.2 - https:\/\/yoast.com\/product\/yoast-seo-wordpress\/ -->\n<title>V\u00e1y L\u1ee5a C\u1ed5 \u0110\u1ed5 Silk Satin Ivory - lunacloset V\u00e1y L\u1ee5a C\u1ed5 \u0110\u1ed5 Sang Tr\u1ecdng - Thi\u1ebft K\u1ebf Thanh L\u1ecbch<\/title>\n<meta name=\"description\" content=\"Kh\u00e1m ph\u00e1 m\u1eabu v\u00e1y l\u1ee5a c\u1ed5 \u0111\u1ed5 sang tr\u1ecdng v\u1edbi ch\u1ea5t li\u1ec7u satin cao c\u1ea5p. Thi\u1ebft k\u1ebf t\u00f4n d\u00e1ng, thanh l\u1ecbch cho c\u00e1c bu\u1ed5i ti\u1ec7c. Mua ngay t\u1ea1i Darling.ism \u0111\u1ec3 nh\u1eadn \u01b0u \u0111\u00e3i!\" \/>\n<meta name=\"robots\" content=\"index, follow, max-snippet:-1, max-image-preview:large, max-video-preview:-1\" \/>\n<link rel=\"canonical\" href=\"https:\/\/amazon.azdigi.shop\/index.php\/product\/vay-lua-co-do-silk-satin-ivory\/\" \/>\n<meta property=\"og:locale\" content=\"en_US\" \/>\n<meta property=\"og:type\" content=\"article\" \/>\n<meta property=\"og:title\" content=\"V\u00e1y L\u1ee5a C\u1ed5 \u0110\u1ed5 Silk Satin Ivory - lunacloset V\u00e1y L\u1ee5a C\u1ed5 \u0110\u1ed5 Sang Tr\u1ecdng - Thi\u1ebft K\u1ebf Thanh L\u1ecbch\" \/>\n<meta property=\"og:description\" content=\"Kh\u00e1m ph\u00e1 m\u1eabu v\u00e1y l\u1ee5a c\u1ed5 \u0111\u1ed5 sang tr\u1ecdng v\u1edbi ch\u1ea5t li\u1ec7u satin cao c\u1ea5p. Thi\u1ebft k\u1ebf t\u00f4n d\u00e1ng, thanh l\u1ecbch cho c\u00e1c bu\u1ed5i ti\u1ec7c. Mua ngay t\u1ea1i Darling.ism \u0111\u1ec3 nh\u1eadn \u01b0u \u0111\u00e3i!\" \/>\n<meta property=\"og:url\" content=\"https:\/\/amazon.azdigi.shop\/index.php\/product\/vay-lua-co-do-silk-satin-ivory\/\" \/>\n<meta property=\"og:site_name\" content=\"lunacloset\" \/>\n<meta property=\"article:modified_time\" content=\"2026-04-18T06:15:41+00:00\" \/>\n<meta property=\"og:image\" content=\"https:\/\/amazon.azdigi.shop\/wp-content\/uploads\/2026\/04\/darling-2-scaled.webp?wsr\" \/>\n\t<meta property=\"og:image:width\" content=\"1920\" \/>\n\t<meta property=\"og:image:height\" content=\"2560\" \/>\n\t<meta property=\"og:image:type\" content=\"image\/webp\" \/>\n<meta name=\"twitter:card\" content=\"summary_large_image\" \/>\n<meta name=\"twitter:label1\" content=\"Est. reading time\" \/>\n\t<meta name=\"twitter:data1\" content=\"2 minutes\" \/>\n<script type=\"application\/ld+json\" class=\"yoast-schema-graph\">{\"@context\":\"https:\/\/schema.org\",\"@graph\":[{\"@type\":\"WebPage\",\"@id\":\"https:\/\/amazon.azdigi.shop\/index.php\/product\/vay-lua-co-do-silk-satin-ivory\/\",\"url\":\"https:\/\/amazon.azdigi.shop\/index.php\/product\/vay-lua-co-do-silk-satin-ivory\/\",\"name\":\"V\u00e1y L\u1ee5a C\u1ed5 \u0110\u1ed5 Silk Satin Ivory - lunacloset V\u00e1y L\u1ee5a C\u1ed5 \u0110\u1ed5 Sang Tr\u1ecdng - Thi\u1ebft K\u1ebf Thanh L\u1ecbch\",\"isPartOf\":{\"@id\":\"https:\/\/amazon.azdigi.shop\/#website\"},\"primaryImageOfPage\":{\"@id\":\"https:\/\/amazon.azdigi.shop\/index.php\/product\/vay-lua-co-do-silk-satin-ivory\/#primaryimage\"},\"image\":{\"@id\":\"https:\/\/amazon.azdigi.shop\/index.php\/product\/vay-lua-co-do-silk-satin-ivory\/#primaryimage\"},\"thumbnailUrl\":\"https:\/\/amazon.azdigi.shop\/wp-content\/uploads\/2026\/04\/darling-2-scaled.webp?wsr\",\"datePublished\":\"2026-04-14T10:01:07+00:00\",\"dateModified\":\"2026-04-18T06:15:41+00:00\",\"description\":\"Kh\u00e1m ph\u00e1 m\u1eabu v\u00e1y l\u1ee5a c\u1ed5 \u0111\u1ed5 sang tr\u1ecdng v\u1edbi ch\u1ea5t li\u1ec7u satin cao c\u1ea5p. Thi\u1ebft k\u1ebf t\u00f4n d\u00e1ng, thanh l\u1ecbch cho c\u00e1c bu\u1ed5i ti\u1ec7c. Mua ngay t\u1ea1i Darling.ism \u0111\u1ec3 nh\u1eadn \u01b0u \u0111\u00e3i!\",\"breadcrumb\":{\"@id\":\"https:\/\/amazon.azdigi.shop\/index.php\/product\/vay-lua-co-do-silk-satin-ivory\/#breadcrumb\"},\"inLanguage\":\"en-US\",\"potentialAction\":[{\"@type\":\"ReadAction\",\"target\":[\"https:\/\/amazon.azdigi.shop\/index.php\/product\/vay-lua-co-do-silk-satin-ivory\/\"]}]},{\"@type\":\"ImageObject\",\"inLanguage\":\"en-US\",\"@id\":\"https:\/\/amazon.azdigi.shop\/index.php\/product\/vay-lua-co-do-silk-satin-ivory\/#primaryimage\",\"url\":\"https:\/\/amazon.azdigi.shop\/wp-content\/uploads\/2026\/04\/darling-2-scaled.webp?wsr\",\"contentUrl\":\"https:\/\/amazon.azdigi.shop\/wp-content\/uploads\/2026\/04\/darling-2-scaled.webp?wsr\",\"width\":1920,\"height\":2560},{\"@type\":\"BreadcrumbList\",\"@id\":\"https:\/\/amazon.azdigi.shop\/index.php\/product\/vay-lua-co-do-silk-satin-ivory\/#breadcrumb\",\"itemListElement\":[{\"@type\":\"ListItem\",\"position\":1,\"name\":\"Home\",\"item\":\"https:\/\/amazon.azdigi.shop\/\"},{\"@type\":\"ListItem\",\"position\":2,\"name\":\"Shop\",\"item\":\"https:\/\/amazon.azdigi.shop\/index.php\/shop\/\"},{\"@type\":\"ListItem\",\"position\":3,\"name\":\"V\u00e1y L\u1ee5a C\u1ed5 \u0110\u1ed5 Silk Satin Ivory\"}]},{\"@type\":\"WebSite\",\"@id\":\"https:\/\/amazon.azdigi.shop\/#website\",\"url\":\"https:\/\/amazon.azdigi.shop\/\",\"name\":\"lunacloset\",\"description\":\"\",\"potentialAction\":[{\"@type\":\"SearchAction\",\"target\":{\"@type\":\"EntryPoint\",\"urlTemplate\":\"https:\/\/amazon.azdigi.shop\/?s={search_term_string}\"},\"query-input\":{\"@type\":\"PropertyValueSpecification\",\"valueRequired\":true,\"valueName\":\"search_term_string\"}}],\"inLanguage\":\"en-US\"}]}<\/script>\n<!-- \/ Yoast SEO plugin. -->","yoast_head_json":{"title":"V\u00e1y L\u1ee5a C\u1ed5 \u0110\u1ed5 Silk Satin Ivory - lunacloset V\u00e1y L\u1ee5a C\u1ed5 \u0110\u1ed5 Sang Tr\u1ecdng - Thi\u1ebft K\u1ebf Thanh L\u1ecbch","description":"Kh\u00e1m ph\u00e1 m\u1eabu v\u00e1y l\u1ee5a c\u1ed5 \u0111\u1ed5 sang tr\u1ecdng v\u1edbi ch\u1ea5t li\u1ec7u satin cao c\u1ea5p. Thi\u1ebft k\u1ebf t\u00f4n d\u00e1ng, thanh l\u1ecbch cho c\u00e1c bu\u1ed5i ti\u1ec7c. Mua ngay t\u1ea1i Darling.ism \u0111\u1ec3 nh\u1eadn \u01b0u \u0111\u00e3i!","robots":{"index":"index","follow":"follow","max-snippet":"max-snippet:-1","max-image-preview":"max-image-preview:large","max-video-preview":"max-video-preview:-1"},"canonical":"https:\/\/amazon.azdigi.shop\/index.php\/product\/vay-lua-co-do-silk-satin-ivory\/","og_locale":"en_US","og_type":"article","og_title":"V\u00e1y L\u1ee5a C\u1ed5 \u0110\u1ed5 Silk Satin Ivory - lunacloset V\u00e1y L\u1ee5a C\u1ed5 \u0110\u1ed5 Sang Tr\u1ecdng - Thi\u1ebft K\u1ebf Thanh L\u1ecbch","og_description":"Kh\u00e1m ph\u00e1 m\u1eabu v\u00e1y l\u1ee5a c\u1ed5 \u0111\u1ed5 sang tr\u1ecdng v\u1edbi ch\u1ea5t li\u1ec7u satin cao c\u1ea5p. Thi\u1ebft k\u1ebf t\u00f4n d\u00e1ng, thanh l\u1ecbch cho c\u00e1c bu\u1ed5i ti\u1ec7c. Mua ngay t\u1ea1i Darling.ism \u0111\u1ec3 nh\u1eadn \u01b0u \u0111\u00e3i!","og_url":"https:\/\/amazon.azdigi.shop\/index.php\/product\/vay-lua-co-do-silk-satin-ivory\/","og_site_name":"lunacloset","article_modified_time":"2026-04-18T06:15:41+00:00","og_image":[{"width":1920,"height":2560,"url":"https:\/\/amazon.azdigi.shop\/wp-content\/uploads\/2026\/04\/darling-2-scaled.webp?wsr","type":"image\/webp"}],"twitter_card":"summary_large_image","twitter_misc":{"Est. reading time":"2 minutes"},"schema":{"@context":"https:\/\/schema.org","@graph":[{"@type":"WebPage","@id":"https:\/\/amazon.azdigi.shop\/index.php\/product\/vay-lua-co-do-silk-satin-ivory\/","url":"https:\/\/amazon.azdigi.shop\/index.php\/product\/vay-lua-co-do-silk-satin-ivory\/","name":"V\u00e1y L\u1ee5a C\u1ed5 \u0110\u1ed5 Silk Satin Ivory - lunacloset V\u00e1y L\u1ee5a C\u1ed5 \u0110\u1ed5 Sang Tr\u1ecdng - Thi\u1ebft K\u1ebf Thanh L\u1ecbch","isPartOf":{"@id":"https:\/\/amazon.azdigi.shop\/#website"},"primaryImageOfPage":{"@id":"https:\/\/amazon.azdigi.shop\/index.php\/product\/vay-lua-co-do-silk-satin-ivory\/#primaryimage"},"image":{"@id":"https:\/\/amazon.azdigi.shop\/index.php\/product\/vay-lua-co-do-silk-satin-ivory\/#primaryimage"},"thumbnailUrl":"https:\/\/amazon.azdigi.shop\/wp-content\/uploads\/2026\/04\/darling-2-scaled.webp?wsr","datePublished":"2026-04-14T10:01:07+00:00","dateModified":"2026-04-18T06:15:41+00:00","description":"Kh\u00e1m ph\u00e1 m\u1eabu v\u00e1y l\u1ee5a c\u1ed5 \u0111\u1ed5 sang tr\u1ecdng v\u1edbi ch\u1ea5t li\u1ec7u satin cao c\u1ea5p. Thi\u1ebft k\u1ebf t\u00f4n d\u00e1ng, thanh l\u1ecbch cho c\u00e1c bu\u1ed5i ti\u1ec7c. Mua ngay t\u1ea1i Darling.ism \u0111\u1ec3 nh\u1eadn \u01b0u \u0111\u00e3i!","breadcrumb":{"@id":"https:\/\/amazon.azdigi.shop\/index.php\/product\/vay-lua-co-do-silk-satin-ivory\/#breadcrumb"},"inLanguage":"en-US","potentialAction":[{"@type":"ReadAction","target":["https:\/\/amazon.azdigi.shop\/index.php\/product\/vay-lua-co-do-silk-satin-ivory\/"]}]},{"@type":"ImageObject","inLanguage":"en-US","@id":"https:\/\/amazon.azdigi.shop\/index.php\/product\/vay-lua-co-do-silk-satin-ivory\/#primaryimage","url":"https:\/\/amazon.azdigi.shop\/wp-content\/uploads\/2026\/04\/darling-2-scaled.webp?wsr","contentUrl":"https:\/\/amazon.azdigi.shop\/wp-content\/uploads\/2026\/04\/darling-2-scaled.webp?wsr","width":1920,"height":2560},{"@type":"BreadcrumbList","@id":"https:\/\/amazon.azdigi.shop\/index.php\/product\/vay-lua-co-do-silk-satin-ivory\/#breadcrumb","itemListElement":[{"@type":"ListItem","position":1,"name":"Home","item":"https:\/\/amazon.azdigi.shop\/"},{"@type":"ListItem","position":2,"name":"Shop","item":"https:\/\/amazon.azdigi.shop\/index.php\/shop\/"},{"@type":"ListItem","position":3,"name":"V\u00e1y L\u1ee5a C\u1ed5 \u0110\u1ed5 Silk Satin Ivory"}]},{"@type":"WebSite","@id":"https:\/\/amazon.azdigi.shop\/#website","url":"https:\/\/amazon.azdigi.shop\/","name":"lunacloset","description":"","potentialAction":[{"@type":"SearchAction","target":{"@type":"EntryPoint","urlTemplate":"https:\/\/amazon.azdigi.shop\/?s={search_term_string}"},"query-input":{"@type":"PropertyValueSpecification","valueRequired":true,"valueName":"search_term_string"}}],"inLanguage":"en-US"}]}},"_links":{"self":[{"href":"https:\/\/amazon.azdigi.shop\/index.php\/wp-json\/wp\/v2\/product\/468","targetHints":{"allow":["GET"]}}],"collection":[{"href":"https:\/\/amazon.azdigi.shop\/index.php\/wp-json\/wp\/v2\/product"}],"about":[{"href":"https:\/\/amazon.azdigi.shop\/index.php\/wp-json\/wp\/v2\/types\/product"}],"replies":[{"embeddable":true,"href":"https:\/\/amazon.azdigi.shop\/index.php\/wp-json\/wp\/v2\/comments?post=468"}],"wp:featuredmedia":[{"embeddable":true,"href":"https:\/\/amazon.azdigi.shop\/index.php\/wp-json\/wp\/v2\/media\/401"}],"wp:attachment":[{"href":"https:\/\/amazon.azdigi.shop\/index.php\/wp-json\/wp\/v2\/media?parent=468"}],"wp:term":[{"taxonomy":"product_brand","embeddable":true,"href":"https:\/\/amazon.azdigi.shop\/index.php\/wp-json\/wp\/v2\/product_brand?post=468"},{"taxonomy":"product_cat","embeddable":true,"href":"https:\/\/amazon.azdigi.shop\/index.php\/wp-json\/wp\/v2\/product_cat?post=468"},{"taxonomy":"product_tag","embeddable":true,"href":"https:\/\/amazon.azdigi.shop\/index.php\/wp-json\/wp\/v2\/product_tag?post=468"}],"curies":[{"name":"wp","href":"https:\/\/api.w.org\/{rel}","templated":true}]}}