{"id":464,"date":"2026-04-14T09:28:57","date_gmt":"2026-04-14T09:28:57","guid":{"rendered":"https:\/\/amazon.azdigi.shop\/?post_type=product&#038;p=464"},"modified":"2026-04-18T06:42:43","modified_gmt":"2026-04-18T06:42:43","slug":"coral-breeze-skirt-luna-closet-and-island-cropped-shirt-luna-closet","status":"publish","type":"product","link":"https:\/\/amazon.azdigi.shop\/index.php\/product\/coral-breeze-skirt-luna-closet-and-island-cropped-shirt-luna-closet\/","title":{"rendered":"CORAL BREEZE SKIRT LUNA CLOSET AND ISLAND CROPPED SHIRT LUNA CLOSET"},"content":{"rendered":"<h2><\/h2>\n<h3 class=\"AdPoic\" role=\"heading\" aria-level=\"3\" data-sfc-root=\"c\" data-complete=\"true\" data-processed=\"true\">M\u1eabu\u00a0<strong class=\"Yjhzub\" data-sfc-root=\"c\" data-sfc-cb=\"\" data-complete=\"true\">\u00e1o s\u01a1 mi croptop tr\u1eafng<\/strong>\u00a0m\u1edbi nh\u1ea5t t\u1ea1i Luna Closet mang \u0111\u1ebfn phong c\u00e1ch tr\u1ebb trung v\u00e0 thanh l\u1ecbch. V\u1edbi thi\u1ebft k\u1ebf t\u00f4n d\u00e1ng, chi\u1ebfc\u00a0<strong class=\"Yjhzub\" data-sfc-root=\"c\" data-sfc-cb=\"\" data-complete=\"true\">\u00e1o s\u01a1 mi croptop tr\u1eafng<\/strong>\u00a0n\u00e0y l\u00e0 l\u1ef1a ch\u1ecdn ho\u00e0n h\u1ea3o \u0111\u1ec3 ph\u1ed1i c\u00f9ng ch\u00e2n v\u00e1y denim ho\u1eb7c qu\u1ea7n short<\/h3>\n<h3 class=\"AdPoic\" role=\"heading\" aria-level=\"3\" data-sfc-root=\"c\" data-complete=\"true\" data-processed=\"true\">Gi\u1edbi thi\u1ec7u<\/h3>\n<div class=\"Y3BBE\" data-sfc-cp=\"\" data-sfc-root=\"c\" data-sfc-cb=\"\" data-hveid=\"CAQQAA\" data-complete=\"true\" data-processed=\"true\">Phong c\u00e1ch\u00a0<strong class=\"Yjhzub\" data-sfc-root=\"c\" data-sfc-cb=\"\" data-complete=\"true\" data-processed=\"true\">Cowgirl (n\u1eef cao b\u1ed3i)<\/strong>\u00a0kh\u00f4ng c\u00f2n g\u00f3i g\u1ecdn trong nh\u1eefng b\u1ed9 trang ph\u1ee5c b\u1ee5i b\u1eb7m n\u01a1i th\u1ea3o nguy\u00ean. N\u0103m 2026, s\u1ef1 k\u1ebft h\u1ee3p gi\u1eefa n\u00e9t hoang d\u00e3 v\u00e0 tinh th\u1ea7n th\u1eddi trang \u0111\u01b0\u01a1ng \u0111\u1ea1i \u0111\u00e3 t\u1ea1o n\u00ean m\u1ed9t l\u00e0n s\u00f3ng m\u1edbi. C\u00f9ng kh\u00e1m ph\u00e1 b\u00ed quy\u1ebft ph\u1ed1i set \u0111\u1ed3 &#8220;c\u1ef1c ch\u1ea5t&#8221; v\u1edbi \u00e1o croptop tr\u1eafng, ch\u00e2n v\u00e1y denim hoa n\u1ed5i v\u00e0 m\u0169 cowboy \u0111\u1ec3 chi\u1ebfm tr\u1ecdn spotlight!<\/div>\n<div class=\"Fsg96\" data-sfc-cp=\"\" data-sfc-root=\"c\" data-sfc-cb=\"\" data-complete=\"true\" data-processed=\"true\"><\/div>\n<hr class=\"j3tEEe\" data-sfc-root=\"c\" data-sfc-pl=\"|[]\" data-sfc-cb=\"\" data-complete=\"true\" data-processed=\"true\" data-sae=\"\" \/>\n<div class=\"Fsg96\" data-sfc-cp=\"\" data-sfc-root=\"c\" data-sfc-cb=\"\" data-complete=\"true\" data-processed=\"true\">\n<h3 class=\"AdPoic\" role=\"heading\" aria-level=\"3\" data-sfc-root=\"c\" data-complete=\"true\" data-processed=\"true\">1. \u00c1o Croptop Tr\u1eafng: B\u1ea3n Ph\u1ed1i &#8220;Hack D\u00e1ng&#8221; Kinh \u0110i\u1ec3n<\/h3>\n<div class=\"Y3BBE\" data-sfc-cp=\"\" data-sfc-root=\"c\" data-sfc-cb=\"\" data-hveid=\"CAYQAA\" data-complete=\"true\" data-processed=\"true\" aria-owns=\"action-menu-parent-container\">Chi\u1ebfc \u00e1o s\u01a1 mi croptop tr\u1eafng l\u00e0 m\u00f3n \u0111\u1ed3 kh\u00f4ng th\u1ec3 thi\u1ebfu \u0111\u1ec3 t\u1ea1o n\u00ean di\u1ec7n m\u1ea1o tr\u1ebb trung. Thi\u1ebft k\u1ebf ng\u1eafn gi\u00fap t\u00f4n vinh v\u00f2ng eo thon g\u1ecdn, \u0111\u1ed3ng th\u1eddi t\u1ea1o s\u1ef1 c\u00e2n \u0111\u1ed1i cho c\u01a1 th\u1ec3 khi ph\u1ed1i c\u00f9ng ch\u00e2n v\u00e1y c\u1ea1p cao. \u0110\u00e2y l\u00e0 l\u1ef1a ch\u1ecdn ho\u00e0n h\u1ea3o cho nh\u1eefng bu\u1ed5i d\u1ea1o ph\u1ed1 hay d\u00e3 ngo\u1ea1i.<\/div>\n<div data-sfc-cp=\"\" data-sfc-root=\"c\" data-sfc-cb=\"\" data-hveid=\"CAYQAA\" data-complete=\"true\" data-processed=\"true\" aria-owns=\"action-menu-parent-container\">\n<h3 class=\"AdPoic\" role=\"heading\" aria-level=\"3\" data-sfc-root=\"c\" data-complete=\"true\" data-processed=\"true\">2. Ch\u00e2n V\u00e1y Denim \u0110\u00ednh Hoa N\u1ed5i: \u0110i\u1ec3m Nh\u1ea5n Xu H\u01b0\u1edbng 2026<\/h3>\n<div class=\"Y3BBE\" data-sfc-cp=\"\" data-sfc-root=\"c\" data-sfc-cb=\"\" data-hveid=\"CAcQAA\" data-complete=\"true\" data-processed=\"true\">\u0110i\u1ec3m nh\u1ea5n \u0111\u1eaft gi\u00e1 nh\u1ea5t ch\u00ednh l\u00e0 chi\u1ebfc\u00a0<strong class=\"Yjhzub\" data-sfc-root=\"c\" data-sfc-cb=\"\" data-complete=\"true\" data-processed=\"true\">ch\u00e2n v\u00e1y denim ch\u1eef A<\/strong>\u00a0v\u1edbi h\u1ecda ti\u1ebft hoa 3D n\u1ed5i b\u1eadt. Xu h\u01b0\u1edbng denim n\u0103m nay \u01b0u ti\u00ean c\u00e1c chi ti\u1ebft \u0111\u00ednh k\u1ebft t\u1ec9 m\u1ec9 v\u00e0 c\u1ea5u tr\u00fac &#8220;\u0111i\u00eau kh\u1eafc&#8221; mang t\u00ednh ngh\u1ec7 thu\u1eadt.<\/div>\n<ul class=\"KsbFXc U6u95\" data-sfc-root=\"c\" data-sfc-cb=\"\" data-complete=\"true\" data-processed=\"true\">\n<li class=\"dF3vjf\" data-sfc-root=\"c\" data-sfc-cb=\"\" data-hveid=\"CAgQAA\" data-complete=\"true\" data-sae=\"\"><span class=\"T286Pc\" data-sfc-cp=\"\" data-sfc-root=\"c\" data-sfc-cb=\"\" data-complete=\"true\"><strong class=\"Yjhzub\" data-sfc-root=\"c\" data-sfc-cb=\"\" data-complete=\"true\">D\u00e1ng ch\u1eef A:<\/strong>\u00a0Gi\u00fap che khuy\u1ebft \u0111i\u1ec3m v\u00f2ng 3 v\u00e0 t\u1ea1o hi\u1ec7u \u1ee9ng ch\u00e2n d\u00e0i mi\u00ean man, c\u1ef1c k\u1ef3 ph\u00f9 h\u1ee3p cho c\u00e1c n\u00e0ng &#8220;n\u1ea5m l\u00f9n&#8221;.<\/span><\/li>\n<li class=\"dF3vjf\" data-sfc-root=\"c\" data-sfc-cb=\"\" data-hveid=\"CAgQAQ\" data-complete=\"true\" data-sae=\"\"><span class=\"T286Pc\" data-sfc-cp=\"\" data-sfc-root=\"c\" data-sfc-cb=\"\" data-complete=\"true\" aria-owns=\"action-menu-parent-container\"><strong class=\"Yjhzub\" data-sfc-root=\"c\" data-sfc-cb=\"\" data-complete=\"true\">H\u1ecda ti\u1ebft hoa:<\/strong> Mang l\u1ea1i n\u00e9t m\u1ec1m m\u1ea1i, n\u1eef t\u00ednh tr\u00ean n\u1ec1n ch\u1ea5t li\u1ec7u denim kh\u1ecfe kho\u1eafn.<\/span><\/li>\n<li class=\"dF3vjf\" data-sfc-root=\"c\" data-sfc-cb=\"\" data-hveid=\"CAgQAQ\" data-complete=\"true\" data-sae=\"\">3. Ph\u1ee5 Ki\u1ec7n &#8220;Linh H\u1ed3n&#8221;: M\u0169 Cowboy N\u00e2u\n<div class=\"Y3BBE\" data-sfc-cp=\"\" data-sfc-root=\"c\" data-sfc-cb=\"\" data-hveid=\"CAkQAA\" data-complete=\"true\" data-processed=\"true\" aria-owns=\"action-menu-parent-container\">\u0110\u1ec3 ho\u00e0n thi\u1ec7n tinh th\u1ea7n Cowgirl, m\u1ed9t chi\u1ebfc\u00a0<strong class=\"Yjhzub\" data-sfc-root=\"c\" data-sfc-cb=\"\" data-complete=\"true\" data-processed=\"true\">m\u0169 cao b\u1ed3i m\u00e0u n\u00e2u<\/strong>\u00a0l\u00e0 ph\u1ee5 ki\u1ec7n b\u1eaft bu\u1ed9c. T\u00f4ng m\u00e0u n\u00e2u \u1ea5m kh\u00f4ng ch\u1ec9 d\u1ec5 ph\u1ed1i \u0111\u1ed3 m\u00e0 c\u00f2n mang \u0111\u1eadm h\u01a1i th\u1edf \u0111\u1ed3ng qu\u00ea th\u1ee9 thi\u1ec7t. B\u1ea1n c\u00f3 th\u1ec3 k\u1ebft h\u1ee3p th\u00eam \u0111\u00f4i boot cao c\u1ed5 \u0111\u1ec3 t\u0103ng th\u00eam ph\u1ea7n s\u00e0nh \u0111i\u1ec7u v\u00e0 &#8220;ch\u1ea5t&#8221; ch\u01a1i.<\/div>\n<\/li>\n<li data-sfc-root=\"c\" data-sfc-cb=\"\" data-hveid=\"CAgQAQ\" data-complete=\"true\" data-sae=\"\">\n<div class=\"AdPoic\" role=\"heading\" aria-level=\"3\" data-animation-nesting=\"\" data-sfc-cp=\"\" data-sfc-root=\"c\" data-sfc-cb=\"\" data-complete=\"true\" data-processed=\"true\" data-sae=\"\">B\u00ed Quy\u1ebft \u0110\u1ec3 C\u00f3 B\u1ee9c \u1ea2nh &#8220;S\u1ed1ng \u1ea2o&#8221; Tri\u1ec7u Like<\/div>\n<ul class=\"KsbFXc U6u95\" data-sfc-root=\"c\" data-sfc-cb=\"\" data-complete=\"true\" data-processed=\"true\">\n<li class=\"dF3vjf\" data-sfc-root=\"c\" data-sfc-cb=\"\" data-hveid=\"CAwQAA\" data-complete=\"true\" data-sae=\"\"><span class=\"T286Pc\" data-sfc-cp=\"\" data-sfc-root=\"c\" data-sfc-cb=\"\" data-complete=\"true\"><strong class=\"Yjhzub\" data-sfc-root=\"c\" data-sfc-cb=\"\" data-complete=\"true\">Ph\u00f4ng n\u1ec1n:<\/strong>\u00a0Ch\u1ecdn nh\u1eefng m\u00e0u s\u1eafc t\u1ed1i gi\u1ea3n ho\u1eb7c r\u00e8m c\u1eeda t\u00f4ng h\u1ed3ng pastel (nh\u01b0 trong \u1ea3nh) \u0111\u1ec3 l\u00e0m n\u1ed5i b\u1eadt m\u00e0u xanh c\u1ee7a denim v\u00e0 tr\u1eafng c\u1ee7a \u00e1o.<\/span><\/li>\n<li class=\"dF3vjf\" data-sfc-root=\"c\" data-sfc-cb=\"\" data-hveid=\"CAwQAQ\" data-complete=\"true\" data-sae=\"\"><span class=\"T286Pc\" data-sfc-cp=\"\" data-sfc-root=\"c\" data-sfc-cb=\"\" data-complete=\"true\" aria-owns=\"action-menu-parent-container\"><strong class=\"Yjhzub\" data-sfc-root=\"c\" data-sfc-cb=\"\" data-complete=\"true\">G\u00f3c ch\u1ee5p:<\/strong>\u00a0Ch\u1ee5p g\u00f3c nghi\u00eang gi\u00fap khoe tr\u1ecdn \u0111\u01b0\u1eddng cong c\u01a1 th\u1ec3 v\u00e0 chi ti\u1ebft hoa n\u1ed5i b\u00ean h\u00f4ng v\u00e1y.<\/span><\/li>\n<li data-sfc-root=\"c\" data-sfc-cb=\"\" data-hveid=\"CAwQAQ\" data-complete=\"true\" data-sae=\"\"><a href=\"https:\/\/www.maisononline.vn\/blogs\/xu-huong-thoi-trang?srsltid=AfmBOoqgENB_UgZHTdJckQMGHN3oa6LoNCM4wvvYV65MU9Ese1Vx2PMR\">https:\/\/www.maisononline.vn\/blogs\/xu-huong-thoi-trang?srsltid=AfmBOoqgENB_UgZHTdJckQMGHN3oa6LoNCM4wvvYV65MU9Ese1Vx2PMR<\/a><\/li>\n<li data-sfc-root=\"c\" data-sfc-cb=\"\" data-hveid=\"CAwQAQ\" data-complete=\"true\" data-sae=\"\"><img loading=\"lazy\" decoding=\"async\" class=\"alignnone wp-image-375 size-full\" src=\"https:\/\/amazon.azdigi.shop\/wp-content\/uploads\/2026\/04\/ig5-9_1857b243c44b485d84c02889c1b44d53_master.jpg\" alt=\"\u00e1o s\u01a1 mi croptop hoa\" width=\"1638\" height=\"2048\" srcset=\"https:\/\/amazon.azdigi.shop\/wp-content\/uploads\/2026\/04\/ig5-9_1857b243c44b485d84c02889c1b44d53_master.jpg 1638w, https:\/\/amazon.azdigi.shop\/wp-content\/uploads\/2026\/04\/ig5-9_1857b243c44b485d84c02889c1b44d53_master-240x300.jpg 240w, https:\/\/amazon.azdigi.shop\/wp-content\/uploads\/2026\/04\/ig5-9_1857b243c44b485d84c02889c1b44d53_master-819x1024.jpg 819w, https:\/\/amazon.azdigi.shop\/wp-content\/uploads\/2026\/04\/ig5-9_1857b243c44b485d84c02889c1b44d53_master-768x960.jpg 768w, https:\/\/amazon.azdigi.shop\/wp-content\/uploads\/2026\/04\/ig5-9_1857b243c44b485d84c02889c1b44d53_master-1229x1536.jpg 1229w, https:\/\/amazon.azdigi.shop\/wp-content\/uploads\/2026\/04\/ig5-9_1857b243c44b485d84c02889c1b44d53_master-600x750.jpg 600w\" sizes=\"auto, (max-width: 1638px) 100vw, 1638px\" \/><\/li>\n<li data-sfc-root=\"c\" data-sfc-cb=\"\" data-hveid=\"CAwQAQ\" data-complete=\"true\" data-sae=\"\"><\/li>\n<\/ul>\n<\/li>\n<\/ul>\n<\/div>\n<\/div>\n","protected":false},"excerpt":{"rendered":"<p>M\u1eabu\u00a0\u00e1o s\u01a1 mi croptop tr\u1eafng\u00a0m\u1edbi nh\u1ea5t t\u1ea1i Luna Closet mang \u0111\u1ebfn phong c\u00e1ch tr\u1ebb trung v\u00e0 thanh l\u1ecbch. V\u1edbi thi\u1ebft k\u1ebf t\u00f4n d\u00e1ng, chi\u1ebfc\u00a0\u00e1o s\u01a1 mi croptop tr\u1eafng\u00a0n\u00e0y l\u00e0 l\u1ef1a ch\u1ecdn ho\u00e0n h\u1ea3o \u0111\u1ec3 ph\u1ed1i c\u00f9ng ch\u00e2n v\u00e1y denim ho\u1eb7c qu\u1ea7n short Gi\u1edbi thi\u1ec7u Phong c\u00e1ch\u00a0Cowgirl (n\u1eef cao b\u1ed3i)\u00a0kh\u00f4ng c\u00f2n g\u00f3i g\u1ecdn trong nh\u1eefng b\u1ed9 [&#8230;]\n","protected":false},"featured_media":377,"comment_status":"open","ping_status":"closed","template":"","meta":[],"product_brand":[],"product_cat":[39,17,42,40,30,16,32,36,33,19,21,54],"product_tag":[],"class_list":{"0":"post-464","1":"product","2":"type-product","3":"status-publish","4":"has-post-thumbnail","6":"product_cat-a-day-with-labby","7":"product_cat-ao","8":"product_cat-ao-so-mi","9":"product_cat-breath-of-summer","10":"product_cat-coastal-muse","11":"product_cat-dam-midi-dam","12":"product_cat-dream-closet","13":"product_cat-parisian-collection","14":"product_cat-rose-allure","15":"product_cat-set","16":"product_cat-vay","17":"product_cat-vay-ngan","19":"first","20":"instock","21":"sale","22":"shipping-taxable","23":"purchasable","24":"product-type-variable"},"yoast_head":"<!-- This site is optimized with the Yoast SEO plugin v27.2 - https:\/\/yoast.com\/product\/yoast-seo-wordpress\/ -->\n<title>CORAL BREEZE SKIRT LUNA CLOSET AND ISLAND CROPPED SHIRT LUNA CLOSET - lunacloset \u00c1o s\u01a1 mi croptop tr\u1eafng - Phong c\u00e1ch th\u1eddi trang Luna Closet<\/title>\n<meta name=\"description\" content=\"S\u1edf h\u1eefu ngay \u00e1o s\u01a1 mi croptop phong c\u00e1ch Cowgirl hi\u1ec7n \u0111\u1ea1i, thi\u1ebft k\u1ebf t\u00f4n d\u00e1ng v\u1edbi ch\u1ea5t li\u1ec7u cao c\u1ea5p. H\u00e0ng m\u1edbi v\u1ec1 t\u1ea1i Luna Closet, \u01b0u \u0111\u00e3i h\u1ea5p d\u1eabn h\u00f4m nay!\" \/>\n<meta name=\"robots\" content=\"index, follow, max-snippet:-1, max-image-preview:large, max-video-preview:-1\" \/>\n<link rel=\"canonical\" href=\"https:\/\/amazon.azdigi.shop\/index.php\/product\/coral-breeze-skirt-luna-closet-and-island-cropped-shirt-luna-closet\/\" \/>\n<meta property=\"og:locale\" content=\"en_US\" \/>\n<meta property=\"og:type\" content=\"article\" \/>\n<meta property=\"og:title\" content=\"CORAL BREEZE SKIRT LUNA CLOSET AND ISLAND CROPPED SHIRT LUNA CLOSET - lunacloset \u00c1o s\u01a1 mi croptop tr\u1eafng - Phong c\u00e1ch th\u1eddi trang Luna Closet\" \/>\n<meta property=\"og:description\" content=\"S\u1edf h\u1eefu ngay \u00e1o s\u01a1 mi croptop phong c\u00e1ch Cowgirl hi\u1ec7n \u0111\u1ea1i, thi\u1ebft k\u1ebf t\u00f4n d\u00e1ng v\u1edbi ch\u1ea5t li\u1ec7u cao c\u1ea5p. H\u00e0ng m\u1edbi v\u1ec1 t\u1ea1i Luna Closet, \u01b0u \u0111\u00e3i h\u1ea5p d\u1eabn h\u00f4m nay!\" \/>\n<meta property=\"og:url\" content=\"https:\/\/amazon.azdigi.shop\/index.php\/product\/coral-breeze-skirt-luna-closet-and-island-cropped-shirt-luna-closet\/\" \/>\n<meta property=\"og:site_name\" content=\"lunacloset\" \/>\n<meta property=\"article:modified_time\" content=\"2026-04-18T06:42:43+00:00\" \/>\n<meta property=\"og:image\" content=\"https:\/\/amazon.azdigi.shop\/wp-content\/uploads\/2026\/04\/ig5-11_9f6ba39fa90743398ba3a01ff4b29443_master.jpg?wsr\" \/>\n\t<meta property=\"og:image:width\" content=\"1638\" \/>\n\t<meta property=\"og:image:height\" content=\"2048\" \/>\n\t<meta property=\"og:image:type\" content=\"image\/jpeg\" \/>\n<meta name=\"twitter:card\" content=\"summary_large_image\" \/>\n<meta name=\"twitter:label1\" content=\"Est. reading time\" \/>\n\t<meta name=\"twitter:data1\" content=\"3 minutes\" \/>\n<script type=\"application\/ld+json\" class=\"yoast-schema-graph\">{\"@context\":\"https:\/\/schema.org\",\"@graph\":[{\"@type\":\"WebPage\",\"@id\":\"https:\/\/amazon.azdigi.shop\/index.php\/product\/coral-breeze-skirt-luna-closet-and-island-cropped-shirt-luna-closet\/\",\"url\":\"https:\/\/amazon.azdigi.shop\/index.php\/product\/coral-breeze-skirt-luna-closet-and-island-cropped-shirt-luna-closet\/\",\"name\":\"CORAL BREEZE SKIRT LUNA CLOSET AND ISLAND CROPPED SHIRT LUNA CLOSET - lunacloset \u00c1o s\u01a1 mi croptop tr\u1eafng - Phong c\u00e1ch th\u1eddi trang Luna Closet\",\"isPartOf\":{\"@id\":\"https:\/\/amazon.azdigi.shop\/#website\"},\"primaryImageOfPage\":{\"@id\":\"https:\/\/amazon.azdigi.shop\/index.php\/product\/coral-breeze-skirt-luna-closet-and-island-cropped-shirt-luna-closet\/#primaryimage\"},\"image\":{\"@id\":\"https:\/\/amazon.azdigi.shop\/index.php\/product\/coral-breeze-skirt-luna-closet-and-island-cropped-shirt-luna-closet\/#primaryimage\"},\"thumbnailUrl\":\"https:\/\/amazon.azdigi.shop\/wp-content\/uploads\/2026\/04\/ig5-11_9f6ba39fa90743398ba3a01ff4b29443_master.jpg?wsr\",\"datePublished\":\"2026-04-14T09:28:57+00:00\",\"dateModified\":\"2026-04-18T06:42:43+00:00\",\"description\":\"S\u1edf h\u1eefu ngay \u00e1o s\u01a1 mi croptop phong c\u00e1ch Cowgirl hi\u1ec7n \u0111\u1ea1i, thi\u1ebft k\u1ebf t\u00f4n d\u00e1ng v\u1edbi ch\u1ea5t li\u1ec7u cao c\u1ea5p. H\u00e0ng m\u1edbi v\u1ec1 t\u1ea1i Luna Closet, \u01b0u \u0111\u00e3i h\u1ea5p d\u1eabn h\u00f4m nay!\",\"breadcrumb\":{\"@id\":\"https:\/\/amazon.azdigi.shop\/index.php\/product\/coral-breeze-skirt-luna-closet-and-island-cropped-shirt-luna-closet\/#breadcrumb\"},\"inLanguage\":\"en-US\",\"potentialAction\":[{\"@type\":\"ReadAction\",\"target\":[\"https:\/\/amazon.azdigi.shop\/index.php\/product\/coral-breeze-skirt-luna-closet-and-island-cropped-shirt-luna-closet\/\"]}]},{\"@type\":\"ImageObject\",\"inLanguage\":\"en-US\",\"@id\":\"https:\/\/amazon.azdigi.shop\/index.php\/product\/coral-breeze-skirt-luna-closet-and-island-cropped-shirt-luna-closet\/#primaryimage\",\"url\":\"https:\/\/amazon.azdigi.shop\/wp-content\/uploads\/2026\/04\/ig5-11_9f6ba39fa90743398ba3a01ff4b29443_master.jpg?wsr\",\"contentUrl\":\"https:\/\/amazon.azdigi.shop\/wp-content\/uploads\/2026\/04\/ig5-11_9f6ba39fa90743398ba3a01ff4b29443_master.jpg?wsr\",\"width\":1638,\"height\":2048,\"caption\":\"\u00e1o s\u01a1 mi croptop hoa\"},{\"@type\":\"BreadcrumbList\",\"@id\":\"https:\/\/amazon.azdigi.shop\/index.php\/product\/coral-breeze-skirt-luna-closet-and-island-cropped-shirt-luna-closet\/#breadcrumb\",\"itemListElement\":[{\"@type\":\"ListItem\",\"position\":1,\"name\":\"Home\",\"item\":\"https:\/\/amazon.azdigi.shop\/\"},{\"@type\":\"ListItem\",\"position\":2,\"name\":\"Shop\",\"item\":\"https:\/\/amazon.azdigi.shop\/index.php\/shop\/\"},{\"@type\":\"ListItem\",\"position\":3,\"name\":\"CORAL BREEZE SKIRT LUNA CLOSET AND ISLAND CROPPED SHIRT LUNA CLOSET\"}]},{\"@type\":\"WebSite\",\"@id\":\"https:\/\/amazon.azdigi.shop\/#website\",\"url\":\"https:\/\/amazon.azdigi.shop\/\",\"name\":\"lunacloset\",\"description\":\"\",\"potentialAction\":[{\"@type\":\"SearchAction\",\"target\":{\"@type\":\"EntryPoint\",\"urlTemplate\":\"https:\/\/amazon.azdigi.shop\/?s={search_term_string}\"},\"query-input\":{\"@type\":\"PropertyValueSpecification\",\"valueRequired\":true,\"valueName\":\"search_term_string\"}}],\"inLanguage\":\"en-US\"}]}<\/script>\n<!-- \/ Yoast SEO plugin. -->","yoast_head_json":{"title":"CORAL BREEZE SKIRT LUNA CLOSET AND ISLAND CROPPED SHIRT LUNA CLOSET - lunacloset \u00c1o s\u01a1 mi croptop tr\u1eafng - Phong c\u00e1ch th\u1eddi trang Luna Closet","description":"S\u1edf h\u1eefu ngay \u00e1o s\u01a1 mi croptop phong c\u00e1ch Cowgirl hi\u1ec7n \u0111\u1ea1i, thi\u1ebft k\u1ebf t\u00f4n d\u00e1ng v\u1edbi ch\u1ea5t li\u1ec7u cao c\u1ea5p. H\u00e0ng m\u1edbi v\u1ec1 t\u1ea1i Luna Closet, \u01b0u \u0111\u00e3i h\u1ea5p d\u1eabn h\u00f4m nay!","robots":{"index":"index","follow":"follow","max-snippet":"max-snippet:-1","max-image-preview":"max-image-preview:large","max-video-preview":"max-video-preview:-1"},"canonical":"https:\/\/amazon.azdigi.shop\/index.php\/product\/coral-breeze-skirt-luna-closet-and-island-cropped-shirt-luna-closet\/","og_locale":"en_US","og_type":"article","og_title":"CORAL BREEZE SKIRT LUNA CLOSET AND ISLAND CROPPED SHIRT LUNA CLOSET - lunacloset \u00c1o s\u01a1 mi croptop tr\u1eafng - Phong c\u00e1ch th\u1eddi trang Luna Closet","og_description":"S\u1edf h\u1eefu ngay \u00e1o s\u01a1 mi croptop phong c\u00e1ch Cowgirl hi\u1ec7n \u0111\u1ea1i, thi\u1ebft k\u1ebf t\u00f4n d\u00e1ng v\u1edbi ch\u1ea5t li\u1ec7u cao c\u1ea5p. H\u00e0ng m\u1edbi v\u1ec1 t\u1ea1i Luna Closet, \u01b0u \u0111\u00e3i h\u1ea5p d\u1eabn h\u00f4m nay!","og_url":"https:\/\/amazon.azdigi.shop\/index.php\/product\/coral-breeze-skirt-luna-closet-and-island-cropped-shirt-luna-closet\/","og_site_name":"lunacloset","article_modified_time":"2026-04-18T06:42:43+00:00","og_image":[{"width":1638,"height":2048,"url":"https:\/\/amazon.azdigi.shop\/wp-content\/uploads\/2026\/04\/ig5-11_9f6ba39fa90743398ba3a01ff4b29443_master.jpg?wsr","type":"image\/jpeg"}],"twitter_card":"summary_large_image","twitter_misc":{"Est. reading time":"3 minutes"},"schema":{"@context":"https:\/\/schema.org","@graph":[{"@type":"WebPage","@id":"https:\/\/amazon.azdigi.shop\/index.php\/product\/coral-breeze-skirt-luna-closet-and-island-cropped-shirt-luna-closet\/","url":"https:\/\/amazon.azdigi.shop\/index.php\/product\/coral-breeze-skirt-luna-closet-and-island-cropped-shirt-luna-closet\/","name":"CORAL BREEZE SKIRT LUNA CLOSET AND ISLAND CROPPED SHIRT LUNA CLOSET - lunacloset \u00c1o s\u01a1 mi croptop tr\u1eafng - Phong c\u00e1ch th\u1eddi trang Luna Closet","isPartOf":{"@id":"https:\/\/amazon.azdigi.shop\/#website"},"primaryImageOfPage":{"@id":"https:\/\/amazon.azdigi.shop\/index.php\/product\/coral-breeze-skirt-luna-closet-and-island-cropped-shirt-luna-closet\/#primaryimage"},"image":{"@id":"https:\/\/amazon.azdigi.shop\/index.php\/product\/coral-breeze-skirt-luna-closet-and-island-cropped-shirt-luna-closet\/#primaryimage"},"thumbnailUrl":"https:\/\/amazon.azdigi.shop\/wp-content\/uploads\/2026\/04\/ig5-11_9f6ba39fa90743398ba3a01ff4b29443_master.jpg?wsr","datePublished":"2026-04-14T09:28:57+00:00","dateModified":"2026-04-18T06:42:43+00:00","description":"S\u1edf h\u1eefu ngay \u00e1o s\u01a1 mi croptop phong c\u00e1ch Cowgirl hi\u1ec7n \u0111\u1ea1i, thi\u1ebft k\u1ebf t\u00f4n d\u00e1ng v\u1edbi ch\u1ea5t li\u1ec7u cao c\u1ea5p. H\u00e0ng m\u1edbi v\u1ec1 t\u1ea1i Luna Closet, \u01b0u \u0111\u00e3i h\u1ea5p d\u1eabn h\u00f4m nay!","breadcrumb":{"@id":"https:\/\/amazon.azdigi.shop\/index.php\/product\/coral-breeze-skirt-luna-closet-and-island-cropped-shirt-luna-closet\/#breadcrumb"},"inLanguage":"en-US","potentialAction":[{"@type":"ReadAction","target":["https:\/\/amazon.azdigi.shop\/index.php\/product\/coral-breeze-skirt-luna-closet-and-island-cropped-shirt-luna-closet\/"]}]},{"@type":"ImageObject","inLanguage":"en-US","@id":"https:\/\/amazon.azdigi.shop\/index.php\/product\/coral-breeze-skirt-luna-closet-and-island-cropped-shirt-luna-closet\/#primaryimage","url":"https:\/\/amazon.azdigi.shop\/wp-content\/uploads\/2026\/04\/ig5-11_9f6ba39fa90743398ba3a01ff4b29443_master.jpg?wsr","contentUrl":"https:\/\/amazon.azdigi.shop\/wp-content\/uploads\/2026\/04\/ig5-11_9f6ba39fa90743398ba3a01ff4b29443_master.jpg?wsr","width":1638,"height":2048,"caption":"\u00e1o s\u01a1 mi croptop hoa"},{"@type":"BreadcrumbList","@id":"https:\/\/amazon.azdigi.shop\/index.php\/product\/coral-breeze-skirt-luna-closet-and-island-cropped-shirt-luna-closet\/#breadcrumb","itemListElement":[{"@type":"ListItem","position":1,"name":"Home","item":"https:\/\/amazon.azdigi.shop\/"},{"@type":"ListItem","position":2,"name":"Shop","item":"https:\/\/amazon.azdigi.shop\/index.php\/shop\/"},{"@type":"ListItem","position":3,"name":"CORAL BREEZE SKIRT LUNA CLOSET AND ISLAND CROPPED SHIRT LUNA CLOSET"}]},{"@type":"WebSite","@id":"https:\/\/amazon.azdigi.shop\/#website","url":"https:\/\/amazon.azdigi.shop\/","name":"lunacloset","description":"","potentialAction":[{"@type":"SearchAction","target":{"@type":"EntryPoint","urlTemplate":"https:\/\/amazon.azdigi.shop\/?s={search_term_string}"},"query-input":{"@type":"PropertyValueSpecification","valueRequired":true,"valueName":"search_term_string"}}],"inLanguage":"en-US"}]}},"_links":{"self":[{"href":"https:\/\/amazon.azdigi.shop\/index.php\/wp-json\/wp\/v2\/product\/464","targetHints":{"allow":["GET"]}}],"collection":[{"href":"https:\/\/amazon.azdigi.shop\/index.php\/wp-json\/wp\/v2\/product"}],"about":[{"href":"https:\/\/amazon.azdigi.shop\/index.php\/wp-json\/wp\/v2\/types\/product"}],"replies":[{"embeddable":true,"href":"https:\/\/amazon.azdigi.shop\/index.php\/wp-json\/wp\/v2\/comments?post=464"}],"wp:featuredmedia":[{"embeddable":true,"href":"https:\/\/amazon.azdigi.shop\/index.php\/wp-json\/wp\/v2\/media\/377"}],"wp:attachment":[{"href":"https:\/\/amazon.azdigi.shop\/index.php\/wp-json\/wp\/v2\/media?parent=464"}],"wp:term":[{"taxonomy":"product_brand","embeddable":true,"href":"https:\/\/amazon.azdigi.shop\/index.php\/wp-json\/wp\/v2\/product_brand?post=464"},{"taxonomy":"product_cat","embeddable":true,"href":"https:\/\/amazon.azdigi.shop\/index.php\/wp-json\/wp\/v2\/product_cat?post=464"},{"taxonomy":"product_tag","embeddable":true,"href":"https:\/\/amazon.azdigi.shop\/index.php\/wp-json\/wp\/v2\/product_tag?post=464"}],"curies":[{"name":"wp","href":"https:\/\/api.w.org\/{rel}","templated":true}]}}