{"id":391,"date":"2026-04-06T16:23:11","date_gmt":"2026-04-06T16:23:11","guid":{"rendered":"https:\/\/amazon.azdigi.shop\/?post_type=product&#038;p=391"},"modified":"2026-04-18T08:23:39","modified_gmt":"2026-04-18T08:23:39","slug":"set-ao-kieu-bi-tay-phong-va-chan-vay-xoe-mira-set-vai-lua-anh-kim","status":"publish","type":"product","link":"https:\/\/amazon.azdigi.shop\/index.php\/product\/set-ao-kieu-bi-tay-phong-va-chan-vay-xoe-mira-set-vai-lua-anh-kim\/","title":{"rendered":"Set \u00e1o ki\u1ec3u b\u00ed tay ph\u1ed3ng v\u00e0 ch\u00e2n v\u00e1y xo\u00e8 Mira Set v\u1ea3i l\u1ee5a \u00e1nh kim"},"content":{"rendered":"<div role=\"heading\" aria-level=\"3\" data-animation-nesting=\"\" data-sfc-cp=\"\" data-sfc-root=\"c\" data-sfc-cb=\"\" data-complete=\"true\" data-processed=\"true\" data-sae=\"\"><em class=\"eujQNb\" data-sfc-root=\"c\" data-sfc-cb=\"\" data-complete=\"true\" aria-owns=\"action-menu-parent-container\">M\u1eabu\u00a0<strong class=\"Yjhzub\" data-sfc-root=\"c\" data-sfc-cb=\"\" data-complete=\"true\">set \u00e1o ki\u1ec3u ch\u00e2n v\u00e1y<\/strong> mang phong c\u00e1ch n\u1eef t\u00ednh v\u00e0 thanh l\u1ecbch&#8230;<\/em><\/div>\n<p class=\"QN2lPu\"><span style=\"font-family: 'times new roman', times, serif; font-size: 110%;\"><span dir=\"auto\" style=\"vertical-align: inherit;\"><span dir=\"auto\" style=\"vertical-align: inherit;\">mira set (\u00e1o phom b\u00ed + ch\u00e2n v\u00e1y xo\u00e8)<\/span><\/span><\/span><\/p>\n<p class=\"QN2lPu\"><span style=\"font-family: 'times new roman', times, serif; font-size: 110%;\"><span dir=\"auto\" style=\"vertical-align: inherit;\"><span dir=\"auto\" style=\"vertical-align: inherit;\">\u2022 ch\u1ea5t li\u1ec7u: l\u1ee5a \u00e1nh kim<\/span><\/span><\/span><\/p>\n<p class=\"QN2lPu\"><span style=\"font-family: 'times new roman', times, serif; font-size: 110%;\"><span dir=\"auto\" style=\"vertical-align: inherit;\"><span dir=\"auto\" style=\"vertical-align: inherit;\">\u2022 m\u00e0u s\u1eafc: kem da<\/span><\/span><\/span><\/p>\n<p class=\"QN2lPu\"><span style=\"font-family: 'times new roman', times, serif; font-size: 110%;\"><span dir=\"auto\" style=\"vertical-align: inherit;\"><span dir=\"auto\" style=\"vertical-align: inherit;\">\u2022 \u00e1o cho\u00e0ng t\u00f9ng b\u00ed, c\u00f3 chun \u1edf eo<\/span><\/span><\/span><\/p>\n<p class=\"QN2lPu\"><span style=\"font-family: 'times new roman', times, serif; font-size: 110%;\"><span dir=\"auto\" style=\"vertical-align: inherit;\"><span dir=\"auto\" style=\"vertical-align: inherit;\">\u2022 ch\u00e2n v\u00e1y c\u00f3 l\u00f3t qu\u1ea7n, c\u00f3 chun \u1edf eo<\/span><\/span><\/span><\/p>\n<p class=\"QN2lPu\"><span style=\"font-family: 'times new roman', times, serif; font-size: 110%;\"><span dir=\"auto\" style=\"vertical-align: inherit;\"><span dir=\"auto\" style=\"vertical-align: inherit;\">\u2022 t\u1eb7ng k\u00e8m qu\u00e0 c\u00e0i \u00e1o<\/span><\/span><\/span><\/p>\n<p class=\"QN2lPu\"><span style=\"font-family: 'times new roman', times, serif; font-size: 110%;\"><span dir=\"auto\" style=\"vertical-align: inherit;\"><span dir=\"auto\" style=\"vertical-align: inherit;\">\u2022 K\u00edch c\u1ee1: S\/M<\/span><\/span><\/span><\/p>\n<p class=\"QN2lPu\"><span style=\"font-family: 'times new roman', times, serif; font-size: 110%;\"><span dir=\"auto\" style=\"vertical-align: inherit;\"><span dir=\"auto\" style=\"vertical-align: inherit;\">_<\/span><\/span><\/span><\/p>\n<p class=\"QN2lPu\"><span style=\"font-family: 'times new roman', times, serif; font-size: 110%;\"><span dir=\"auto\" style=\"vertical-align: inherit;\"><span dir=\"auto\" style=\"vertical-align: inherit;\">B\u1ea3ng k\u00edch th\u01b0\u1edbc b\u1ed9 Mira:<\/span><\/span><\/span><\/p>\n<p class=\"QN2lPu\"><span style=\"font-family: 'times new roman', times, serif; font-size: 110%;\"><span dir=\"auto\" style=\"vertical-align: inherit;\"><span dir=\"auto\" style=\"vertical-align: inherit;\">*\u00e1o c\u00f3 eo chun \u1edf h\u00f4ng, ch\u00e2n V\u00e1y c\u00f3 chun \u1edf eo, co gi\u00e3n tho\u1ea3i m\u00e1i 4-6cm<\/span><\/span><\/span><\/p>\n<p class=\"QN2lPu\"><span style=\"font-family: 'times new roman', times, serif; font-size: 110%;\"><span dir=\"auto\" style=\"vertical-align: inherit;\"><span dir=\"auto\" style=\"vertical-align: inherit;\">\u2022 size S: d\u01b0\u1edbi 56kg \/ v\u00f2ng 1: d\u01b0\u1edbi 92cm<\/span><\/span><\/span><\/p>\n<p class=\"QN2lPu\"><span style=\"font-family: 'times new roman', times, serif; font-size: 110%;\"><span dir=\"auto\" style=\"vertical-align: inherit;\"><span dir=\"auto\" style=\"vertical-align: inherit;\">\u2022 size M: d\u01b0\u1edbi 68kg \/ v\u00f2ng 1: d\u01b0\u1edbi 98cm<\/span><\/span><\/span><\/p>\n<p class=\"QN2lPu\"><span style=\"font-family: 'times new roman', times, serif; font-size: 110%;\"><span dir=\"auto\" style=\"vertical-align: inherit;\"><span dir=\"auto\" style=\"vertical-align: inherit;\">H\u01af\u1edaNG D\u1eaaN B\u1ea2O QU\u1ea2N S\u1ea2N PH\u1ea8M:<\/span><\/span><\/span><\/p>\n<p class=\"QN2lPu\"><span style=\"font-family: 'times new roman', times, serif; font-size: 110%;\"><span dir=\"auto\" style=\"vertical-align: inherit;\"><span dir=\"auto\" style=\"vertical-align: inherit;\">\u2022 \u01b0u ti\u00ean gi\u1eb7t kh\u00f4, gi\u1eb7t h\u1ea5p, gi\u1eb7t b\u1eb1ng t\u00fai gi\u1eb7t ho\u1eb7c gi\u1eb7t b\u1eb1ng tay nh\u1eb9 nh\u00e0ng, kh\u00f4ng gi\u1eb7t b\u1eb1ng m\u00e1y \u0111\u1ec3 gi\u1eef \u0111\u1ed9 b\u1ec1n c\u1ee7a v\u1ea3i.<\/span><\/span><\/span><\/p>\n<p class=\"QN2lPu\"><span style=\"font-family: 'times new roman', times, serif; font-size: 110%;\"><span dir=\"auto\" style=\"vertical-align: inherit;\"><span dir=\"auto\" style=\"vertical-align: inherit;\">\u2022 ph\u00e2n lo\u1ea1i, r\u1eeda ri\u00eang c\u00e1c s\u1ea3n ph\u1ea9m kh\u00e1c m\u00e0u.<\/span><\/span><\/span><\/p>\n<p class=\"QN2lPu\"><span style=\"font-family: 'times new roman', times, serif; font-size: 110%;\"><span dir=\"auto\" style=\"vertical-align: inherit;\"><span dir=\"auto\" style=\"vertical-align: inherit;\">\u2022 khi r\u1eeda kh\u00f4ng v\u1eaft, kh\u00f4ng xo\u1eafn, sau khi r\u1eeda ch\u1ec9 c\u1ea7n ch\u1edbp, ph\u01a1i.<\/span><\/span><\/span><\/p>\n<p class=\"QN2lPu\"><span style=\"font-family: 'times new roman', times, serif; font-size: 110%;\"><span dir=\"auto\" style=\"vertical-align: inherit;\"><span dir=\"auto\" style=\"vertical-align: inherit;\">\u2022 kh\u00f4ng ng\u00e2m v\u1edbi n\u01b0\u1edbc x\u1ea3 qu\u00e1 15 ph\u00fat.<\/span><\/span><\/span><\/p>\n<p class=\"QN2lPu\"><span style=\"font-family: 'times new roman', times, serif; font-size: 110%;\"><span dir=\"auto\" style=\"vertical-align: inherit;\"><span dir=\"auto\" style=\"vertical-align: inherit;\">\u2022 Kh\u00f4ng d\u00f9ng n\u01b0\u1edbc n\u00f3ng \u0111\u1ec3 l\u00e0m s\u1ea1ch, tr\u00e1nh n\u00f3ng \u1edf nhi\u1ec7t \u0111\u1ed9 cao.<\/span><\/span><\/span><\/p>\n<p class=\"QN2lPu\"><span style=\"font-family: 'times new roman', times, serif; font-size: 110%;\"><span dir=\"auto\" style=\"vertical-align: inherit;\"><span dir=\"auto\" style=\"vertical-align: inherit;\">\u2022 ph\u01a1i s\u1ea3n ph\u1ea9m \u1edf n\u01a1i tho\u00e1ng m\u00e1t, tr\u00e1nh n\u1eafng gay g\u1eaft. <\/span><\/span><span dir=\"auto\" style=\"vertical-align: inherit;\"><span dir=\"auto\" style=\"vertical-align: inherit;\">_<\/span><\/span><\/span><\/p>\n<p><a href=\"https:\/\/amazon.azdigi.shop\/\">https:\/\/amazon.azdigi.shop\/<\/a><\/p>\n<p><img loading=\"lazy\" decoding=\"async\" class=\"alignnone wp-image-394 size-full\" src=\"https:\/\/amazon.azdigi.shop\/wp-content\/uploads\/2026\/04\/c3.webp\" alt=\"set-ao-kieu-chan-vay-nu-tinh\" width=\"1024\" height=\"1024\" srcset=\"https:\/\/amazon.azdigi.shop\/wp-content\/uploads\/2026\/04\/c3.webp 1024w, https:\/\/amazon.azdigi.shop\/wp-content\/uploads\/2026\/04\/c3-300x300.webp 300w, https:\/\/amazon.azdigi.shop\/wp-content\/uploads\/2026\/04\/c3-150x150.webp 150w, https:\/\/amazon.azdigi.shop\/wp-content\/uploads\/2026\/04\/c3-768x768.webp 768w, https:\/\/amazon.azdigi.shop\/wp-content\/uploads\/2026\/04\/c3-600x600.webp 600w, https:\/\/amazon.azdigi.shop\/wp-content\/uploads\/2026\/04\/c3-100x100.webp 100w\" sizes=\"auto, (max-width: 1024px) 100vw, 1024px\" \/><\/p>\n","protected":false},"excerpt":{"rendered":"<p>M\u1eabu\u00a0set \u00e1o ki\u1ec3u ch\u00e2n v\u00e1y mang phong c\u00e1ch n\u1eef t\u00ednh v\u00e0 thanh l\u1ecbch&#8230; mira set (\u00e1o phom b\u00ed + ch\u00e2n v\u00e1y xo\u00e8) \u2022 ch\u1ea5t li\u1ec7u: l\u1ee5a \u00e1nh kim \u2022 m\u00e0u s\u1eafc: kem da \u2022 \u00e1o cho\u00e0ng t\u00f9ng b\u00ed, c\u00f3 chun \u1edf eo \u2022 ch\u00e2n v\u00e1y c\u00f3 l\u00f3t qu\u1ea7n, c\u00f3 chun \u1edf eo \u2022 t\u1eb7ng k\u00e8m [&#8230;]\n","protected":false},"featured_media":392,"comment_status":"open","ping_status":"closed","template":"","meta":[],"product_brand":[],"product_cat":[39,40,30,20,53,52,32,29,34,33,19,21,55,54],"product_tag":[],"class_list":{"0":"post-391","1":"product","2":"type-product","3":"status-publish","4":"has-post-thumbnail","6":"product_cat-a-day-with-labby","7":"product_cat-breath-of-summer","8":"product_cat-coastal-muse","9":"product_cat-dam","10":"product_cat-dam-du-tiec","11":"product_cat-dam-ngan-dam","12":"product_cat-dream-closet","13":"product_cat-in-her-stillness","14":"product_cat-luminious-spring","15":"product_cat-rose-allure","16":"product_cat-set","17":"product_cat-vay","18":"product_cat-vay-midi","19":"product_cat-vay-ngan","21":"first","22":"instock","23":"sale","24":"shipping-taxable","25":"purchasable","26":"product-type-variable"},"yoast_head":"<!-- This site is optimized with the Yoast SEO plugin v27.2 - https:\/\/yoast.com\/product\/yoast-seo-wordpress\/ -->\n<title>Set \u00e1o ki\u1ec3u b\u00ed tay ph\u1ed3ng v\u00e0 ch\u00e2n v\u00e1y xo\u00e8 Mira Set v\u1ea3i l\u1ee5a \u00e1nh kim - lunacloset<\/title>\n<meta name=\"description\" content=\"S\u1edf h\u1eefu ngay set \u00e1o ki\u1ec3u ch\u00e2n v\u00e1y thi\u1ebft k\u1ebf n\u1eef t\u00ednh, ch\u1ea5t li\u1ec7u cao c\u1ea5p. Ph\u00f9 h\u1ee3p \u0111i l\u00e0m, \u0111i ch\u01a1i hay d\u1ef1 ti\u1ec7c. H\u00e0ng chu\u1ea9n form, gi\u00e1 t\u1ed1t t\u1ea1i LUNA CLOSET!&quot;\" \/>\n<meta name=\"robots\" content=\"index, follow, max-snippet:-1, max-image-preview:large, max-video-preview:-1\" \/>\n<link rel=\"canonical\" href=\"https:\/\/amazon.azdigi.shop\/index.php\/product\/set-ao-kieu-bi-tay-phong-va-chan-vay-xoe-mira-set-vai-lua-anh-kim\/\" \/>\n<meta property=\"og:locale\" content=\"en_US\" \/>\n<meta property=\"og:type\" content=\"article\" \/>\n<meta property=\"og:title\" content=\"Set \u00e1o ki\u1ec3u b\u00ed tay ph\u1ed3ng v\u00e0 ch\u00e2n v\u00e1y xo\u00e8 Mira Set v\u1ea3i l\u1ee5a \u00e1nh kim - lunacloset\" \/>\n<meta property=\"og:description\" content=\"S\u1edf h\u1eefu ngay set \u00e1o ki\u1ec3u ch\u00e2n v\u00e1y thi\u1ebft k\u1ebf n\u1eef t\u00ednh, ch\u1ea5t li\u1ec7u cao c\u1ea5p. Ph\u00f9 h\u1ee3p \u0111i l\u00e0m, \u0111i ch\u01a1i hay d\u1ef1 ti\u1ec7c. H\u00e0ng chu\u1ea9n form, gi\u00e1 t\u1ed1t t\u1ea1i LUNA CLOSET!&quot;\" \/>\n<meta property=\"og:url\" content=\"https:\/\/amazon.azdigi.shop\/index.php\/product\/set-ao-kieu-bi-tay-phong-va-chan-vay-xoe-mira-set-vai-lua-anh-kim\/\" \/>\n<meta property=\"og:site_name\" content=\"lunacloset\" \/>\n<meta property=\"article:modified_time\" content=\"2026-04-18T08:23:39+00:00\" \/>\n<meta property=\"og:image\" content=\"https:\/\/amazon.azdigi.shop\/wp-content\/uploads\/2026\/04\/c1.webp?wsr\" \/>\n\t<meta property=\"og:image:width\" content=\"1024\" \/>\n\t<meta property=\"og:image:height\" content=\"1024\" \/>\n\t<meta property=\"og:image:type\" content=\"image\/webp\" \/>\n<meta name=\"twitter:card\" content=\"summary_large_image\" \/>\n<meta name=\"twitter:label1\" content=\"Est. reading time\" \/>\n\t<meta name=\"twitter:data1\" content=\"2 minutes\" \/>\n<script type=\"application\/ld+json\" class=\"yoast-schema-graph\">{\"@context\":\"https:\/\/schema.org\",\"@graph\":[{\"@type\":\"WebPage\",\"@id\":\"https:\/\/amazon.azdigi.shop\/index.php\/product\/set-ao-kieu-bi-tay-phong-va-chan-vay-xoe-mira-set-vai-lua-anh-kim\/\",\"url\":\"https:\/\/amazon.azdigi.shop\/index.php\/product\/set-ao-kieu-bi-tay-phong-va-chan-vay-xoe-mira-set-vai-lua-anh-kim\/\",\"name\":\"Set \u00e1o ki\u1ec3u b\u00ed tay ph\u1ed3ng v\u00e0 ch\u00e2n v\u00e1y xo\u00e8 Mira Set v\u1ea3i l\u1ee5a \u00e1nh kim - lunacloset\",\"isPartOf\":{\"@id\":\"https:\/\/amazon.azdigi.shop\/#website\"},\"primaryImageOfPage\":{\"@id\":\"https:\/\/amazon.azdigi.shop\/index.php\/product\/set-ao-kieu-bi-tay-phong-va-chan-vay-xoe-mira-set-vai-lua-anh-kim\/#primaryimage\"},\"image\":{\"@id\":\"https:\/\/amazon.azdigi.shop\/index.php\/product\/set-ao-kieu-bi-tay-phong-va-chan-vay-xoe-mira-set-vai-lua-anh-kim\/#primaryimage\"},\"thumbnailUrl\":\"https:\/\/amazon.azdigi.shop\/wp-content\/uploads\/2026\/04\/c1.webp?wsr\",\"datePublished\":\"2026-04-06T16:23:11+00:00\",\"dateModified\":\"2026-04-18T08:23:39+00:00\",\"description\":\"S\u1edf h\u1eefu ngay set \u00e1o ki\u1ec3u ch\u00e2n v\u00e1y thi\u1ebft k\u1ebf n\u1eef t\u00ednh, ch\u1ea5t li\u1ec7u cao c\u1ea5p. Ph\u00f9 h\u1ee3p \u0111i l\u00e0m, \u0111i ch\u01a1i hay d\u1ef1 ti\u1ec7c. H\u00e0ng chu\u1ea9n form, gi\u00e1 t\u1ed1t t\u1ea1i LUNA CLOSET!\\\"\",\"breadcrumb\":{\"@id\":\"https:\/\/amazon.azdigi.shop\/index.php\/product\/set-ao-kieu-bi-tay-phong-va-chan-vay-xoe-mira-set-vai-lua-anh-kim\/#breadcrumb\"},\"inLanguage\":\"en-US\",\"potentialAction\":[{\"@type\":\"ReadAction\",\"target\":[\"https:\/\/amazon.azdigi.shop\/index.php\/product\/set-ao-kieu-bi-tay-phong-va-chan-vay-xoe-mira-set-vai-lua-anh-kim\/\"]}]},{\"@type\":\"ImageObject\",\"inLanguage\":\"en-US\",\"@id\":\"https:\/\/amazon.azdigi.shop\/index.php\/product\/set-ao-kieu-bi-tay-phong-va-chan-vay-xoe-mira-set-vai-lua-anh-kim\/#primaryimage\",\"url\":\"https:\/\/amazon.azdigi.shop\/wp-content\/uploads\/2026\/04\/c1.webp?wsr\",\"contentUrl\":\"https:\/\/amazon.azdigi.shop\/wp-content\/uploads\/2026\/04\/c1.webp?wsr\",\"width\":1024,\"height\":1024},{\"@type\":\"BreadcrumbList\",\"@id\":\"https:\/\/amazon.azdigi.shop\/index.php\/product\/set-ao-kieu-bi-tay-phong-va-chan-vay-xoe-mira-set-vai-lua-anh-kim\/#breadcrumb\",\"itemListElement\":[{\"@type\":\"ListItem\",\"position\":1,\"name\":\"Home\",\"item\":\"https:\/\/amazon.azdigi.shop\/\"},{\"@type\":\"ListItem\",\"position\":2,\"name\":\"Shop\",\"item\":\"https:\/\/amazon.azdigi.shop\/index.php\/shop\/\"},{\"@type\":\"ListItem\",\"position\":3,\"name\":\"Set \u00e1o ki\u1ec3u b\u00ed tay ph\u1ed3ng v\u00e0 ch\u00e2n v\u00e1y xo\u00e8 Mira Set v\u1ea3i l\u1ee5a \u00e1nh kim\"}]},{\"@type\":\"WebSite\",\"@id\":\"https:\/\/amazon.azdigi.shop\/#website\",\"url\":\"https:\/\/amazon.azdigi.shop\/\",\"name\":\"lunacloset\",\"description\":\"\",\"potentialAction\":[{\"@type\":\"SearchAction\",\"target\":{\"@type\":\"EntryPoint\",\"urlTemplate\":\"https:\/\/amazon.azdigi.shop\/?s={search_term_string}\"},\"query-input\":{\"@type\":\"PropertyValueSpecification\",\"valueRequired\":true,\"valueName\":\"search_term_string\"}}],\"inLanguage\":\"en-US\"}]}<\/script>\n<!-- \/ Yoast SEO plugin. -->","yoast_head_json":{"title":"Set \u00e1o ki\u1ec3u b\u00ed tay ph\u1ed3ng v\u00e0 ch\u00e2n v\u00e1y xo\u00e8 Mira Set v\u1ea3i l\u1ee5a \u00e1nh kim - lunacloset","description":"S\u1edf h\u1eefu ngay set \u00e1o ki\u1ec3u ch\u00e2n v\u00e1y thi\u1ebft k\u1ebf n\u1eef t\u00ednh, ch\u1ea5t li\u1ec7u cao c\u1ea5p. Ph\u00f9 h\u1ee3p \u0111i l\u00e0m, \u0111i ch\u01a1i hay d\u1ef1 ti\u1ec7c. H\u00e0ng chu\u1ea9n form, gi\u00e1 t\u1ed1t t\u1ea1i LUNA CLOSET!\"","robots":{"index":"index","follow":"follow","max-snippet":"max-snippet:-1","max-image-preview":"max-image-preview:large","max-video-preview":"max-video-preview:-1"},"canonical":"https:\/\/amazon.azdigi.shop\/index.php\/product\/set-ao-kieu-bi-tay-phong-va-chan-vay-xoe-mira-set-vai-lua-anh-kim\/","og_locale":"en_US","og_type":"article","og_title":"Set \u00e1o ki\u1ec3u b\u00ed tay ph\u1ed3ng v\u00e0 ch\u00e2n v\u00e1y xo\u00e8 Mira Set v\u1ea3i l\u1ee5a \u00e1nh kim - lunacloset","og_description":"S\u1edf h\u1eefu ngay set \u00e1o ki\u1ec3u ch\u00e2n v\u00e1y thi\u1ebft k\u1ebf n\u1eef t\u00ednh, ch\u1ea5t li\u1ec7u cao c\u1ea5p. Ph\u00f9 h\u1ee3p \u0111i l\u00e0m, \u0111i ch\u01a1i hay d\u1ef1 ti\u1ec7c. H\u00e0ng chu\u1ea9n form, gi\u00e1 t\u1ed1t t\u1ea1i LUNA CLOSET!\"","og_url":"https:\/\/amazon.azdigi.shop\/index.php\/product\/set-ao-kieu-bi-tay-phong-va-chan-vay-xoe-mira-set-vai-lua-anh-kim\/","og_site_name":"lunacloset","article_modified_time":"2026-04-18T08:23:39+00:00","og_image":[{"width":1024,"height":1024,"url":"https:\/\/amazon.azdigi.shop\/wp-content\/uploads\/2026\/04\/c1.webp?wsr","type":"image\/webp"}],"twitter_card":"summary_large_image","twitter_misc":{"Est. reading time":"2 minutes"},"schema":{"@context":"https:\/\/schema.org","@graph":[{"@type":"WebPage","@id":"https:\/\/amazon.azdigi.shop\/index.php\/product\/set-ao-kieu-bi-tay-phong-va-chan-vay-xoe-mira-set-vai-lua-anh-kim\/","url":"https:\/\/amazon.azdigi.shop\/index.php\/product\/set-ao-kieu-bi-tay-phong-va-chan-vay-xoe-mira-set-vai-lua-anh-kim\/","name":"Set \u00e1o ki\u1ec3u b\u00ed tay ph\u1ed3ng v\u00e0 ch\u00e2n v\u00e1y xo\u00e8 Mira Set v\u1ea3i l\u1ee5a \u00e1nh kim - lunacloset","isPartOf":{"@id":"https:\/\/amazon.azdigi.shop\/#website"},"primaryImageOfPage":{"@id":"https:\/\/amazon.azdigi.shop\/index.php\/product\/set-ao-kieu-bi-tay-phong-va-chan-vay-xoe-mira-set-vai-lua-anh-kim\/#primaryimage"},"image":{"@id":"https:\/\/amazon.azdigi.shop\/index.php\/product\/set-ao-kieu-bi-tay-phong-va-chan-vay-xoe-mira-set-vai-lua-anh-kim\/#primaryimage"},"thumbnailUrl":"https:\/\/amazon.azdigi.shop\/wp-content\/uploads\/2026\/04\/c1.webp?wsr","datePublished":"2026-04-06T16:23:11+00:00","dateModified":"2026-04-18T08:23:39+00:00","description":"S\u1edf h\u1eefu ngay set \u00e1o ki\u1ec3u ch\u00e2n v\u00e1y thi\u1ebft k\u1ebf n\u1eef t\u00ednh, ch\u1ea5t li\u1ec7u cao c\u1ea5p. Ph\u00f9 h\u1ee3p \u0111i l\u00e0m, \u0111i ch\u01a1i hay d\u1ef1 ti\u1ec7c. H\u00e0ng chu\u1ea9n form, gi\u00e1 t\u1ed1t t\u1ea1i LUNA CLOSET!\"","breadcrumb":{"@id":"https:\/\/amazon.azdigi.shop\/index.php\/product\/set-ao-kieu-bi-tay-phong-va-chan-vay-xoe-mira-set-vai-lua-anh-kim\/#breadcrumb"},"inLanguage":"en-US","potentialAction":[{"@type":"ReadAction","target":["https:\/\/amazon.azdigi.shop\/index.php\/product\/set-ao-kieu-bi-tay-phong-va-chan-vay-xoe-mira-set-vai-lua-anh-kim\/"]}]},{"@type":"ImageObject","inLanguage":"en-US","@id":"https:\/\/amazon.azdigi.shop\/index.php\/product\/set-ao-kieu-bi-tay-phong-va-chan-vay-xoe-mira-set-vai-lua-anh-kim\/#primaryimage","url":"https:\/\/amazon.azdigi.shop\/wp-content\/uploads\/2026\/04\/c1.webp?wsr","contentUrl":"https:\/\/amazon.azdigi.shop\/wp-content\/uploads\/2026\/04\/c1.webp?wsr","width":1024,"height":1024},{"@type":"BreadcrumbList","@id":"https:\/\/amazon.azdigi.shop\/index.php\/product\/set-ao-kieu-bi-tay-phong-va-chan-vay-xoe-mira-set-vai-lua-anh-kim\/#breadcrumb","itemListElement":[{"@type":"ListItem","position":1,"name":"Home","item":"https:\/\/amazon.azdigi.shop\/"},{"@type":"ListItem","position":2,"name":"Shop","item":"https:\/\/amazon.azdigi.shop\/index.php\/shop\/"},{"@type":"ListItem","position":3,"name":"Set \u00e1o ki\u1ec3u b\u00ed tay ph\u1ed3ng v\u00e0 ch\u00e2n v\u00e1y xo\u00e8 Mira Set v\u1ea3i l\u1ee5a \u00e1nh kim"}]},{"@type":"WebSite","@id":"https:\/\/amazon.azdigi.shop\/#website","url":"https:\/\/amazon.azdigi.shop\/","name":"lunacloset","description":"","potentialAction":[{"@type":"SearchAction","target":{"@type":"EntryPoint","urlTemplate":"https:\/\/amazon.azdigi.shop\/?s={search_term_string}"},"query-input":{"@type":"PropertyValueSpecification","valueRequired":true,"valueName":"search_term_string"}}],"inLanguage":"en-US"}]}},"_links":{"self":[{"href":"https:\/\/amazon.azdigi.shop\/index.php\/wp-json\/wp\/v2\/product\/391","targetHints":{"allow":["GET"]}}],"collection":[{"href":"https:\/\/amazon.azdigi.shop\/index.php\/wp-json\/wp\/v2\/product"}],"about":[{"href":"https:\/\/amazon.azdigi.shop\/index.php\/wp-json\/wp\/v2\/types\/product"}],"replies":[{"embeddable":true,"href":"https:\/\/amazon.azdigi.shop\/index.php\/wp-json\/wp\/v2\/comments?post=391"}],"wp:featuredmedia":[{"embeddable":true,"href":"https:\/\/amazon.azdigi.shop\/index.php\/wp-json\/wp\/v2\/media\/392"}],"wp:attachment":[{"href":"https:\/\/amazon.azdigi.shop\/index.php\/wp-json\/wp\/v2\/media?parent=391"}],"wp:term":[{"taxonomy":"product_brand","embeddable":true,"href":"https:\/\/amazon.azdigi.shop\/index.php\/wp-json\/wp\/v2\/product_brand?post=391"},{"taxonomy":"product_cat","embeddable":true,"href":"https:\/\/amazon.azdigi.shop\/index.php\/wp-json\/wp\/v2\/product_cat?post=391"},{"taxonomy":"product_tag","embeddable":true,"href":"https:\/\/amazon.azdigi.shop\/index.php\/wp-json\/wp\/v2\/product_tag?post=391"}],"curies":[{"name":"wp","href":"https:\/\/api.w.org\/{rel}","templated":true}]}}