{"id":169,"date":"2026-03-21T19:39:23","date_gmt":"2026-03-21T19:39:23","guid":{"rendered":"https:\/\/amazon.azdigi.shop\/?post_type=product&#038;p=169"},"modified":"2026-04-18T08:35:56","modified_gmt":"2026-04-18T08:35:56","slug":"angel-pleated-iconic-dress-luna-closet","status":"publish","type":"product","link":"https:\/\/amazon.azdigi.shop\/index.php\/product\/angel-pleated-iconic-dress-luna-closet\/","title":{"rendered":"ANGEL PLEATED ICONIC DRESS LUNA CLOSET"},"content":{"rendered":"<div class=\"otQkpb\" role=\"heading\" aria-level=\"3\" data-animation-nesting=\"\" data-sfc-cp=\"\" data-sfc-root=\"c\" data-sfc-cb=\"\" data-complete=\"true\" data-processed=\"true\" data-sae=\"\"><strong class=\"Yjhzub\" data-sfc-root=\"c\" data-sfc-cb=\"\" data-complete=\"true\">\u00a0\u0110\u1ea7m d\u1ef1 ti\u1ec7c sang tr\u1ecdng \u2013 Kh\u01a1i d\u1eady v\u1ebb \u0111\u1eb9p qu\u00fd ph\u00e1i<\/strong><\/div>\n<div class=\"Y3BBE\" data-sfc-cp=\"\" data-sfc-root=\"c\" data-sfc-cb=\"\" data-hveid=\"CAEIBBAA\" data-complete=\"true\" data-processed=\"true\"><strong class=\"Yjhzub\" data-sfc-root=\"c\" data-sfc-cb=\"\" data-complete=\"true\" data-processed=\"true\">\u0110\u1ea7m d\u1ef1 ti\u1ec7c sang tr\u1ecdng<\/strong>\u00a0l\u00e0 l\u1ef1a ch\u1ecdn ho\u00e0n h\u1ea3o d\u00e0nh cho nh\u1eefng qu\u00fd c\u00f4 mu\u1ed1n t\u1ecfa s\u00e1ng trong c\u00e1c s\u1ef1 ki\u1ec7n quan tr\u1ecdng. V\u1edbi thi\u1ebft k\u1ebf tinh t\u1ebf, t\u1ec9 m\u1ec9 trong t\u1eebng \u0111\u01b0\u1eddng kim m\u0169i ch\u1ec9, m\u1eabu \u0111\u1ea7m n\u00e0y kh\u00f4ng ch\u1ec9 t\u00f4n vinh v\u00f3c d\u00e1ng m\u00e0 c\u00f2n mang l\u1ea1i s\u1ef1 t\u1ef1 tin tuy\u1ec7t \u0111\u1ed1i cho ng\u01b0\u1eddi m\u1eb7c.<\/div>\n<div class=\"Fsg96\" data-sfc-cp=\"\" data-sfc-root=\"c\" data-sfc-cb=\"\" data-complete=\"true\" data-processed=\"true\"><\/div>\n<div class=\"AdPoic\" role=\"heading\" aria-level=\"3\" data-animation-nesting=\"\" data-sfc-cp=\"\" data-sfc-root=\"c\" data-sfc-cb=\"\" data-complete=\"true\" data-processed=\"true\" data-sae=\"\"><strong class=\"Yjhzub\" data-sfc-root=\"c\" data-sfc-cb=\"\" data-complete=\"true\">Thi\u1ebft k\u1ebf tinh t\u1ebf v\u00e0 ch\u1ea5t li\u1ec7u cao c\u1ea5p<\/strong><\/div>\n<div class=\"Y3BBE\" data-sfc-cp=\"\" data-sfc-root=\"c\" data-sfc-cb=\"\" data-hveid=\"CAEIBRAA\" data-complete=\"true\" data-processed=\"true\">S\u1ea3n ph\u1ea9m \u0111\u01b0\u1ee3c l\u00e0m t\u1eeb ch\u1ea5t li\u1ec7u v\u1ea3i cao c\u1ea5p, c\u00f3 \u0111\u1ed9 co gi\u00e3n nh\u1eb9 v\u00e0 kh\u1ea3 n\u0103ng th\u1ea5m h\u00fat m\u1ed3 h\u00f4i t\u1ed1t, gi\u00fap b\u1ea1n lu\u00f4n c\u1ea3m th\u1ea5y tho\u1ea3i m\u00e1i d\u00f9 ph\u1ea3i di chuy\u1ec3n hay tham gia c\u00e1c ho\u1ea1t \u0111\u1ed9ng su\u1ed1t c\u1ea3 bu\u1ed5i ti\u1ec7c. \u0110i\u1ec3m nh\u1ea5n c\u1ee7a m\u1eabu\u00a0<strong class=\"Yjhzub\" data-sfc-root=\"c\" data-sfc-cb=\"\" data-complete=\"true\" data-processed=\"true\">\u0111\u1ea7m d\u1ef1 ti\u1ec7c sang tr\u1ecdng<\/strong>\u00a0n\u00e0y n\u1eb1m \u1edf ph\u1ea7n c\u1eaft c\u00fap tinh x\u1ea3o t\u1ea1i eo, gi\u00fap t\u1ea1o hi\u1ec7u \u1ee9ng thon g\u1ecdn v\u00e0 k\u00e9o d\u00e0i \u0111\u00f4i ch\u00e2n m\u1ed9t c\u00e1ch t\u1ef1 nhi\u00ean.<\/div>\n<div class=\"Fsg96\" data-sfc-cp=\"\" data-sfc-root=\"c\" data-sfc-cb=\"\" data-complete=\"true\" data-processed=\"true\"><\/div>\n<div class=\"AdPoic\" role=\"heading\" aria-level=\"3\" data-animation-nesting=\"\" data-sfc-cp=\"\" data-sfc-root=\"c\" data-sfc-cb=\"\" data-complete=\"true\" data-processed=\"true\" data-sae=\"\"><strong class=\"Yjhzub\" data-sfc-root=\"c\" data-sfc-cb=\"\" data-complete=\"true\">Ph\u00f9 h\u1ee3p cho nhi\u1ec1u d\u1ecbp l\u1ec5 h\u1ed9i<\/strong><\/div>\n<div class=\"Y3BBE\" data-sfc-cp=\"\" data-sfc-root=\"c\" data-sfc-cb=\"\" data-hveid=\"CAEIBhAA\" data-complete=\"true\" data-processed=\"true\" aria-owns=\"action-menu-parent-container\">D\u00f9 l\u00e0 m\u1ed9t bu\u1ed5i ti\u1ec7c c\u01b0\u1edbi sang tr\u1ecdng, ti\u1ec7c t\u1ed1i c\u00f9ng c\u00f4ng ty hay nh\u1eefng bu\u1ed5i h\u1eb9n h\u00f2 l\u00e3ng m\u1ea1n, chi\u1ebfc \u0111\u1ea7m n\u00e0y \u0111\u1ec1u c\u00f3 th\u1ec3 \u0111\u00e1p \u1ee9ng t\u1ed1t. B\u1ea1n c\u00f3 th\u1ec3 d\u1ec5 d\u00e0ng k\u1ebft h\u1ee3p c\u00f9ng m\u1ed9t \u0111\u00f4i gi\u00e0y cao g\u00f3t thanh m\u1ea3nh v\u00e0 m\u1ed9t chi\u1ebfc t\u00fai x\u00e1ch c\u1ea7m tay nh\u1ecf g\u1ecdn \u0111\u1ec3 ho\u00e0n thi\u1ec7n v\u1ebb ngo\u00e0i \u0111\u1eb3ng c\u1ea5p c\u1ee7a m\u00ecnh.<\/div>\n<div class=\"AdPoic\" role=\"heading\" aria-level=\"3\" data-animation-nesting=\"\" data-sfc-cp=\"\" data-sfc-root=\"c\" data-sfc-cb=\"\" data-complete=\"true\" data-processed=\"true\" data-sae=\"\"><strong class=\"Yjhzub\" data-sfc-root=\"c\" data-sfc-cb=\"\" data-complete=\"true\">H\u01b0\u1edbng d\u1eabn ch\u1ecdn size chu\u1ea9n<\/strong><\/div>\n<div class=\"Y3BBE\" data-sfc-cp=\"\" data-sfc-root=\"c\" data-sfc-cb=\"\" data-hveid=\"CAEIBxAA\" data-complete=\"true\" data-processed=\"true\">\u0110\u1ec3 s\u1edf h\u1eefu m\u1ed9t chi\u1ebfc\u00a0<strong class=\"Yjhzub\" data-sfc-root=\"c\" data-sfc-cb=\"\" data-complete=\"true\" data-processed=\"true\">\u0111\u1ea7m d\u1ef1 ti\u1ec7c sang tr\u1ecdng<\/strong>\u00a0v\u1eeba v\u1eb7n nh\u1ea5t, qu\u00fd kh\u00e1ch vui l\u00f2ng tham kh\u1ea3o b\u1ea3ng size d\u01b0\u1edbi \u0111\u00e2y:<\/div>\n<ul class=\"KsbFXc U6u95\" data-sfc-root=\"c\" data-sfc-cb=\"\" data-complete=\"true\" data-processed=\"true\">\n<li class=\"dF3vjf\" data-sfc-root=\"c\" data-sfc-cb=\"\" data-hveid=\"CAEICBAA\" data-complete=\"true\" data-sae=\"\"><span class=\"T286Pc\" data-sfc-cp=\"\" data-sfc-root=\"c\" data-sfc-cb=\"\" data-complete=\"true\"><strong class=\"Yjhzub\" data-sfc-root=\"c\" data-sfc-cb=\"\" data-complete=\"true\">Size S:<\/strong>\u00a0C\u00e2n n\u1eb7ng 42-48kg, V\u00f2ng eo 64-68cm.<\/span><\/li>\n<li class=\"dF3vjf\" data-sfc-root=\"c\" data-sfc-cb=\"\" data-hveid=\"CAEICBAB\" data-complete=\"true\" data-sae=\"\"><span class=\"T286Pc\" data-sfc-cp=\"\" data-sfc-root=\"c\" data-sfc-cb=\"\" data-complete=\"true\"><strong class=\"Yjhzub\" data-sfc-root=\"c\" data-sfc-cb=\"\" data-complete=\"true\">Size M:<\/strong>\u00a0C\u00e2n n\u1eb7ng 49-54kg, V\u00f2ng eo 69-73cm.<\/span><\/li>\n<li class=\"dF3vjf\" data-sfc-root=\"c\" data-sfc-cb=\"\" data-hveid=\"CAEICBAC\" data-complete=\"true\" data-sae=\"\"><span class=\"T286Pc\" data-sfc-cp=\"\" data-sfc-root=\"c\" data-sfc-cb=\"\" data-complete=\"true\" aria-owns=\"action-menu-parent-container\"><strong class=\"Yjhzub\" data-sfc-root=\"c\" data-sfc-cb=\"\" data-complete=\"true\">Size L:<\/strong> C\u00e2n n\u1eb7ng 55-60kg, V\u00f2ng eo 74-78cm<\/span><\/li>\n<li class=\"dF3vjf\" data-sfc-root=\"c\" data-sfc-cb=\"\" data-hveid=\"CAEICBAC\" data-complete=\"true\" data-sae=\"\"><strong class=\"Yjhzub\" data-sfc-root=\"c\" data-sfc-cb=\"\" data-complete=\"true\">Cam k\u1ebft ch\u1ea5t l\u01b0\u1ee3ng t\u1eeb c\u1eeda h\u00e0ng<\/strong>\n<div class=\"Y3BBE\" data-sfc-cp=\"\" data-sfc-root=\"c\" data-sfc-cb=\"\" data-hveid=\"CAEICRAA\" data-complete=\"true\" data-processed=\"true\">Ch\u00fang t\u00f4i hi\u1ec3u r\u1eb1ng m\u1ed7i b\u1ed9 trang ph\u1ee5c kh\u00f4ng ch\u1ec9 l\u00e0 qu\u1ea7n \u00e1o, m\u00e0 c\u00f2n l\u00e0 phong c\u00e1ch s\u1ed1ng. Khi mua s\u1eafm t\u1ea1i h\u1ec7 th\u1ed1ng, b\u1ea1n s\u1ebd \u0111\u01b0\u1ee3c:<\/div>\n<ol class=\"IaGLZe VimKh\" data-sfc-root=\"c\" data-sfc-cb=\"\" data-complete=\"true\" data-processed=\"true\">\n<li class=\"dF3vjf\" data-sfc-root=\"c\" data-sfc-cb=\"\" data-hveid=\"CAEIChAA\" data-complete=\"true\" data-sae=\"\"><span class=\"T286Pc\" data-sfc-cp=\"\" data-sfc-root=\"c\" data-sfc-cb=\"\" data-complete=\"true\">Ki\u1ec3m tra h\u00e0ng tr\u01b0\u1edbc khi thanh to\u00e1n.<\/span><\/li>\n<li class=\"dF3vjf\" data-sfc-root=\"c\" data-sfc-cb=\"\" data-hveid=\"CAEIChAB\" data-complete=\"true\" data-sae=\"\"><span class=\"T286Pc\" data-sfc-cp=\"\" data-sfc-root=\"c\" data-sfc-cb=\"\" data-complete=\"true\">H\u1ed7 tr\u1ee3 \u0111\u1ed5i size trong v\u00f2ng 7 ng\u00e0y n\u1ebfu kh\u00f4ng v\u1eeba v\u1eb7n.<\/span><\/li>\n<li class=\"dF3vjf\" data-sfc-root=\"c\" data-sfc-cb=\"\" data-hveid=\"CAEIChAC\" data-complete=\"true\" data-sae=\"\"><span class=\"T286Pc\" data-sfc-cp=\"\" data-sfc-root=\"c\" data-sfc-cb=\"\" data-complete=\"true\">Cam k\u1ebft s\u1ea3n ph\u1ea9m th\u1ef1c t\u1ebf gi\u1ed1ng h\u00ecnh \u1ea3nh 100%.<\/span><\/li>\n<\/ol>\n<div class=\"Y3BBE\" data-sfc-cp=\"\" data-sfc-root=\"c\" data-sfc-cb=\"\" data-hveid=\"CAEICxAA\" data-complete=\"true\" data-processed=\"true\" aria-owns=\"action-menu-parent-container\">H\u00e3y nhanh tay s\u1edf h\u1eefu m\u1eabu\u00a0<strong class=\"Yjhzub\" data-sfc-root=\"c\" data-sfc-cb=\"\" data-complete=\"true\" data-processed=\"true\">\u0111\u1ea7m d\u1ef1 ti\u1ec7c sang tr\u1ecdng<\/strong>\u00a0n\u00e0y \u0111\u1ec3 tr\u1edf th\u00e0nh t\u00e2m \u0111i\u1ec3m c\u1ee7a m\u1ecdi \u00e1nh nh\u00ecn! B\u1ea1n c\u0169ng c\u00f3 th\u1ec3 xem th\u00eam c\u00e1c m\u1eabu [\u0111\u1ea7m midi] ho\u1eb7c c\u00e1c b\u1ed9 s\u01b0u t\u1eadp m\u1edbi nh\u1ea5t t\u1ea1i danh m\u1ee5c s\u1ea3n ph\u1ea9m c\u1ee7a ch\u00fang t\u00f4i.<\/div>\n<\/li>\n<\/ul>\n<p><span dir=\"auto\" style=\"vertical-align: inherit;\"><span dir=\"auto\" style=\"vertical-align: inherit;\">*** Vui l\u00f2ng inbox LUNA CLOSET \u0111\u1ec3 \u0111\u01b0\u1ee3c t\u01b0 v\u1ea5n ch\u00ednh x\u00e1c h\u01a1n.<\/span><\/span><\/p>\n<p><a href=\"https:\/\/www.facebook.com\/share\/1AfX43mgc8\/?mibextid=wwXIfr\"><span dir=\"auto\" style=\"vertical-align: inherit;\"><span dir=\"auto\" style=\"vertical-align: inherit;\">https:\/\/www.facebook.com\/share\/1AfX43mgc8\/?mibextid=wwXIfr<\/span><\/span><\/a><\/p>\n<p>&nbsp;<\/p>\n<p><img loading=\"lazy\" decoding=\"async\" class=\"alignnone wp-image-174 size-full\" src=\"https:\/\/amazon.azdigi.shop\/wp-content\/uploads\/2026\/03\/sp19-vang-a5.jpg\" alt=\"m\u1eabu \u0111\u1ea7m d\u1ef1 ti\u1ec7c sang tr\u1ecdng d\u00e1ng x\u00f2e\" width=\"1796\" height=\"1796\" srcset=\"https:\/\/amazon.azdigi.shop\/wp-content\/uploads\/2026\/03\/sp19-vang-a5.jpg 1796w, https:\/\/amazon.azdigi.shop\/wp-content\/uploads\/2026\/03\/sp19-vang-a5-300x300.jpg 300w, https:\/\/amazon.azdigi.shop\/wp-content\/uploads\/2026\/03\/sp19-vang-a5-1024x1024.jpg 1024w, https:\/\/amazon.azdigi.shop\/wp-content\/uploads\/2026\/03\/sp19-vang-a5-150x150.jpg 150w, https:\/\/amazon.azdigi.shop\/wp-content\/uploads\/2026\/03\/sp19-vang-a5-768x768.jpg 768w, https:\/\/amazon.azdigi.shop\/wp-content\/uploads\/2026\/03\/sp19-vang-a5-1536x1536.jpg 1536w, https:\/\/amazon.azdigi.shop\/wp-content\/uploads\/2026\/03\/sp19-vang-a5-600x600.jpg 600w, https:\/\/amazon.azdigi.shop\/wp-content\/uploads\/2026\/03\/sp19-vang-a5-100x100.jpg 100w\" sizes=\"auto, (max-width: 1796px) 100vw, 1796px\" \/><\/p>\n","protected":false},"excerpt":{"rendered":"<p>\u00a0\u0110\u1ea7m d\u1ef1 ti\u1ec7c sang tr\u1ecdng \u2013 Kh\u01a1i d\u1eady v\u1ebb \u0111\u1eb9p qu\u00fd ph\u00e1i \u0110\u1ea7m d\u1ef1 ti\u1ec7c sang tr\u1ecdng\u00a0l\u00e0 l\u1ef1a ch\u1ecdn ho\u00e0n h\u1ea3o d\u00e0nh cho nh\u1eefng qu\u00fd c\u00f4 mu\u1ed1n t\u1ecfa s\u00e1ng trong c\u00e1c s\u1ef1 ki\u1ec7n quan tr\u1ecdng. V\u1edbi thi\u1ebft k\u1ebf tinh t\u1ebf, t\u1ec9 m\u1ec9 trong t\u1eebng \u0111\u01b0\u1eddng kim m\u0169i ch\u1ec9, m\u1eabu \u0111\u1ea7m n\u00e0y kh\u00f4ng ch\u1ec9 t\u00f4n vinh [&#8230;]\n","protected":false},"featured_media":174,"comment_status":"open","ping_status":"closed","template":"","meta":[],"product_brand":[],"product_cat":[39,40,20,53,46,32,29,19,21,54],"product_tag":[],"class_list":{"0":"post-169","1":"product","2":"type-product","3":"status-publish","4":"has-post-thumbnail","6":"product_cat-a-day-with-labby","7":"product_cat-breath-of-summer","8":"product_cat-dam","9":"product_cat-dam-du-tiec","10":"product_cat-dam-midi","11":"product_cat-dream-closet","12":"product_cat-in-her-stillness","13":"product_cat-set","14":"product_cat-vay","15":"product_cat-vay-ngan","17":"first","18":"instock","19":"sale","20":"shipping-taxable","21":"purchasable","22":"product-type-variable"},"yoast_head":"<!-- This site is optimized with the Yoast SEO plugin v27.2 - https:\/\/yoast.com\/product\/yoast-seo-wordpress\/ -->\n<title>ANGEL PLEATED ICONIC DRESS LUNA CLOSET - lunacloset<\/title>\n<meta name=\"description\" content=\"\u0110\u1ea7m form d\u00e1ng xo\u00e8, tay d\u00e0i, smocking ph\u1ea7n eo co gi\u00e3n v\u00e0 \u0111u\u00f4i v\u00e1y \u0111\u01b0\u1ee3c d\u1eadp ly. Ph\u00eda ng\u1ef1c tr\u00e1i th\u00eau logo K b\u1eb1ng ch\u1ec9 n\u1ed5i h\u1ed3ng, ph\u1ea7n sau cut out kho\u00e9t \u1edf l\u01b0ng\" \/>\n<meta name=\"robots\" content=\"index, follow, max-snippet:-1, max-image-preview:large, max-video-preview:-1\" \/>\n<link rel=\"canonical\" href=\"https:\/\/amazon.azdigi.shop\/index.php\/product\/angel-pleated-iconic-dress-luna-closet\/\" \/>\n<meta property=\"og:locale\" content=\"en_US\" \/>\n<meta property=\"og:type\" content=\"article\" \/>\n<meta property=\"og:title\" content=\"ANGEL PLEATED ICONIC DRESS LUNA CLOSET - lunacloset\" \/>\n<meta property=\"og:description\" content=\"\u0110\u1ea7m form d\u00e1ng xo\u00e8, tay d\u00e0i, smocking ph\u1ea7n eo co gi\u00e3n v\u00e0 \u0111u\u00f4i v\u00e1y \u0111\u01b0\u1ee3c d\u1eadp ly. Ph\u00eda ng\u1ef1c tr\u00e1i th\u00eau logo K b\u1eb1ng ch\u1ec9 n\u1ed5i h\u1ed3ng, ph\u1ea7n sau cut out kho\u00e9t \u1edf l\u01b0ng\" \/>\n<meta property=\"og:url\" content=\"https:\/\/amazon.azdigi.shop\/index.php\/product\/angel-pleated-iconic-dress-luna-closet\/\" \/>\n<meta property=\"og:site_name\" content=\"lunacloset\" \/>\n<meta property=\"article:modified_time\" content=\"2026-04-18T08:35:56+00:00\" \/>\n<meta property=\"og:image\" content=\"https:\/\/amazon.azdigi.shop\/wp-content\/uploads\/2026\/03\/sp19-vang-a5.jpg?wsr\" \/>\n\t<meta property=\"og:image:width\" content=\"1796\" \/>\n\t<meta property=\"og:image:height\" content=\"1796\" \/>\n\t<meta property=\"og:image:type\" content=\"image\/jpeg\" \/>\n<meta name=\"twitter:card\" content=\"summary_large_image\" \/>\n<meta name=\"twitter:label1\" content=\"Est. reading time\" \/>\n\t<meta name=\"twitter:data1\" content=\"3 minutes\" \/>\n<script type=\"application\/ld+json\" class=\"yoast-schema-graph\">{\"@context\":\"https:\/\/schema.org\",\"@graph\":[{\"@type\":\"WebPage\",\"@id\":\"https:\/\/amazon.azdigi.shop\/index.php\/product\/angel-pleated-iconic-dress-luna-closet\/\",\"url\":\"https:\/\/amazon.azdigi.shop\/index.php\/product\/angel-pleated-iconic-dress-luna-closet\/\",\"name\":\"ANGEL PLEATED ICONIC DRESS LUNA CLOSET - lunacloset\",\"isPartOf\":{\"@id\":\"https:\/\/amazon.azdigi.shop\/#website\"},\"primaryImageOfPage\":{\"@id\":\"https:\/\/amazon.azdigi.shop\/index.php\/product\/angel-pleated-iconic-dress-luna-closet\/#primaryimage\"},\"image\":{\"@id\":\"https:\/\/amazon.azdigi.shop\/index.php\/product\/angel-pleated-iconic-dress-luna-closet\/#primaryimage\"},\"thumbnailUrl\":\"https:\/\/amazon.azdigi.shop\/wp-content\/uploads\/2026\/03\/sp19-vang-a5.jpg?wsr\",\"datePublished\":\"2026-03-21T19:39:23+00:00\",\"dateModified\":\"2026-04-18T08:35:56+00:00\",\"description\":\"\u0110\u1ea7m form d\u00e1ng xo\u00e8, tay d\u00e0i, smocking ph\u1ea7n eo co gi\u00e3n v\u00e0 \u0111u\u00f4i v\u00e1y \u0111\u01b0\u1ee3c d\u1eadp ly. Ph\u00eda ng\u1ef1c tr\u00e1i th\u00eau logo K b\u1eb1ng ch\u1ec9 n\u1ed5i h\u1ed3ng, ph\u1ea7n sau cut out kho\u00e9t \u1edf l\u01b0ng\",\"breadcrumb\":{\"@id\":\"https:\/\/amazon.azdigi.shop\/index.php\/product\/angel-pleated-iconic-dress-luna-closet\/#breadcrumb\"},\"inLanguage\":\"en-US\",\"potentialAction\":[{\"@type\":\"ReadAction\",\"target\":[\"https:\/\/amazon.azdigi.shop\/index.php\/product\/angel-pleated-iconic-dress-luna-closet\/\"]}]},{\"@type\":\"ImageObject\",\"inLanguage\":\"en-US\",\"@id\":\"https:\/\/amazon.azdigi.shop\/index.php\/product\/angel-pleated-iconic-dress-luna-closet\/#primaryimage\",\"url\":\"https:\/\/amazon.azdigi.shop\/wp-content\/uploads\/2026\/03\/sp19-vang-a5.jpg?wsr\",\"contentUrl\":\"https:\/\/amazon.azdigi.shop\/wp-content\/uploads\/2026\/03\/sp19-vang-a5.jpg?wsr\",\"width\":1796,\"height\":1796},{\"@type\":\"BreadcrumbList\",\"@id\":\"https:\/\/amazon.azdigi.shop\/index.php\/product\/angel-pleated-iconic-dress-luna-closet\/#breadcrumb\",\"itemListElement\":[{\"@type\":\"ListItem\",\"position\":1,\"name\":\"Home\",\"item\":\"https:\/\/amazon.azdigi.shop\/\"},{\"@type\":\"ListItem\",\"position\":2,\"name\":\"Shop\",\"item\":\"https:\/\/amazon.azdigi.shop\/index.php\/shop\/\"},{\"@type\":\"ListItem\",\"position\":3,\"name\":\"ANGEL PLEATED ICONIC DRESS LUNA CLOSET\"}]},{\"@type\":\"WebSite\",\"@id\":\"https:\/\/amazon.azdigi.shop\/#website\",\"url\":\"https:\/\/amazon.azdigi.shop\/\",\"name\":\"lunacloset\",\"description\":\"\",\"potentialAction\":[{\"@type\":\"SearchAction\",\"target\":{\"@type\":\"EntryPoint\",\"urlTemplate\":\"https:\/\/amazon.azdigi.shop\/?s={search_term_string}\"},\"query-input\":{\"@type\":\"PropertyValueSpecification\",\"valueRequired\":true,\"valueName\":\"search_term_string\"}}],\"inLanguage\":\"en-US\"}]}<\/script>\n<!-- \/ Yoast SEO plugin. -->","yoast_head_json":{"title":"ANGEL PLEATED ICONIC DRESS LUNA CLOSET - lunacloset","description":"\u0110\u1ea7m form d\u00e1ng xo\u00e8, tay d\u00e0i, smocking ph\u1ea7n eo co gi\u00e3n v\u00e0 \u0111u\u00f4i v\u00e1y \u0111\u01b0\u1ee3c d\u1eadp ly. Ph\u00eda ng\u1ef1c tr\u00e1i th\u00eau logo K b\u1eb1ng ch\u1ec9 n\u1ed5i h\u1ed3ng, ph\u1ea7n sau cut out kho\u00e9t \u1edf l\u01b0ng","robots":{"index":"index","follow":"follow","max-snippet":"max-snippet:-1","max-image-preview":"max-image-preview:large","max-video-preview":"max-video-preview:-1"},"canonical":"https:\/\/amazon.azdigi.shop\/index.php\/product\/angel-pleated-iconic-dress-luna-closet\/","og_locale":"en_US","og_type":"article","og_title":"ANGEL PLEATED ICONIC DRESS LUNA CLOSET - lunacloset","og_description":"\u0110\u1ea7m form d\u00e1ng xo\u00e8, tay d\u00e0i, smocking ph\u1ea7n eo co gi\u00e3n v\u00e0 \u0111u\u00f4i v\u00e1y \u0111\u01b0\u1ee3c d\u1eadp ly. Ph\u00eda ng\u1ef1c tr\u00e1i th\u00eau logo K b\u1eb1ng ch\u1ec9 n\u1ed5i h\u1ed3ng, ph\u1ea7n sau cut out kho\u00e9t \u1edf l\u01b0ng","og_url":"https:\/\/amazon.azdigi.shop\/index.php\/product\/angel-pleated-iconic-dress-luna-closet\/","og_site_name":"lunacloset","article_modified_time":"2026-04-18T08:35:56+00:00","og_image":[{"width":1796,"height":1796,"url":"https:\/\/amazon.azdigi.shop\/wp-content\/uploads\/2026\/03\/sp19-vang-a5.jpg?wsr","type":"image\/jpeg"}],"twitter_card":"summary_large_image","twitter_misc":{"Est. reading time":"3 minutes"},"schema":{"@context":"https:\/\/schema.org","@graph":[{"@type":"WebPage","@id":"https:\/\/amazon.azdigi.shop\/index.php\/product\/angel-pleated-iconic-dress-luna-closet\/","url":"https:\/\/amazon.azdigi.shop\/index.php\/product\/angel-pleated-iconic-dress-luna-closet\/","name":"ANGEL PLEATED ICONIC DRESS LUNA CLOSET - lunacloset","isPartOf":{"@id":"https:\/\/amazon.azdigi.shop\/#website"},"primaryImageOfPage":{"@id":"https:\/\/amazon.azdigi.shop\/index.php\/product\/angel-pleated-iconic-dress-luna-closet\/#primaryimage"},"image":{"@id":"https:\/\/amazon.azdigi.shop\/index.php\/product\/angel-pleated-iconic-dress-luna-closet\/#primaryimage"},"thumbnailUrl":"https:\/\/amazon.azdigi.shop\/wp-content\/uploads\/2026\/03\/sp19-vang-a5.jpg?wsr","datePublished":"2026-03-21T19:39:23+00:00","dateModified":"2026-04-18T08:35:56+00:00","description":"\u0110\u1ea7m form d\u00e1ng xo\u00e8, tay d\u00e0i, smocking ph\u1ea7n eo co gi\u00e3n v\u00e0 \u0111u\u00f4i v\u00e1y \u0111\u01b0\u1ee3c d\u1eadp ly. Ph\u00eda ng\u1ef1c tr\u00e1i th\u00eau logo K b\u1eb1ng ch\u1ec9 n\u1ed5i h\u1ed3ng, ph\u1ea7n sau cut out kho\u00e9t \u1edf l\u01b0ng","breadcrumb":{"@id":"https:\/\/amazon.azdigi.shop\/index.php\/product\/angel-pleated-iconic-dress-luna-closet\/#breadcrumb"},"inLanguage":"en-US","potentialAction":[{"@type":"ReadAction","target":["https:\/\/amazon.azdigi.shop\/index.php\/product\/angel-pleated-iconic-dress-luna-closet\/"]}]},{"@type":"ImageObject","inLanguage":"en-US","@id":"https:\/\/amazon.azdigi.shop\/index.php\/product\/angel-pleated-iconic-dress-luna-closet\/#primaryimage","url":"https:\/\/amazon.azdigi.shop\/wp-content\/uploads\/2026\/03\/sp19-vang-a5.jpg?wsr","contentUrl":"https:\/\/amazon.azdigi.shop\/wp-content\/uploads\/2026\/03\/sp19-vang-a5.jpg?wsr","width":1796,"height":1796},{"@type":"BreadcrumbList","@id":"https:\/\/amazon.azdigi.shop\/index.php\/product\/angel-pleated-iconic-dress-luna-closet\/#breadcrumb","itemListElement":[{"@type":"ListItem","position":1,"name":"Home","item":"https:\/\/amazon.azdigi.shop\/"},{"@type":"ListItem","position":2,"name":"Shop","item":"https:\/\/amazon.azdigi.shop\/index.php\/shop\/"},{"@type":"ListItem","position":3,"name":"ANGEL PLEATED ICONIC DRESS LUNA CLOSET"}]},{"@type":"WebSite","@id":"https:\/\/amazon.azdigi.shop\/#website","url":"https:\/\/amazon.azdigi.shop\/","name":"lunacloset","description":"","potentialAction":[{"@type":"SearchAction","target":{"@type":"EntryPoint","urlTemplate":"https:\/\/amazon.azdigi.shop\/?s={search_term_string}"},"query-input":{"@type":"PropertyValueSpecification","valueRequired":true,"valueName":"search_term_string"}}],"inLanguage":"en-US"}]}},"_links":{"self":[{"href":"https:\/\/amazon.azdigi.shop\/index.php\/wp-json\/wp\/v2\/product\/169","targetHints":{"allow":["GET"]}}],"collection":[{"href":"https:\/\/amazon.azdigi.shop\/index.php\/wp-json\/wp\/v2\/product"}],"about":[{"href":"https:\/\/amazon.azdigi.shop\/index.php\/wp-json\/wp\/v2\/types\/product"}],"replies":[{"embeddable":true,"href":"https:\/\/amazon.azdigi.shop\/index.php\/wp-json\/wp\/v2\/comments?post=169"}],"wp:featuredmedia":[{"embeddable":true,"href":"https:\/\/amazon.azdigi.shop\/index.php\/wp-json\/wp\/v2\/media\/174"}],"wp:attachment":[{"href":"https:\/\/amazon.azdigi.shop\/index.php\/wp-json\/wp\/v2\/media?parent=169"}],"wp:term":[{"taxonomy":"product_brand","embeddable":true,"href":"https:\/\/amazon.azdigi.shop\/index.php\/wp-json\/wp\/v2\/product_brand?post=169"},{"taxonomy":"product_cat","embeddable":true,"href":"https:\/\/amazon.azdigi.shop\/index.php\/wp-json\/wp\/v2\/product_cat?post=169"},{"taxonomy":"product_tag","embeddable":true,"href":"https:\/\/amazon.azdigi.shop\/index.php\/wp-json\/wp\/v2\/product_tag?post=169"}],"curies":[{"name":"wp","href":"https:\/\/api.w.org\/{rel}","templated":true}]}}