{"id":165,"date":"2026-03-21T19:35:02","date_gmt":"2026-03-21T19:35:02","guid":{"rendered":"https:\/\/amazon.azdigi.shop\/?post_type=product&#038;p=165"},"modified":"2026-04-18T08:48:32","modified_gmt":"2026-04-18T08:48:32","slug":"ao-so-mi-sat-nach-dem-vai-luna-closet","status":"publish","type":"product","link":"https:\/\/amazon.azdigi.shop\/index.php\/product\/ao-so-mi-sat-nach-dem-vai-luna-closet\/","title":{"rendered":"\u00c1O S\u01a0 MI S\u00c1T N\u00c1CH \u0110\u1ec6M VAI LUNA CLOSET"},"content":{"rendered":"<h2 data-sfc-root=\"c\" data-hveid=\"CAEIChAA\" data-complete=\"true\" data-processed=\"true\"><strong class=\"Yjhzub\" data-sfc-root=\"c\" data-sfc-cb=\"\" data-complete=\"true\" aria-owns=\"action-menu-parent-container\">T\u1ea1i sao n\u00ean ch\u1ecdn \u00c1o s\u01a1 mi s\u00e1t n\u00e1ch c\u00f3 \u0111\u1ec7m vai?<\/strong><\/h2>\n<div class=\"Y3BBE\" data-sfc-cp=\"\" data-sfc-root=\"c\" data-sfc-cb=\"\" data-hveid=\"CAEIChAA\" data-complete=\"true\" data-processed=\"true\">M\u1eabu\u00a0<strong class=\"Yjhzub\" data-sfc-root=\"c\" data-sfc-cb=\"\" data-complete=\"true\" data-processed=\"true\">\u00c1o s\u01a1 mi s\u00e1t n\u00e1ch c\u00f3 \u0111\u1ec7m vai<\/strong>\u00a0l\u00e0 thi\u1ebft k\u1ebf kh\u00f4ng th\u1ec3 thi\u1ebfu trong t\u1ee7 \u0111\u1ed3 c\u1ee7a nh\u1eefng c\u00f4 n\u00e0ng hi\u1ec7n \u0111\u1ea1i. V\u1edbi s\u1ef1 k\u1ebft h\u1ee3p gi\u1eefa n\u00e9t thanh l\u1ecbch c\u1ee7a s\u01a1 mi truy\u1ec1n th\u1ed1ng v\u00e0 s\u1ef1 ph\u00e1 c\u00e1ch c\u1ee7a chi ti\u1ebft \u0111\u1ec7m vai, s\u1ea3n ph\u1ea9m gi\u00fap t\u00f4n l\u00ean v\u1ebb ngo\u00e0i quy\u1ec1n l\u1ef1c v\u00e0 t\u1ef1 tin.<button class=\"rBl3me\" tabindex=\"0\" data-amic=\"true\" data-icl-uuid=\"c59ac877-6f57-4744-b4c9-6f50a042dd4c\" aria-label=\"Xem c\u00e1c \u0111\u01b0\u1eddng li\u00ean k\u1ebft c\u00f3 li\u00ean quan\" data-wiz-attrbind=\"disabled=kFwNDb_1w\/C5gNJc;aria-label=kFwNDb_1w\/bOjMyf;class=kFwNDb_1w\/UpSNec\" data-ved=\"2ahUKEwih6Ou1weaTAxV6bvUHHQKUAZoQye0OegYIAQgKEAE\" data-hveid=\"CAEIChAB\"><\/button><\/div>\n<div class=\"Y3BBE\" data-sfc-cp=\"\" data-sfc-root=\"c\" data-sfc-cb=\"\" data-hveid=\"CAEICxAA\" data-complete=\"true\" data-processed=\"true\">S\u1ea3n ph\u1ea9m \u0111\u01b0\u1ee3c l\u00e0m t\u1eeb ch\u1ea5t li\u1ec7u\u00a0<strong class=\"Yjhzub\" data-sfc-root=\"c\" data-sfc-cb=\"\" data-complete=\"true\" data-processed=\"true\">Cotton Silk <\/strong>m\u1ec1m m\u1ea1i, tho\u00e1ng m\u00e1t v\u00e0 c\u1ef1c k\u1ef3 gi\u1eef form. \u0110i\u1ec3m nh\u1ea5n \u0111\u1eb7c bi\u1ec7t c\u1ee7a chi\u1ebfc \u00e1o n\u00e0y ch\u00ednh l\u00e0 ph\u1ea7n tag da in ch\u00ecm logo tinh t\u1ebf, t\u1ea1o n\u00ean s\u1ef1 kh\u00e1c bi\u1ec7t ho\u00e0n to\u00e0n so v\u1edbi c\u00e1c m\u1eabu \u00e1o th\u00f4ng th\u01b0\u1eddng.<button class=\"rBl3me\" tabindex=\"0\" data-amic=\"true\" data-icl-uuid=\"a2cf9529-832b-43e0-9284-d11e75e17398\" aria-label=\"Xem c\u00e1c \u0111\u01b0\u1eddng li\u00ean k\u1ebft c\u00f3 li\u00ean quan\" data-wiz-attrbind=\"disabled=kFwNDb_22\/C5gNJc;aria-label=kFwNDb_22\/bOjMyf;class=kFwNDb_22\/UpSNec\" data-ved=\"2ahUKEwih6Ou1weaTAxV6bvUHHQKUAZoQye0OegYIAQgLEAE\" data-hveid=\"CAEICxAB\"><\/button><\/div>\n<div class=\"Fsg96\" data-sfc-cp=\"\" data-sfc-root=\"c\" data-sfc-cb=\"\" data-complete=\"true\" data-processed=\"true\"><\/div>\n<div class=\"Fsg96\" data-sfc-cp=\"\" data-sfc-root=\"c\" data-sfc-cb=\"\" data-complete=\"true\" data-processed=\"true\"><\/div>\n<div class=\"otQkpb\" role=\"heading\" aria-level=\"3\" data-animation-nesting=\"\" data-sfc-cp=\"\" data-sfc-root=\"c\" data-sfc-cb=\"\" data-complete=\"true\" data-processed=\"true\" data-sae=\"\" aria-owns=\"action-menu-parent-container\">B\u1ea1n c\u00f3 th\u1ec3 d\u1ec5 d\u00e0ng ph\u1ed1i chi\u1ebfc \u00e1o n\u00e0y v\u1edbi ch\u00e2n v\u00e1y ho\u1eb7c qu\u1ea7n t\u00e2y \u0111\u1ec3 c\u00f3 m\u1ed9t set \u0111\u1ed3 c\u00f4ng s\u1edf ho\u00e0n h\u1ea3o. \u0110\u1eebng qu\u00ean tham kh\u1ea3o th\u00eam c\u00e1c m\u1eabu\u00a0<strong class=\"Yjhzub\" data-sfc-root=\"c\" data-sfc-cb=\"\" data-complete=\"true\">[S\u01a1 mi n\u1eef]<\/strong>\u00a0kh\u00e1c t\u1ea1i LUNA CLOSET \u0111\u1ec3 nh\u1eadn nhi\u1ec1u \u01b0u \u0111\u00e3i h\u1ea5p d\u1eabn.<\/div>\n<p><strong>PRODUCT DETAILS:\u00a0<\/strong>\u00c1o s\u01a1 mi s\u00e1t n\u00e1ch c\u00f3 \u0111\u1ec7m vai, ph\u1ea7n ng\u1ef1c c\u00f3 tag da in ch\u00ecm logo K CLOSET<\/p>\n<p><strong>TH\u00d4NG S\u1ed0 S\u1ea2N PH\u1ea8M<\/strong><\/p>\n<p><strong>Ch\u1ea5t li\u1ec7u:<\/strong>\u00a0<a href=\"https:\/\/en.wikipedia.org\/wiki\/Silk\">Cotton Silk<\/a><\/p>\n<p><strong>M\u00e0u s\u1eafc:\u00a0<\/strong>X\u00e1m<\/p>\n<p><strong>Size:<\/strong>\u00a0Size S: Ng\u1ef1c 82-84, Eo 66-68, M\u00f4ng 88-90<\/p>\n<p>Size M: Ng\u1ef1c 86-88, Eo 70-72, M\u00f4ng 90-92<\/p>\n<p>Size L:\u00a0Ng\u1ef1c 90-92, Eo 74-76, M\u00f4ng 94-96<\/p>\n<p><strong>KH\u00c1CH H\u00c0NG L\u01afU \u00dd:<\/strong><\/p>\n<p>&#8211; B\u1ea3ng size chart ch\u1ec9 mang t\u00ednh ch\u1ea5t tham kh\u1ea3o, t\u00f9y thu\u1ed9c v\u00e0o s\u1ed1 \u0111o c\u01a1 th\u1ec3 v\u00e0 ch\u1ea5t li\u1ec7u v\u1ea3i kh\u00e1c nhau s\u1ebd c\u00f3 s\u1ef1 ch\u00eanh l\u1ec7ch nh\u1ea5t \u0111\u1ecbnh.<\/p>\n<p>&#8211; M\u00e0u s\u1eafc v\u1ea3i c\u1ee7a s\u1ea3n ph\u1ea9m c\u00f3 th\u1ec3 s\u1ebd ch\u00eanh l\u1ec7ch th\u1ef1c t\u1ebf m\u1ed9t ph\u1ea7n nh\u1ecf, do \u1ea3nh h\u01b0\u1edfng v\u1ec1 \u0111\u1ed9 l\u1ec7ch m\u00e0u c\u1ee7a \u00e1nh s\u00e1ng nh\u01b0ng v\u1eabn \u0111\u1ea3m b\u1ea3o ch\u1ea5t l\u01b0\u1ee3ng.<\/p>\n<p>gi\u1eb7t tay, kh\u00f4ng d\u00f9ng ch\u1ea5t t\u1ea9y<\/p>\n<p>*** Vui l\u00f2ng inbox LUNA CLOSET \u0111\u1ec3 \u0111\u01b0\u1ee3c t\u01b0 v\u1ea5n ch\u00ednh x\u00e1c h\u01a1n.<\/p>\n<p><img loading=\"lazy\" decoding=\"async\" class=\"alignnone wp-image-168 size-full\" src=\"https:\/\/amazon.azdigi.shop\/wp-content\/uploads\/2026\/03\/sp18-a3.jpg\" alt=\"\u00c1o s\u01a1 mi s\u00e1t n\u00e1ch c\u00f3 \u0111\u1ec7m vai m\u00e0u x\u00e1m Cotton Silk\" width=\"1080\" height=\"1350\" srcset=\"https:\/\/amazon.azdigi.shop\/wp-content\/uploads\/2026\/03\/sp18-a3.jpg 1080w, https:\/\/amazon.azdigi.shop\/wp-content\/uploads\/2026\/03\/sp18-a3-240x300.jpg 240w, https:\/\/amazon.azdigi.shop\/wp-content\/uploads\/2026\/03\/sp18-a3-819x1024.jpg 819w, https:\/\/amazon.azdigi.shop\/wp-content\/uploads\/2026\/03\/sp18-a3-768x960.jpg 768w, https:\/\/amazon.azdigi.shop\/wp-content\/uploads\/2026\/03\/sp18-a3-600x750.jpg 600w\" sizes=\"auto, (max-width: 1080px) 100vw, 1080px\" \/><\/p>\n","protected":false},"excerpt":{"rendered":"<p>T\u1ea1i sao n\u00ean ch\u1ecdn \u00c1o s\u01a1 mi s\u00e1t n\u00e1ch c\u00f3 \u0111\u1ec7m vai? M\u1eabu\u00a0\u00c1o s\u01a1 mi s\u00e1t n\u00e1ch c\u00f3 \u0111\u1ec7m vai\u00a0l\u00e0 thi\u1ebft k\u1ebf kh\u00f4ng th\u1ec3 thi\u1ebfu trong t\u1ee7 \u0111\u1ed3 c\u1ee7a nh\u1eefng c\u00f4 n\u00e0ng hi\u1ec7n \u0111\u1ea1i. V\u1edbi s\u1ef1 k\u1ebft h\u1ee3p gi\u1eefa n\u00e9t thanh l\u1ecbch c\u1ee7a s\u01a1 mi truy\u1ec1n th\u1ed1ng v\u00e0 s\u1ef1 ph\u00e1 c\u00e1ch c\u1ee7a chi ti\u1ebft \u0111\u1ec7m [&#8230;]\n","protected":false},"featured_media":166,"comment_status":"open","ping_status":"closed","template":"","meta":[],"product_brand":[],"product_cat":[39,17,41,42,40,30,32,34],"product_tag":[],"class_list":{"0":"post-165","1":"product","2":"type-product","3":"status-publish","4":"has-post-thumbnail","6":"product_cat-a-day-with-labby","7":"product_cat-ao","8":"product_cat-ao-kieu","9":"product_cat-ao-so-mi","10":"product_cat-breath-of-summer","11":"product_cat-coastal-muse","12":"product_cat-dream-closet","13":"product_cat-luminious-spring","15":"first","16":"instock","17":"sale","18":"shipping-taxable","19":"purchasable","20":"product-type-variable"},"yoast_head":"<!-- This site is optimized with the Yoast SEO plugin v27.2 - https:\/\/yoast.com\/product\/yoast-seo-wordpress\/ -->\n<title>\u00c1O S\u01a0 MI S\u00c1T N\u00c1CH \u0110\u1ec6M VAI LUNA CLOSET - lunacloset<\/title>\n<meta name=\"description\" content=\"S\u1edf h\u1eefu ngay m\u1eabu \u00c1o s\u01a1 mi s\u00e1t n\u00e1ch c\u00f3 \u0111\u1ec7m vai ch\u1ea5t li\u1ec7u Cotton Silk cao c\u1ea5p. Thi\u1ebft k\u1ebf hi\u1ec7n \u0111\u1ea1i, t\u00f4n d\u00e1ng, chu\u1ea9n phong c\u00e1ch c\u00f4ng s\u1edf. Xem ngay t\u1ea1i LUNA CLOSET!\" \/>\n<meta name=\"robots\" content=\"index, follow, max-snippet:-1, max-image-preview:large, max-video-preview:-1\" \/>\n<link rel=\"canonical\" href=\"https:\/\/amazon.azdigi.shop\/index.php\/product\/ao-so-mi-sat-nach-dem-vai-luna-closet\/\" \/>\n<meta property=\"og:locale\" content=\"en_US\" \/>\n<meta property=\"og:type\" content=\"article\" \/>\n<meta property=\"og:title\" content=\"\u00c1O S\u01a0 MI S\u00c1T N\u00c1CH \u0110\u1ec6M VAI LUNA CLOSET - lunacloset\" \/>\n<meta property=\"og:description\" content=\"S\u1edf h\u1eefu ngay m\u1eabu \u00c1o s\u01a1 mi s\u00e1t n\u00e1ch c\u00f3 \u0111\u1ec7m vai ch\u1ea5t li\u1ec7u Cotton Silk cao c\u1ea5p. Thi\u1ebft k\u1ebf hi\u1ec7n \u0111\u1ea1i, t\u00f4n d\u00e1ng, chu\u1ea9n phong c\u00e1ch c\u00f4ng s\u1edf. Xem ngay t\u1ea1i LUNA CLOSET!\" \/>\n<meta property=\"og:url\" content=\"https:\/\/amazon.azdigi.shop\/index.php\/product\/ao-so-mi-sat-nach-dem-vai-luna-closet\/\" \/>\n<meta property=\"og:site_name\" content=\"lunacloset\" \/>\n<meta property=\"article:modified_time\" content=\"2026-04-18T08:48:32+00:00\" \/>\n<meta property=\"og:image\" content=\"https:\/\/amazon.azdigi.shop\/wp-content\/uploads\/2026\/03\/sp18-a1.jpg?wsr\" \/>\n\t<meta property=\"og:image:width\" content=\"1080\" \/>\n\t<meta property=\"og:image:height\" content=\"1350\" \/>\n\t<meta property=\"og:image:type\" content=\"image\/jpeg\" \/>\n<meta name=\"twitter:card\" content=\"summary_large_image\" \/>\n<meta name=\"twitter:label1\" content=\"Est. reading time\" \/>\n\t<meta name=\"twitter:data1\" content=\"2 minutes\" \/>\n<script type=\"application\/ld+json\" class=\"yoast-schema-graph\">{\"@context\":\"https:\/\/schema.org\",\"@graph\":[{\"@type\":\"WebPage\",\"@id\":\"https:\/\/amazon.azdigi.shop\/index.php\/product\/ao-so-mi-sat-nach-dem-vai-luna-closet\/\",\"url\":\"https:\/\/amazon.azdigi.shop\/index.php\/product\/ao-so-mi-sat-nach-dem-vai-luna-closet\/\",\"name\":\"\u00c1O S\u01a0 MI S\u00c1T N\u00c1CH \u0110\u1ec6M VAI LUNA CLOSET - lunacloset\",\"isPartOf\":{\"@id\":\"https:\/\/amazon.azdigi.shop\/#website\"},\"primaryImageOfPage\":{\"@id\":\"https:\/\/amazon.azdigi.shop\/index.php\/product\/ao-so-mi-sat-nach-dem-vai-luna-closet\/#primaryimage\"},\"image\":{\"@id\":\"https:\/\/amazon.azdigi.shop\/index.php\/product\/ao-so-mi-sat-nach-dem-vai-luna-closet\/#primaryimage\"},\"thumbnailUrl\":\"https:\/\/amazon.azdigi.shop\/wp-content\/uploads\/2026\/03\/sp18-a1.jpg?wsr\",\"datePublished\":\"2026-03-21T19:35:02+00:00\",\"dateModified\":\"2026-04-18T08:48:32+00:00\",\"description\":\"S\u1edf h\u1eefu ngay m\u1eabu \u00c1o s\u01a1 mi s\u00e1t n\u00e1ch c\u00f3 \u0111\u1ec7m vai ch\u1ea5t li\u1ec7u Cotton Silk cao c\u1ea5p. Thi\u1ebft k\u1ebf hi\u1ec7n \u0111\u1ea1i, t\u00f4n d\u00e1ng, chu\u1ea9n phong c\u00e1ch c\u00f4ng s\u1edf. Xem ngay t\u1ea1i LUNA CLOSET!\",\"breadcrumb\":{\"@id\":\"https:\/\/amazon.azdigi.shop\/index.php\/product\/ao-so-mi-sat-nach-dem-vai-luna-closet\/#breadcrumb\"},\"inLanguage\":\"en-US\",\"potentialAction\":[{\"@type\":\"ReadAction\",\"target\":[\"https:\/\/amazon.azdigi.shop\/index.php\/product\/ao-so-mi-sat-nach-dem-vai-luna-closet\/\"]}]},{\"@type\":\"ImageObject\",\"inLanguage\":\"en-US\",\"@id\":\"https:\/\/amazon.azdigi.shop\/index.php\/product\/ao-so-mi-sat-nach-dem-vai-luna-closet\/#primaryimage\",\"url\":\"https:\/\/amazon.azdigi.shop\/wp-content\/uploads\/2026\/03\/sp18-a1.jpg?wsr\",\"contentUrl\":\"https:\/\/amazon.azdigi.shop\/wp-content\/uploads\/2026\/03\/sp18-a1.jpg?wsr\",\"width\":1080,\"height\":1350,\"caption\":\"\u00c1o s\u01a1 mi s\u00e1t n\u00e1ch c\u00f3 \u0111\u1ec7m vai m\u00e0u x\u00e1m Cotton Silk\"},{\"@type\":\"BreadcrumbList\",\"@id\":\"https:\/\/amazon.azdigi.shop\/index.php\/product\/ao-so-mi-sat-nach-dem-vai-luna-closet\/#breadcrumb\",\"itemListElement\":[{\"@type\":\"ListItem\",\"position\":1,\"name\":\"Home\",\"item\":\"https:\/\/amazon.azdigi.shop\/\"},{\"@type\":\"ListItem\",\"position\":2,\"name\":\"Shop\",\"item\":\"https:\/\/amazon.azdigi.shop\/index.php\/shop\/\"},{\"@type\":\"ListItem\",\"position\":3,\"name\":\"\u00c1O S\u01a0 MI S\u00c1T N\u00c1CH \u0110\u1ec6M VAI LUNA CLOSET\"}]},{\"@type\":\"WebSite\",\"@id\":\"https:\/\/amazon.azdigi.shop\/#website\",\"url\":\"https:\/\/amazon.azdigi.shop\/\",\"name\":\"lunacloset\",\"description\":\"\",\"potentialAction\":[{\"@type\":\"SearchAction\",\"target\":{\"@type\":\"EntryPoint\",\"urlTemplate\":\"https:\/\/amazon.azdigi.shop\/?s={search_term_string}\"},\"query-input\":{\"@type\":\"PropertyValueSpecification\",\"valueRequired\":true,\"valueName\":\"search_term_string\"}}],\"inLanguage\":\"en-US\"}]}<\/script>\n<!-- \/ Yoast SEO plugin. -->","yoast_head_json":{"title":"\u00c1O S\u01a0 MI S\u00c1T N\u00c1CH \u0110\u1ec6M VAI LUNA CLOSET - lunacloset","description":"S\u1edf h\u1eefu ngay m\u1eabu \u00c1o s\u01a1 mi s\u00e1t n\u00e1ch c\u00f3 \u0111\u1ec7m vai ch\u1ea5t li\u1ec7u Cotton Silk cao c\u1ea5p. Thi\u1ebft k\u1ebf hi\u1ec7n \u0111\u1ea1i, t\u00f4n d\u00e1ng, chu\u1ea9n phong c\u00e1ch c\u00f4ng s\u1edf. Xem ngay t\u1ea1i LUNA CLOSET!","robots":{"index":"index","follow":"follow","max-snippet":"max-snippet:-1","max-image-preview":"max-image-preview:large","max-video-preview":"max-video-preview:-1"},"canonical":"https:\/\/amazon.azdigi.shop\/index.php\/product\/ao-so-mi-sat-nach-dem-vai-luna-closet\/","og_locale":"en_US","og_type":"article","og_title":"\u00c1O S\u01a0 MI S\u00c1T N\u00c1CH \u0110\u1ec6M VAI LUNA CLOSET - lunacloset","og_description":"S\u1edf h\u1eefu ngay m\u1eabu \u00c1o s\u01a1 mi s\u00e1t n\u00e1ch c\u00f3 \u0111\u1ec7m vai ch\u1ea5t li\u1ec7u Cotton Silk cao c\u1ea5p. Thi\u1ebft k\u1ebf hi\u1ec7n \u0111\u1ea1i, t\u00f4n d\u00e1ng, chu\u1ea9n phong c\u00e1ch c\u00f4ng s\u1edf. Xem ngay t\u1ea1i LUNA CLOSET!","og_url":"https:\/\/amazon.azdigi.shop\/index.php\/product\/ao-so-mi-sat-nach-dem-vai-luna-closet\/","og_site_name":"lunacloset","article_modified_time":"2026-04-18T08:48:32+00:00","og_image":[{"width":1080,"height":1350,"url":"https:\/\/amazon.azdigi.shop\/wp-content\/uploads\/2026\/03\/sp18-a1.jpg?wsr","type":"image\/jpeg"}],"twitter_card":"summary_large_image","twitter_misc":{"Est. reading time":"2 minutes"},"schema":{"@context":"https:\/\/schema.org","@graph":[{"@type":"WebPage","@id":"https:\/\/amazon.azdigi.shop\/index.php\/product\/ao-so-mi-sat-nach-dem-vai-luna-closet\/","url":"https:\/\/amazon.azdigi.shop\/index.php\/product\/ao-so-mi-sat-nach-dem-vai-luna-closet\/","name":"\u00c1O S\u01a0 MI S\u00c1T N\u00c1CH \u0110\u1ec6M VAI LUNA CLOSET - lunacloset","isPartOf":{"@id":"https:\/\/amazon.azdigi.shop\/#website"},"primaryImageOfPage":{"@id":"https:\/\/amazon.azdigi.shop\/index.php\/product\/ao-so-mi-sat-nach-dem-vai-luna-closet\/#primaryimage"},"image":{"@id":"https:\/\/amazon.azdigi.shop\/index.php\/product\/ao-so-mi-sat-nach-dem-vai-luna-closet\/#primaryimage"},"thumbnailUrl":"https:\/\/amazon.azdigi.shop\/wp-content\/uploads\/2026\/03\/sp18-a1.jpg?wsr","datePublished":"2026-03-21T19:35:02+00:00","dateModified":"2026-04-18T08:48:32+00:00","description":"S\u1edf h\u1eefu ngay m\u1eabu \u00c1o s\u01a1 mi s\u00e1t n\u00e1ch c\u00f3 \u0111\u1ec7m vai ch\u1ea5t li\u1ec7u Cotton Silk cao c\u1ea5p. Thi\u1ebft k\u1ebf hi\u1ec7n \u0111\u1ea1i, t\u00f4n d\u00e1ng, chu\u1ea9n phong c\u00e1ch c\u00f4ng s\u1edf. Xem ngay t\u1ea1i LUNA CLOSET!","breadcrumb":{"@id":"https:\/\/amazon.azdigi.shop\/index.php\/product\/ao-so-mi-sat-nach-dem-vai-luna-closet\/#breadcrumb"},"inLanguage":"en-US","potentialAction":[{"@type":"ReadAction","target":["https:\/\/amazon.azdigi.shop\/index.php\/product\/ao-so-mi-sat-nach-dem-vai-luna-closet\/"]}]},{"@type":"ImageObject","inLanguage":"en-US","@id":"https:\/\/amazon.azdigi.shop\/index.php\/product\/ao-so-mi-sat-nach-dem-vai-luna-closet\/#primaryimage","url":"https:\/\/amazon.azdigi.shop\/wp-content\/uploads\/2026\/03\/sp18-a1.jpg?wsr","contentUrl":"https:\/\/amazon.azdigi.shop\/wp-content\/uploads\/2026\/03\/sp18-a1.jpg?wsr","width":1080,"height":1350,"caption":"\u00c1o s\u01a1 mi s\u00e1t n\u00e1ch c\u00f3 \u0111\u1ec7m vai m\u00e0u x\u00e1m Cotton Silk"},{"@type":"BreadcrumbList","@id":"https:\/\/amazon.azdigi.shop\/index.php\/product\/ao-so-mi-sat-nach-dem-vai-luna-closet\/#breadcrumb","itemListElement":[{"@type":"ListItem","position":1,"name":"Home","item":"https:\/\/amazon.azdigi.shop\/"},{"@type":"ListItem","position":2,"name":"Shop","item":"https:\/\/amazon.azdigi.shop\/index.php\/shop\/"},{"@type":"ListItem","position":3,"name":"\u00c1O S\u01a0 MI S\u00c1T N\u00c1CH \u0110\u1ec6M VAI LUNA CLOSET"}]},{"@type":"WebSite","@id":"https:\/\/amazon.azdigi.shop\/#website","url":"https:\/\/amazon.azdigi.shop\/","name":"lunacloset","description":"","potentialAction":[{"@type":"SearchAction","target":{"@type":"EntryPoint","urlTemplate":"https:\/\/amazon.azdigi.shop\/?s={search_term_string}"},"query-input":{"@type":"PropertyValueSpecification","valueRequired":true,"valueName":"search_term_string"}}],"inLanguage":"en-US"}]}},"_links":{"self":[{"href":"https:\/\/amazon.azdigi.shop\/index.php\/wp-json\/wp\/v2\/product\/165","targetHints":{"allow":["GET"]}}],"collection":[{"href":"https:\/\/amazon.azdigi.shop\/index.php\/wp-json\/wp\/v2\/product"}],"about":[{"href":"https:\/\/amazon.azdigi.shop\/index.php\/wp-json\/wp\/v2\/types\/product"}],"replies":[{"embeddable":true,"href":"https:\/\/amazon.azdigi.shop\/index.php\/wp-json\/wp\/v2\/comments?post=165"}],"wp:featuredmedia":[{"embeddable":true,"href":"https:\/\/amazon.azdigi.shop\/index.php\/wp-json\/wp\/v2\/media\/166"}],"wp:attachment":[{"href":"https:\/\/amazon.azdigi.shop\/index.php\/wp-json\/wp\/v2\/media?parent=165"}],"wp:term":[{"taxonomy":"product_brand","embeddable":true,"href":"https:\/\/amazon.azdigi.shop\/index.php\/wp-json\/wp\/v2\/product_brand?post=165"},{"taxonomy":"product_cat","embeddable":true,"href":"https:\/\/amazon.azdigi.shop\/index.php\/wp-json\/wp\/v2\/product_cat?post=165"},{"taxonomy":"product_tag","embeddable":true,"href":"https:\/\/amazon.azdigi.shop\/index.php\/wp-json\/wp\/v2\/product_tag?post=165"}],"curies":[{"name":"wp","href":"https:\/\/api.w.org\/{rel}","templated":true}]}}