{"id":148,"date":"2026-03-21T18:48:39","date_gmt":"2026-03-21T18:48:39","guid":{"rendered":"https:\/\/amazon.azdigi.shop\/?post_type=product&#038;p=148"},"modified":"2026-04-18T09:14:17","modified_gmt":"2026-04-18T09:14:17","slug":"ao-len-ghi-le-co-be-tui-hop-luna-closet","status":"publish","type":"product","link":"https:\/\/amazon.azdigi.shop\/index.php\/product\/ao-len-ghi-le-co-be-tui-hop-luna-closet\/","title":{"rendered":"\u00c1O LEN GHI L\u00ca C\u1ed4 B\u1eba T\u00daI H\u1ed8P LUNA CLOSET"},"content":{"rendered":"<h2><strong>PRODUCT DETAILS:\u00a0<\/strong>\u00c1o len ghi l\u00ea c\u1ed5 b\u1ebb t\u00fai h\u1ed9p th\u1eddi trang<\/h2>\n<div class=\"Y3BBE\" data-sfc-cp=\"\" data-sfc-root=\"c\" data-sfc-cb=\"\" data-hveid=\"CAEIBRAA\" data-complete=\"true\" data-processed=\"true\"><strong class=\"Yjhzub\" data-sfc-root=\"c\" data-sfc-cb=\"\" data-complete=\"true\" data-processed=\"true\">Gi\u1edbi thi\u1ec7u:<\/strong><br data-sfc-root=\"c\" data-sfc-pl=\"|[]\" data-sfc-cb=\"\" data-complete=\"true\" data-processed=\"true\" \/>Kh\u00e1m ph\u00e1 m\u1eabu\u00a0<strong class=\"Yjhzub\" data-sfc-root=\"c\" data-sfc-cb=\"\" data-complete=\"true\" data-processed=\"true\">\u00e1o len ghi l\u00ea c\u1ed5 b\u1ebb t\u00fai h\u1ed9p<\/strong>\u00a0m\u1edbi nh\u1ea5t, s\u1ef1 k\u1ebft h\u1ee3p ho\u00e0n h\u1ea3o gi\u1eefa n\u00e9t c\u1ed5 \u0111i\u1ec3n v\u00e0 h\u01a1i th\u1edf hi\u1ec7n \u0111\u1ea1i. Thi\u1ebft k\u1ebf ghi l\u00ea kh\u00f4ng tay n\u0103ng \u0111\u1ed9ng c\u00f9ng chi ti\u1ebft t\u00fai h\u1ed9p c\u00e1 t\u00ednh gi\u00fap b\u1ea1n d\u1ec5 d\u00e0ng l\u00e0m m\u1edbi phong c\u00e1ch h\u00e0ng ng\u00e0y. Ch\u1ea5t li\u1ec7u len m\u1ec1m m\u1ea1i mang l\u1ea1i c\u1ea3m gi\u00e1c tho\u1ea3i m\u00e1i tuy\u1ec7t \u0111\u1ed1i cho ng\u01b0\u1eddi m\u1eb7c.<\/div>\n<div class=\"Y3BBE\" data-sfc-cp=\"\" data-sfc-root=\"c\" data-sfc-cb=\"\" data-hveid=\"CAEIBhAA\" data-complete=\"true\" data-processed=\"true\"><strong class=\"Yjhzub\" data-sfc-root=\"c\" data-sfc-cb=\"\" data-complete=\"true\" data-processed=\"true\">\u0110\u1eb7c \u0111i\u1ec3m n\u1ed5i b\u1eadt c\u1ee7a \u00e1o len ghi l\u00ea c\u1ed5 b\u1ebb t\u00fai h\u1ed9p:<\/strong><\/div>\n<ul class=\"KsbFXc U6u95\" data-sfc-root=\"c\" data-sfc-cb=\"\" data-complete=\"true\" data-processed=\"true\">\n<li class=\"dF3vjf\" data-sfc-root=\"c\" data-sfc-cb=\"\" data-hveid=\"CAEIBxAA\" data-complete=\"true\" data-sae=\"\"><span class=\"T286Pc\" data-sfc-cp=\"\" data-sfc-root=\"c\" data-sfc-cb=\"\" data-complete=\"true\"><strong class=\"Yjhzub\" data-sfc-root=\"c\" data-sfc-cb=\"\" data-complete=\"true\">Thi\u1ebft k\u1ebf:<\/strong>\u00a0C\u1ed5 b\u1ebb sang tr\u1ecdng k\u1ebft h\u1ee3p c\u00f9ng t\u00fai h\u1ed9p phong c\u00e1ch cargo \u0111ang c\u1ef1c k\u1ef3 th\u1ecbnh h\u00e0nh n\u0103m 2026.<\/span><\/li>\n<li class=\"dF3vjf\" data-sfc-root=\"c\" data-sfc-cb=\"\" data-hveid=\"CAEIBxAB\" data-complete=\"true\" data-sae=\"\"><span class=\"T286Pc\" data-sfc-cp=\"\" data-sfc-root=\"c\" data-sfc-cb=\"\" data-complete=\"true\"><strong class=\"Yjhzub\" data-sfc-root=\"c\" data-sfc-cb=\"\" data-complete=\"true\">Ch\u1ea5t li\u1ec7u:<\/strong>\u00a0V\u1ea3i len cao c\u1ea5p, gi\u1eef form t\u1ed1t v\u00e0 c\u1ef1c k\u1ef3 tho\u00e1ng m\u00e1t.<\/span><\/li>\n<li class=\"dF3vjf\" data-sfc-root=\"c\" data-sfc-cb=\"\" data-hveid=\"CAEIBxAC\" data-complete=\"true\" data-sae=\"\"><span class=\"T286Pc\" data-sfc-cp=\"\" data-sfc-root=\"c\" data-sfc-cb=\"\" data-complete=\"true\" aria-owns=\"action-menu-parent-container\"><strong class=\"Yjhzub\" data-sfc-root=\"c\" data-sfc-cb=\"\" data-complete=\"true\">M\u00e0u s\u1eafc:<\/strong>\u00a0\u0110a d\u1ea1ng v\u1edbi c\u00e1c t\u00f4ng m\u00e0u X\u00e1m trung t\u00ednh v\u00e0 \u0110\u1ecf n\u1ed5i b\u1eadt.<\/span><\/li>\n<\/ul>\n<p><strong>TH\u00d4NG S\u1ed0 S\u1ea2N PH\u1ea8M<\/strong><\/p>\n<p><strong>Ch\u1ea5t li\u1ec7u:<\/strong>\u00a0Len<\/p>\n<p><strong>M\u00e0u s\u1eafc:\u00a0<\/strong>X\u00e1m, \u0110\u1ecf<\/p>\n<p><strong>Size:<\/strong>\u00a0Size S: Ng\u1ef1c 82-84, Eo 66-68, M\u00f4ng 88-90<\/p>\n<p>Size M: Ng\u1ef1c 86-88, Eo 70-72, M\u00f4ng 90-92<\/p>\n<p>Size L:\u00a0Ng\u1ef1c 90-92, Eo 74-76, M\u00f4ng 94-96<\/p>\n<p><strong>KH\u00c1CH H\u00c0NG L\u01afU \u00dd:<\/strong><\/p>\n<p>&#8211; B\u1ea3ng size chart ch\u1ec9 mang t\u00ednh ch\u1ea5t tham kh\u1ea3o, t\u00f9y thu\u1ed9c v\u00e0o s\u1ed1 \u0111o c\u01a1 th\u1ec3 v\u00e0 ch\u1ea5t li\u1ec7u v\u1ea3i kh\u00e1c nhau s\u1ebd c\u00f3 s\u1ef1 ch\u00eanh l\u1ec7ch nh\u1ea5t \u0111\u1ecbnh.<\/p>\n<p>&#8211; M\u00e0u s\u1eafc v\u1ea3i c\u1ee7a s\u1ea3n ph\u1ea9m c\u00f3 th\u1ec3 s\u1ebd ch\u00eanh l\u1ec7ch th\u1ef1c t\u1ebf m\u1ed9t ph\u1ea7n nh\u1ecf, do \u1ea3nh h\u01b0\u1edfng v\u1ec1 \u0111\u1ed9 l\u1ec7ch m\u00e0u c\u1ee7a \u00e1nh s\u00e1ng nh\u01b0ng v\u1eabn \u0111\u1ea3m b\u1ea3o ch\u1ea5t l\u01b0\u1ee3ng.<\/p>\n<p>*** Vui l\u00f2ng inbox LUNA CLOSET \u0111\u1ec3 \u0111\u01b0\u1ee3c t\u01b0 v\u1ea5n ch\u00ednh x\u00e1c h\u01a1n.<\/p>\n<p><a href=\"https:\/\/amazon.azdigi.shop\/\">https:\/\/amazon.azdigi.shop\/<\/a><\/p>\n<p><img loading=\"lazy\" decoding=\"async\" class=\"alignnone wp-image-152 size-full\" src=\"https:\/\/amazon.azdigi.shop\/wp-content\/uploads\/2026\/03\/sp16-a4.jpg\" alt=\"\u00c1o len ghi l\u00ea c\u1ed5 b\u1ebb t\u00fai h\u1ed9p Luna Closet.\" width=\"1080\" height=\"1350\" srcset=\"https:\/\/amazon.azdigi.shop\/wp-content\/uploads\/2026\/03\/sp16-a4.jpg 1080w, https:\/\/amazon.azdigi.shop\/wp-content\/uploads\/2026\/03\/sp16-a4-240x300.jpg 240w, https:\/\/amazon.azdigi.shop\/wp-content\/uploads\/2026\/03\/sp16-a4-819x1024.jpg 819w, https:\/\/amazon.azdigi.shop\/wp-content\/uploads\/2026\/03\/sp16-a4-768x960.jpg 768w, https:\/\/amazon.azdigi.shop\/wp-content\/uploads\/2026\/03\/sp16-a4-600x750.jpg 600w\" sizes=\"auto, (max-width: 1080px) 100vw, 1080px\" \/><\/p>\n","protected":false},"excerpt":{"rendered":"<p>PRODUCT DETAILS:\u00a0\u00c1o len ghi l\u00ea c\u1ed5 b\u1ebb t\u00fai h\u1ed9p th\u1eddi trang Gi\u1edbi thi\u1ec7u:Kh\u00e1m ph\u00e1 m\u1eabu\u00a0\u00e1o len ghi l\u00ea c\u1ed5 b\u1ebb t\u00fai h\u1ed9p\u00a0m\u1edbi nh\u1ea5t, s\u1ef1 k\u1ebft h\u1ee3p ho\u00e0n h\u1ea3o gi\u1eefa n\u00e9t c\u1ed5 \u0111i\u1ec3n v\u00e0 h\u01a1i th\u1edf hi\u1ec7n \u0111\u1ea1i. Thi\u1ebft k\u1ebf ghi l\u00ea kh\u00f4ng tay n\u0103ng \u0111\u1ed9ng c\u00f9ng chi ti\u1ebft t\u00fai h\u1ed9p c\u00e1 t\u00ednh gi\u00fap b\u1ea1n d\u1ec5 [&#8230;]\n","protected":false},"featured_media":152,"comment_status":"open","ping_status":"closed","template":"","meta":[],"product_brand":[],"product_cat":[39,17,41,43,40,30,29,34],"product_tag":[],"class_list":{"0":"post-148","1":"product","2":"type-product","3":"status-publish","4":"has-post-thumbnail","6":"product_cat-a-day-with-labby","7":"product_cat-ao","8":"product_cat-ao-kieu","9":"product_cat-ao-thun","10":"product_cat-breath-of-summer","11":"product_cat-coastal-muse","12":"product_cat-in-her-stillness","13":"product_cat-luminious-spring","15":"first","16":"instock","17":"sale","18":"shipping-taxable","19":"purchasable","20":"product-type-variable"},"yoast_head":"<!-- This site is optimized with the Yoast SEO plugin v27.2 - https:\/\/yoast.com\/product\/yoast-seo-wordpress\/ -->\n<title>\u00c1O LEN GHI L\u00ca C\u1ed4 B\u1eba T\u00daI H\u1ed8P LUNA CLOSET - lunacloset<\/title>\n<meta name=\"description\" content=\"Mua ngay \u00e1o len ghi l\u00ea c\u1ed5 b\u1ebb t\u00fai h\u1ed9p phong c\u00e1ch t\u1ea1i Luna Closet. Ch\u1ea5t li\u1ec7u len m\u1ec1m m\u1ea1i, thi\u1ebft k\u1ebf t\u00fai h\u1ed9p tr\u1ebb trung, \u0111\u1ee7 size S-M-L. \u0110\u1eb7t h\u00e0ng \u0111\u1ec3 nh\u1eadn \u01b0u \u0111\u00e3i ngay!\" \/>\n<meta name=\"robots\" content=\"index, follow, max-snippet:-1, max-image-preview:large, max-video-preview:-1\" \/>\n<link rel=\"canonical\" href=\"https:\/\/amazon.azdigi.shop\/index.php\/product\/ao-len-ghi-le-co-be-tui-hop-luna-closet\/\" \/>\n<meta property=\"og:locale\" content=\"en_US\" \/>\n<meta property=\"og:type\" content=\"article\" \/>\n<meta property=\"og:title\" content=\"\u00c1O LEN GHI L\u00ca C\u1ed4 B\u1eba T\u00daI H\u1ed8P LUNA CLOSET - lunacloset\" \/>\n<meta property=\"og:description\" content=\"Mua ngay \u00e1o len ghi l\u00ea c\u1ed5 b\u1ebb t\u00fai h\u1ed9p phong c\u00e1ch t\u1ea1i Luna Closet. Ch\u1ea5t li\u1ec7u len m\u1ec1m m\u1ea1i, thi\u1ebft k\u1ebf t\u00fai h\u1ed9p tr\u1ebb trung, \u0111\u1ee7 size S-M-L. \u0110\u1eb7t h\u00e0ng \u0111\u1ec3 nh\u1eadn \u01b0u \u0111\u00e3i ngay!\" \/>\n<meta property=\"og:url\" content=\"https:\/\/amazon.azdigi.shop\/index.php\/product\/ao-len-ghi-le-co-be-tui-hop-luna-closet\/\" \/>\n<meta property=\"og:site_name\" content=\"lunacloset\" \/>\n<meta property=\"article:modified_time\" content=\"2026-04-18T09:14:17+00:00\" \/>\n<meta property=\"og:image\" content=\"https:\/\/amazon.azdigi.shop\/wp-content\/uploads\/2026\/03\/sp16-a4.jpg?wsr\" \/>\n\t<meta property=\"og:image:width\" content=\"1080\" \/>\n\t<meta property=\"og:image:height\" content=\"1350\" \/>\n\t<meta property=\"og:image:type\" content=\"image\/jpeg\" \/>\n<meta name=\"twitter:card\" content=\"summary_large_image\" \/>\n<meta name=\"twitter:label1\" content=\"Est. reading time\" \/>\n\t<meta name=\"twitter:data1\" content=\"2 minutes\" \/>\n<script type=\"application\/ld+json\" class=\"yoast-schema-graph\">{\"@context\":\"https:\/\/schema.org\",\"@graph\":[{\"@type\":\"WebPage\",\"@id\":\"https:\/\/amazon.azdigi.shop\/index.php\/product\/ao-len-ghi-le-co-be-tui-hop-luna-closet\/\",\"url\":\"https:\/\/amazon.azdigi.shop\/index.php\/product\/ao-len-ghi-le-co-be-tui-hop-luna-closet\/\",\"name\":\"\u00c1O LEN GHI L\u00ca C\u1ed4 B\u1eba T\u00daI H\u1ed8P LUNA CLOSET - lunacloset\",\"isPartOf\":{\"@id\":\"https:\/\/amazon.azdigi.shop\/#website\"},\"primaryImageOfPage\":{\"@id\":\"https:\/\/amazon.azdigi.shop\/index.php\/product\/ao-len-ghi-le-co-be-tui-hop-luna-closet\/#primaryimage\"},\"image\":{\"@id\":\"https:\/\/amazon.azdigi.shop\/index.php\/product\/ao-len-ghi-le-co-be-tui-hop-luna-closet\/#primaryimage\"},\"thumbnailUrl\":\"https:\/\/amazon.azdigi.shop\/wp-content\/uploads\/2026\/03\/sp16-a4.jpg?wsr\",\"datePublished\":\"2026-03-21T18:48:39+00:00\",\"dateModified\":\"2026-04-18T09:14:17+00:00\",\"description\":\"Mua ngay \u00e1o len ghi l\u00ea c\u1ed5 b\u1ebb t\u00fai h\u1ed9p phong c\u00e1ch t\u1ea1i Luna Closet. Ch\u1ea5t li\u1ec7u len m\u1ec1m m\u1ea1i, thi\u1ebft k\u1ebf t\u00fai h\u1ed9p tr\u1ebb trung, \u0111\u1ee7 size S-M-L. \u0110\u1eb7t h\u00e0ng \u0111\u1ec3 nh\u1eadn \u01b0u \u0111\u00e3i ngay!\",\"breadcrumb\":{\"@id\":\"https:\/\/amazon.azdigi.shop\/index.php\/product\/ao-len-ghi-le-co-be-tui-hop-luna-closet\/#breadcrumb\"},\"inLanguage\":\"en-US\",\"potentialAction\":[{\"@type\":\"ReadAction\",\"target\":[\"https:\/\/amazon.azdigi.shop\/index.php\/product\/ao-len-ghi-le-co-be-tui-hop-luna-closet\/\"]}]},{\"@type\":\"ImageObject\",\"inLanguage\":\"en-US\",\"@id\":\"https:\/\/amazon.azdigi.shop\/index.php\/product\/ao-len-ghi-le-co-be-tui-hop-luna-closet\/#primaryimage\",\"url\":\"https:\/\/amazon.azdigi.shop\/wp-content\/uploads\/2026\/03\/sp16-a4.jpg?wsr\",\"contentUrl\":\"https:\/\/amazon.azdigi.shop\/wp-content\/uploads\/2026\/03\/sp16-a4.jpg?wsr\",\"width\":1080,\"height\":1350},{\"@type\":\"BreadcrumbList\",\"@id\":\"https:\/\/amazon.azdigi.shop\/index.php\/product\/ao-len-ghi-le-co-be-tui-hop-luna-closet\/#breadcrumb\",\"itemListElement\":[{\"@type\":\"ListItem\",\"position\":1,\"name\":\"Home\",\"item\":\"https:\/\/amazon.azdigi.shop\/\"},{\"@type\":\"ListItem\",\"position\":2,\"name\":\"Shop\",\"item\":\"https:\/\/amazon.azdigi.shop\/index.php\/shop\/\"},{\"@type\":\"ListItem\",\"position\":3,\"name\":\"\u00c1O LEN GHI L\u00ca C\u1ed4 B\u1eba T\u00daI H\u1ed8P LUNA CLOSET\"}]},{\"@type\":\"WebSite\",\"@id\":\"https:\/\/amazon.azdigi.shop\/#website\",\"url\":\"https:\/\/amazon.azdigi.shop\/\",\"name\":\"lunacloset\",\"description\":\"\",\"potentialAction\":[{\"@type\":\"SearchAction\",\"target\":{\"@type\":\"EntryPoint\",\"urlTemplate\":\"https:\/\/amazon.azdigi.shop\/?s={search_term_string}\"},\"query-input\":{\"@type\":\"PropertyValueSpecification\",\"valueRequired\":true,\"valueName\":\"search_term_string\"}}],\"inLanguage\":\"en-US\"}]}<\/script>\n<!-- \/ Yoast SEO plugin. -->","yoast_head_json":{"title":"\u00c1O LEN GHI L\u00ca C\u1ed4 B\u1eba T\u00daI H\u1ed8P LUNA CLOSET - lunacloset","description":"Mua ngay \u00e1o len ghi l\u00ea c\u1ed5 b\u1ebb t\u00fai h\u1ed9p phong c\u00e1ch t\u1ea1i Luna Closet. Ch\u1ea5t li\u1ec7u len m\u1ec1m m\u1ea1i, thi\u1ebft k\u1ebf t\u00fai h\u1ed9p tr\u1ebb trung, \u0111\u1ee7 size S-M-L. \u0110\u1eb7t h\u00e0ng \u0111\u1ec3 nh\u1eadn \u01b0u \u0111\u00e3i ngay!","robots":{"index":"index","follow":"follow","max-snippet":"max-snippet:-1","max-image-preview":"max-image-preview:large","max-video-preview":"max-video-preview:-1"},"canonical":"https:\/\/amazon.azdigi.shop\/index.php\/product\/ao-len-ghi-le-co-be-tui-hop-luna-closet\/","og_locale":"en_US","og_type":"article","og_title":"\u00c1O LEN GHI L\u00ca C\u1ed4 B\u1eba T\u00daI H\u1ed8P LUNA CLOSET - lunacloset","og_description":"Mua ngay \u00e1o len ghi l\u00ea c\u1ed5 b\u1ebb t\u00fai h\u1ed9p phong c\u00e1ch t\u1ea1i Luna Closet. Ch\u1ea5t li\u1ec7u len m\u1ec1m m\u1ea1i, thi\u1ebft k\u1ebf t\u00fai h\u1ed9p tr\u1ebb trung, \u0111\u1ee7 size S-M-L. \u0110\u1eb7t h\u00e0ng \u0111\u1ec3 nh\u1eadn \u01b0u \u0111\u00e3i ngay!","og_url":"https:\/\/amazon.azdigi.shop\/index.php\/product\/ao-len-ghi-le-co-be-tui-hop-luna-closet\/","og_site_name":"lunacloset","article_modified_time":"2026-04-18T09:14:17+00:00","og_image":[{"width":1080,"height":1350,"url":"https:\/\/amazon.azdigi.shop\/wp-content\/uploads\/2026\/03\/sp16-a4.jpg?wsr","type":"image\/jpeg"}],"twitter_card":"summary_large_image","twitter_misc":{"Est. reading time":"2 minutes"},"schema":{"@context":"https:\/\/schema.org","@graph":[{"@type":"WebPage","@id":"https:\/\/amazon.azdigi.shop\/index.php\/product\/ao-len-ghi-le-co-be-tui-hop-luna-closet\/","url":"https:\/\/amazon.azdigi.shop\/index.php\/product\/ao-len-ghi-le-co-be-tui-hop-luna-closet\/","name":"\u00c1O LEN GHI L\u00ca C\u1ed4 B\u1eba T\u00daI H\u1ed8P LUNA CLOSET - lunacloset","isPartOf":{"@id":"https:\/\/amazon.azdigi.shop\/#website"},"primaryImageOfPage":{"@id":"https:\/\/amazon.azdigi.shop\/index.php\/product\/ao-len-ghi-le-co-be-tui-hop-luna-closet\/#primaryimage"},"image":{"@id":"https:\/\/amazon.azdigi.shop\/index.php\/product\/ao-len-ghi-le-co-be-tui-hop-luna-closet\/#primaryimage"},"thumbnailUrl":"https:\/\/amazon.azdigi.shop\/wp-content\/uploads\/2026\/03\/sp16-a4.jpg?wsr","datePublished":"2026-03-21T18:48:39+00:00","dateModified":"2026-04-18T09:14:17+00:00","description":"Mua ngay \u00e1o len ghi l\u00ea c\u1ed5 b\u1ebb t\u00fai h\u1ed9p phong c\u00e1ch t\u1ea1i Luna Closet. Ch\u1ea5t li\u1ec7u len m\u1ec1m m\u1ea1i, thi\u1ebft k\u1ebf t\u00fai h\u1ed9p tr\u1ebb trung, \u0111\u1ee7 size S-M-L. \u0110\u1eb7t h\u00e0ng \u0111\u1ec3 nh\u1eadn \u01b0u \u0111\u00e3i ngay!","breadcrumb":{"@id":"https:\/\/amazon.azdigi.shop\/index.php\/product\/ao-len-ghi-le-co-be-tui-hop-luna-closet\/#breadcrumb"},"inLanguage":"en-US","potentialAction":[{"@type":"ReadAction","target":["https:\/\/amazon.azdigi.shop\/index.php\/product\/ao-len-ghi-le-co-be-tui-hop-luna-closet\/"]}]},{"@type":"ImageObject","inLanguage":"en-US","@id":"https:\/\/amazon.azdigi.shop\/index.php\/product\/ao-len-ghi-le-co-be-tui-hop-luna-closet\/#primaryimage","url":"https:\/\/amazon.azdigi.shop\/wp-content\/uploads\/2026\/03\/sp16-a4.jpg?wsr","contentUrl":"https:\/\/amazon.azdigi.shop\/wp-content\/uploads\/2026\/03\/sp16-a4.jpg?wsr","width":1080,"height":1350},{"@type":"BreadcrumbList","@id":"https:\/\/amazon.azdigi.shop\/index.php\/product\/ao-len-ghi-le-co-be-tui-hop-luna-closet\/#breadcrumb","itemListElement":[{"@type":"ListItem","position":1,"name":"Home","item":"https:\/\/amazon.azdigi.shop\/"},{"@type":"ListItem","position":2,"name":"Shop","item":"https:\/\/amazon.azdigi.shop\/index.php\/shop\/"},{"@type":"ListItem","position":3,"name":"\u00c1O LEN GHI L\u00ca C\u1ed4 B\u1eba T\u00daI H\u1ed8P LUNA CLOSET"}]},{"@type":"WebSite","@id":"https:\/\/amazon.azdigi.shop\/#website","url":"https:\/\/amazon.azdigi.shop\/","name":"lunacloset","description":"","potentialAction":[{"@type":"SearchAction","target":{"@type":"EntryPoint","urlTemplate":"https:\/\/amazon.azdigi.shop\/?s={search_term_string}"},"query-input":{"@type":"PropertyValueSpecification","valueRequired":true,"valueName":"search_term_string"}}],"inLanguage":"en-US"}]}},"_links":{"self":[{"href":"https:\/\/amazon.azdigi.shop\/index.php\/wp-json\/wp\/v2\/product\/148","targetHints":{"allow":["GET"]}}],"collection":[{"href":"https:\/\/amazon.azdigi.shop\/index.php\/wp-json\/wp\/v2\/product"}],"about":[{"href":"https:\/\/amazon.azdigi.shop\/index.php\/wp-json\/wp\/v2\/types\/product"}],"replies":[{"embeddable":true,"href":"https:\/\/amazon.azdigi.shop\/index.php\/wp-json\/wp\/v2\/comments?post=148"}],"wp:featuredmedia":[{"embeddable":true,"href":"https:\/\/amazon.azdigi.shop\/index.php\/wp-json\/wp\/v2\/media\/152"}],"wp:attachment":[{"href":"https:\/\/amazon.azdigi.shop\/index.php\/wp-json\/wp\/v2\/media?parent=148"}],"wp:term":[{"taxonomy":"product_brand","embeddable":true,"href":"https:\/\/amazon.azdigi.shop\/index.php\/wp-json\/wp\/v2\/product_brand?post=148"},{"taxonomy":"product_cat","embeddable":true,"href":"https:\/\/amazon.azdigi.shop\/index.php\/wp-json\/wp\/v2\/product_cat?post=148"},{"taxonomy":"product_tag","embeddable":true,"href":"https:\/\/amazon.azdigi.shop\/index.php\/wp-json\/wp\/v2\/product_tag?post=148"}],"curies":[{"name":"wp","href":"https:\/\/api.w.org\/{rel}","templated":true}]}}