{"id":141,"date":"2026-03-21T18:43:09","date_gmt":"2026-03-21T18:43:09","guid":{"rendered":"https:\/\/amazon.azdigi.shop\/?post_type=product&#038;p=141"},"modified":"2026-04-18T09:22:33","modified_gmt":"2026-04-18T09:22:33","slug":"ao-len-soc-ngang-theu-logo-kc","status":"publish","type":"product","link":"https:\/\/amazon.azdigi.shop\/index.php\/product\/ao-len-soc-ngang-theu-logo-kc\/","title":{"rendered":"\u00c1O LEN S\u1eccC NGANG TH\u00caU LOGO KC"},"content":{"rendered":"<div class=\"AdPoic\" role=\"heading\" aria-level=\"3\" data-animation-nesting=\"\" data-sfc-cp=\"\" data-sfc-root=\"c\" data-sfc-cb=\"\" data-complete=\"true\" data-processed=\"true\" data-sae=\"\">T\u1ea1i sao \u00c1o Len S\u1ecdc Ngang Logo KC l\u00e0 l\u1ef1a ch\u1ecdn ho\u00e0n h\u1ea3o?<\/div>\n<div class=\"Y3BBE\" data-sfc-cp=\"\" data-sfc-root=\"c\" data-sfc-cb=\"\" data-hveid=\"CAEIBBAA\" data-complete=\"true\" data-processed=\"true\"><strong class=\"Yjhzub\" data-sfc-root=\"c\" data-sfc-cb=\"\" data-complete=\"true\" data-processed=\"true\">Ch\u1ea5t li\u1ec7u len cao c\u1ea5p, tho\u00e1ng m\u00e1t<\/strong><br data-sfc-root=\"c\" data-sfc-pl=\"|[]\" data-sfc-cb=\"\" data-complete=\"true\" data-processed=\"true\" \/>S\u1ea3n ph\u1ea9m s\u1eed d\u1ee5ng d\u00f2ng\u00a0<strong class=\"Yjhzub\" data-sfc-root=\"c\" data-sfc-cb=\"\" data-complete=\"true\" data-processed=\"true\">len m\u00f4ng t\u01a1<\/strong>\u00a0(m\u00f4ng-t\u01a1-ghy) \u0111\u1eb7c tr\u01b0ng v\u1edbi \u0111\u1eb7c t\u00ednh m\u1ec1m m\u1ecbn v\u00e0 c\u1ef1c k\u1ef3 tho\u00e1ng m\u00e1t. Kh\u00e1c v\u1edbi c\u00e1c lo\u1ea1i len d\u00e0y g\u00e2y b\u00ed b\u00e1ch, \u00e1o len s\u1ecdc ngang t\u1ea1i\u00a0<strong class=\"Yjhzub\" data-sfc-root=\"c\" data-sfc-cb=\"\" data-complete=\"true\" data-processed=\"true\">Luna Closet<\/strong>\u00a0c\u00f3 kh\u1ea3 n\u0103ng co gi\u00e3n 4 chi\u1ec1u tuy\u1ec7t v\u1eddi, mang l\u1ea1i c\u1ea3m gi\u00e1c tho\u1ea3i m\u00e1i t\u1ed1i \u0111a cho ng\u01b0\u1eddi m\u1eb7c ngay c\u1ea3 trong th\u1eddi ti\u1ebft oi b\u1ee9c c\u1ee7a m\u00f9a h\u00e8 hay s\u1ef1 se l\u1ea1nh c\u1ee7a m\u00f9a thu.<\/div>\n<div class=\"Y3BBE\" data-sfc-cp=\"\" data-sfc-root=\"c\" data-sfc-cb=\"\" data-hveid=\"CAEIBRAA\" data-complete=\"true\" data-processed=\"true\" aria-owns=\"action-menu-parent-container\"><strong class=\"Yjhzub\" data-sfc-root=\"c\" data-sfc-cb=\"\" data-complete=\"true\" data-processed=\"true\">Thi\u1ebft k\u1ebf tr\u1ebb trung, hi\u1ec7n \u0111\u1ea1i<\/strong><br data-sfc-root=\"c\" data-sfc-pl=\"|[]\" data-sfc-cb=\"\" data-complete=\"true\" data-processed=\"true\" \/>\u0110i\u1ec3m nh\u1ea5n n\u1ed5i b\u1eadt c\u1ee7a m\u1eabu \u00e1o n\u00e0y ch\u00ednh l\u00e0 h\u1ecda ti\u1ebft\u00a0<strong class=\"Yjhzub\" data-sfc-root=\"c\" data-sfc-cb=\"\" data-complete=\"true\" data-processed=\"true\">s\u1ecdc ngang<\/strong>\u00a0kinh \u0111i\u1ec3n kh\u00f4ng bao gi\u1edd l\u1ed7i m\u1ed1t. Ph\u1ea7n ng\u1ef1c \u00e1o \u0111\u01b0\u1ee3c\u00a0<strong class=\"Yjhzub\" data-sfc-root=\"c\" data-sfc-cb=\"\" data-complete=\"true\" data-processed=\"true\">th\u00eau logo KC<\/strong>\u00a0t\u1ec9 m\u1ec9, s\u1eafc n\u00e9t, t\u1ea1o n\u00ean v\u1ebb ngo\u00e0i sang tr\u1ecdng v\u00e0 c\u00e1 t\u00ednh. V\u1edbi b\u1ea3ng m\u00e0u trendy g\u1ed3m\u00a0<strong class=\"Yjhzub\" data-sfc-root=\"c\" data-sfc-cb=\"\" data-complete=\"true\" data-processed=\"true\">S\u1ecdc n\u00e2u<\/strong>\u00a0nh\u00e3 nh\u1eb7n v\u00e0\u00a0<strong class=\"Yjhzub\" data-sfc-root=\"c\" data-sfc-cb=\"\" data-complete=\"true\" data-processed=\"true\">S\u1ecdc h\u1ed3ng<\/strong>\u00a0ng\u1ecdt ng\u00e0o, b\u1ea1n c\u00f3 th\u1ec3 d\u1ec5 d\u00e0ng bi\u1ebfn h\u00f3a nhi\u1ec1u phong c\u00e1ch kh\u00e1c nhau.<\/div>\n<div data-sfc-cp=\"\" data-sfc-root=\"c\" data-sfc-cb=\"\" data-hveid=\"CAEIBRAA\" data-complete=\"true\" data-processed=\"true\" aria-owns=\"action-menu-parent-container\">\n<div class=\"AdPoic\" role=\"heading\" aria-level=\"3\" data-animation-nesting=\"\" data-sfc-cp=\"\" data-sfc-root=\"c\" data-sfc-cb=\"\" data-complete=\"true\" data-processed=\"true\" data-sae=\"\">g\u1ee3i \u00fd ph\u1ed1i \u0111\u1ed3 (Mix &amp; Match) c\u1ef1c xinh v\u1edbi \u00e1o len<\/div>\n<div class=\"Y3BBE\" data-sfc-cp=\"\" data-sfc-root=\"c\" data-sfc-cb=\"\" data-hveid=\"CAEIBxAA\" data-complete=\"true\" data-processed=\"true\">\u0110\u1ec3 \u0111\u1ea1t \u0111i\u1ec3m 10 th\u1eddi trang, b\u1ea1n c\u00f3 th\u1ec3 tham kh\u1ea3o c\u00e1c c\u00e1ch ph\u1ed1i \u0111\u1ed3 sau:<\/div>\n<ul class=\"KsbFXc U6u95\" data-sfc-root=\"c\" data-sfc-cb=\"\" data-complete=\"true\" data-processed=\"true\">\n<li class=\"dF3vjf\" data-sfc-root=\"c\" data-sfc-cb=\"\" data-hveid=\"CAEICBAA\" data-complete=\"true\" data-sae=\"\"><span class=\"T286Pc\" data-sfc-cp=\"\" data-sfc-root=\"c\" data-sfc-cb=\"\" data-complete=\"true\"><strong class=\"Yjhzub\" data-sfc-root=\"c\" data-sfc-cb=\"\" data-complete=\"true\">Phong c\u00e1ch n\u0103ng \u0111\u1ed9ng:<\/strong>\u00a0Ph\u1ed1i c\u00f9ng qu\u1ea7n jean \u1ed1ng r\u1ed9ng ho\u1eb7c qu\u1ea7n short v\u00e0 m\u1ed9t \u0111\u00f4i gi\u00e0y sneaker tr\u1eafng.<\/span><\/li>\n<li class=\"dF3vjf\" data-sfc-root=\"c\" data-sfc-cb=\"\" data-hveid=\"CAEICBAB\" data-complete=\"true\" data-sae=\"\"><span class=\"T286Pc\" data-sfc-cp=\"\" data-sfc-root=\"c\" data-sfc-cb=\"\" data-complete=\"true\"><strong class=\"Yjhzub\" data-sfc-root=\"c\" data-sfc-cb=\"\" data-complete=\"true\">Phong c\u00e1ch thanh l\u1ecbch:<\/strong>\u00a0K\u1ebft h\u1ee3p v\u1edbi ch\u00e2n v\u00e1y ch\u1eef A ho\u1eb7c ch\u00e2n v\u00e1y tennis \u0111\u1ec3 \u0111i h\u1ecdc, \u0111i l\u00e0m.<\/span><\/li>\n<li class=\"dF3vjf\" data-sfc-root=\"c\" data-sfc-cb=\"\" data-hveid=\"CAEICBAC\" data-complete=\"true\" data-sae=\"\"><span class=\"T286Pc\" data-sfc-cp=\"\" data-sfc-root=\"c\" data-sfc-cb=\"\" data-complete=\"true\" aria-owns=\"action-menu-parent-container\"><strong class=\"Yjhzub\" data-sfc-root=\"c\" data-sfc-cb=\"\" data-complete=\"true\">Phong c\u00e1ch nh\u1eb9 nh\u00e0ng:<\/strong>\u00a0Mix c\u00f9ng m\u1ed9t chi\u1ebfc qu\u1ea7n v\u1ea3i baggy v\u00e0 gi\u00e0y b\u00fap b\u00ea cho nh\u1eefng bu\u1ed5i h\u1eb9n h\u00f2 c\u00e0 ph\u00ea cu\u1ed1i tu\u1ea7n.<\/span><\/li>\n<\/ul>\n<\/div>\n<p><strong>PRODUCT DETAILS:\u00a0<\/strong>\u00c1o ch\u1ea5t len m\u1ecfng m\u00e1t, co gi\u00e3n, c\u00f3 vi\u1ec1n s\u1ecdc ngang \u1edf ph\u1ea7n th\u00e2n \u00e1o. Ph\u1ea7n ng\u1ef1c \u00e1o \u0111\u01b0\u1ee3c th\u00eau logo KC n\u1ed5i b\u1eadt theo m\u00e0u vi\u1ec1n \u00e1o.<\/p>\n<p><strong>TH\u00d4NG S\u1ed0 S\u1ea2N PH\u1ea8M<\/strong><\/p>\n<p><strong>Ch\u1ea5t li\u1ec7u:<\/strong>\u00a0Len<\/p>\n<p><strong>M\u00e0u s\u1eafc:\u00a0<\/strong>S\u1ecdc n\u00e2u\/S\u1ecdc h\u1ed3ng<\/p>\n<p><strong>Size:<\/strong>\u00a0Size S: Ng\u1ef1c 82-84, Eo 66-68, M\u00f4ng 88-90<\/p>\n<p>Size M: Ng\u1ef1c 86-88, Eo 70-72, M\u00f4ng 90-92<\/p>\n<p>Size L:\u00a0Ng\u1ef1c 90-92, Eo 74-76, M\u00f4ng 94-96<\/p>\n<p><strong>KH\u00c1CH H\u00c0NG L\u01afU \u00dd:<\/strong><\/p>\n<p>&#8211; B\u1ea3ng size chart ch\u1ec9 mang t\u00ednh ch\u1ea5t tham kh\u1ea3o, t\u00f9y thu\u1ed9c v\u00e0o s\u1ed1 \u0111o c\u01a1 th\u1ec3 v\u00e0 ch\u1ea5t li\u1ec7u v\u1ea3i kh\u00e1c nhau s\u1ebd c\u00f3 s\u1ef1 ch\u00eanh l\u1ec7ch nh\u1ea5t \u0111\u1ecbnh.<\/p>\n<p>&#8211; M\u00e0u s\u1eafc v\u1ea3i c\u1ee7a s\u1ea3n ph\u1ea9m c\u00f3 th\u1ec3 s\u1ebd ch\u00eanh l\u1ec7ch th\u1ef1c t\u1ebf m\u1ed9t ph\u1ea7n nh\u1ecf, do \u1ea3nh h\u01b0\u1edfng v\u1ec1 \u0111\u1ed9 l\u1ec7ch m\u00e0u c\u1ee7a \u00e1nh s\u00e1ng nh\u01b0ng v\u1eabn \u0111\u1ea3m b\u1ea3o ch\u1ea5t l\u01b0\u1ee3ng.<\/p>\n<p>*** Vui l\u00f2ng inbox LUNA CLOSET \u0111\u1ec3 \u0111\u01b0\u1ee3c t\u01b0 v\u1ea5n ch\u00ednh x\u00e1c h\u01a1n.<\/p>\n<p><a href=\"https:\/\/nemshop.vn\/collections\/ao-len\">https:\/\/nemshop.vn\/collections\/ao-len<\/a><\/p>\n<p><img loading=\"lazy\" decoding=\"async\" class=\"alignnone wp-image-147 size-full\" src=\"https:\/\/amazon.azdigi.shop\/wp-content\/uploads\/2026\/03\/sp15-a6.jpg\" alt=\" \u00e1o len s\u1ecdc ngang m\u00e0u h\u1ed3ng\" width=\"1694\" height=\"1694\" srcset=\"https:\/\/amazon.azdigi.shop\/wp-content\/uploads\/2026\/03\/sp15-a6.jpg 1694w, https:\/\/amazon.azdigi.shop\/wp-content\/uploads\/2026\/03\/sp15-a6-300x300.jpg 300w, https:\/\/amazon.azdigi.shop\/wp-content\/uploads\/2026\/03\/sp15-a6-1024x1024.jpg 1024w, https:\/\/amazon.azdigi.shop\/wp-content\/uploads\/2026\/03\/sp15-a6-150x150.jpg 150w, https:\/\/amazon.azdigi.shop\/wp-content\/uploads\/2026\/03\/sp15-a6-768x768.jpg 768w, https:\/\/amazon.azdigi.shop\/wp-content\/uploads\/2026\/03\/sp15-a6-1536x1536.jpg 1536w, https:\/\/amazon.azdigi.shop\/wp-content\/uploads\/2026\/03\/sp15-a6-600x600.jpg 600w, https:\/\/amazon.azdigi.shop\/wp-content\/uploads\/2026\/03\/sp15-a6-100x100.jpg 100w\" sizes=\"auto, (max-width: 1694px) 100vw, 1694px\" \/><\/p>\n","protected":false},"excerpt":{"rendered":"<p>T\u1ea1i sao \u00c1o Len S\u1ecdc Ngang Logo KC l\u00e0 l\u1ef1a ch\u1ecdn ho\u00e0n h\u1ea3o? Ch\u1ea5t li\u1ec7u len cao c\u1ea5p, tho\u00e1ng m\u00e1tS\u1ea3n ph\u1ea9m s\u1eed d\u1ee5ng d\u00f2ng\u00a0len m\u00f4ng t\u01a1\u00a0(m\u00f4ng-t\u01a1-ghy) \u0111\u1eb7c tr\u01b0ng v\u1edbi \u0111\u1eb7c t\u00ednh m\u1ec1m m\u1ecbn v\u00e0 c\u1ef1c k\u1ef3 tho\u00e1ng m\u00e1t. Kh\u00e1c v\u1edbi c\u00e1c lo\u1ea1i len d\u00e0y g\u00e2y b\u00ed b\u00e1ch, \u00e1o len s\u1ecdc ngang t\u1ea1i\u00a0Luna Closet\u00a0c\u00f3 kh\u1ea3 n\u0103ng [&#8230;]\n","protected":false},"featured_media":145,"comment_status":"open","ping_status":"closed","template":"","meta":[],"product_brand":[],"product_cat":[17,41,43,40,30,29,33],"product_tag":[],"class_list":{"0":"post-141","1":"product","2":"type-product","3":"status-publish","4":"has-post-thumbnail","6":"product_cat-ao","7":"product_cat-ao-kieu","8":"product_cat-ao-thun","9":"product_cat-breath-of-summer","10":"product_cat-coastal-muse","11":"product_cat-in-her-stillness","12":"product_cat-rose-allure","14":"first","15":"instock","16":"sale","17":"shipping-taxable","18":"purchasable","19":"product-type-variable"},"yoast_head":"<!-- This site is optimized with the Yoast SEO plugin v27.2 - https:\/\/yoast.com\/product\/yoast-seo-wordpress\/ -->\n<title>\u00c1O LEN S\u1eccC NGANG TH\u00caU LOGO KC - lunacloset<\/title>\n<meta name=\"description\" content=\"Mua ngay \u00c1o len s\u1ecdc ngang ch\u1ea5t li\u1ec7u m\u00f4ng t\u01a1 m\u00e1t, co gi\u00e3n c\u1ef1c t\u1ed1t. Thi\u1ebft k\u1ebf th\u00eau logo KC n\u1ed5i b\u1eadt, ph\u00f9 h\u1ee3p \u0111i h\u1ecdc, \u0111i l\u00e0m. Gi\u00e1 t\u1ed1t t\u1ea1i Luna Closet!\" \/>\n<meta name=\"robots\" content=\"index, follow, max-snippet:-1, max-image-preview:large, max-video-preview:-1\" \/>\n<link rel=\"canonical\" href=\"https:\/\/amazon.azdigi.shop\/index.php\/product\/ao-len-soc-ngang-theu-logo-kc\/\" \/>\n<meta property=\"og:locale\" content=\"en_US\" \/>\n<meta property=\"og:type\" content=\"article\" \/>\n<meta property=\"og:title\" content=\"\u00c1O LEN S\u1eccC NGANG TH\u00caU LOGO KC - lunacloset\" \/>\n<meta property=\"og:description\" content=\"Mua ngay \u00c1o len s\u1ecdc ngang ch\u1ea5t li\u1ec7u m\u00f4ng t\u01a1 m\u00e1t, co gi\u00e3n c\u1ef1c t\u1ed1t. Thi\u1ebft k\u1ebf th\u00eau logo KC n\u1ed5i b\u1eadt, ph\u00f9 h\u1ee3p \u0111i h\u1ecdc, \u0111i l\u00e0m. Gi\u00e1 t\u1ed1t t\u1ea1i Luna Closet!\" \/>\n<meta property=\"og:url\" content=\"https:\/\/amazon.azdigi.shop\/index.php\/product\/ao-len-soc-ngang-theu-logo-kc\/\" \/>\n<meta property=\"og:site_name\" content=\"lunacloset\" \/>\n<meta property=\"article:modified_time\" content=\"2026-04-18T09:22:33+00:00\" \/>\n<meta property=\"og:image\" content=\"https:\/\/amazon.azdigi.shop\/wp-content\/uploads\/2026\/03\/sp15-a4.jpg?wsr\" \/>\n\t<meta property=\"og:image:width\" content=\"1080\" \/>\n\t<meta property=\"og:image:height\" content=\"1350\" \/>\n\t<meta property=\"og:image:type\" content=\"image\/jpeg\" \/>\n<meta name=\"twitter:card\" content=\"summary_large_image\" \/>\n<meta name=\"twitter:label1\" content=\"Est. reading time\" \/>\n\t<meta name=\"twitter:data1\" content=\"3 minutes\" \/>\n<script type=\"application\/ld+json\" class=\"yoast-schema-graph\">{\"@context\":\"https:\/\/schema.org\",\"@graph\":[{\"@type\":\"WebPage\",\"@id\":\"https:\/\/amazon.azdigi.shop\/index.php\/product\/ao-len-soc-ngang-theu-logo-kc\/\",\"url\":\"https:\/\/amazon.azdigi.shop\/index.php\/product\/ao-len-soc-ngang-theu-logo-kc\/\",\"name\":\"\u00c1O LEN S\u1eccC NGANG TH\u00caU LOGO KC - lunacloset\",\"isPartOf\":{\"@id\":\"https:\/\/amazon.azdigi.shop\/#website\"},\"primaryImageOfPage\":{\"@id\":\"https:\/\/amazon.azdigi.shop\/index.php\/product\/ao-len-soc-ngang-theu-logo-kc\/#primaryimage\"},\"image\":{\"@id\":\"https:\/\/amazon.azdigi.shop\/index.php\/product\/ao-len-soc-ngang-theu-logo-kc\/#primaryimage\"},\"thumbnailUrl\":\"https:\/\/amazon.azdigi.shop\/wp-content\/uploads\/2026\/03\/sp15-a4.jpg?wsr\",\"datePublished\":\"2026-03-21T18:43:09+00:00\",\"dateModified\":\"2026-04-18T09:22:33+00:00\",\"description\":\"Mua ngay \u00c1o len s\u1ecdc ngang ch\u1ea5t li\u1ec7u m\u00f4ng t\u01a1 m\u00e1t, co gi\u00e3n c\u1ef1c t\u1ed1t. Thi\u1ebft k\u1ebf th\u00eau logo KC n\u1ed5i b\u1eadt, ph\u00f9 h\u1ee3p \u0111i h\u1ecdc, \u0111i l\u00e0m. Gi\u00e1 t\u1ed1t t\u1ea1i Luna Closet!\",\"breadcrumb\":{\"@id\":\"https:\/\/amazon.azdigi.shop\/index.php\/product\/ao-len-soc-ngang-theu-logo-kc\/#breadcrumb\"},\"inLanguage\":\"en-US\",\"potentialAction\":[{\"@type\":\"ReadAction\",\"target\":[\"https:\/\/amazon.azdigi.shop\/index.php\/product\/ao-len-soc-ngang-theu-logo-kc\/\"]}]},{\"@type\":\"ImageObject\",\"inLanguage\":\"en-US\",\"@id\":\"https:\/\/amazon.azdigi.shop\/index.php\/product\/ao-len-soc-ngang-theu-logo-kc\/#primaryimage\",\"url\":\"https:\/\/amazon.azdigi.shop\/wp-content\/uploads\/2026\/03\/sp15-a4.jpg?wsr\",\"contentUrl\":\"https:\/\/amazon.azdigi.shop\/wp-content\/uploads\/2026\/03\/sp15-a4.jpg?wsr\",\"width\":1080,\"height\":1350},{\"@type\":\"BreadcrumbList\",\"@id\":\"https:\/\/amazon.azdigi.shop\/index.php\/product\/ao-len-soc-ngang-theu-logo-kc\/#breadcrumb\",\"itemListElement\":[{\"@type\":\"ListItem\",\"position\":1,\"name\":\"Home\",\"item\":\"https:\/\/amazon.azdigi.shop\/\"},{\"@type\":\"ListItem\",\"position\":2,\"name\":\"Shop\",\"item\":\"https:\/\/amazon.azdigi.shop\/index.php\/shop\/\"},{\"@type\":\"ListItem\",\"position\":3,\"name\":\"\u00c1O LEN S\u1eccC NGANG TH\u00caU LOGO KC\"}]},{\"@type\":\"WebSite\",\"@id\":\"https:\/\/amazon.azdigi.shop\/#website\",\"url\":\"https:\/\/amazon.azdigi.shop\/\",\"name\":\"lunacloset\",\"description\":\"\",\"potentialAction\":[{\"@type\":\"SearchAction\",\"target\":{\"@type\":\"EntryPoint\",\"urlTemplate\":\"https:\/\/amazon.azdigi.shop\/?s={search_term_string}\"},\"query-input\":{\"@type\":\"PropertyValueSpecification\",\"valueRequired\":true,\"valueName\":\"search_term_string\"}}],\"inLanguage\":\"en-US\"}]}<\/script>\n<!-- \/ Yoast SEO plugin. -->","yoast_head_json":{"title":"\u00c1O LEN S\u1eccC NGANG TH\u00caU LOGO KC - lunacloset","description":"Mua ngay \u00c1o len s\u1ecdc ngang ch\u1ea5t li\u1ec7u m\u00f4ng t\u01a1 m\u00e1t, co gi\u00e3n c\u1ef1c t\u1ed1t. Thi\u1ebft k\u1ebf th\u00eau logo KC n\u1ed5i b\u1eadt, ph\u00f9 h\u1ee3p \u0111i h\u1ecdc, \u0111i l\u00e0m. Gi\u00e1 t\u1ed1t t\u1ea1i Luna Closet!","robots":{"index":"index","follow":"follow","max-snippet":"max-snippet:-1","max-image-preview":"max-image-preview:large","max-video-preview":"max-video-preview:-1"},"canonical":"https:\/\/amazon.azdigi.shop\/index.php\/product\/ao-len-soc-ngang-theu-logo-kc\/","og_locale":"en_US","og_type":"article","og_title":"\u00c1O LEN S\u1eccC NGANG TH\u00caU LOGO KC - lunacloset","og_description":"Mua ngay \u00c1o len s\u1ecdc ngang ch\u1ea5t li\u1ec7u m\u00f4ng t\u01a1 m\u00e1t, co gi\u00e3n c\u1ef1c t\u1ed1t. Thi\u1ebft k\u1ebf th\u00eau logo KC n\u1ed5i b\u1eadt, ph\u00f9 h\u1ee3p \u0111i h\u1ecdc, \u0111i l\u00e0m. Gi\u00e1 t\u1ed1t t\u1ea1i Luna Closet!","og_url":"https:\/\/amazon.azdigi.shop\/index.php\/product\/ao-len-soc-ngang-theu-logo-kc\/","og_site_name":"lunacloset","article_modified_time":"2026-04-18T09:22:33+00:00","og_image":[{"width":1080,"height":1350,"url":"https:\/\/amazon.azdigi.shop\/wp-content\/uploads\/2026\/03\/sp15-a4.jpg?wsr","type":"image\/jpeg"}],"twitter_card":"summary_large_image","twitter_misc":{"Est. reading time":"3 minutes"},"schema":{"@context":"https:\/\/schema.org","@graph":[{"@type":"WebPage","@id":"https:\/\/amazon.azdigi.shop\/index.php\/product\/ao-len-soc-ngang-theu-logo-kc\/","url":"https:\/\/amazon.azdigi.shop\/index.php\/product\/ao-len-soc-ngang-theu-logo-kc\/","name":"\u00c1O LEN S\u1eccC NGANG TH\u00caU LOGO KC - lunacloset","isPartOf":{"@id":"https:\/\/amazon.azdigi.shop\/#website"},"primaryImageOfPage":{"@id":"https:\/\/amazon.azdigi.shop\/index.php\/product\/ao-len-soc-ngang-theu-logo-kc\/#primaryimage"},"image":{"@id":"https:\/\/amazon.azdigi.shop\/index.php\/product\/ao-len-soc-ngang-theu-logo-kc\/#primaryimage"},"thumbnailUrl":"https:\/\/amazon.azdigi.shop\/wp-content\/uploads\/2026\/03\/sp15-a4.jpg?wsr","datePublished":"2026-03-21T18:43:09+00:00","dateModified":"2026-04-18T09:22:33+00:00","description":"Mua ngay \u00c1o len s\u1ecdc ngang ch\u1ea5t li\u1ec7u m\u00f4ng t\u01a1 m\u00e1t, co gi\u00e3n c\u1ef1c t\u1ed1t. Thi\u1ebft k\u1ebf th\u00eau logo KC n\u1ed5i b\u1eadt, ph\u00f9 h\u1ee3p \u0111i h\u1ecdc, \u0111i l\u00e0m. Gi\u00e1 t\u1ed1t t\u1ea1i Luna Closet!","breadcrumb":{"@id":"https:\/\/amazon.azdigi.shop\/index.php\/product\/ao-len-soc-ngang-theu-logo-kc\/#breadcrumb"},"inLanguage":"en-US","potentialAction":[{"@type":"ReadAction","target":["https:\/\/amazon.azdigi.shop\/index.php\/product\/ao-len-soc-ngang-theu-logo-kc\/"]}]},{"@type":"ImageObject","inLanguage":"en-US","@id":"https:\/\/amazon.azdigi.shop\/index.php\/product\/ao-len-soc-ngang-theu-logo-kc\/#primaryimage","url":"https:\/\/amazon.azdigi.shop\/wp-content\/uploads\/2026\/03\/sp15-a4.jpg?wsr","contentUrl":"https:\/\/amazon.azdigi.shop\/wp-content\/uploads\/2026\/03\/sp15-a4.jpg?wsr","width":1080,"height":1350},{"@type":"BreadcrumbList","@id":"https:\/\/amazon.azdigi.shop\/index.php\/product\/ao-len-soc-ngang-theu-logo-kc\/#breadcrumb","itemListElement":[{"@type":"ListItem","position":1,"name":"Home","item":"https:\/\/amazon.azdigi.shop\/"},{"@type":"ListItem","position":2,"name":"Shop","item":"https:\/\/amazon.azdigi.shop\/index.php\/shop\/"},{"@type":"ListItem","position":3,"name":"\u00c1O LEN S\u1eccC NGANG TH\u00caU LOGO KC"}]},{"@type":"WebSite","@id":"https:\/\/amazon.azdigi.shop\/#website","url":"https:\/\/amazon.azdigi.shop\/","name":"lunacloset","description":"","potentialAction":[{"@type":"SearchAction","target":{"@type":"EntryPoint","urlTemplate":"https:\/\/amazon.azdigi.shop\/?s={search_term_string}"},"query-input":{"@type":"PropertyValueSpecification","valueRequired":true,"valueName":"search_term_string"}}],"inLanguage":"en-US"}]}},"_links":{"self":[{"href":"https:\/\/amazon.azdigi.shop\/index.php\/wp-json\/wp\/v2\/product\/141","targetHints":{"allow":["GET"]}}],"collection":[{"href":"https:\/\/amazon.azdigi.shop\/index.php\/wp-json\/wp\/v2\/product"}],"about":[{"href":"https:\/\/amazon.azdigi.shop\/index.php\/wp-json\/wp\/v2\/types\/product"}],"replies":[{"embeddable":true,"href":"https:\/\/amazon.azdigi.shop\/index.php\/wp-json\/wp\/v2\/comments?post=141"}],"wp:featuredmedia":[{"embeddable":true,"href":"https:\/\/amazon.azdigi.shop\/index.php\/wp-json\/wp\/v2\/media\/145"}],"wp:attachment":[{"href":"https:\/\/amazon.azdigi.shop\/index.php\/wp-json\/wp\/v2\/media?parent=141"}],"wp:term":[{"taxonomy":"product_brand","embeddable":true,"href":"https:\/\/amazon.azdigi.shop\/index.php\/wp-json\/wp\/v2\/product_brand?post=141"},{"taxonomy":"product_cat","embeddable":true,"href":"https:\/\/amazon.azdigi.shop\/index.php\/wp-json\/wp\/v2\/product_cat?post=141"},{"taxonomy":"product_tag","embeddable":true,"href":"https:\/\/amazon.azdigi.shop\/index.php\/wp-json\/wp\/v2\/product_tag?post=141"}],"curies":[{"name":"wp","href":"https:\/\/api.w.org\/{rel}","templated":true}]}}