{"id":136,"date":"2026-03-21T18:38:23","date_gmt":"2026-03-21T18:38:23","guid":{"rendered":"https:\/\/amazon.azdigi.shop\/?post_type=product&#038;p=136"},"modified":"2026-04-18T09:27:37","modified_gmt":"2026-04-18T09:27:37","slug":"quan-jean-ong-rong-xep-ly-luna-closet","status":"publish","type":"product","link":"https:\/\/amazon.azdigi.shop\/index.php\/product\/quan-jean-ong-rong-xep-ly-luna-closet\/","title":{"rendered":"QU\u1ea6N JEAN \u1ed0NG R\u1ed8NG X\u1ebeP LY LUNA CLOSET"},"content":{"rendered":"<div class=\"AdPoic\" role=\"heading\" aria-level=\"3\" data-animation-nesting=\"\" data-sfc-cp=\"\" data-sfc-root=\"c\" data-sfc-cb=\"\" data-complete=\"true\" data-processed=\"true\" data-sae=\"\">T\u1ea1i sao Qu\u1ea7n Jean \u1ed0ng R\u1ed9ng M\u00e0u Tr\u1eafng l\u00e0 m\u00f3n \u0111\u1ed3 &#8220;ph\u1ea3i c\u00f3&#8221;?<\/div>\n<div class=\"Y3BBE\" data-sfc-cp=\"\" data-sfc-root=\"c\" data-sfc-cb=\"\" data-hveid=\"CAEIAxAA\" data-complete=\"true\" data-processed=\"true\"><strong class=\"Yjhzub\" data-sfc-root=\"c\" data-sfc-cb=\"\" data-complete=\"true\" data-processed=\"true\">Thi\u1ebft k\u1ebf t\u00f4n d\u00e1ng, che khuy\u1ebft \u0111i\u1ec3m ho\u00e0n h\u1ea3o<\/strong><br data-sfc-root=\"c\" data-sfc-pl=\"|[]\" data-sfc-cb=\"\" data-complete=\"true\" data-processed=\"true\" \/><strong class=\"Yjhzub\" data-sfc-root=\"c\" data-sfc-cb=\"\" data-complete=\"true\" data-processed=\"true\">Qu\u1ea7n jean \u1ed1ng r\u1ed9ng<\/strong>\u00a0(hay c\u00f2n g\u1ecdi l\u00e0 qu\u1ea7n b\u00f2 \u1ed1ng su\u00f4ng) t\u1eeb l\u00e2u \u0111\u00e3 tr\u1edf th\u00e0nh bi\u1ec3u t\u01b0\u1ee3ng th\u1eddi trang kh\u00f4ng th\u1ec3 thi\u1ebfu trong t\u1ee7 \u0111\u1ed3 c\u1ee7a m\u1ecdi c\u00f4 n\u00e0ng hi\u1ec7n \u0111\u1ea1i. V\u1edbi thi\u1ebft k\u1ebf c\u1ea1p cao tinh t\u1ebf, m\u1eabu qu\u1ea7n n\u00e0y kh\u00f4ng ch\u1ec9 gi\u00fap &#8220;\u0103n gian&#8221; chi\u1ec1u d\u00e0i \u0111\u00f4i ch\u00e2n m\u00e0 c\u00f2n kh\u00e9o l\u00e9o che \u0111i nh\u1eefng khuy\u1ebft \u0111i\u1ec3m nh\u01b0 b\u1eafp ch\u00e2n to hay ch\u00e2n cong, mang l\u1ea1i v\u1ebb ngo\u00e0i thanh tho\u00e1t v\u00e0 t\u1ef1 tin.<\/div>\n<div class=\"Y3BBE\" data-sfc-cp=\"\" data-sfc-root=\"c\" data-sfc-cb=\"\" data-hveid=\"CAEIBBAA\" data-complete=\"true\" data-processed=\"true\" aria-owns=\"action-menu-parent-container\"><strong class=\"Yjhzub\" data-sfc-root=\"c\" data-sfc-cb=\"\" data-complete=\"true\" data-processed=\"true\">Ch\u1ea5t li\u1ec7u Jean cao c\u1ea5p, b\u1ec1n b\u1ec9<\/strong><br data-sfc-root=\"c\" data-sfc-pl=\"|[]\" data-sfc-cb=\"\" data-complete=\"true\" data-processed=\"true\" \/>S\u1ea3n ph\u1ea9m t\u1ea1i\u00a0<strong class=\"Yjhzub\" data-sfc-root=\"c\" data-sfc-cb=\"\" data-complete=\"true\" data-processed=\"true\">Luna Closet<\/strong>\u00a0\u0111\u01b0\u1ee3c l\u00e0m t\u1eeb ch\u1ea5t li\u1ec7u v\u1ea3i jean d\u00e0y d\u1eb7n nh\u01b0ng v\u1eabn \u0111\u1ea3m b\u1ea3o \u0111\u1ed9 \u0111\u1ee9ng form. V\u1ea3i \u0111\u00e3 qua x\u1eed l\u00fd n\u00ean r\u1ea5t m\u1ec1m m\u1ea1i, kh\u00f4ng g\u00e2y c\u1ea3m gi\u00e1c th\u00f4 c\u1ee9ng khi v\u1eadn \u0111\u1ed9ng. \u0110\u1eb7c bi\u1ec7t, t\u00f4ng m\u00e0u tr\u1eafng tinh kh\u00f4i \u0111\u01b0\u1ee3c nhu\u1ed9m k\u1ef9 thu\u1eadt cao, gi\u00fap h\u1ea1n ch\u1ebf t\u1ed1i \u0111a t\u00ecnh tr\u1ea1ng phai m\u00e0u hay \u1ed1 v\u00e0ng sau nhi\u1ec1u l\u1ea7n gi\u1eb7t.<\/div>\n<div data-sfc-cp=\"\" data-sfc-root=\"c\" data-sfc-cb=\"\" data-hveid=\"CAEIBBAA\" data-complete=\"true\" data-processed=\"true\" aria-owns=\"action-menu-parent-container\">\n<div class=\"AdPoic\" role=\"heading\" aria-level=\"3\" data-animation-nesting=\"\" data-sfc-cp=\"\" data-sfc-root=\"c\" data-sfc-cb=\"\" data-complete=\"true\" data-processed=\"true\" data-sae=\"\">G\u1ee3i \u00fd ph\u1ed1i \u0111\u1ed3 (Mix &amp; Match) v\u1edbi Qu\u1ea7n Jean Tr\u1eafng<\/div>\n<div class=\"Y3BBE\" data-sfc-cp=\"\" data-sfc-root=\"c\" data-sfc-cb=\"\" data-hveid=\"CAEIBhAA\" data-complete=\"true\" data-processed=\"true\">Chi\u1ebfc\u00a0<strong class=\"Yjhzub\" data-sfc-root=\"c\" data-sfc-cb=\"\" data-complete=\"true\" data-processed=\"true\">qu\u1ea7n jean \u1ed1ng r\u1ed9ng m\u00e0u tr\u1eafng<\/strong>\u00a0n\u00e0y c\u1ef1c k\u1ef3 &#8220;d\u1ec5 t\u00ednh&#8221; trong vi\u1ec7c ph\u1ed1i h\u1ee3p trang ph\u1ee5c:<\/div>\n<ul class=\"KsbFXc U6u95\" data-sfc-root=\"c\" data-sfc-cb=\"\" data-complete=\"true\" data-processed=\"true\">\n<li class=\"dF3vjf\" data-sfc-root=\"c\" data-sfc-cb=\"\" data-hveid=\"CAEIBxAA\" data-complete=\"true\" data-sae=\"\"><span class=\"T286Pc\" data-sfc-cp=\"\" data-sfc-root=\"c\" data-sfc-cb=\"\" data-complete=\"true\"><strong class=\"Yjhzub\" data-sfc-root=\"c\" data-sfc-cb=\"\" data-complete=\"true\">Phong c\u00e1ch c\u00f4ng s\u1edf:<\/strong>\u00a0K\u1ebft h\u1ee3p c\u00f9ng \u00e1o s\u01a1 mi l\u1ee5a ho\u1eb7c \u00e1o blazer \u0111\u1ec3 c\u00f3 v\u1ebb ngo\u00e0i thanh l\u1ecbch, chuy\u00ean nghi\u1ec7p.<\/span><\/li>\n<li class=\"dF3vjf\" data-sfc-root=\"c\" data-sfc-cb=\"\" data-hveid=\"CAEIBxAB\" data-complete=\"true\" data-sae=\"\"><span class=\"T286Pc\" data-sfc-cp=\"\" data-sfc-root=\"c\" data-sfc-cb=\"\" data-complete=\"true\"><strong class=\"Yjhzub\" data-sfc-root=\"c\" data-sfc-cb=\"\" data-complete=\"true\">Phong c\u00e1ch d\u1ea1o ph\u1ed1:<\/strong>\u00a0Mix c\u00f9ng \u00e1o croptop ho\u1eb7c \u00e1o thun basic \u0111\u1ec3 t\u1ea1o n\u00ean outfit n\u0103ng \u0111\u1ed9ng, tr\u1ebb trung.<\/span><\/li>\n<li class=\"dF3vjf\" data-sfc-root=\"c\" data-sfc-cb=\"\" data-hveid=\"CAEIBxAC\" data-complete=\"true\" data-sae=\"\"><span class=\"T286Pc\" data-sfc-cp=\"\" data-sfc-root=\"c\" data-sfc-cb=\"\" data-complete=\"true\" aria-owns=\"action-menu-parent-container\"><strong class=\"Yjhzub\" data-sfc-root=\"c\" data-sfc-cb=\"\" data-complete=\"true\">Phong c\u00e1ch sang ch\u1ea3nh:<\/strong>\u00a0Ph\u1ed1i c\u00f9ng \u00e1o len s\u1ecdc ngang (item hot hit t\u1ea1i shop) v\u00e0 m\u1ed9t \u0111\u00f4i gi\u00e0y cao g\u00f3t m\u0169i nh\u1ecdn.<\/span><\/li>\n<li data-sfc-root=\"c\" data-sfc-cb=\"\" data-hveid=\"CAEIBxAC\" data-complete=\"true\" data-sae=\"\">\n<div class=\"AdPoic\" role=\"heading\" aria-level=\"3\" data-animation-nesting=\"\" data-sfc-cp=\"\" data-sfc-root=\"c\" data-sfc-cb=\"\" data-complete=\"true\" data-processed=\"true\" data-sae=\"\">H\u01b0\u1edbng d\u1eabn b\u1ea3o qu\u1ea3n \u0111\u1ec3 qu\u1ea7n lu\u00f4n nh\u01b0 m\u1edbi<\/div>\n<div class=\"Y3BBE\" data-sfc-cp=\"\" data-sfc-root=\"c\" data-sfc-cb=\"\" data-hveid=\"CAEICRAA\" data-complete=\"true\" data-processed=\"true\">\u0110\u1ec3 chi\u1ebfc qu\u1ea7n jean tr\u1eafng lu\u00f4n gi\u1eef \u0111\u01b0\u1ee3c \u0111\u1ed9 s\u00e1ng v\u00e0 form d\u00e1ng, b\u1ea1n n\u00ean l\u01b0u \u00fd:<\/div>\n<ol class=\"IaGLZe VimKh\" data-sfc-root=\"c\" data-sfc-cb=\"\" data-complete=\"true\" data-processed=\"true\">\n<li class=\"dF3vjf\" data-sfc-root=\"c\" data-sfc-cb=\"\" data-hveid=\"CAEIChAA\" data-complete=\"true\" data-sae=\"\"><span class=\"T286Pc\" data-sfc-cp=\"\" data-sfc-root=\"c\" data-sfc-cb=\"\" data-complete=\"true\"><strong class=\"Yjhzub\" data-sfc-root=\"c\" data-sfc-cb=\"\" data-complete=\"true\">Gi\u1eb7t ri\u00eang:<\/strong>\u00a0Lu\u00f4n gi\u1eb7t qu\u1ea7n tr\u1eafng ri\u00eang bi\u1ec7t v\u1edbi c\u00e1c lo\u1ea1i qu\u1ea7n \u00e1o m\u00e0u \u0111\u1ec3 tr\u00e1nh b\u1ecb lem m\u00e0u.<\/span><\/li>\n<li class=\"dF3vjf\" data-sfc-root=\"c\" data-sfc-cb=\"\" data-hveid=\"CAEIChAB\" data-complete=\"true\" data-sae=\"\"><span class=\"T286Pc\" data-sfc-cp=\"\" data-sfc-root=\"c\" data-sfc-cb=\"\" data-complete=\"true\"><strong class=\"Yjhzub\" data-sfc-root=\"c\" data-sfc-cb=\"\" data-complete=\"true\">L\u1ed9n tr\u00e1i khi gi\u1eb7t:<\/strong>\u00a0Gi\u00fap b\u1ea3o v\u1ec7 b\u1ec1 m\u1eb7t v\u1ea3i v\u00e0 c\u00e1c chi ti\u1ebft nh\u01b0\u00a0<em class=\"eujQNb\" data-sfc-root=\"c\" data-sfc-cb=\"\" data-complete=\"true\">belt loop<\/em>\u00a0(\u0111\u1ec9a qu\u1ea7n) hay t\u00fai qu\u1ea7n.<\/span><\/li>\n<li class=\"dF3vjf\" data-sfc-root=\"c\" data-sfc-cb=\"\" data-hveid=\"CAEIChAC\" data-complete=\"true\" data-sae=\"\"><span class=\"T286Pc\" data-sfc-cp=\"\" data-sfc-root=\"c\" data-sfc-cb=\"\" data-complete=\"true\"><strong class=\"Yjhzub\" data-sfc-root=\"c\" data-sfc-cb=\"\" data-complete=\"true\">H\u1ea1n ch\u1ebf ch\u1ea5t t\u1ea9y m\u1ea1nh:<\/strong>\u00a0Ch\u1ec9 s\u1eed d\u1ee5ng l\u01b0\u1ee3ng x\u00e0 ph\u00f2ng v\u1eeba \u0111\u1ee7, tr\u00e1nh d\u00f9ng thu\u1ed1c t\u1ea9y tr\u1ef1c ti\u1ebfp l\u00ean v\u1ea3i jean.<\/span><\/li>\n<li class=\"dF3vjf\" data-sfc-root=\"c\" data-sfc-cb=\"\" data-hveid=\"CAEIChAD\" data-complete=\"true\" data-sae=\"\"><span class=\"T286Pc\" data-sfc-cp=\"\" data-sfc-root=\"c\" data-sfc-cb=\"\" data-complete=\"true\"><strong class=\"Yjhzub\" data-sfc-root=\"c\" data-sfc-cb=\"\" data-complete=\"true\">Ph\u01a1i trong b\u00f3ng r\u00e2m:<\/strong>\u00a0\u00c1nh n\u1eafng qu\u00e1 g\u1eaft c\u00f3 th\u1ec3 l\u00e0m s\u1ee3i v\u1ea3i b\u1ecb c\u1ee9ng v\u00e0 nhanh h\u1ecfng.<\/span><\/li>\n<\/ol>\n<div class=\"Fsg96\" data-sfc-cp=\"\" data-sfc-root=\"c\" data-sfc-cb=\"\" data-complete=\"true\" data-processed=\"true\"><\/div>\n<hr class=\"j3tEEe\" data-sfc-root=\"c\" data-sfc-pl=\"|[]\" data-sfc-cb=\"\" data-complete=\"true\" data-processed=\"true\" data-sae=\"\" \/>\n<\/li>\n<\/ul>\n<\/div>\n<p><strong>PRODUCT DETAILS:\u00a0<\/strong>Qu\u1ea7n jean \u1ed1ng r\u1ed9ng, c\u00f3 belt loop v\u00e0 t\u00fai hai b\u00ean qu\u1ea7n<\/p>\n<p><strong>TH\u00d4NG S\u1ed0 S\u1ea2N PH\u1ea8M<\/strong><\/p>\n<p><strong>Ch\u1ea5t li\u1ec7u:<\/strong>\u00a0Jean<\/p>\n<p><strong>M\u00e0u s\u1eafc:\u00a0<\/strong>Tr\u1eafng<\/p>\n<p><strong>Size:<\/strong>\u00a0Size S: Eo 66-68, M\u00f4ng 88-90<\/p>\n<p>Size M: Eo 70-72, M\u00f4ng 90-92<\/p>\n<p>Size L: Eo 74-76, M\u00f4ng 94-96<\/p>\n<p><strong>KH\u00c1CH H\u00c0NG L\u01afU \u00dd:<\/strong><\/p>\n<p>&#8211; B\u1ea3ng size chart ch\u1ec9 mang t\u00ednh ch\u1ea5t tham kh\u1ea3o, t\u00f9y thu\u1ed9c v\u00e0o s\u1ed1 \u0111o c\u01a1 th\u1ec3 v\u00e0 ch\u1ea5t li\u1ec7u v\u1ea3i kh\u00e1c nhau s\u1ebd c\u00f3 s\u1ef1 ch\u00eanh l\u1ec7ch nh\u1ea5t \u0111\u1ecbnh.<\/p>\n<p>&#8211; M\u00e0u s\u1eafc v\u1ea3i c\u1ee7a s\u1ea3n ph\u1ea9m c\u00f3 th\u1ec3 s\u1ebd ch\u00eanh l\u1ec7ch th\u1ef1c t\u1ebf m\u1ed9t ph\u1ea7n nh\u1ecf, do \u1ea3nh h\u01b0\u1edfng v\u1ec1 \u0111\u1ed9 l\u1ec7ch m\u00e0u c\u1ee7a \u00e1nh s\u00e1ng nh\u01b0ng v\u1eabn \u0111\u1ea3m b\u1ea3o ch\u1ea5t l\u01b0\u1ee3ng.<\/p>\n<p>*** Vui l\u00f2ng inbox LUNA CLOSET \u0111\u1ec3 \u0111\u01b0\u1ee3c t\u01b0 v\u1ea5n ch\u00ednh x\u00e1c h\u01a1n.<\/p>\n<p><a href=\"https:\/\/gumac.vn\/tin-tuc\/vai-jean-la-gi\">https:\/\/gumac.vn\/tin-tuc\/vai-jean-la-gi<\/a><\/p>\n<p><img loading=\"lazy\" decoding=\"async\" class=\"alignnone wp-image-137 size-full\" src=\"https:\/\/amazon.azdigi.shop\/wp-content\/uploads\/2026\/03\/sp14-a1.jpg\" alt=\"qu\u1ea7n jean \u1ed1ng r\u1ed9ng m\u00e0u tr\u1eafng n\u1eef t\u00f4n d\u00e1ng\" width=\"1080\" height=\"1350\" srcset=\"https:\/\/amazon.azdigi.shop\/wp-content\/uploads\/2026\/03\/sp14-a1.jpg 1080w, https:\/\/amazon.azdigi.shop\/wp-content\/uploads\/2026\/03\/sp14-a1-240x300.jpg 240w, https:\/\/amazon.azdigi.shop\/wp-content\/uploads\/2026\/03\/sp14-a1-819x1024.jpg 819w, https:\/\/amazon.azdigi.shop\/wp-content\/uploads\/2026\/03\/sp14-a1-768x960.jpg 768w, https:\/\/amazon.azdigi.shop\/wp-content\/uploads\/2026\/03\/sp14-a1-600x750.jpg 600w\" sizes=\"auto, (max-width: 1080px) 100vw, 1080px\" \/><\/p>\n","protected":false},"excerpt":{"rendered":"<p>T\u1ea1i sao Qu\u1ea7n Jean \u1ed0ng R\u1ed9ng M\u00e0u Tr\u1eafng l\u00e0 m\u00f3n \u0111\u1ed3 &#8220;ph\u1ea3i c\u00f3&#8221;? Thi\u1ebft k\u1ebf t\u00f4n d\u00e1ng, che khuy\u1ebft \u0111i\u1ec3m ho\u00e0n h\u1ea3oQu\u1ea7n jean \u1ed1ng r\u1ed9ng\u00a0(hay c\u00f2n g\u1ecdi l\u00e0 qu\u1ea7n b\u00f2 \u1ed1ng su\u00f4ng) t\u1eeb l\u00e2u \u0111\u00e3 tr\u1edf th\u00e0nh bi\u1ec3u t\u01b0\u1ee3ng th\u1eddi trang kh\u00f4ng th\u1ec3 thi\u1ebfu trong t\u1ee7 \u0111\u1ed3 c\u1ee7a m\u1ecdi c\u00f4 n\u00e0ng hi\u1ec7n \u0111\u1ea1i. V\u1edbi thi\u1ebft [&#8230;]\n","protected":false},"featured_media":137,"comment_status":"open","ping_status":"closed","template":"","meta":[],"product_brand":[],"product_cat":[39,27,32,29,36,22,56,58,33],"product_tag":[],"class_list":{"0":"post-136","1":"product","2":"type-product","3":"status-publish","4":"has-post-thumbnail","6":"product_cat-a-day-with-labby","7":"product_cat-cherish","8":"product_cat-dream-closet","9":"product_cat-in-her-stillness","10":"product_cat-parisian-collection","11":"product_cat-quan","12":"product_cat-quan-dai","13":"product_cat-quan-jean","14":"product_cat-rose-allure","16":"first","17":"instock","18":"sale","19":"shipping-taxable","20":"purchasable","21":"product-type-variable"},"yoast_head":"<!-- This site is optimized with the Yoast SEO plugin v27.2 - https:\/\/yoast.com\/product\/yoast-seo-wordpress\/ -->\n<title>QU\u1ea6N JEAN \u1ed0NG R\u1ed8NG X\u1ebeP LY LUNA CLOSET - lunacloset<\/title>\n<meta name=\"description\" content=\"Mua ngay qu\u1ea7n jean \u1ed1ng r\u1ed9ng m\u00e0u tr\u1eafng phong c\u00e1ch H\u00e0n Qu\u1ed1c t\u1ea1i Luna Closet. Ch\u1ea5t jean b\u1ec1n \u0111\u1eb9p, form su\u00f4ng t\u00f4n d\u00e1ng, \u0111\u1ee7 size S M L. Freeship \u0111\u01a1n h\u00e0ng t\u1eeb 500k!\" \/>\n<meta name=\"robots\" content=\"index, follow, max-snippet:-1, max-image-preview:large, max-video-preview:-1\" \/>\n<link rel=\"canonical\" href=\"https:\/\/amazon.azdigi.shop\/index.php\/product\/quan-jean-ong-rong-xep-ly-luna-closet\/\" \/>\n<meta property=\"og:locale\" content=\"en_US\" \/>\n<meta property=\"og:type\" content=\"article\" \/>\n<meta property=\"og:title\" content=\"QU\u1ea6N JEAN \u1ed0NG R\u1ed8NG X\u1ebeP LY LUNA CLOSET - lunacloset\" \/>\n<meta property=\"og:description\" content=\"Mua ngay qu\u1ea7n jean \u1ed1ng r\u1ed9ng m\u00e0u tr\u1eafng phong c\u00e1ch H\u00e0n Qu\u1ed1c t\u1ea1i Luna Closet. Ch\u1ea5t jean b\u1ec1n \u0111\u1eb9p, form su\u00f4ng t\u00f4n d\u00e1ng, \u0111\u1ee7 size S M L. Freeship \u0111\u01a1n h\u00e0ng t\u1eeb 500k!\" \/>\n<meta property=\"og:url\" content=\"https:\/\/amazon.azdigi.shop\/index.php\/product\/quan-jean-ong-rong-xep-ly-luna-closet\/\" \/>\n<meta property=\"og:site_name\" content=\"lunacloset\" \/>\n<meta property=\"article:modified_time\" content=\"2026-04-18T09:27:37+00:00\" \/>\n<meta property=\"og:image\" content=\"https:\/\/amazon.azdigi.shop\/wp-content\/uploads\/2026\/03\/sp14-a1.jpg?wsr\" \/>\n\t<meta property=\"og:image:width\" content=\"1080\" \/>\n\t<meta property=\"og:image:height\" content=\"1350\" \/>\n\t<meta property=\"og:image:type\" content=\"image\/jpeg\" \/>\n<meta name=\"twitter:card\" content=\"summary_large_image\" \/>\n<meta name=\"twitter:label1\" content=\"Est. reading time\" \/>\n\t<meta name=\"twitter:data1\" content=\"3 minutes\" \/>\n<script type=\"application\/ld+json\" class=\"yoast-schema-graph\">{\"@context\":\"https:\/\/schema.org\",\"@graph\":[{\"@type\":\"WebPage\",\"@id\":\"https:\/\/amazon.azdigi.shop\/index.php\/product\/quan-jean-ong-rong-xep-ly-luna-closet\/\",\"url\":\"https:\/\/amazon.azdigi.shop\/index.php\/product\/quan-jean-ong-rong-xep-ly-luna-closet\/\",\"name\":\"QU\u1ea6N JEAN \u1ed0NG R\u1ed8NG X\u1ebeP LY LUNA CLOSET - lunacloset\",\"isPartOf\":{\"@id\":\"https:\/\/amazon.azdigi.shop\/#website\"},\"primaryImageOfPage\":{\"@id\":\"https:\/\/amazon.azdigi.shop\/index.php\/product\/quan-jean-ong-rong-xep-ly-luna-closet\/#primaryimage\"},\"image\":{\"@id\":\"https:\/\/amazon.azdigi.shop\/index.php\/product\/quan-jean-ong-rong-xep-ly-luna-closet\/#primaryimage\"},\"thumbnailUrl\":\"https:\/\/amazon.azdigi.shop\/wp-content\/uploads\/2026\/03\/sp14-a1.jpg?wsr\",\"datePublished\":\"2026-03-21T18:38:23+00:00\",\"dateModified\":\"2026-04-18T09:27:37+00:00\",\"description\":\"Mua ngay qu\u1ea7n jean \u1ed1ng r\u1ed9ng m\u00e0u tr\u1eafng phong c\u00e1ch H\u00e0n Qu\u1ed1c t\u1ea1i Luna Closet. Ch\u1ea5t jean b\u1ec1n \u0111\u1eb9p, form su\u00f4ng t\u00f4n d\u00e1ng, \u0111\u1ee7 size S M L. Freeship \u0111\u01a1n h\u00e0ng t\u1eeb 500k!\",\"breadcrumb\":{\"@id\":\"https:\/\/amazon.azdigi.shop\/index.php\/product\/quan-jean-ong-rong-xep-ly-luna-closet\/#breadcrumb\"},\"inLanguage\":\"en-US\",\"potentialAction\":[{\"@type\":\"ReadAction\",\"target\":[\"https:\/\/amazon.azdigi.shop\/index.php\/product\/quan-jean-ong-rong-xep-ly-luna-closet\/\"]}]},{\"@type\":\"ImageObject\",\"inLanguage\":\"en-US\",\"@id\":\"https:\/\/amazon.azdigi.shop\/index.php\/product\/quan-jean-ong-rong-xep-ly-luna-closet\/#primaryimage\",\"url\":\"https:\/\/amazon.azdigi.shop\/wp-content\/uploads\/2026\/03\/sp14-a1.jpg?wsr\",\"contentUrl\":\"https:\/\/amazon.azdigi.shop\/wp-content\/uploads\/2026\/03\/sp14-a1.jpg?wsr\",\"width\":1080,\"height\":1350},{\"@type\":\"BreadcrumbList\",\"@id\":\"https:\/\/amazon.azdigi.shop\/index.php\/product\/quan-jean-ong-rong-xep-ly-luna-closet\/#breadcrumb\",\"itemListElement\":[{\"@type\":\"ListItem\",\"position\":1,\"name\":\"Home\",\"item\":\"https:\/\/amazon.azdigi.shop\/\"},{\"@type\":\"ListItem\",\"position\":2,\"name\":\"Shop\",\"item\":\"https:\/\/amazon.azdigi.shop\/index.php\/shop\/\"},{\"@type\":\"ListItem\",\"position\":3,\"name\":\"QU\u1ea6N JEAN \u1ed0NG R\u1ed8NG X\u1ebeP LY LUNA CLOSET\"}]},{\"@type\":\"WebSite\",\"@id\":\"https:\/\/amazon.azdigi.shop\/#website\",\"url\":\"https:\/\/amazon.azdigi.shop\/\",\"name\":\"lunacloset\",\"description\":\"\",\"potentialAction\":[{\"@type\":\"SearchAction\",\"target\":{\"@type\":\"EntryPoint\",\"urlTemplate\":\"https:\/\/amazon.azdigi.shop\/?s={search_term_string}\"},\"query-input\":{\"@type\":\"PropertyValueSpecification\",\"valueRequired\":true,\"valueName\":\"search_term_string\"}}],\"inLanguage\":\"en-US\"}]}<\/script>\n<!-- \/ Yoast SEO plugin. -->","yoast_head_json":{"title":"QU\u1ea6N JEAN \u1ed0NG R\u1ed8NG X\u1ebeP LY LUNA CLOSET - lunacloset","description":"Mua ngay qu\u1ea7n jean \u1ed1ng r\u1ed9ng m\u00e0u tr\u1eafng phong c\u00e1ch H\u00e0n Qu\u1ed1c t\u1ea1i Luna Closet. Ch\u1ea5t jean b\u1ec1n \u0111\u1eb9p, form su\u00f4ng t\u00f4n d\u00e1ng, \u0111\u1ee7 size S M L. Freeship \u0111\u01a1n h\u00e0ng t\u1eeb 500k!","robots":{"index":"index","follow":"follow","max-snippet":"max-snippet:-1","max-image-preview":"max-image-preview:large","max-video-preview":"max-video-preview:-1"},"canonical":"https:\/\/amazon.azdigi.shop\/index.php\/product\/quan-jean-ong-rong-xep-ly-luna-closet\/","og_locale":"en_US","og_type":"article","og_title":"QU\u1ea6N JEAN \u1ed0NG R\u1ed8NG X\u1ebeP LY LUNA CLOSET - lunacloset","og_description":"Mua ngay qu\u1ea7n jean \u1ed1ng r\u1ed9ng m\u00e0u tr\u1eafng phong c\u00e1ch H\u00e0n Qu\u1ed1c t\u1ea1i Luna Closet. Ch\u1ea5t jean b\u1ec1n \u0111\u1eb9p, form su\u00f4ng t\u00f4n d\u00e1ng, \u0111\u1ee7 size S M L. Freeship \u0111\u01a1n h\u00e0ng t\u1eeb 500k!","og_url":"https:\/\/amazon.azdigi.shop\/index.php\/product\/quan-jean-ong-rong-xep-ly-luna-closet\/","og_site_name":"lunacloset","article_modified_time":"2026-04-18T09:27:37+00:00","og_image":[{"width":1080,"height":1350,"url":"https:\/\/amazon.azdigi.shop\/wp-content\/uploads\/2026\/03\/sp14-a1.jpg?wsr","type":"image\/jpeg"}],"twitter_card":"summary_large_image","twitter_misc":{"Est. reading time":"3 minutes"},"schema":{"@context":"https:\/\/schema.org","@graph":[{"@type":"WebPage","@id":"https:\/\/amazon.azdigi.shop\/index.php\/product\/quan-jean-ong-rong-xep-ly-luna-closet\/","url":"https:\/\/amazon.azdigi.shop\/index.php\/product\/quan-jean-ong-rong-xep-ly-luna-closet\/","name":"QU\u1ea6N JEAN \u1ed0NG R\u1ed8NG X\u1ebeP LY LUNA CLOSET - lunacloset","isPartOf":{"@id":"https:\/\/amazon.azdigi.shop\/#website"},"primaryImageOfPage":{"@id":"https:\/\/amazon.azdigi.shop\/index.php\/product\/quan-jean-ong-rong-xep-ly-luna-closet\/#primaryimage"},"image":{"@id":"https:\/\/amazon.azdigi.shop\/index.php\/product\/quan-jean-ong-rong-xep-ly-luna-closet\/#primaryimage"},"thumbnailUrl":"https:\/\/amazon.azdigi.shop\/wp-content\/uploads\/2026\/03\/sp14-a1.jpg?wsr","datePublished":"2026-03-21T18:38:23+00:00","dateModified":"2026-04-18T09:27:37+00:00","description":"Mua ngay qu\u1ea7n jean \u1ed1ng r\u1ed9ng m\u00e0u tr\u1eafng phong c\u00e1ch H\u00e0n Qu\u1ed1c t\u1ea1i Luna Closet. Ch\u1ea5t jean b\u1ec1n \u0111\u1eb9p, form su\u00f4ng t\u00f4n d\u00e1ng, \u0111\u1ee7 size S M L. Freeship \u0111\u01a1n h\u00e0ng t\u1eeb 500k!","breadcrumb":{"@id":"https:\/\/amazon.azdigi.shop\/index.php\/product\/quan-jean-ong-rong-xep-ly-luna-closet\/#breadcrumb"},"inLanguage":"en-US","potentialAction":[{"@type":"ReadAction","target":["https:\/\/amazon.azdigi.shop\/index.php\/product\/quan-jean-ong-rong-xep-ly-luna-closet\/"]}]},{"@type":"ImageObject","inLanguage":"en-US","@id":"https:\/\/amazon.azdigi.shop\/index.php\/product\/quan-jean-ong-rong-xep-ly-luna-closet\/#primaryimage","url":"https:\/\/amazon.azdigi.shop\/wp-content\/uploads\/2026\/03\/sp14-a1.jpg?wsr","contentUrl":"https:\/\/amazon.azdigi.shop\/wp-content\/uploads\/2026\/03\/sp14-a1.jpg?wsr","width":1080,"height":1350},{"@type":"BreadcrumbList","@id":"https:\/\/amazon.azdigi.shop\/index.php\/product\/quan-jean-ong-rong-xep-ly-luna-closet\/#breadcrumb","itemListElement":[{"@type":"ListItem","position":1,"name":"Home","item":"https:\/\/amazon.azdigi.shop\/"},{"@type":"ListItem","position":2,"name":"Shop","item":"https:\/\/amazon.azdigi.shop\/index.php\/shop\/"},{"@type":"ListItem","position":3,"name":"QU\u1ea6N JEAN \u1ed0NG R\u1ed8NG X\u1ebeP LY LUNA CLOSET"}]},{"@type":"WebSite","@id":"https:\/\/amazon.azdigi.shop\/#website","url":"https:\/\/amazon.azdigi.shop\/","name":"lunacloset","description":"","potentialAction":[{"@type":"SearchAction","target":{"@type":"EntryPoint","urlTemplate":"https:\/\/amazon.azdigi.shop\/?s={search_term_string}"},"query-input":{"@type":"PropertyValueSpecification","valueRequired":true,"valueName":"search_term_string"}}],"inLanguage":"en-US"}]}},"_links":{"self":[{"href":"https:\/\/amazon.azdigi.shop\/index.php\/wp-json\/wp\/v2\/product\/136","targetHints":{"allow":["GET"]}}],"collection":[{"href":"https:\/\/amazon.azdigi.shop\/index.php\/wp-json\/wp\/v2\/product"}],"about":[{"href":"https:\/\/amazon.azdigi.shop\/index.php\/wp-json\/wp\/v2\/types\/product"}],"replies":[{"embeddable":true,"href":"https:\/\/amazon.azdigi.shop\/index.php\/wp-json\/wp\/v2\/comments?post=136"}],"wp:featuredmedia":[{"embeddable":true,"href":"https:\/\/amazon.azdigi.shop\/index.php\/wp-json\/wp\/v2\/media\/137"}],"wp:attachment":[{"href":"https:\/\/amazon.azdigi.shop\/index.php\/wp-json\/wp\/v2\/media?parent=136"}],"wp:term":[{"taxonomy":"product_brand","embeddable":true,"href":"https:\/\/amazon.azdigi.shop\/index.php\/wp-json\/wp\/v2\/product_brand?post=136"},{"taxonomy":"product_cat","embeddable":true,"href":"https:\/\/amazon.azdigi.shop\/index.php\/wp-json\/wp\/v2\/product_cat?post=136"},{"taxonomy":"product_tag","embeddable":true,"href":"https:\/\/amazon.azdigi.shop\/index.php\/wp-json\/wp\/v2\/product_tag?post=136"}],"curies":[{"name":"wp","href":"https:\/\/api.w.org\/{rel}","templated":true}]}}