{"id":128,"date":"2026-03-21T18:30:56","date_gmt":"2026-03-21T18:30:56","guid":{"rendered":"https:\/\/amazon.azdigi.shop\/?post_type=product&#038;p=128"},"modified":"2026-04-18T09:40:15","modified_gmt":"2026-04-18T09:40:15","slug":"iris-dress-luna-closet","status":"publish","type":"product","link":"https:\/\/amazon.azdigi.shop\/index.php\/product\/iris-dress-luna-closet\/","title":{"rendered":"IRIS DRESS LUNA CLOSET"},"content":{"rendered":"<div class=\"AdPoic\" role=\"heading\" aria-level=\"3\" data-animation-nesting=\"\" data-sfc-cp=\"\" data-sfc-root=\"c\" data-sfc-cb=\"\" data-complete=\"true\" data-processed=\"true\" data-sae=\"\">T\u1ea1i sao Iris Dress l\u00e0 l\u1ef1a ch\u1ecdn kh\u00f4ng th\u1ec3 thi\u1ebfu trong t\u1ee7 \u0111\u1ed3?<button class=\"rBl3me\" tabindex=\"0\" data-amic=\"true\" data-icl-uuid=\"7b573f1c-7c59-4278-abcd-5385c8db62ef\" aria-label=\"Xem c\u00e1c \u0111\u01b0\u1eddng li\u00ean k\u1ebft c\u00f3 li\u00ean quan\" data-wiz-attrbind=\"disabled=zs46xf_22\/C5gNJc;aria-label=zs46xf_22\/bOjMyf;class=zs46xf_22\/UpSNec\" data-ved=\"2ahUKEwiPyIjQwO-TAxXfSGcHHRoBMdAQye0OegYIAQgLEAA\" data-hveid=\"CAEICxAA\"><\/button><\/div>\n<div class=\"Y3BBE\" data-sfc-cp=\"\" data-sfc-root=\"c\" data-sfc-cb=\"\" data-hveid=\"CAEIDBAA\" data-complete=\"true\" data-processed=\"true\"><strong class=\"Yjhzub\" data-sfc-root=\"c\" data-sfc-cb=\"\" data-complete=\"true\" data-processed=\"true\">Thi\u1ebft k\u1ebf tr\u1ec5 vai quy\u1ebfn r\u0169 v\u00e0 thanh l\u1ecbch<\/strong><br data-sfc-root=\"c\" data-sfc-pl=\"|[]\" data-sfc-cb=\"\" data-complete=\"true\" data-processed=\"true\" \/>M\u1eabu\u00a0<strong class=\"Yjhzub\" data-sfc-root=\"c\" data-sfc-cb=\"\" data-complete=\"true\" data-processed=\"true\">Iris Dress<\/strong>\u00a0s\u1edf h\u1eefu thi\u1ebft k\u1ebf tr\u1ec5 vai tinh t\u1ebf, gi\u00fap khoe tr\u1ecdn b\u1edd vai tr\u1ea7n g\u1ee3i c\u1ea3m m\u00e0 v\u1eabn gi\u1eef \u0111\u01b0\u1ee3c n\u00e9t thanh l\u1ecbch, sang tr\u1ecdng. V\u1edbi d\u00e1ng \u0111\u1ea7m midi d\u00e0i v\u1eeba ph\u1ea3i, s\u1ea3n ph\u1ea9m mang l\u1ea1i v\u1ebb ngo\u00e0i d\u1ecbu d\u00e0ng, ph\u00f9 h\u1ee3p cho nhi\u1ec1u d\u1ecbp t\u1eeb \u0111i ti\u1ec7c, h\u1eb9n h\u00f2 \u0111\u1ebfn d\u1ea1o ph\u1ed1 cu\u1ed1i tu\u1ea7n.<button class=\"rBl3me\" tabindex=\"0\" data-amic=\"true\" data-icl-uuid=\"f5942037-3078-4da7-b1c4-699045741844\" aria-label=\"Xem c\u00e1c \u0111\u01b0\u1eddng li\u00ean k\u1ebft c\u00f3 li\u00ean quan\" data-wiz-attrbind=\"disabled=zs46xf_29\/C5gNJc;aria-label=zs46xf_29\/bOjMyf;class=zs46xf_29\/UpSNec\" data-ved=\"2ahUKEwiPyIjQwO-TAxXfSGcHHRoBMdAQye0OegYIAQgMEAE\" data-hveid=\"CAEIDBAB\"><\/button><\/div>\n<div class=\"Y3BBE\" data-sfc-cp=\"\" data-sfc-root=\"c\" data-sfc-cb=\"\" data-hveid=\"CAEIDRAA\" data-complete=\"true\" data-processed=\"true\" aria-owns=\"action-menu-parent-container\"><strong class=\"Yjhzub\" data-sfc-root=\"c\" data-sfc-cb=\"\" data-complete=\"true\" data-processed=\"true\">Ch\u1ea5t li\u1ec7u Cotton G\u00e2n cao c\u1ea5p<\/strong><br data-sfc-root=\"c\" data-sfc-pl=\"|[]\" data-sfc-cb=\"\" data-complete=\"true\" data-processed=\"true\" \/>\u0110\u1ea7m \u0111\u01b0\u1ee3c may t\u1eeb ch\u1ea5t li\u1ec7u\u00a0<strong class=\"Yjhzub\" data-sfc-root=\"c\" data-sfc-cb=\"\" data-complete=\"true\" data-processed=\"true\">cotton g\u00e2n<\/strong>\u00a0m\u1ec1m m\u1ea1i, c\u00f3 \u0111\u1ed9 co gi\u00e3n nh\u1eb9 v\u00e0 th\u1ea5m h\u00fat m\u1ed3 h\u00f4i t\u1ed1t. Ch\u1ea5t v\u1ea3i d\u00e0y d\u1eb7n gi\u00fap l\u00ean form chu\u1ea9n nh\u01b0ng v\u1eabn \u0111\u1ea3m b\u1ea3o s\u1ef1 tho\u1ea3i m\u00e1i, tho\u00e1ng m\u00e1t cho ng\u01b0\u1eddi m\u1eb7c trong su\u1ed1t ng\u00e0y d\u00e0i. Tone m\u00e0u kem nh\u00e3 nh\u1eb7n kh\u00f4ng ch\u1ec9 t\u00f4n da m\u00e0 c\u00f2n c\u1ef1c k\u1ef3 d\u1ec5 d\u00e0ng k\u1ebft h\u1ee3p c\u00f9ng c\u00e1c ph\u1ee5 ki\u1ec7n kh\u00e1c nhau.<\/div>\n<div data-sfc-cp=\"\" data-sfc-root=\"c\" data-sfc-cb=\"\" data-hveid=\"CAEIDRAA\" data-complete=\"true\" data-processed=\"true\" aria-owns=\"action-menu-parent-container\">\n<div class=\"AdPoic\" role=\"heading\" aria-level=\"3\" data-animation-nesting=\"\" data-sfc-cp=\"\" data-sfc-root=\"c\" data-sfc-cb=\"\" data-complete=\"true\" data-processed=\"true\" data-sae=\"\">C\u00e1ch b\u1ea3o qu\u1ea3n \u0111\u1ea7m tr\u1ec5 vai Iris Dress b\u1ec1n \u0111\u1eb9p<button class=\"rBl3me\" tabindex=\"0\" data-amic=\"true\" data-icl-uuid=\"8253fabe-a63c-427d-a1c4-d666c88d4840\" aria-label=\"Xem c\u00e1c \u0111\u01b0\u1eddng li\u00ean k\u1ebft c\u00f3 li\u00ean quan\" data-wiz-attrbind=\"disabled=zs46xf_2o\/C5gNJc;aria-label=zs46xf_2o\/bOjMyf;class=zs46xf_2o\/UpSNec\" data-ved=\"2ahUKEwiPyIjQwO-TAxXfSGcHHRoBMdAQye0OegYIAQgPEAA\" data-hveid=\"CAEIDxAA\"><\/button><\/div>\n<div class=\"Y3BBE\" data-sfc-cp=\"\" data-sfc-root=\"c\" data-sfc-cb=\"\" data-hveid=\"CAEIEBAA\" data-complete=\"true\" data-processed=\"true\">\u0110\u1ec3 s\u1ea3n ph\u1ea9m lu\u00f4n nh\u01b0 m\u1edbi,\u00a0<strong class=\"Yjhzub\" data-sfc-root=\"c\" data-sfc-cb=\"\" data-complete=\"true\" data-processed=\"true\">Luna Closet<\/strong>\u00a0khuy\u1ebfn ngh\u1ecb b\u1ea1n:<button class=\"rBl3me\" tabindex=\"0\" data-amic=\"true\" data-icl-uuid=\"e806ff10-3100-4f8a-96c9-0dad021abc9b\" aria-label=\"Xem c\u00e1c \u0111\u01b0\u1eddng li\u00ean k\u1ebft c\u00f3 li\u00ean quan\" data-wiz-attrbind=\"disabled=zs46xf_2t\/C5gNJc;aria-label=zs46xf_2t\/bOjMyf;class=zs46xf_2t\/UpSNec\" data-ved=\"2ahUKEwiPyIjQwO-TAxXfSGcHHRoBMdAQye0OegYIAQgQEAE\" data-hveid=\"CAEIEBAB\"><\/button><\/div>\n<ul class=\"KsbFXc U6u95\" data-sfc-root=\"c\" data-sfc-cb=\"\" data-complete=\"true\" data-processed=\"true\">\n<li class=\"dF3vjf\" data-sfc-root=\"c\" data-sfc-cb=\"\" data-hveid=\"CAEIERAA\" data-complete=\"true\" data-sae=\"\"><span class=\"T286Pc\" data-sfc-cp=\"\" data-sfc-root=\"c\" data-sfc-cb=\"\" data-complete=\"true\"><strong class=\"Yjhzub\" data-sfc-root=\"c\" data-sfc-cb=\"\" data-complete=\"true\">Gi\u1eb7t tay nh\u1eb9 nh\u00e0ng:<\/strong>\u00a0H\u1ea1n ch\u1ebf gi\u1eb7t m\u00e1y \u0111\u1ec3 b\u1ea3o v\u1ec7 c\u1ea5u tr\u00fac v\u1ea3i cotton g\u00e2n v\u00e0 form d\u00e1ng tr\u1ec5 vai.<\/span><\/li>\n<li class=\"dF3vjf\" data-sfc-root=\"c\" data-sfc-cb=\"\" data-hveid=\"CAEIERAB\" data-complete=\"true\" data-sae=\"\"><span class=\"T286Pc\" data-sfc-cp=\"\" data-sfc-root=\"c\" data-sfc-cb=\"\" data-complete=\"true\"><strong class=\"Yjhzub\" data-sfc-root=\"c\" data-sfc-cb=\"\" data-complete=\"true\">Tr\u00e1nh ch\u1ea5t t\u1ea9y m\u1ea1nh:<\/strong>\u00a0Kh\u00f4ng s\u1eed d\u1ee5ng thu\u1ed1c t\u1ea9y tr\u1ef1c ti\u1ebfp l\u00ean v\u1ea3i m\u00e0u kem \u0111\u1ec3 tr\u00e1nh l\u00e0m loang m\u00e0u.<\/span><\/li>\n<li class=\"dF3vjf\" data-sfc-root=\"c\" data-sfc-cb=\"\" data-hveid=\"CAEIERAC\" data-complete=\"true\" data-sae=\"\"><span class=\"T286Pc\" data-sfc-cp=\"\" data-sfc-root=\"c\" data-sfc-cb=\"\" data-complete=\"true\" aria-owns=\"action-menu-parent-container\"><strong class=\"Yjhzub\" data-sfc-root=\"c\" data-sfc-cb=\"\" data-complete=\"true\">Ph\u01a1i trong b\u00f3ng r\u00e2m:<\/strong>\u00a0Tr\u00e1nh \u00e1nh n\u1eafng g\u1eaft tr\u1ef1c ti\u1ebfp \u0111\u1ec3 s\u1ee3i v\u1ea3i kh\u00f4ng b\u1ecb c\u1ee9ng v\u00e0 gi\u1eef \u0111\u1ed9 b\u1ec1n m\u00e0u t\u1ed1t nh\u1ea5t.<\/span><\/li>\n<\/ul>\n<\/div>\n<p><strong>PRODUCT DETAILS:\u00a0<\/strong>\u0110\u1ea7m midi tr\u1ec5 vai<\/p>\n<p><strong>TH\u00d4NG S\u1ed0 S\u1ea2N PH\u1ea8M<\/strong><\/p>\n<p><strong>Ch\u1ea5t li\u1ec7u:<\/strong>\u00a0Cotton G\u00e2n<\/p>\n<p><strong>M\u00e0u s\u1eafc:\u00a0<\/strong>Kem<\/p>\n<p><strong>Size:<\/strong>\u00a0Size S: Ng\u1ef1c 82-84, Eo 66-68, M\u00f4ng 88-90<\/p>\n<p>Size M: Ng\u1ef1c 86-88, Eo 70-72, M\u00f4ng 90-92<\/p>\n<p>Size L:\u00a0Ng\u1ef1c 90-92, Eo 74-76, M\u00f4ng 94-96<\/p>\n<p><strong>KH\u00c1CH H\u00c0NG L\u01afU \u00dd:<\/strong><\/p>\n<p>&#8211; B\u1ea3ng size chart ch\u1ec9 mang t\u00ednh ch\u1ea5t tham kh\u1ea3o, t\u00f9y thu\u1ed9c v\u00e0o s\u1ed1 \u0111o c\u01a1 th\u1ec3 v\u00e0 ch\u1ea5t li\u1ec7u v\u1ea3i kh\u00e1c nhau s\u1ebd c\u00f3 s\u1ef1 ch\u00eanh l\u1ec7ch nh\u1ea5t \u0111\u1ecbnh.<\/p>\n<p>&#8211; M\u00e0u s\u1eafc v\u1ea3i c\u1ee7a s\u1ea3n ph\u1ea9m c\u00f3 th\u1ec3 s\u1ebd ch\u00eanh l\u1ec7ch th\u1ef1c t\u1ebf m\u1ed9t ph\u1ea7n nh\u1ecf, do \u1ea3nh h\u01b0\u1edfng v\u1ec1 \u0111\u1ed9 l\u1ec7ch m\u00e0u c\u1ee7a \u00e1nh s\u00e1ng nh\u01b0ng v\u1eabn \u0111\u1ea3m b\u1ea3o ch\u1ea5t l\u01b0\u1ee3ng.<\/p>\n<p>*** Vui l\u00f2ng inbox LUNA CLOSET \u0111\u1ec3 \u0111\u01b0\u1ee3c t\u01b0 v\u1ea5n ch\u00ednh x\u00e1c h\u01a1n.<\/p>\n<p><a href=\"https:\/\/minde.vn\/collections\/dam-tre-vai?srsltid=AfmBOoqmW7vUB4CnPva44SuQ8TYuencBwPrTe_JvuBUyCktFWiXeAH7o\">https:\/\/minde.vn\/collections\/dam-tre-vai?srsltid=AfmBOoqmW7vUB4CnPva44SuQ8TYuencBwPrTe_JvuBUyCktFWiXeAH7o<\/a><\/p>\n<p><img loading=\"lazy\" decoding=\"async\" class=\"alignnone wp-image-129 size-full\" src=\"https:\/\/amazon.azdigi.shop\/wp-content\/uploads\/2026\/03\/sp12-a1.jpg\" alt=\"\u0111\u1ea7m midi tr\u1ec5 vai m\u00e0u kem iris dress luna closet\" width=\"1080\" height=\"1350\" srcset=\"https:\/\/amazon.azdigi.shop\/wp-content\/uploads\/2026\/03\/sp12-a1.jpg 1080w, https:\/\/amazon.azdigi.shop\/wp-content\/uploads\/2026\/03\/sp12-a1-240x300.jpg 240w, https:\/\/amazon.azdigi.shop\/wp-content\/uploads\/2026\/03\/sp12-a1-819x1024.jpg 819w, https:\/\/amazon.azdigi.shop\/wp-content\/uploads\/2026\/03\/sp12-a1-768x960.jpg 768w, https:\/\/amazon.azdigi.shop\/wp-content\/uploads\/2026\/03\/sp12-a1-600x750.jpg 600w\" sizes=\"auto, (max-width: 1080px) 100vw, 1080px\" \/><\/p>\n","protected":false},"excerpt":{"rendered":"<p>T\u1ea1i sao Iris Dress l\u00e0 l\u1ef1a ch\u1ecdn kh\u00f4ng th\u1ec3 thi\u1ebfu trong t\u1ee7 \u0111\u1ed3? Thi\u1ebft k\u1ebf tr\u1ec5 vai quy\u1ebfn r\u0169 v\u00e0 thanh l\u1ecbchM\u1eabu\u00a0Iris Dress\u00a0s\u1edf h\u1eefu thi\u1ebft k\u1ebf tr\u1ec5 vai tinh t\u1ebf, gi\u00fap khoe tr\u1ecdn b\u1edd vai tr\u1ea7n g\u1ee3i c\u1ea3m m\u00e0 v\u1eabn gi\u1eef \u0111\u01b0\u1ee3c n\u00e9t thanh l\u1ecbch, sang tr\u1ecdng. V\u1edbi d\u00e1ng \u0111\u1ea7m midi d\u00e0i v\u1eeba ph\u1ea3i, s\u1ea3n [&#8230;]\n","protected":false},"featured_media":129,"comment_status":"open","ping_status":"closed","template":"","meta":[],"product_brand":[],"product_cat":[39,30,20,46,16,52,32,34,36,21,55,54],"product_tag":[],"class_list":{"0":"post-128","1":"product","2":"type-product","3":"status-publish","4":"has-post-thumbnail","6":"product_cat-a-day-with-labby","7":"product_cat-coastal-muse","8":"product_cat-dam","9":"product_cat-dam-midi","10":"product_cat-dam-midi-dam","11":"product_cat-dam-ngan-dam","12":"product_cat-dream-closet","13":"product_cat-luminious-spring","14":"product_cat-parisian-collection","15":"product_cat-vay","16":"product_cat-vay-midi","17":"product_cat-vay-ngan","19":"first","20":"instock","21":"sale","22":"shipping-taxable","23":"purchasable","24":"product-type-variable"},"yoast_head":"<!-- This site is optimized with the Yoast SEO plugin v27.2 - https:\/\/yoast.com\/product\/yoast-seo-wordpress\/ -->\n<title>IRIS DRESS LUNA CLOSET - lunacloset<\/title>\n<meta name=\"description\" content=\"Mua ngay Iris Dress - \u0111\u1ea7m midi tr\u1ec5 vai m\u00e0u kem t\u1eeb Luna Closet. Ch\u1ea5t li\u1ec7u cotton g\u00e2n cao c\u1ea5p, t\u00f4n d\u00e1ng, \u0111\u1ee7 size S M L. Thi\u1ebft k\u1ebf thanh l\u1ecbch cho m\u1ecdi b\u1eefa ti\u1ec7c!\" \/>\n<meta name=\"robots\" content=\"index, follow, max-snippet:-1, max-image-preview:large, max-video-preview:-1\" \/>\n<link rel=\"canonical\" href=\"https:\/\/amazon.azdigi.shop\/index.php\/product\/iris-dress-luna-closet\/\" \/>\n<meta property=\"og:locale\" content=\"en_US\" \/>\n<meta property=\"og:type\" content=\"article\" \/>\n<meta property=\"og:title\" content=\"IRIS DRESS LUNA CLOSET - lunacloset\" \/>\n<meta property=\"og:description\" content=\"Mua ngay Iris Dress - \u0111\u1ea7m midi tr\u1ec5 vai m\u00e0u kem t\u1eeb Luna Closet. Ch\u1ea5t li\u1ec7u cotton g\u00e2n cao c\u1ea5p, t\u00f4n d\u00e1ng, \u0111\u1ee7 size S M L. Thi\u1ebft k\u1ebf thanh l\u1ecbch cho m\u1ecdi b\u1eefa ti\u1ec7c!\" \/>\n<meta property=\"og:url\" content=\"https:\/\/amazon.azdigi.shop\/index.php\/product\/iris-dress-luna-closet\/\" \/>\n<meta property=\"og:site_name\" content=\"lunacloset\" \/>\n<meta property=\"article:modified_time\" content=\"2026-04-18T09:40:15+00:00\" \/>\n<meta property=\"og:image\" content=\"https:\/\/amazon.azdigi.shop\/wp-content\/uploads\/2026\/03\/sp12-a1.jpg?wsr\" \/>\n\t<meta property=\"og:image:width\" content=\"1080\" \/>\n\t<meta property=\"og:image:height\" content=\"1350\" \/>\n\t<meta property=\"og:image:type\" content=\"image\/jpeg\" \/>\n<meta name=\"twitter:card\" content=\"summary_large_image\" \/>\n<meta name=\"twitter:label1\" content=\"Est. reading time\" \/>\n\t<meta name=\"twitter:data1\" content=\"2 minutes\" \/>\n<script type=\"application\/ld+json\" class=\"yoast-schema-graph\">{\"@context\":\"https:\/\/schema.org\",\"@graph\":[{\"@type\":\"WebPage\",\"@id\":\"https:\/\/amazon.azdigi.shop\/index.php\/product\/iris-dress-luna-closet\/\",\"url\":\"https:\/\/amazon.azdigi.shop\/index.php\/product\/iris-dress-luna-closet\/\",\"name\":\"IRIS DRESS LUNA CLOSET - lunacloset\",\"isPartOf\":{\"@id\":\"https:\/\/amazon.azdigi.shop\/#website\"},\"primaryImageOfPage\":{\"@id\":\"https:\/\/amazon.azdigi.shop\/index.php\/product\/iris-dress-luna-closet\/#primaryimage\"},\"image\":{\"@id\":\"https:\/\/amazon.azdigi.shop\/index.php\/product\/iris-dress-luna-closet\/#primaryimage\"},\"thumbnailUrl\":\"https:\/\/amazon.azdigi.shop\/wp-content\/uploads\/2026\/03\/sp12-a1.jpg?wsr\",\"datePublished\":\"2026-03-21T18:30:56+00:00\",\"dateModified\":\"2026-04-18T09:40:15+00:00\",\"description\":\"Mua ngay Iris Dress - \u0111\u1ea7m midi tr\u1ec5 vai m\u00e0u kem t\u1eeb Luna Closet. Ch\u1ea5t li\u1ec7u cotton g\u00e2n cao c\u1ea5p, t\u00f4n d\u00e1ng, \u0111\u1ee7 size S M L. Thi\u1ebft k\u1ebf thanh l\u1ecbch cho m\u1ecdi b\u1eefa ti\u1ec7c!\",\"breadcrumb\":{\"@id\":\"https:\/\/amazon.azdigi.shop\/index.php\/product\/iris-dress-luna-closet\/#breadcrumb\"},\"inLanguage\":\"en-US\",\"potentialAction\":[{\"@type\":\"ReadAction\",\"target\":[\"https:\/\/amazon.azdigi.shop\/index.php\/product\/iris-dress-luna-closet\/\"]}]},{\"@type\":\"ImageObject\",\"inLanguage\":\"en-US\",\"@id\":\"https:\/\/amazon.azdigi.shop\/index.php\/product\/iris-dress-luna-closet\/#primaryimage\",\"url\":\"https:\/\/amazon.azdigi.shop\/wp-content\/uploads\/2026\/03\/sp12-a1.jpg?wsr\",\"contentUrl\":\"https:\/\/amazon.azdigi.shop\/wp-content\/uploads\/2026\/03\/sp12-a1.jpg?wsr\",\"width\":1080,\"height\":1350},{\"@type\":\"BreadcrumbList\",\"@id\":\"https:\/\/amazon.azdigi.shop\/index.php\/product\/iris-dress-luna-closet\/#breadcrumb\",\"itemListElement\":[{\"@type\":\"ListItem\",\"position\":1,\"name\":\"Home\",\"item\":\"https:\/\/amazon.azdigi.shop\/\"},{\"@type\":\"ListItem\",\"position\":2,\"name\":\"Shop\",\"item\":\"https:\/\/amazon.azdigi.shop\/index.php\/shop\/\"},{\"@type\":\"ListItem\",\"position\":3,\"name\":\"IRIS DRESS LUNA CLOSET\"}]},{\"@type\":\"WebSite\",\"@id\":\"https:\/\/amazon.azdigi.shop\/#website\",\"url\":\"https:\/\/amazon.azdigi.shop\/\",\"name\":\"lunacloset\",\"description\":\"\",\"potentialAction\":[{\"@type\":\"SearchAction\",\"target\":{\"@type\":\"EntryPoint\",\"urlTemplate\":\"https:\/\/amazon.azdigi.shop\/?s={search_term_string}\"},\"query-input\":{\"@type\":\"PropertyValueSpecification\",\"valueRequired\":true,\"valueName\":\"search_term_string\"}}],\"inLanguage\":\"en-US\"}]}<\/script>\n<!-- \/ Yoast SEO plugin. -->","yoast_head_json":{"title":"IRIS DRESS LUNA CLOSET - lunacloset","description":"Mua ngay Iris Dress - \u0111\u1ea7m midi tr\u1ec5 vai m\u00e0u kem t\u1eeb Luna Closet. Ch\u1ea5t li\u1ec7u cotton g\u00e2n cao c\u1ea5p, t\u00f4n d\u00e1ng, \u0111\u1ee7 size S M L. Thi\u1ebft k\u1ebf thanh l\u1ecbch cho m\u1ecdi b\u1eefa ti\u1ec7c!","robots":{"index":"index","follow":"follow","max-snippet":"max-snippet:-1","max-image-preview":"max-image-preview:large","max-video-preview":"max-video-preview:-1"},"canonical":"https:\/\/amazon.azdigi.shop\/index.php\/product\/iris-dress-luna-closet\/","og_locale":"en_US","og_type":"article","og_title":"IRIS DRESS LUNA CLOSET - lunacloset","og_description":"Mua ngay Iris Dress - \u0111\u1ea7m midi tr\u1ec5 vai m\u00e0u kem t\u1eeb Luna Closet. Ch\u1ea5t li\u1ec7u cotton g\u00e2n cao c\u1ea5p, t\u00f4n d\u00e1ng, \u0111\u1ee7 size S M L. Thi\u1ebft k\u1ebf thanh l\u1ecbch cho m\u1ecdi b\u1eefa ti\u1ec7c!","og_url":"https:\/\/amazon.azdigi.shop\/index.php\/product\/iris-dress-luna-closet\/","og_site_name":"lunacloset","article_modified_time":"2026-04-18T09:40:15+00:00","og_image":[{"width":1080,"height":1350,"url":"https:\/\/amazon.azdigi.shop\/wp-content\/uploads\/2026\/03\/sp12-a1.jpg?wsr","type":"image\/jpeg"}],"twitter_card":"summary_large_image","twitter_misc":{"Est. reading time":"2 minutes"},"schema":{"@context":"https:\/\/schema.org","@graph":[{"@type":"WebPage","@id":"https:\/\/amazon.azdigi.shop\/index.php\/product\/iris-dress-luna-closet\/","url":"https:\/\/amazon.azdigi.shop\/index.php\/product\/iris-dress-luna-closet\/","name":"IRIS DRESS LUNA CLOSET - lunacloset","isPartOf":{"@id":"https:\/\/amazon.azdigi.shop\/#website"},"primaryImageOfPage":{"@id":"https:\/\/amazon.azdigi.shop\/index.php\/product\/iris-dress-luna-closet\/#primaryimage"},"image":{"@id":"https:\/\/amazon.azdigi.shop\/index.php\/product\/iris-dress-luna-closet\/#primaryimage"},"thumbnailUrl":"https:\/\/amazon.azdigi.shop\/wp-content\/uploads\/2026\/03\/sp12-a1.jpg?wsr","datePublished":"2026-03-21T18:30:56+00:00","dateModified":"2026-04-18T09:40:15+00:00","description":"Mua ngay Iris Dress - \u0111\u1ea7m midi tr\u1ec5 vai m\u00e0u kem t\u1eeb Luna Closet. Ch\u1ea5t li\u1ec7u cotton g\u00e2n cao c\u1ea5p, t\u00f4n d\u00e1ng, \u0111\u1ee7 size S M L. Thi\u1ebft k\u1ebf thanh l\u1ecbch cho m\u1ecdi b\u1eefa ti\u1ec7c!","breadcrumb":{"@id":"https:\/\/amazon.azdigi.shop\/index.php\/product\/iris-dress-luna-closet\/#breadcrumb"},"inLanguage":"en-US","potentialAction":[{"@type":"ReadAction","target":["https:\/\/amazon.azdigi.shop\/index.php\/product\/iris-dress-luna-closet\/"]}]},{"@type":"ImageObject","inLanguage":"en-US","@id":"https:\/\/amazon.azdigi.shop\/index.php\/product\/iris-dress-luna-closet\/#primaryimage","url":"https:\/\/amazon.azdigi.shop\/wp-content\/uploads\/2026\/03\/sp12-a1.jpg?wsr","contentUrl":"https:\/\/amazon.azdigi.shop\/wp-content\/uploads\/2026\/03\/sp12-a1.jpg?wsr","width":1080,"height":1350},{"@type":"BreadcrumbList","@id":"https:\/\/amazon.azdigi.shop\/index.php\/product\/iris-dress-luna-closet\/#breadcrumb","itemListElement":[{"@type":"ListItem","position":1,"name":"Home","item":"https:\/\/amazon.azdigi.shop\/"},{"@type":"ListItem","position":2,"name":"Shop","item":"https:\/\/amazon.azdigi.shop\/index.php\/shop\/"},{"@type":"ListItem","position":3,"name":"IRIS DRESS LUNA CLOSET"}]},{"@type":"WebSite","@id":"https:\/\/amazon.azdigi.shop\/#website","url":"https:\/\/amazon.azdigi.shop\/","name":"lunacloset","description":"","potentialAction":[{"@type":"SearchAction","target":{"@type":"EntryPoint","urlTemplate":"https:\/\/amazon.azdigi.shop\/?s={search_term_string}"},"query-input":{"@type":"PropertyValueSpecification","valueRequired":true,"valueName":"search_term_string"}}],"inLanguage":"en-US"}]}},"_links":{"self":[{"href":"https:\/\/amazon.azdigi.shop\/index.php\/wp-json\/wp\/v2\/product\/128","targetHints":{"allow":["GET"]}}],"collection":[{"href":"https:\/\/amazon.azdigi.shop\/index.php\/wp-json\/wp\/v2\/product"}],"about":[{"href":"https:\/\/amazon.azdigi.shop\/index.php\/wp-json\/wp\/v2\/types\/product"}],"replies":[{"embeddable":true,"href":"https:\/\/amazon.azdigi.shop\/index.php\/wp-json\/wp\/v2\/comments?post=128"}],"wp:featuredmedia":[{"embeddable":true,"href":"https:\/\/amazon.azdigi.shop\/index.php\/wp-json\/wp\/v2\/media\/129"}],"wp:attachment":[{"href":"https:\/\/amazon.azdigi.shop\/index.php\/wp-json\/wp\/v2\/media?parent=128"}],"wp:term":[{"taxonomy":"product_brand","embeddable":true,"href":"https:\/\/amazon.azdigi.shop\/index.php\/wp-json\/wp\/v2\/product_brand?post=128"},{"taxonomy":"product_cat","embeddable":true,"href":"https:\/\/amazon.azdigi.shop\/index.php\/wp-json\/wp\/v2\/product_cat?post=128"},{"taxonomy":"product_tag","embeddable":true,"href":"https:\/\/amazon.azdigi.shop\/index.php\/wp-json\/wp\/v2\/product_tag?post=128"}],"curies":[{"name":"wp","href":"https:\/\/api.w.org\/{rel}","templated":true}]}}