{"id":119,"date":"2026-03-21T18:23:20","date_gmt":"2026-03-21T18:23:20","guid":{"rendered":"https:\/\/amazon.azdigi.shop\/?post_type=product&#038;p=119"},"modified":"2026-04-18T09:53:07","modified_gmt":"2026-04-18T09:53:07","slug":"aster-dress-luna-closet","status":"publish","type":"product","link":"https:\/\/amazon.azdigi.shop\/index.php\/product\/aster-dress-luna-closet\/","title":{"rendered":"ASTER DRESS LUNA CLOSET"},"content":{"rendered":"<div class=\"AdPoic\" role=\"heading\" aria-level=\"3\" data-animation-nesting=\"\" data-sfc-cp=\"\" data-sfc-root=\"c\" data-sfc-cb=\"\" data-processed=\"true\" data-sae=\"\" data-complete=\"true\">T\u1ea1i sao Aster Dress l\u00e0 l\u1ef1a ch\u1ecdn ho\u00e0n h\u1ea3o cho n\u00e0ng?<button class=\"rBl3me\" tabindex=\"0\" data-amic=\"true\" data-icl-uuid=\"de640a35-fbd1-439a-9976-f7903e39f7a3\" aria-label=\"Xem c\u00e1c \u0111\u01b0\u1eddng li\u00ean k\u1ebft c\u00f3 li\u00ean quan\" data-wiz-attrbind=\"disabled=P3UiUc_1z\/C5gNJc;aria-label=P3UiUc_1z\/bOjMyf;class=P3UiUc_1z\/UpSNec\" data-ved=\"2ahUKEwi-18yGzO-TAxXDZ_UHHf8qHxwQye0OegYIAQgKEAA\" data-hveid=\"CAEIChAA\"><\/button><\/div>\n<div class=\"Y3BBE\" data-sfc-cp=\"\" data-sfc-root=\"c\" data-sfc-cb=\"\" data-hveid=\"CAEICxAA\" data-complete=\"true\" data-processed=\"true\"><strong class=\"Yjhzub\" data-sfc-root=\"c\" data-sfc-cb=\"\" data-complete=\"true\" data-processed=\"true\">Thi\u1ebft k\u1ebf hai d\u00e2y quy\u1ebfn r\u0169 v\u00e0 tinh t\u1ebf<\/strong><br data-sfc-root=\"c\" data-sfc-pl=\"|[]\" data-sfc-cb=\"\" data-complete=\"true\" data-processed=\"true\" \/>M\u1eabu\u00a0<strong class=\"Yjhzub\" data-sfc-root=\"c\" data-sfc-cb=\"\" data-complete=\"true\" data-processed=\"true\">Aster Dress<\/strong>\u00a0t\u1eeb Luna Closet mang \u0111\u1ebfn v\u1ebb \u0111\u1eb9p ng\u1ecdt ng\u00e0o v\u00e0 kh\u00f4ng k\u00e9m ph\u1ea7n sang tr\u1ecdng. V\u1edbi thi\u1ebft k\u1ebf\u00a0<strong class=\"Yjhzub\" data-sfc-root=\"c\" data-sfc-cb=\"\" data-complete=\"true\" data-processed=\"true\">\u0111\u1ea7m hai d\u00e2y<\/strong>\u00a0thanh m\u1ea3nh, s\u1ea3n ph\u1ea9m gi\u00fap khoe tr\u1ecdn b\u1edd vai tr\u1ea7n thon g\u1ecdn, t\u1ea1o n\u00ean s\u1ee9c h\u00fat kh\u00f3 c\u01b0\u1ee1ng trong c\u00e1c bu\u1ed5i ti\u1ec7c t\u1ed1i hay nh\u1eefng chuy\u1ebfn du l\u1ecbch m\u00f9a h\u00e8. Tone m\u00e0u h\u1ed3ng (Pink) nh\u1eb9 nh\u00e0ng v\u1eeba t\u00f4n da v\u1eeba mang l\u1ea1i c\u1ea3m gi\u00e1c tr\u1ebb trung, n\u1eef t\u00ednh.<button class=\"rBl3me\" tabindex=\"0\" data-amic=\"true\" data-icl-uuid=\"79b895ec-b4f0-4aec-bc05-f30dc45ebb8b\" aria-label=\"Xem c\u00e1c \u0111\u01b0\u1eddng li\u00ean k\u1ebft c\u00f3 li\u00ean quan\" data-wiz-attrbind=\"disabled=P3UiUc_27\/C5gNJc;aria-label=P3UiUc_27\/bOjMyf;class=P3UiUc_27\/UpSNec\" data-ved=\"2ahUKEwi-18yGzO-TAxXDZ_UHHf8qHxwQye0OegYIAQgLEAE\" data-hveid=\"CAEICxAB\"><\/button><\/div>\n<div class=\"Y3BBE\" data-sfc-cp=\"\" data-sfc-root=\"c\" data-sfc-cb=\"\" data-hveid=\"CAEIDBAA\" data-complete=\"true\" data-processed=\"true\" aria-owns=\"action-menu-parent-container\"><strong class=\"Yjhzub\" data-sfc-root=\"c\" data-sfc-cb=\"\" data-complete=\"true\" data-processed=\"true\">\u0110i\u1ec3m nh\u1ea5n \u0111\u00ednh c\u01b0\u1eddm th\u1ee7 c\u00f4ng sang tr\u1ecdng<\/strong><br data-sfc-root=\"c\" data-sfc-pl=\"|[]\" data-sfc-cb=\"\" data-complete=\"true\" data-processed=\"true\" \/>\u0110i\u1ec3m kh\u00e1c bi\u1ec7t l\u1edbn nh\u1ea5t c\u1ee7a chi\u1ebfc \u0111\u1ea7m n\u00e0y ch\u00ednh l\u00e0 c\u00e1c chi ti\u1ebft\u00a0<strong class=\"Yjhzub\" data-sfc-root=\"c\" data-sfc-cb=\"\" data-complete=\"true\" data-processed=\"true\">\u0111\u00ednh c\u01b0\u1eddm th\u1ee7 c\u00f4ng<\/strong>\u00a0t\u1ec9 m\u1ec9. T\u1eebng vi\u00ean c\u01b0\u1eddm \u0111\u01b0\u1ee3c c\u00e1c ngh\u1ec7 nh\u00e2n \u0111\u00ednh k\u1ebft kh\u00e9o l\u00e9o, t\u1ea1o n\u00ean \u0111\u1ed9 b\u1eaft s\u00e1ng l\u1ea5p l\u00e1nh m\u1ed7i khi b\u1ea1n di chuy\u1ec3n. Ngo\u00e0i ra, thi\u1ebft k\u1ebf c\u00f3 th\u00eam hai t\u00fai ti\u1ec7n d\u1ee5ng nh\u01b0ng v\u1eabn gi\u1eef \u0111\u01b0\u1ee3c form d\u00e1ng chu\u1ea9n c\u1ee7a ch\u1ea5t li\u1ec7u Spandex cao c\u1ea5p, c\u00f3 \u0111\u1ed9 co gi\u00e3n v\u00e0 \u00f4m d\u00e1ng tuy\u1ec7t v\u1eddi.<\/div>\n<div data-sfc-cp=\"\" data-sfc-root=\"c\" data-sfc-cb=\"\" data-hveid=\"CAEIDBAA\" data-complete=\"true\" data-processed=\"true\" aria-owns=\"action-menu-parent-container\">\n<div class=\"AdPoic\" role=\"heading\" aria-level=\"3\" data-animation-nesting=\"\" data-sfc-cp=\"\" data-sfc-root=\"c\" data-sfc-cb=\"\" data-complete=\"true\" data-processed=\"true\" data-sae=\"\">H\u01b0\u1edbng d\u1eabn b\u1ea3o qu\u1ea3n \u0111\u1ea7m \u0111\u00ednh c\u01b0\u1eddm Aster Dress<button class=\"rBl3me\" tabindex=\"0\" data-amic=\"true\" data-icl-uuid=\"2e45f122-bf6a-43f1-acc9-ffad7047dbb4\" aria-label=\"Xem c\u00e1c \u0111\u01b0\u1eddng li\u00ean k\u1ebft c\u00f3 li\u00ean quan\" data-wiz-attrbind=\"disabled=P3UiUc_2m\/C5gNJc;aria-label=P3UiUc_2m\/bOjMyf;class=P3UiUc_2m\/UpSNec\" data-ved=\"2ahUKEwi-18yGzO-TAxXDZ_UHHf8qHxwQye0OegYIAQgOEAA\" data-hveid=\"CAEIDhAA\"><\/button><\/div>\n<div class=\"Y3BBE\" data-sfc-cp=\"\" data-sfc-root=\"c\" data-sfc-cb=\"\" data-hveid=\"CAEIDxAA\" data-complete=\"true\" data-processed=\"true\">V\u00ec \u0111\u00e2y l\u00e0 d\u00f2ng \u0111\u1ea7m c\u00f3 chi ti\u1ebft th\u1ee7 c\u00f4ng, b\u1ea1n n\u00ean l\u01b0u \u00fd:<button class=\"rBl3me\" tabindex=\"0\" data-amic=\"true\" data-icl-uuid=\"283d7717-0e4b-4415-ac8d-5eb3d193b2b1\" aria-label=\"Xem c\u00e1c \u0111\u01b0\u1eddng li\u00ean k\u1ebft c\u00f3 li\u00ean quan\" data-wiz-attrbind=\"disabled=P3UiUc_2q\/C5gNJc;aria-label=P3UiUc_2q\/bOjMyf;class=P3UiUc_2q\/UpSNec\" data-ved=\"2ahUKEwi-18yGzO-TAxXDZ_UHHf8qHxwQye0OegYIAQgPEAE\" data-hveid=\"CAEIDxAB\"><\/button><\/div>\n<ul class=\"KsbFXc U6u95\" data-sfc-root=\"c\" data-sfc-cb=\"\" data-complete=\"true\" data-processed=\"true\">\n<li class=\"dF3vjf\" data-sfc-root=\"c\" data-sfc-cb=\"\" data-hveid=\"CAEIEBAA\" data-complete=\"true\" data-sae=\"\"><span class=\"T286Pc\" data-sfc-cp=\"\" data-sfc-root=\"c\" data-sfc-cb=\"\" data-complete=\"true\"><strong class=\"Yjhzub\" data-sfc-root=\"c\" data-sfc-cb=\"\" data-complete=\"true\">\u01afu ti\u00ean gi\u1eb7t tay:<\/strong>\u00a0\u0110\u1ec3 b\u1ea3o v\u1ec7 c\u00e1c h\u1ea1t c\u01b0\u1eddm kh\u00f4ng b\u1ecb bung hay x\u01b0\u1edbc v\u1ea3i.<\/span><\/li>\n<li class=\"dF3vjf\" data-sfc-root=\"c\" data-sfc-cb=\"\" data-hveid=\"CAEIEBAB\" data-complete=\"true\" data-sae=\"\"><span class=\"T286Pc\" data-sfc-cp=\"\" data-sfc-root=\"c\" data-sfc-cb=\"\" data-complete=\"true\"><strong class=\"Yjhzub\" data-sfc-root=\"c\" data-sfc-cb=\"\" data-complete=\"true\">S\u1eed d\u1ee5ng t\u00fai gi\u1eb7t:<\/strong>\u00a0N\u1ebfu ph\u1ea3i gi\u1eb7t m\u00e1y, h\u00e3y l\u1ed9n tr\u00e1i \u0111\u1ea7m v\u00e0 cho v\u00e0o t\u00fai gi\u1eb7t ri\u00eang bi\u1ec7t.<\/span><\/li>\n<li class=\"dF3vjf\" data-sfc-root=\"c\" data-sfc-cb=\"\" data-hveid=\"CAEIEBAC\" data-complete=\"true\" data-sae=\"\"><span class=\"T286Pc\" data-sfc-cp=\"\" data-sfc-root=\"c\" data-sfc-cb=\"\" data-complete=\"true\" aria-owns=\"action-menu-parent-container\"><strong class=\"Yjhzub\" data-sfc-root=\"c\" data-sfc-cb=\"\" data-complete=\"true\">Tr\u00e1nh ph\u01a1i n\u1eafng g\u1eaft:<\/strong>\u00a0\u0110\u1ec3 gi\u1eef m\u00e0u h\u1ed3ng c\u1ee7a \u0111\u1ea7m lu\u00f4n t\u01b0\u01a1i m\u1edbi v\u00e0 b\u1ec1n m\u00e0u theo th\u1eddi gian.<\/span><\/li>\n<\/ul>\n<\/div>\n<p><strong>PRODUCT DETAILS:\u00a0<\/strong>\u0110\u1ea7m hai d\u00e2y c\u00f3 hai t\u00fai v\u00e0 \u0111\u00ednh c\u01b0\u1eddm th\u1ee7 c\u00f4ng.<\/p>\n<p><strong>TH\u00d4NG S\u1ed0 S\u1ea2N PH\u1ea8M<\/strong><\/p>\n<p><strong>Ch\u1ea5t li\u1ec7u:<\/strong>\u00a0Spandex<\/p>\n<p><strong>M\u00e0u s\u1eafc:<\/strong>\u00a0Pink<\/p>\n<p><strong>Size:<\/strong>\u00a0 S: Ng\u1ef1c 82-84, Eo 66-68, M\u00f4ng 88-90<\/p>\n<p>M: Ng\u1ef1c 86-88, Eo 70-72, M\u00f4ng 90-92<\/p>\n<p>L: Ng\u1ef1c 90-92, Eo 74-76, M\u00f4ng 94-96<\/p>\n<p><strong>KH\u00c1CH H\u00c0NG L\u01afU \u00dd:<\/strong><\/p>\n<p>&#8211; B\u1ea3ng size chart ch\u1ec9 mang t\u00ednh ch\u1ea5t tham kh\u1ea3o, t\u00f9y thu\u1ed9c v\u00e0o s\u1ed1 \u0111o c\u01a1 th\u1ec3 v\u00e0 ch\u1ea5t li\u1ec7u v\u1ea3i kh\u00e1c nhau s\u1ebd c\u00f3 s\u1ef1 ch\u00eanh l\u1ec7ch nh\u1ea5t \u0111\u1ecbnh.<\/p>\n<p>&#8211; M\u00e0u s\u1eafc v\u1ea3i c\u1ee7a s\u1ea3n ph\u1ea9m c\u00f3 th\u1ec3 s\u1ebd ch\u00eanh l\u1ec7ch th\u1ef1c t\u1ebf m\u1ed9t ph\u1ea7n nh\u1ecf, do \u1ea3nh h\u01b0\u1edfng v\u1ec1 \u0111\u1ed9 l\u1ec7ch m\u00e0u c\u1ee7a \u00e1nh s\u00e1ng nh\u01b0ng v\u1eabn \u0111\u1ea3m b\u1ea3o ch\u1ea5t l\u01b0\u1ee3ng.<\/p>\n<p>*** Vui l\u00f2ng inbox LUNA CLOSET \u0111\u1ec3 \u0111\u01b0\u1ee3c t\u01b0 v\u1ea5n ch\u00ednh x\u00e1c h\u01a1n.<\/p>\n","protected":false},"excerpt":{"rendered":"<p>T\u1ea1i sao Aster Dress l\u00e0 l\u1ef1a ch\u1ecdn ho\u00e0n h\u1ea3o cho n\u00e0ng? Thi\u1ebft k\u1ebf hai d\u00e2y quy\u1ebfn r\u0169 v\u00e0 tinh t\u1ebfM\u1eabu\u00a0Aster Dress\u00a0t\u1eeb Luna Closet mang \u0111\u1ebfn v\u1ebb \u0111\u1eb9p ng\u1ecdt ng\u00e0o v\u00e0 kh\u00f4ng k\u00e9m ph\u1ea7n sang tr\u1ecdng. V\u1edbi thi\u1ebft k\u1ebf\u00a0\u0111\u1ea7m hai d\u00e2y\u00a0thanh m\u1ea3nh, s\u1ea3n ph\u1ea9m gi\u00fap khoe tr\u1ecdn b\u1edd vai tr\u1ea7n thon g\u1ecdn, t\u1ea1o n\u00ean s\u1ee9c h\u00fat [&#8230;]\n","protected":false},"featured_media":122,"comment_status":"open","ping_status":"closed","template":"","meta":[],"product_brand":[],"product_cat":[39,40,27,20,53,52,32,29,34,36,33,21,54],"product_tag":[],"class_list":{"0":"post-119","1":"product","2":"type-product","3":"status-publish","4":"has-post-thumbnail","6":"product_cat-a-day-with-labby","7":"product_cat-breath-of-summer","8":"product_cat-cherish","9":"product_cat-dam","10":"product_cat-dam-du-tiec","11":"product_cat-dam-ngan-dam","12":"product_cat-dream-closet","13":"product_cat-in-her-stillness","14":"product_cat-luminious-spring","15":"product_cat-parisian-collection","16":"product_cat-rose-allure","17":"product_cat-vay","18":"product_cat-vay-ngan","20":"first","21":"instock","22":"sale","23":"shipping-taxable","24":"purchasable","25":"product-type-variable"},"yoast_head":"<!-- This site is optimized with the Yoast SEO plugin v27.2 - https:\/\/yoast.com\/product\/yoast-seo-wordpress\/ -->\n<title>ASTER DRESS LUNA CLOSET - lunacloset<\/title>\n<meta name=\"description\" content=\"Mua ngay Aster Dress - \u0111\u1ea7m hai d\u00e2y m\u00e0u h\u1ed3ng \u0111\u00ednh c\u01b0\u1eddm th\u1ee7 c\u00f4ng c\u1ef1c sang ch\u1ea3nh t\u1eeb Luna Closet. Ch\u1ea5t v\u1ea3i Spandex co gi\u00e3n, t\u00f4n d\u00e1ng, \u0111\u1ee7 size S M L.\" \/>\n<meta name=\"robots\" content=\"index, follow, max-snippet:-1, max-image-preview:large, max-video-preview:-1\" \/>\n<link rel=\"canonical\" href=\"https:\/\/amazon.azdigi.shop\/index.php\/product\/aster-dress-luna-closet\/\" \/>\n<meta property=\"og:locale\" content=\"en_US\" \/>\n<meta property=\"og:type\" content=\"article\" \/>\n<meta property=\"og:title\" content=\"ASTER DRESS LUNA CLOSET - lunacloset\" \/>\n<meta property=\"og:description\" content=\"Mua ngay Aster Dress - \u0111\u1ea7m hai d\u00e2y m\u00e0u h\u1ed3ng \u0111\u00ednh c\u01b0\u1eddm th\u1ee7 c\u00f4ng c\u1ef1c sang ch\u1ea3nh t\u1eeb Luna Closet. Ch\u1ea5t v\u1ea3i Spandex co gi\u00e3n, t\u00f4n d\u00e1ng, \u0111\u1ee7 size S M L.\" \/>\n<meta property=\"og:url\" content=\"https:\/\/amazon.azdigi.shop\/index.php\/product\/aster-dress-luna-closet\/\" \/>\n<meta property=\"og:site_name\" content=\"lunacloset\" \/>\n<meta property=\"article:modified_time\" content=\"2026-04-18T09:53:07+00:00\" \/>\n<meta property=\"og:image\" content=\"https:\/\/amazon.azdigi.shop\/wp-content\/uploads\/2026\/03\/sp10-a3.jpg?wsr\" \/>\n\t<meta property=\"og:image:width\" content=\"1080\" \/>\n\t<meta property=\"og:image:height\" content=\"1350\" \/>\n\t<meta property=\"og:image:type\" content=\"image\/jpeg\" \/>\n<meta name=\"twitter:card\" content=\"summary_large_image\" \/>\n<meta name=\"twitter:label1\" content=\"Est. reading time\" \/>\n\t<meta name=\"twitter:data1\" content=\"2 minutes\" \/>\n<script type=\"application\/ld+json\" class=\"yoast-schema-graph\">{\"@context\":\"https:\/\/schema.org\",\"@graph\":[{\"@type\":\"WebPage\",\"@id\":\"https:\/\/amazon.azdigi.shop\/index.php\/product\/aster-dress-luna-closet\/\",\"url\":\"https:\/\/amazon.azdigi.shop\/index.php\/product\/aster-dress-luna-closet\/\",\"name\":\"ASTER DRESS LUNA CLOSET - lunacloset\",\"isPartOf\":{\"@id\":\"https:\/\/amazon.azdigi.shop\/#website\"},\"primaryImageOfPage\":{\"@id\":\"https:\/\/amazon.azdigi.shop\/index.php\/product\/aster-dress-luna-closet\/#primaryimage\"},\"image\":{\"@id\":\"https:\/\/amazon.azdigi.shop\/index.php\/product\/aster-dress-luna-closet\/#primaryimage\"},\"thumbnailUrl\":\"https:\/\/amazon.azdigi.shop\/wp-content\/uploads\/2026\/03\/sp10-a3.jpg?wsr\",\"datePublished\":\"2026-03-21T18:23:20+00:00\",\"dateModified\":\"2026-04-18T09:53:07+00:00\",\"description\":\"Mua ngay Aster Dress - \u0111\u1ea7m hai d\u00e2y m\u00e0u h\u1ed3ng \u0111\u00ednh c\u01b0\u1eddm th\u1ee7 c\u00f4ng c\u1ef1c sang ch\u1ea3nh t\u1eeb Luna Closet. Ch\u1ea5t v\u1ea3i Spandex co gi\u00e3n, t\u00f4n d\u00e1ng, \u0111\u1ee7 size S M L.\",\"breadcrumb\":{\"@id\":\"https:\/\/amazon.azdigi.shop\/index.php\/product\/aster-dress-luna-closet\/#breadcrumb\"},\"inLanguage\":\"en-US\",\"potentialAction\":[{\"@type\":\"ReadAction\",\"target\":[\"https:\/\/amazon.azdigi.shop\/index.php\/product\/aster-dress-luna-closet\/\"]}]},{\"@type\":\"ImageObject\",\"inLanguage\":\"en-US\",\"@id\":\"https:\/\/amazon.azdigi.shop\/index.php\/product\/aster-dress-luna-closet\/#primaryimage\",\"url\":\"https:\/\/amazon.azdigi.shop\/wp-content\/uploads\/2026\/03\/sp10-a3.jpg?wsr\",\"contentUrl\":\"https:\/\/amazon.azdigi.shop\/wp-content\/uploads\/2026\/03\/sp10-a3.jpg?wsr\",\"width\":1080,\"height\":1350,\"caption\":\"\u0111\u1ea7m hai d\u00e2y \u0111\u00ednh c\u01b0\u1eddm m\u00e0u h\u1ed3ng aster dress luna closet\"},{\"@type\":\"BreadcrumbList\",\"@id\":\"https:\/\/amazon.azdigi.shop\/index.php\/product\/aster-dress-luna-closet\/#breadcrumb\",\"itemListElement\":[{\"@type\":\"ListItem\",\"position\":1,\"name\":\"Home\",\"item\":\"https:\/\/amazon.azdigi.shop\/\"},{\"@type\":\"ListItem\",\"position\":2,\"name\":\"Shop\",\"item\":\"https:\/\/amazon.azdigi.shop\/index.php\/shop\/\"},{\"@type\":\"ListItem\",\"position\":3,\"name\":\"ASTER DRESS LUNA CLOSET\"}]},{\"@type\":\"WebSite\",\"@id\":\"https:\/\/amazon.azdigi.shop\/#website\",\"url\":\"https:\/\/amazon.azdigi.shop\/\",\"name\":\"lunacloset\",\"description\":\"\",\"potentialAction\":[{\"@type\":\"SearchAction\",\"target\":{\"@type\":\"EntryPoint\",\"urlTemplate\":\"https:\/\/amazon.azdigi.shop\/?s={search_term_string}\"},\"query-input\":{\"@type\":\"PropertyValueSpecification\",\"valueRequired\":true,\"valueName\":\"search_term_string\"}}],\"inLanguage\":\"en-US\"}]}<\/script>\n<!-- \/ Yoast SEO plugin. -->","yoast_head_json":{"title":"ASTER DRESS LUNA CLOSET - lunacloset","description":"Mua ngay Aster Dress - \u0111\u1ea7m hai d\u00e2y m\u00e0u h\u1ed3ng \u0111\u00ednh c\u01b0\u1eddm th\u1ee7 c\u00f4ng c\u1ef1c sang ch\u1ea3nh t\u1eeb Luna Closet. Ch\u1ea5t v\u1ea3i Spandex co gi\u00e3n, t\u00f4n d\u00e1ng, \u0111\u1ee7 size S M L.","robots":{"index":"index","follow":"follow","max-snippet":"max-snippet:-1","max-image-preview":"max-image-preview:large","max-video-preview":"max-video-preview:-1"},"canonical":"https:\/\/amazon.azdigi.shop\/index.php\/product\/aster-dress-luna-closet\/","og_locale":"en_US","og_type":"article","og_title":"ASTER DRESS LUNA CLOSET - lunacloset","og_description":"Mua ngay Aster Dress - \u0111\u1ea7m hai d\u00e2y m\u00e0u h\u1ed3ng \u0111\u00ednh c\u01b0\u1eddm th\u1ee7 c\u00f4ng c\u1ef1c sang ch\u1ea3nh t\u1eeb Luna Closet. Ch\u1ea5t v\u1ea3i Spandex co gi\u00e3n, t\u00f4n d\u00e1ng, \u0111\u1ee7 size S M L.","og_url":"https:\/\/amazon.azdigi.shop\/index.php\/product\/aster-dress-luna-closet\/","og_site_name":"lunacloset","article_modified_time":"2026-04-18T09:53:07+00:00","og_image":[{"width":1080,"height":1350,"url":"https:\/\/amazon.azdigi.shop\/wp-content\/uploads\/2026\/03\/sp10-a3.jpg?wsr","type":"image\/jpeg"}],"twitter_card":"summary_large_image","twitter_misc":{"Est. reading time":"2 minutes"},"schema":{"@context":"https:\/\/schema.org","@graph":[{"@type":"WebPage","@id":"https:\/\/amazon.azdigi.shop\/index.php\/product\/aster-dress-luna-closet\/","url":"https:\/\/amazon.azdigi.shop\/index.php\/product\/aster-dress-luna-closet\/","name":"ASTER DRESS LUNA CLOSET - lunacloset","isPartOf":{"@id":"https:\/\/amazon.azdigi.shop\/#website"},"primaryImageOfPage":{"@id":"https:\/\/amazon.azdigi.shop\/index.php\/product\/aster-dress-luna-closet\/#primaryimage"},"image":{"@id":"https:\/\/amazon.azdigi.shop\/index.php\/product\/aster-dress-luna-closet\/#primaryimage"},"thumbnailUrl":"https:\/\/amazon.azdigi.shop\/wp-content\/uploads\/2026\/03\/sp10-a3.jpg?wsr","datePublished":"2026-03-21T18:23:20+00:00","dateModified":"2026-04-18T09:53:07+00:00","description":"Mua ngay Aster Dress - \u0111\u1ea7m hai d\u00e2y m\u00e0u h\u1ed3ng \u0111\u00ednh c\u01b0\u1eddm th\u1ee7 c\u00f4ng c\u1ef1c sang ch\u1ea3nh t\u1eeb Luna Closet. Ch\u1ea5t v\u1ea3i Spandex co gi\u00e3n, t\u00f4n d\u00e1ng, \u0111\u1ee7 size S M L.","breadcrumb":{"@id":"https:\/\/amazon.azdigi.shop\/index.php\/product\/aster-dress-luna-closet\/#breadcrumb"},"inLanguage":"en-US","potentialAction":[{"@type":"ReadAction","target":["https:\/\/amazon.azdigi.shop\/index.php\/product\/aster-dress-luna-closet\/"]}]},{"@type":"ImageObject","inLanguage":"en-US","@id":"https:\/\/amazon.azdigi.shop\/index.php\/product\/aster-dress-luna-closet\/#primaryimage","url":"https:\/\/amazon.azdigi.shop\/wp-content\/uploads\/2026\/03\/sp10-a3.jpg?wsr","contentUrl":"https:\/\/amazon.azdigi.shop\/wp-content\/uploads\/2026\/03\/sp10-a3.jpg?wsr","width":1080,"height":1350,"caption":"\u0111\u1ea7m hai d\u00e2y \u0111\u00ednh c\u01b0\u1eddm m\u00e0u h\u1ed3ng aster dress luna closet"},{"@type":"BreadcrumbList","@id":"https:\/\/amazon.azdigi.shop\/index.php\/product\/aster-dress-luna-closet\/#breadcrumb","itemListElement":[{"@type":"ListItem","position":1,"name":"Home","item":"https:\/\/amazon.azdigi.shop\/"},{"@type":"ListItem","position":2,"name":"Shop","item":"https:\/\/amazon.azdigi.shop\/index.php\/shop\/"},{"@type":"ListItem","position":3,"name":"ASTER DRESS LUNA CLOSET"}]},{"@type":"WebSite","@id":"https:\/\/amazon.azdigi.shop\/#website","url":"https:\/\/amazon.azdigi.shop\/","name":"lunacloset","description":"","potentialAction":[{"@type":"SearchAction","target":{"@type":"EntryPoint","urlTemplate":"https:\/\/amazon.azdigi.shop\/?s={search_term_string}"},"query-input":{"@type":"PropertyValueSpecification","valueRequired":true,"valueName":"search_term_string"}}],"inLanguage":"en-US"}]}},"_links":{"self":[{"href":"https:\/\/amazon.azdigi.shop\/index.php\/wp-json\/wp\/v2\/product\/119","targetHints":{"allow":["GET"]}}],"collection":[{"href":"https:\/\/amazon.azdigi.shop\/index.php\/wp-json\/wp\/v2\/product"}],"about":[{"href":"https:\/\/amazon.azdigi.shop\/index.php\/wp-json\/wp\/v2\/types\/product"}],"replies":[{"embeddable":true,"href":"https:\/\/amazon.azdigi.shop\/index.php\/wp-json\/wp\/v2\/comments?post=119"}],"wp:featuredmedia":[{"embeddable":true,"href":"https:\/\/amazon.azdigi.shop\/index.php\/wp-json\/wp\/v2\/media\/122"}],"wp:attachment":[{"href":"https:\/\/amazon.azdigi.shop\/index.php\/wp-json\/wp\/v2\/media?parent=119"}],"wp:term":[{"taxonomy":"product_brand","embeddable":true,"href":"https:\/\/amazon.azdigi.shop\/index.php\/wp-json\/wp\/v2\/product_brand?post=119"},{"taxonomy":"product_cat","embeddable":true,"href":"https:\/\/amazon.azdigi.shop\/index.php\/wp-json\/wp\/v2\/product_cat?post=119"},{"taxonomy":"product_tag","embeddable":true,"href":"https:\/\/amazon.azdigi.shop\/index.php\/wp-json\/wp\/v2\/product_tag?post=119"}],"curies":[{"name":"wp","href":"https:\/\/api.w.org\/{rel}","templated":true}]}}