{"id":108,"date":"2026-03-21T14:14:53","date_gmt":"2026-03-21T14:14:53","guid":{"rendered":"https:\/\/amazon.azdigi.shop\/?post_type=product&#038;p=108"},"modified":"2026-04-18T09:59:55","modified_gmt":"2026-04-18T09:59:55","slug":"luna-closet-crystal-embellished-organza-midi-dress","status":"publish","type":"product","link":"https:\/\/amazon.azdigi.shop\/index.php\/product\/luna-closet-crystal-embellished-organza-midi-dress\/","title":{"rendered":"Luna Closet Crystal Embellished Organza Midi Dress"},"content":{"rendered":"<div class=\"AdPoic\" role=\"heading\" aria-level=\"3\" data-animation-nesting=\"\" data-sfc-cp=\"\" data-sfc-root=\"c\" data-sfc-cb=\"\" data-complete=\"true\" data-processed=\"true\" data-sae=\"\">\u0110i\u1ec3m nh\u1ea5n sang tr\u1ecdng c\u1ee7a Luna Closet Crystal Embellished Organza Midi Dress<button class=\"rBl3me\" tabindex=\"0\" data-amic=\"true\" data-icl-uuid=\"55982838-bcbd-4b10-a7fc-b722b81f8ae5\" aria-label=\"Xem c\u00e1c \u0111\u01b0\u1eddng li\u00ean k\u1ebft c\u00f3 li\u00ean quan\" data-wiz-attrbind=\"disabled=rfwwf_23\/C5gNJc;aria-label=rfwwf_23\/bOjMyf;class=rfwwf_23\/UpSNec\" data-ved=\"2ahUKEwj6orOgze-TAxWta2wGHSwQAtUQye0OegYIAQgLEAA\" data-hveid=\"CAEICxAA\"><\/button><\/div>\n<div class=\"Y3BBE\" data-sfc-cp=\"\" data-sfc-root=\"c\" data-sfc-cb=\"\" data-hveid=\"CAEIDBAA\" data-complete=\"true\" data-processed=\"true\"><strong class=\"Yjhzub\" data-sfc-root=\"c\" data-sfc-cb=\"\" data-complete=\"true\" data-processed=\"true\">Thi\u1ebft k\u1ebf ph\u1ed1i voan xuy\u00ean th\u1ea5u tinh t\u1ebf<\/strong><br data-sfc-root=\"c\" data-sfc-pl=\"|[]\" data-sfc-cb=\"\" data-complete=\"true\" data-processed=\"true\" \/>Chi\u1ebfc \u0111\u1ea7m s\u00e1t n\u00e1ch n\u00e0y l\u00e0 s\u1ef1 k\u1ebft h\u1ee3p ho\u00e0n h\u1ea3o gi\u1eefa n\u00e9t thanh l\u1ecbch c\u1ed5 \u0111i\u1ec3n v\u00e0 s\u1ef1 g\u1ee3i c\u1ea3m hi\u1ec7n \u0111\u1ea1i. Ph\u1ea7n th\u00e2n tr\u00ean s\u1eed d\u1ee5ng ch\u1ea5t li\u1ec7u v\u1ea3i cao c\u1ea5p, \u00f4m d\u00e1ng nh\u1eb9 nh\u00e0ng gi\u00fap t\u00f4n l\u00ean \u0111\u01b0\u1eddng cong t\u1ef1 nhi\u00ean. Chi ti\u1ebft th\u1eaft l\u01b0ng m\u1ea3nh \u0111i k\u00e8m l\u00e0 &#8220;v\u0169 kh\u00ed&#8221; b\u00ed m\u1eadt gi\u00fap \u0111\u1ecbnh h\u00ecnh v\u00f2ng eo, t\u1ea1o hi\u1ec7u \u1ee9ng th\u1ecb gi\u00e1c thon g\u1ecdn cho ng\u01b0\u1eddi m\u1eb7c.<button class=\"rBl3me\" tabindex=\"0\" data-amic=\"true\" data-icl-uuid=\"09106fa4-dd81-4caa-a01e-1b07fac9926c\" aria-label=\"Xem c\u00e1c \u0111\u01b0\u1eddng li\u00ean k\u1ebft c\u00f3 li\u00ean quan\" data-wiz-attrbind=\"disabled=rfwwf_29\/C5gNJc;aria-label=rfwwf_29\/bOjMyf;class=rfwwf_29\/UpSNec\" data-ved=\"2ahUKEwj6orOgze-TAxWta2wGHSwQAtUQye0OegYIAQgMEAE\" data-hveid=\"CAEIDBAB\"><\/button><\/div>\n<div class=\"Y3BBE\" data-sfc-cp=\"\" data-sfc-root=\"c\" data-sfc-cb=\"\" data-hveid=\"CAEIDRAA\" data-complete=\"true\" data-processed=\"true\" aria-owns=\"action-menu-parent-container\"><strong class=\"Yjhzub\" data-sfc-root=\"c\" data-sfc-cb=\"\" data-complete=\"true\" data-processed=\"true\">Ch\u1ea5t li\u1ec7u Organza ph\u1ed1i \u0111\u00e1 l\u1ea5p l\u00e1nh<\/strong><br data-sfc-root=\"c\" data-sfc-pl=\"|[]\" data-sfc-cb=\"\" data-complete=\"true\" data-processed=\"true\" \/>\u0110i\u1ec3m \u0111\u1eaft gi\u00e1 nh\u1ea5t c\u1ee7a s\u1ea3n ph\u1ea9m ch\u00ednh l\u00e0 l\u1edbp\u00a0<strong class=\"Yjhzub\" data-sfc-root=\"c\" data-sfc-cb=\"\" data-complete=\"true\" data-processed=\"true\">voan m\u1ecfng (Organza)<\/strong>\u00a0xuy\u00ean th\u1ea5u \u1edf ph\u1ea7n ch\u00e2n v\u00e1y. Nh\u1eefng vi\u00ean \u0111\u00e1 \u0111\u01b0\u1ee3c \u0111\u00ednh k\u1ebft th\u1ee7 c\u00f4ng m\u1ed9t c\u00e1ch nh\u1eb9 nh\u00e0ng, t\u1ea1o \u0111\u1ed9 b\u1eaft s\u00e1ng lung linh theo m\u1ed7i b\u01b0\u1edbc ch\u00e2n c\u1ee7a b\u1ea1n. M\u00e0u s\u1eafc\u00a0<strong class=\"Yjhzub\" data-sfc-root=\"c\" data-sfc-cb=\"\" data-complete=\"true\" data-processed=\"true\">Smoky and Light Grey<\/strong>\u00a0(X\u00e1m kh\u00f3i) mang \u0111\u1ebfn v\u1ebb \u0111\u1eb9p huy\u1ec1n b\u00ed, sang tr\u1ecdng, c\u1ef1c k\u1ef3 ph\u00f9 h\u1ee3p cho c\u00e1c bu\u1ed5i ti\u1ec7c t\u1ed1i ho\u1eb7c s\u1ef1 ki\u1ec7n quan tr\u1ecdng.<\/div>\n<div data-sfc-cp=\"\" data-sfc-root=\"c\" data-sfc-cb=\"\" data-hveid=\"CAEIDRAA\" data-complete=\"true\" data-processed=\"true\" aria-owns=\"action-menu-parent-container\">\n<div class=\"AdPoic\" role=\"heading\" aria-level=\"3\" data-animation-nesting=\"\" data-sfc-cp=\"\" data-sfc-root=\"c\" data-sfc-cb=\"\" data-complete=\"true\" data-processed=\"true\" data-sae=\"\">H\u01b0\u1edbng d\u1eabn b\u1ea3o qu\u1ea3n \u0111\u1ea7m voan \u0111\u00ednh \u0111\u00e1<button class=\"rBl3me\" tabindex=\"0\" data-amic=\"true\" data-icl-uuid=\"baf5e228-e17c-4284-a76d-6d518ca21cf7\" aria-label=\"Xem c\u00e1c \u0111\u01b0\u1eddng li\u00ean k\u1ebft c\u00f3 li\u00ean quan\" data-wiz-attrbind=\"disabled=rfwwf_2p\/C5gNJc;aria-label=rfwwf_2p\/bOjMyf;class=rfwwf_2p\/UpSNec\" data-ved=\"2ahUKEwj6orOgze-TAxWta2wGHSwQAtUQye0OegYIAQgPEAA\" data-hveid=\"CAEIDxAA\"><\/button><\/div>\n<div class=\"Y3BBE\" data-sfc-cp=\"\" data-sfc-root=\"c\" data-sfc-cb=\"\" data-hveid=\"CAEIEBAA\" data-complete=\"true\" data-processed=\"true\">\u0110\u1ec3 gi\u1eef cho chi\u1ebfc \u0111\u1ea7m lu\u00f4n b\u1ec1n \u0111\u1eb9p nh\u01b0 m\u1edbi, b\u1ea1n n\u00ean l\u01b0u \u00fd:<button class=\"rBl3me\" tabindex=\"0\" data-amic=\"true\" data-icl-uuid=\"2290b374-817c-4d48-87ff-98fd6255e0d0\" aria-label=\"Xem c\u00e1c \u0111\u01b0\u1eddng li\u00ean k\u1ebft c\u00f3 li\u00ean quan\" data-wiz-attrbind=\"disabled=rfwwf_2t\/C5gNJc;aria-label=rfwwf_2t\/bOjMyf;class=rfwwf_2t\/UpSNec\" data-ved=\"2ahUKEwj6orOgze-TAxWta2wGHSwQAtUQye0OegYIAQgQEAE\" data-hveid=\"CAEIEBAB\"><\/button><\/div>\n<ul class=\"KsbFXc U6u95\" data-sfc-root=\"c\" data-sfc-cb=\"\" data-complete=\"true\" data-processed=\"true\">\n<li class=\"dF3vjf\" data-sfc-root=\"c\" data-sfc-cb=\"\" data-hveid=\"CAEIERAA\" data-complete=\"true\" data-sae=\"\"><span class=\"T286Pc\" data-sfc-cp=\"\" data-sfc-root=\"c\" data-sfc-cb=\"\" data-complete=\"true\"><strong class=\"Yjhzub\" data-sfc-root=\"c\" data-sfc-cb=\"\" data-complete=\"true\">\u01afu ti\u00ean gi\u1eb7t tay:<\/strong>\u00a0Ch\u1ea5t li\u1ec7u voan v\u00e0 \u0111\u00e1 \u0111\u00ednh k\u1ebft r\u1ea5t nh\u1ea1y c\u1ea3m, b\u1ea1n n\u00ean gi\u1eb7t tay nh\u1eb9 nh\u00e0ng v\u1edbi n\u01b0\u1edbc m\u00e1t.<\/span><\/li>\n<li class=\"dF3vjf\" data-sfc-root=\"c\" data-sfc-cb=\"\" data-hveid=\"CAEIERAB\" data-complete=\"true\" data-sae=\"\"><span class=\"T286Pc\" data-sfc-cp=\"\" data-sfc-root=\"c\" data-sfc-cb=\"\" data-complete=\"true\"><strong class=\"Yjhzub\" data-sfc-root=\"c\" data-sfc-cb=\"\" data-complete=\"true\">Kh\u00f4ng d\u00f9ng ch\u1ea5t t\u1ea9y m\u1ea1nh:<\/strong>\u00a0Tr\u00e1nh l\u00e0m h\u1ecfng c\u1ea5u tr\u00fac t\u01a1 c\u1ee7a v\u1ea3i Organza v\u00e0 gi\u1eef \u0111\u1ed9 b\u00f3ng cho \u0111\u00e1.<\/span><\/li>\n<li class=\"dF3vjf\" data-sfc-root=\"c\" data-sfc-cb=\"\" data-hveid=\"CAEIERAC\" data-complete=\"true\" data-sae=\"\"><span class=\"T286Pc\" data-sfc-cp=\"\" data-sfc-root=\"c\" data-sfc-cb=\"\" data-complete=\"true\" aria-owns=\"action-menu-parent-container\"><strong class=\"Yjhzub\" data-sfc-root=\"c\" data-sfc-cb=\"\" data-complete=\"true\">Ph\u01a1i trong b\u00f3ng r\u00e2m:<\/strong>\u00a0Tr\u00e1nh \u00e1nh n\u1eafng tr\u1ef1c ti\u1ebfp \u0111\u1ec3 m\u00e0u x\u00e1m kh\u00f3i c\u1ee7a \u0111\u1ea7m kh\u00f4ng b\u1ecb phai m\u00e0u theo th\u1eddi gian.<\/span><\/li>\n<\/ul>\n<\/div>\n<p><strong>PRODUCT DETAILS: <\/strong>Chi\u1ebfc \u0111\u1ea7m s\u00e1t n\u00e1ch ph\u1ed1i voan xuy\u00ean th\u1ea5u mang \u0111\u1ebfn s\u1ef1 k\u1ebft h\u1ee3p ho\u00e0n h\u1ea3o gi\u1eefa n\u00e9t thanh l\u1ecbch v\u00e0 s\u1ef1 g\u1ee3i c\u1ea3m tinh t\u1ebf. Ph\u1ea7n th\u00e2n tr\u00ean \u0111\u01b0\u1ee3c may t\u1eeb ch\u1ea5t li\u1ec7u v\u1ea3i cao c\u1ea5p, \u00f4m d\u00e1ng nh\u1eb9 nh\u00e0ng, t\u1ea1o hi\u1ec7u \u1ee9ng t\u00f4n l\u00ean v\u00f2ng eo v\u1edbi chi ti\u1ebft th\u1eaft l\u01b0ng m\u1ea3nh. Th\u00e2n d\u01b0\u1edbi l\u00e0 l\u1edbp voan m\u1ecfng trong su\u1ed1t, \u0111\u00ednh \u0111\u00e1\u00a0nh\u00e0ng \u1edf ch\u00e2n v\u00e1y, t\u1ea1o \u0111i\u1ec3m nh\u1ea5n sang tr\u1ecdng v\u00e0 \u0111\u1ea7y n\u1eef t\u00ednh.<\/p>\n<p><strong>TH\u00d4NG S\u1ed0 S\u1ea2N PH\u1ea8M<\/strong><\/p>\n<p><strong>Ch\u1ea5t li\u1ec7u:<\/strong>\u00a0Texture<\/p>\n<p><strong>M\u00e0u s\u1eafc:\u00a0<\/strong>Smoky and Light Grey<\/p>\n<p><strong>Size: <\/strong>\u00a0 S: Ng\u1ef1c 82-84, Eo 66-68, M\u00f4ng 88-90<\/p>\n<p>M: Ng\u1ef1c 86-88, Eo 70-72, M\u00f4ng 90-92<\/p>\n<p>L: Ng\u1ef1c 90-92, Eo 74-76, M\u00f4ng 94-96<\/p>\n<p><strong>KH\u00c1CH H\u00c0NG L\u01afU \u00dd:<\/strong><\/p>\n<p>&#8211; B\u1ea3ng size chart ch\u1ec9 mang t\u00ednh ch\u1ea5t tham kh\u1ea3o, t\u00f9y thu\u1ed9c v\u00e0o s\u1ed1 \u0111o c\u01a1 th\u1ec3, ch\u1ea5t li\u1ec7u v\u1ea3i kh\u00e1c nhau s\u1ebd c\u00f3 s\u1ef1 ch\u00eanh l\u1ec7ch nh\u1ea5t \u0111\u1ecbnh.<\/p>\n<p>&#8211; M\u00e0u s\u1eafc v\u1ea3i c\u1ee7a s\u1ea3n ph\u1ea9m c\u00f3 th\u1ec3 s\u1ebd ch\u00eanh l\u1ec7ch th\u1ef1c t\u1ebf m\u1ed9t ph\u1ea7n nh\u1ecf do \u1ea3nh h\u01b0\u1edfng v\u1ec1 \u0111\u1ed9 l\u1ec7ch m\u00e0u c\u1ee7a \u00e1nh s\u00e1ng, nh\u01b0ng v\u1eabn \u0111\u1ea3m b\u1ea3o ch\u1ea5t l\u01b0\u1ee3ng.<\/p>\n<p>*** Vui l\u00f2ng inbox LUNA CLOSET \u0111\u1ec3 \u0111\u01b0\u1ee3c t\u01b0 v\u1ea5n ch\u00ednh x\u00e1c h\u01a1n.<\/p>\n","protected":false},"excerpt":{"rendered":"<p>\u0110i\u1ec3m nh\u1ea5n sang tr\u1ecdng c\u1ee7a Luna Closet Crystal Embellished Organza Midi Dress Thi\u1ebft k\u1ebf ph\u1ed1i voan xuy\u00ean th\u1ea5u tinh t\u1ebfChi\u1ebfc \u0111\u1ea7m s\u00e1t n\u00e1ch n\u00e0y l\u00e0 s\u1ef1 k\u1ebft h\u1ee3p ho\u00e0n h\u1ea3o gi\u1eefa n\u00e9t thanh l\u1ecbch c\u1ed5 \u0111i\u1ec3n v\u00e0 s\u1ef1 g\u1ee3i c\u1ea3m hi\u1ec7n \u0111\u1ea1i. Ph\u1ea7n th\u00e2n tr\u00ean s\u1eed d\u1ee5ng ch\u1ea5t li\u1ec7u v\u1ea3i cao c\u1ea5p, \u00f4m d\u00e1ng nh\u1eb9 [&#8230;]\n","protected":false},"featured_media":109,"comment_status":"open","ping_status":"closed","template":"","meta":[],"product_brand":[],"product_cat":[39,40,27,20,53,32,29,34,36,33,21,54],"product_tag":[],"class_list":{"0":"post-108","1":"product","2":"type-product","3":"status-publish","4":"has-post-thumbnail","6":"product_cat-a-day-with-labby","7":"product_cat-breath-of-summer","8":"product_cat-cherish","9":"product_cat-dam","10":"product_cat-dam-du-tiec","11":"product_cat-dream-closet","12":"product_cat-in-her-stillness","13":"product_cat-luminious-spring","14":"product_cat-parisian-collection","15":"product_cat-rose-allure","16":"product_cat-vay","17":"product_cat-vay-ngan","19":"first","20":"instock","21":"sale","22":"shipping-taxable","23":"purchasable","24":"product-type-variable"},"yoast_head":"<!-- This site is optimized with the Yoast SEO plugin v27.2 - https:\/\/yoast.com\/product\/yoast-seo-wordpress\/ -->\n<title>Luna Closet Crystal Embellished Organza Midi Dress - lunacloset<\/title>\n<meta name=\"description\" content=\"M\u1eabu: Mua ngay Luna Closet Crystal Dress - \u0111\u1ea7m organza ph\u1ed1i voan xuy\u00ean th\u1ea5u \u0111\u00ednh \u0111\u00e1 sang tr\u1ecdng. Thi\u1ebft k\u1ebf t\u00f4n d\u00e1ng, ch\u1ea5t li\u1ec7u cao c\u1ea5p, \u0111\u1ee7 size S M L cho n\u00e0ng t\u1ecfa s\u00e1ng.\" \/>\n<meta name=\"robots\" content=\"index, follow, max-snippet:-1, max-image-preview:large, max-video-preview:-1\" \/>\n<link rel=\"canonical\" href=\"https:\/\/amazon.azdigi.shop\/index.php\/product\/luna-closet-crystal-embellished-organza-midi-dress\/\" \/>\n<meta property=\"og:locale\" content=\"en_US\" \/>\n<meta property=\"og:type\" content=\"article\" \/>\n<meta property=\"og:title\" content=\"Luna Closet Crystal Embellished Organza Midi Dress - lunacloset\" \/>\n<meta property=\"og:description\" content=\"M\u1eabu: Mua ngay Luna Closet Crystal Dress - \u0111\u1ea7m organza ph\u1ed1i voan xuy\u00ean th\u1ea5u \u0111\u00ednh \u0111\u00e1 sang tr\u1ecdng. Thi\u1ebft k\u1ebf t\u00f4n d\u00e1ng, ch\u1ea5t li\u1ec7u cao c\u1ea5p, \u0111\u1ee7 size S M L cho n\u00e0ng t\u1ecfa s\u00e1ng.\" \/>\n<meta property=\"og:url\" content=\"https:\/\/amazon.azdigi.shop\/index.php\/product\/luna-closet-crystal-embellished-organza-midi-dress\/\" \/>\n<meta property=\"og:site_name\" content=\"lunacloset\" \/>\n<meta property=\"article:modified_time\" content=\"2026-04-18T09:59:55+00:00\" \/>\n<meta property=\"og:image\" content=\"https:\/\/amazon.azdigi.shop\/wp-content\/uploads\/2026\/03\/sp9-a1.jpg?wsr\" \/>\n\t<meta property=\"og:image:width\" content=\"1638\" \/>\n\t<meta property=\"og:image:height\" content=\"2048\" \/>\n\t<meta property=\"og:image:type\" content=\"image\/jpeg\" \/>\n<meta name=\"twitter:card\" content=\"summary_large_image\" \/>\n<meta name=\"twitter:label1\" content=\"Est. reading time\" \/>\n\t<meta name=\"twitter:data1\" content=\"3 minutes\" \/>\n<script type=\"application\/ld+json\" class=\"yoast-schema-graph\">{\"@context\":\"https:\/\/schema.org\",\"@graph\":[{\"@type\":\"WebPage\",\"@id\":\"https:\/\/amazon.azdigi.shop\/index.php\/product\/luna-closet-crystal-embellished-organza-midi-dress\/\",\"url\":\"https:\/\/amazon.azdigi.shop\/index.php\/product\/luna-closet-crystal-embellished-organza-midi-dress\/\",\"name\":\"Luna Closet Crystal Embellished Organza Midi Dress - lunacloset\",\"isPartOf\":{\"@id\":\"https:\/\/amazon.azdigi.shop\/#website\"},\"primaryImageOfPage\":{\"@id\":\"https:\/\/amazon.azdigi.shop\/index.php\/product\/luna-closet-crystal-embellished-organza-midi-dress\/#primaryimage\"},\"image\":{\"@id\":\"https:\/\/amazon.azdigi.shop\/index.php\/product\/luna-closet-crystal-embellished-organza-midi-dress\/#primaryimage\"},\"thumbnailUrl\":\"https:\/\/amazon.azdigi.shop\/wp-content\/uploads\/2026\/03\/sp9-a1.jpg?wsr\",\"datePublished\":\"2026-03-21T14:14:53+00:00\",\"dateModified\":\"2026-04-18T09:59:55+00:00\",\"description\":\"M\u1eabu: Mua ngay Luna Closet Crystal Dress - \u0111\u1ea7m organza ph\u1ed1i voan xuy\u00ean th\u1ea5u \u0111\u00ednh \u0111\u00e1 sang tr\u1ecdng. Thi\u1ebft k\u1ebf t\u00f4n d\u00e1ng, ch\u1ea5t li\u1ec7u cao c\u1ea5p, \u0111\u1ee7 size S M L cho n\u00e0ng t\u1ecfa s\u00e1ng.\",\"breadcrumb\":{\"@id\":\"https:\/\/amazon.azdigi.shop\/index.php\/product\/luna-closet-crystal-embellished-organza-midi-dress\/#breadcrumb\"},\"inLanguage\":\"en-US\",\"potentialAction\":[{\"@type\":\"ReadAction\",\"target\":[\"https:\/\/amazon.azdigi.shop\/index.php\/product\/luna-closet-crystal-embellished-organza-midi-dress\/\"]}]},{\"@type\":\"ImageObject\",\"inLanguage\":\"en-US\",\"@id\":\"https:\/\/amazon.azdigi.shop\/index.php\/product\/luna-closet-crystal-embellished-organza-midi-dress\/#primaryimage\",\"url\":\"https:\/\/amazon.azdigi.shop\/wp-content\/uploads\/2026\/03\/sp9-a1.jpg?wsr\",\"contentUrl\":\"https:\/\/amazon.azdigi.shop\/wp-content\/uploads\/2026\/03\/sp9-a1.jpg?wsr\",\"width\":1638,\"height\":2048,\"caption\":\"\u0111\u1ea7m organza \u0111\u00ednh \u0111\u00e1 m\u00e0u x\u00e1m kh\u00f3i luna closet\"},{\"@type\":\"BreadcrumbList\",\"@id\":\"https:\/\/amazon.azdigi.shop\/index.php\/product\/luna-closet-crystal-embellished-organza-midi-dress\/#breadcrumb\",\"itemListElement\":[{\"@type\":\"ListItem\",\"position\":1,\"name\":\"Home\",\"item\":\"https:\/\/amazon.azdigi.shop\/\"},{\"@type\":\"ListItem\",\"position\":2,\"name\":\"Shop\",\"item\":\"https:\/\/amazon.azdigi.shop\/index.php\/shop\/\"},{\"@type\":\"ListItem\",\"position\":3,\"name\":\"Luna Closet Crystal Embellished Organza Midi Dress\"}]},{\"@type\":\"WebSite\",\"@id\":\"https:\/\/amazon.azdigi.shop\/#website\",\"url\":\"https:\/\/amazon.azdigi.shop\/\",\"name\":\"lunacloset\",\"description\":\"\",\"potentialAction\":[{\"@type\":\"SearchAction\",\"target\":{\"@type\":\"EntryPoint\",\"urlTemplate\":\"https:\/\/amazon.azdigi.shop\/?s={search_term_string}\"},\"query-input\":{\"@type\":\"PropertyValueSpecification\",\"valueRequired\":true,\"valueName\":\"search_term_string\"}}],\"inLanguage\":\"en-US\"}]}<\/script>\n<!-- \/ Yoast SEO plugin. -->","yoast_head_json":{"title":"Luna Closet Crystal Embellished Organza Midi Dress - lunacloset","description":"M\u1eabu: Mua ngay Luna Closet Crystal Dress - \u0111\u1ea7m organza ph\u1ed1i voan xuy\u00ean th\u1ea5u \u0111\u00ednh \u0111\u00e1 sang tr\u1ecdng. Thi\u1ebft k\u1ebf t\u00f4n d\u00e1ng, ch\u1ea5t li\u1ec7u cao c\u1ea5p, \u0111\u1ee7 size S M L cho n\u00e0ng t\u1ecfa s\u00e1ng.","robots":{"index":"index","follow":"follow","max-snippet":"max-snippet:-1","max-image-preview":"max-image-preview:large","max-video-preview":"max-video-preview:-1"},"canonical":"https:\/\/amazon.azdigi.shop\/index.php\/product\/luna-closet-crystal-embellished-organza-midi-dress\/","og_locale":"en_US","og_type":"article","og_title":"Luna Closet Crystal Embellished Organza Midi Dress - lunacloset","og_description":"M\u1eabu: Mua ngay Luna Closet Crystal Dress - \u0111\u1ea7m organza ph\u1ed1i voan xuy\u00ean th\u1ea5u \u0111\u00ednh \u0111\u00e1 sang tr\u1ecdng. Thi\u1ebft k\u1ebf t\u00f4n d\u00e1ng, ch\u1ea5t li\u1ec7u cao c\u1ea5p, \u0111\u1ee7 size S M L cho n\u00e0ng t\u1ecfa s\u00e1ng.","og_url":"https:\/\/amazon.azdigi.shop\/index.php\/product\/luna-closet-crystal-embellished-organza-midi-dress\/","og_site_name":"lunacloset","article_modified_time":"2026-04-18T09:59:55+00:00","og_image":[{"width":1638,"height":2048,"url":"https:\/\/amazon.azdigi.shop\/wp-content\/uploads\/2026\/03\/sp9-a1.jpg?wsr","type":"image\/jpeg"}],"twitter_card":"summary_large_image","twitter_misc":{"Est. reading time":"3 minutes"},"schema":{"@context":"https:\/\/schema.org","@graph":[{"@type":"WebPage","@id":"https:\/\/amazon.azdigi.shop\/index.php\/product\/luna-closet-crystal-embellished-organza-midi-dress\/","url":"https:\/\/amazon.azdigi.shop\/index.php\/product\/luna-closet-crystal-embellished-organza-midi-dress\/","name":"Luna Closet Crystal Embellished Organza Midi Dress - lunacloset","isPartOf":{"@id":"https:\/\/amazon.azdigi.shop\/#website"},"primaryImageOfPage":{"@id":"https:\/\/amazon.azdigi.shop\/index.php\/product\/luna-closet-crystal-embellished-organza-midi-dress\/#primaryimage"},"image":{"@id":"https:\/\/amazon.azdigi.shop\/index.php\/product\/luna-closet-crystal-embellished-organza-midi-dress\/#primaryimage"},"thumbnailUrl":"https:\/\/amazon.azdigi.shop\/wp-content\/uploads\/2026\/03\/sp9-a1.jpg?wsr","datePublished":"2026-03-21T14:14:53+00:00","dateModified":"2026-04-18T09:59:55+00:00","description":"M\u1eabu: Mua ngay Luna Closet Crystal Dress - \u0111\u1ea7m organza ph\u1ed1i voan xuy\u00ean th\u1ea5u \u0111\u00ednh \u0111\u00e1 sang tr\u1ecdng. Thi\u1ebft k\u1ebf t\u00f4n d\u00e1ng, ch\u1ea5t li\u1ec7u cao c\u1ea5p, \u0111\u1ee7 size S M L cho n\u00e0ng t\u1ecfa s\u00e1ng.","breadcrumb":{"@id":"https:\/\/amazon.azdigi.shop\/index.php\/product\/luna-closet-crystal-embellished-organza-midi-dress\/#breadcrumb"},"inLanguage":"en-US","potentialAction":[{"@type":"ReadAction","target":["https:\/\/amazon.azdigi.shop\/index.php\/product\/luna-closet-crystal-embellished-organza-midi-dress\/"]}]},{"@type":"ImageObject","inLanguage":"en-US","@id":"https:\/\/amazon.azdigi.shop\/index.php\/product\/luna-closet-crystal-embellished-organza-midi-dress\/#primaryimage","url":"https:\/\/amazon.azdigi.shop\/wp-content\/uploads\/2026\/03\/sp9-a1.jpg?wsr","contentUrl":"https:\/\/amazon.azdigi.shop\/wp-content\/uploads\/2026\/03\/sp9-a1.jpg?wsr","width":1638,"height":2048,"caption":"\u0111\u1ea7m organza \u0111\u00ednh \u0111\u00e1 m\u00e0u x\u00e1m kh\u00f3i luna closet"},{"@type":"BreadcrumbList","@id":"https:\/\/amazon.azdigi.shop\/index.php\/product\/luna-closet-crystal-embellished-organza-midi-dress\/#breadcrumb","itemListElement":[{"@type":"ListItem","position":1,"name":"Home","item":"https:\/\/amazon.azdigi.shop\/"},{"@type":"ListItem","position":2,"name":"Shop","item":"https:\/\/amazon.azdigi.shop\/index.php\/shop\/"},{"@type":"ListItem","position":3,"name":"Luna Closet Crystal Embellished Organza Midi Dress"}]},{"@type":"WebSite","@id":"https:\/\/amazon.azdigi.shop\/#website","url":"https:\/\/amazon.azdigi.shop\/","name":"lunacloset","description":"","potentialAction":[{"@type":"SearchAction","target":{"@type":"EntryPoint","urlTemplate":"https:\/\/amazon.azdigi.shop\/?s={search_term_string}"},"query-input":{"@type":"PropertyValueSpecification","valueRequired":true,"valueName":"search_term_string"}}],"inLanguage":"en-US"}]}},"_links":{"self":[{"href":"https:\/\/amazon.azdigi.shop\/index.php\/wp-json\/wp\/v2\/product\/108","targetHints":{"allow":["GET"]}}],"collection":[{"href":"https:\/\/amazon.azdigi.shop\/index.php\/wp-json\/wp\/v2\/product"}],"about":[{"href":"https:\/\/amazon.azdigi.shop\/index.php\/wp-json\/wp\/v2\/types\/product"}],"replies":[{"embeddable":true,"href":"https:\/\/amazon.azdigi.shop\/index.php\/wp-json\/wp\/v2\/comments?post=108"}],"wp:featuredmedia":[{"embeddable":true,"href":"https:\/\/amazon.azdigi.shop\/index.php\/wp-json\/wp\/v2\/media\/109"}],"wp:attachment":[{"href":"https:\/\/amazon.azdigi.shop\/index.php\/wp-json\/wp\/v2\/media?parent=108"}],"wp:term":[{"taxonomy":"product_brand","embeddable":true,"href":"https:\/\/amazon.azdigi.shop\/index.php\/wp-json\/wp\/v2\/product_brand?post=108"},{"taxonomy":"product_cat","embeddable":true,"href":"https:\/\/amazon.azdigi.shop\/index.php\/wp-json\/wp\/v2\/product_cat?post=108"},{"taxonomy":"product_tag","embeddable":true,"href":"https:\/\/amazon.azdigi.shop\/index.php\/wp-json\/wp\/v2\/product_tag?post=108"}],"curies":[{"name":"wp","href":"https:\/\/api.w.org\/{rel}","templated":true}]}}