{"id":453,"date":"2026-04-12T06:03:25","date_gmt":"2026-04-12T06:03:25","guid":{"rendered":"https:\/\/amazon.azdigi.shop\/?page_id=453"},"modified":"2026-04-12T06:03:25","modified_gmt":"2026-04-12T06:03:25","slug":"chinh-sach-van-chuyen","status":"publish","type":"page","link":"https:\/\/amazon.azdigi.shop\/index.php\/chinh-sach-van-chuyen\/","title":{"rendered":"CH\u00cdNH S\u00c1CH V\u1eacN CHUY\u1ec2N"},"content":{"rendered":"<div class=\"heading-page\">\n<h1>CH\u00cdNH S\u00c1CH V\u1eacN CHUY\u1ec2N<\/h1>\n<\/div>\n<div class=\"wrapbox-content-page\">\n<div class=\"content-page \">\n<p>Th\u00f4ng th\u01b0\u1eddng sau khi nh\u1eadn \u0111\u01b0\u1ee3c th\u00f4ng tin \u0111\u1eb7t h\u00e0ng Online, ch\u00fang t\u00f4i s\u1ebd x\u1eed l\u00fd \u0111\u01a1n h\u00e0ng trong v\u00f2ng 24h v\u00e0 ph\u1ea3n h\u1ed3i l\u1ea1i th\u00f4ng tin cho kh\u00e1ch h\u00e0ng v\u1ec1 vi\u1ec7c thanh to\u00e1n v\u00e0 giao nh\u1eadn.<\/p>\n<p>LUNA CLOSET h\u1ed7 tr\u1ee3 v\u1ec1 vi\u1ec7c v\u1eadn chuy\u1ec3n h\u00e0ng h\u00f3a nh\u01b0 sau:<\/p>\n<p>&nbsp;<\/p>\n<table style=\"width: 83.3347%;\" border=\"1\" cellspacing=\"0\" cellpadding=\"0\">\n<tbody>\n<tr>\n<td style=\"width: 38.2688%;\">&nbsp;<\/td>\n<td style=\"width: 32.574%;\">N\u1ed8I TH\u00c0NH HCM\/HN<\/td>\n<td style=\"width: 108.062%;\">NGO\u1ea0I TH\u00c0NH<\/td>\n<\/tr>\n<tr>\n<td style=\"width: 38.2688%;\">TH\u1edcI GIAN NH\u1eacN H\u00c0NG<\/td>\n<td style=\"width: 32.574%;\">1 &#8211; 2 ng\u00e0y l\u00e0m vi\u1ec7c<\/td>\n<td style=\"width: 108.062%;\">2 &#8211; 3 ng\u00e0y l\u00e0m vi\u1ec7c<\/td>\n<\/tr>\n<tr>\n<td style=\"width: 38.2688%;\">CHI PH\u00cd V\u1eacN CHUY\u1ec2N<\/td>\n<td style=\"width: 32.574%;\">T\u1eea 25,000 VND<\/td>\n<td style=\"width: 108.062%;\">T\u1eea 30,000 VND<\/td>\n<\/tr>\n<\/tbody>\n<\/table>\n<p>&nbsp;<\/p>\n<p>Tr\u01b0\u1eddng h\u1ee3p th\u1eddi gian giao h\u00e0ng k\u00e9o d\u00e0i h\u01a1n c\u00f3 th\u1ec3 x\u1ea3y ra trong nh\u1eefng t\u00ecnh hu\u1ed1ng b\u1ea5t kh\u1ea3 kh\u00e1ng nh\u01b0 sau:<\/p>\n<p>&#8211; Nh\u00e2n vi\u00ean ch\u00fang t\u00f4i li\u00ean l\u1ea1c v\u1edbi kh\u00e1ch h\u00e0ng qua \u0111i\u1ec7n tho\u1ea1i kh\u00f4ng \u0111\u01b0\u1ee3c n\u00ean kh\u00f4ng th\u1ec3 giao h\u00e0ng.<\/p>\n<p>&#8211; \u0110\u1ecba ch\u1ec9 giao h\u00e0ng b\u1ea1n cung c\u1ea5p kh\u00f4ng ch\u00ednh x\u00e1c ho\u1eb7c kh\u00f3 t\u00ecm.<\/p>\n<p>&#8211; \u0110\u1ed1i t\u00e1c cung c\u1ea5p h\u00e0ng ch\u1eadm h\u01a1n d\u1ef1 ki\u1ebfn khi\u1ebfn vi\u1ec7c giao h\u00e0ng b\u1ecb ch\u1eadm l\u1ea1i ho\u1eb7c \u0111\u1ed1i t\u00e1c v\u1eadn chuy\u1ec3n giao h\u00e0ng b\u1ecb ch\u1eadm<\/p>\n<p>V\u1ec1 ph\u00ed v\u1eadn chuy\u1ec3n, ch\u00fang t\u00f4i s\u1eed d\u1ee5ng d\u1ecbch v\u1ee5 v\u1eadn chuy\u1ec3n t\u1eeb c\u00e1c \u0111\u1ed1i t\u00e1c VN Post, Viettel Post n\u00ean c\u01b0\u1edbc ph\u00ed v\u1eadn chuy\u1ec3n s\u1ebd \u0111\u01b0\u1ee3c t\u00ednh theo ph\u00ed c\u1ee7a c\u00e1c \u0111\u1ed1i t\u00e1c v\u1eadn chuy\u1ec3n, t\u00f9y v\u00e0o v\u1ecb tr\u00ed v\u00e0 kh\u1ed1i l\u01b0\u1ee3ng c\u1ee7a \u0111\u01a1n h\u00e0ng.<\/p>\n<p>Nh\u00e2n vi\u00ean KCloset s\u1ebd b\u00e1o m\u1ee9c ph\u00ed c\u1ee5 th\u1ec3 cho kh\u00e1ch h\u00e0ng khi li\u00ean h\u1ec7 l\u1ea1i x\u00e1c nh\u1eadn \u0111\u01a1n h\u00e0ng v\u1edbi kh\u00e1ch.<\/p>\n<p><strong>\u0110\u1ed1i v\u1edbi kh\u00e1ch s\u1ec9\/bu\u00f4n:<\/strong><\/p>\n<p>Ri\u00eang kh\u00e1ch t\u1ec9nh c\u00f3 nhu c\u1ea7u mua s\u1ed1 l\u01b0\u1ee3ng l\u1edbn ho\u1eb7c kh\u00e1ch bu\u00f4n s\u1ec9 n\u1ebfu c\u00f3 nhu c\u1ea7u mua s\u1ea3n ph\u1ea9m, ch\u00fang t\u00f4i s\u1ebd nh\u1edd d\u1ecbch v\u1ee5 giao nh\u1eadn c\u1ee7a c\u00e1c c\u00f4ng ty v\u1eadn chuy\u1ec3n v\u00e0 ph\u00ed s\u1ebd \u0111\u01b0\u1ee3c t\u00ednh theo ph\u00ed c\u1ee7a c\u00e1c \u0111\u01a1n v\u1ecb cung c\u1ea5p d\u1ecbch v\u1ee5 v\u1eadn chuy\u1ec3n ho\u1eb7c theo tho\u1ea3 thu\u1eadn h\u1ee3p \u0111\u1ed3ng gi\u1eefa 2 b\u00ean.<\/p>\n<p>Li\u00ean h\u1ec7 mua s\u1ec9: qua fanpage (<a href=\"https:\/\/www.facebook.com\/kclosetclothing\">https:\/\/www.facebook.com\/kclosetclothing<\/a>) ho\u1eb7c<\/p>\n<p>Hotline: 0938.163.257<\/p>\n<p>&nbsp;<\/p>\n<p>Ph\u00e2n \u0111\u1ecbnh tr\u00e1ch nhi\u1ec7m c\u1ee7a th\u01b0\u01a1ng nh\u00e2n, t\u1ed5 ch\u1ee9c cung \u1ee9ng d\u1ecbch v\u1ee5 logistics v\u1ec1 cung c\u1ea5p ch\u1ee9ng t\u1eeb h\u00e0ng h\u00f3a trong qu\u00e1 tr\u00ecnh giao nh\u1eadn:<\/p>\n<p>B\u00ean kclosetvn.com c\u00f3 tr\u00e1ch nhi\u1ec7m cung c\u1ea5p ch\u1ee9ng t\u1eeb h\u00e0ng h\u00f3a khi giao h\u00e0ng<\/p>\n<p><strong>Ngh\u0129a v\u1ee5 c\u1ee7a b\u00ean v\u1eadn chuy\u1ec3n<\/strong><\/p>\n<p>\u2013 B\u00ean v\u1eadn chuy\u1ec3n c\u00f3 tr\u00e1ch nhi\u1ec7m cung c\u1ea5p ch\u1ee9ng t\u1eeb h\u00e0ng h\u00f3a khi giao h\u00e0ng t\u1eeb b\u00ean thu\u00ea v\u1eadn chuy\u1ec3n.<\/p>\n<p>\u2013 B\u1ea3o \u0111\u1ea3m v\u1eadn chuy\u1ec3n h\u00e0ng h\u00f3a \u0111\u1ea7y \u0111\u1ee7, an to\u00e0n \u0111\u1ebfn \u0111\u1ecba \u0111i\u1ec3m \u0111\u00e3 \u0111\u1ecbnh, theo \u0111\u00fang th\u1eddi h\u1ea1n.<\/p>\n<p>\u2013 Giao h\u00e0ng h\u00f3a cho ng\u01b0\u1eddi c\u00f3 quy\u1ec1n nh\u1eadn.<\/p>\n<p>\u2013 Ch\u1ecbu chi ph\u00ed li\u00ean quan \u0111\u1ebfn vi\u1ec7c chuy\u00ean ch\u1edf h\u00e0ng h\u00f3a, tr\u1eeb tr\u01b0\u1eddng h\u1ee3p c\u00f3 th\u1ecfa thu\u1eadn kh\u00e1c.<\/p>\n<p>\u2013 Mua b\u1ea3o hi\u1ec3m tr\u00e1ch nhi\u1ec7m d\u00e2n s\u1ef1 theo quy \u0111\u1ecbnh c\u1ee7a ph\u00e1p lu\u1eadt.<\/p>\n<p>\u2013 B\u1ed3i th\u01b0\u1eddng thi\u1ec7t h\u1ea1i cho b\u00ean thu\u00ea v\u1eadn chuy\u1ec3n trong tr\u01b0\u1eddng h\u1ee3p b\u00ean v\u1eadn chuy\u1ec3n \u0111\u1ec3 m\u1ea5t, h\u01b0 h\u1ecfng h\u00e0ng h\u00f3a, tr\u1eeb tr\u01b0\u1eddng h\u1ee3p c\u00f3 th\u1ecfa thu\u1eadn kh\u00e1c ho\u1eb7c ph\u00e1p lu\u1eadt c\u00f3 quy \u0111\u1ecbnh kh\u00e1c.<\/p>\n<p><strong>Quy\u1ec1n c\u1ee7a b\u00ean v\u1eadn chuy\u1ec3n<\/strong><\/p>\n<p>\u2013 Ki\u1ec3m tra s\u1ef1 x\u00e1c th\u1ef1c c\u1ee7a h\u00e0ng h\u00f3a, c\u1ee7a v\u1eadn \u0111\u01a1n ho\u1eb7c ch\u1ee9ng t\u1eeb v\u1eadn chuy\u1ec3n t\u01b0\u01a1ng \u0111\u01b0\u01a1ng kh\u00e1c.<\/p>\n<p>\u2013 T\u1eeb ch\u1ed1i v\u1eadn chuy\u1ec3n h\u00e0ng h\u00f3a kh\u00f4ng \u0111\u00fang v\u1edbi lo\u1ea1i h\u00e0ng h\u00f3a \u0111\u00e3 th\u1ecfa thu\u1eadn trong h\u1ee3p \u0111\u1ed3ng.<\/p>\n<p>\u2013 Y\u00eau c\u1ea7u b\u00ean thu\u00ea v\u1eadn chuy\u1ec3n thanh to\u00e1n \u0111\u1ee7 c\u01b0\u1edbc ph\u00ed v\u1eadn chuy\u1ec3n \u0111\u00fang th\u1eddi h\u1ea1n.<\/p>\n<p>\u2013 T\u1eeb ch\u1ed1i v\u1eadn chuy\u1ec3n h\u00e0ng h\u00f3a c\u1ea5m giao d\u1ecbch, h\u00e0ng h\u00f3a c\u00f3 t\u00ednh ch\u1ea5t nguy hi\u1ec3m, \u0111\u1ed9c h\u1ea1i<\/p>\n<p><strong>Ngh\u0129a v\u1ee5 c\u1ee7a b\u00ean thu\u00ea v\u1eadn chuy\u1ec3n<\/strong><\/p>\n<p>\u2013 Tr\u1ea3 \u0111\u1ee7 ti\u1ec1n c\u01b0\u1edbc ph\u00ed v\u1eadn chuy\u1ec3n cho b\u00ean v\u1eadn chuy\u1ec3n theo \u0111\u00fang th\u1eddi h\u1ea1n, ph\u01b0\u01a1ng th\u1ee9c \u0111\u00e3 th\u1ecfa thu\u1eadn.<\/p>\n<p>\u2013 Cung c\u1ea5p th\u00f4ng tin c\u1ea7n thi\u1ebft li\u00ean quan \u0111\u1ebfn h\u00e0ng h\u00f3a v\u1eadn chuy\u1ec3n \u0111\u1ec3 b\u1ea3o \u0111\u1ea3m an to\u00e0n cho h\u00e0ng h\u00f3a v\u1eadn chuy\u1ec3n.<\/p>\n<p>\u2013 Tr\u00f4ng coi h\u00e0ng h\u00f3a tr\u00ean \u0111\u01b0\u1eddng v\u1eadn chuy\u1ec3n, n\u1ebfu c\u00f3 th\u1ecfa thu\u1eadn. Tr\u01b0\u1eddng h\u1ee3p b\u00ean thu\u00ea v\u1eadn chuy\u1ec3n tr\u00f4ng coi v\u1eadn chuy\u1ec3n m\u00e0 t\u00e0i s\u1ea3n b\u1ecb m\u1ea5t, h\u01b0 h\u1ecfng th\u00ec kh\u00f4ng \u0111\u01b0\u1ee3c b\u1ed3i th\u01b0\u1eddng.<\/p>\n<p><strong>Quy\u1ec1n c\u1ee7a b\u00ean thu\u00ea v\u1eadn chuy\u1ec3n<\/strong><\/p>\n<p>\u2013 Y\u00eau c\u1ea7u b\u00ean v\u1eadn chuy\u1ec3n chuy\u00ean ch\u1edf h\u00e0ng h\u00f3a \u0111\u1ebfn \u0111\u00fang \u0111\u1ecba \u0111i\u1ec3m, th\u1eddi \u0111i\u1ec3m \u0111\u00e3 th\u1ecfa thu\u1eadn.<\/p>\n<p>\u2013 Tr\u1ef1c ti\u1ebfp ho\u1eb7c ch\u1ec9 \u0111\u1ecbnh ng\u01b0\u1eddi th\u1ee9 ba nh\u1eadn l\u1ea1i h\u00e0ng h\u00f3a \u0111\u00e3 thu\u00ea v\u1eadn chuy\u1ec3n.<\/p>\n<p>Tr\u00e1ch nhi\u1ec7m v\u1ec1 tr\u01b0\u1eddng h\u1ee3p h\u00e0ng b\u1ecb h\u01b0 h\u1ecfng do qu\u00e1 tr\u00ecnh v\u1eadn chuy\u1ec3n<\/p>\n<p><strong>V\u1ec1 vi\u1ec7c cung c\u1ea5p ch\u1ee9ng t\u1eeb h\u00e0ng h\u00f3a trong qu\u00e1 tr\u00ecnh giao nh\u1eadn.<\/strong><\/p>\n<p>\u0110\u1ed1i v\u1edbi h\u00e0ng h\u00f3a b\u1ecb h\u01b0 h\u1ecfng do qu\u00e1 tr\u00ecnh v\u1eadn chuy\u1ec3n d\u00f9 l\u00e0 \u0111\u01a1n h\u00e0ng do ch\u00ednh c\u1eeda h\u00e0ng v\u1eadn chuy\u1ec3n hay do b\u00ean th\u1ee9 3 v\u1eadn chuy\u1ec3n th\u00ec ch\u00fang t\u00f4i s\u1ebd l\u00e0 b\u00ean \u0111\u1ee9ng ra ch\u1ecbu tr\u00e1ch nhi\u1ec7m gi\u1ea3i quy\u1ebft v\u1ea5n \u0111\u1ec1 cho kh\u00e1ch h\u00e0ng.<\/p>\n<p>Kh\u00e1ch h\u00e0ng c\u00f3 quy\u1ec1n t\u1eeb ch\u1ed1i nh\u1eadn s\u1ea3n ph\u1ea9m v\u00e0 y\u00eau c\u1ea7u \u0111\u1ed5i tr\u1ea3 theo quy \u0111\u1ecbnh \u201c\u0111\u1ed5i tr\u1ea3 ho\u00e0n ph\u00ed\u201d c\u00f2n m\u1ecdi v\u1ea5n \u0111\u1ec1 ph\u00e1t sinh ch\u00fang t\u00f4i s\u1ebd l\u00e0m vi\u1ec7c l\u1ea1i v\u1edbi \u0111\u1ed1i t\u00e1c v\u1eadn chuy\u1ec3n \u0111\u1ec3 gi\u1ea3i quy\u1ebft \u0111\u1ec1n b\u00f9 cho \u0111\u01a1n h\u00e0ng theo th\u1ecfa thu\u1eadn h\u1ee3p t\u00e1c gi\u1eefa c\u00f4ng ty v\u1edbi \u0111\u1ed1i t\u00e1c th\u1ee9 3 cung c\u1ea5p d\u1ecbch v\u1ee5 v\u1eadn chuy\u1ec3n<\/p>\n<p><strong>L\u01b0u \u00fd: Tr\u01b0\u1eddng h\u1ee3p ph\u00e1t sinh ch\u1eadm tr\u1ec5 trong vi\u1ec7c giao h\u00e0ng ch\u00fang t\u00f4i s\u1ebd th\u00f4ng tin k\u1ecbp th\u1eddi cho kh\u00e1ch h\u00e0ng v\u00e0 kh\u00e1ch h\u00e0ng c\u00f3 th\u1ec3 l\u1ef1a ch\u1ecdn gi\u1eefa vi\u1ec7c H\u1ee7y ho\u1eb7c ti\u1ebfp t\u1ee5c ch\u1edd h\u00e0ng.<\/strong><\/p>\n<p><strong>Chi ph\u00ed v\u1eadn chuy\u1ec3n \u0111\u1ec3 trao \u0111\u1ed5i h\u00e0ng ho\u00e1 thay th\u1ebf cho s\u1ea3n ph\u1ea9m b\u1ecb l\u1ed7i l\u00e0 chi ph\u00ed c\u1ee7a c\u00f4ng ty ch\u00fang t\u00f4i.<\/strong><\/p>\n<\/div>\n<\/div>\n","protected":false},"excerpt":{"rendered":"<p>CH\u00cdNH S\u00c1CH V\u1eacN CHUY\u1ec2N Th\u00f4ng th\u01b0\u1eddng sau khi nh\u1eadn \u0111\u01b0\u1ee3c th\u00f4ng tin \u0111\u1eb7t h\u00e0ng Online, ch\u00fang t\u00f4i s\u1ebd x\u1eed l\u00fd \u0111\u01a1n h\u00e0ng trong v\u00f2ng 24h v\u00e0 ph\u1ea3n h\u1ed3i l\u1ea1i th\u00f4ng tin cho kh\u00e1ch h\u00e0ng v\u1ec1 vi\u1ec7c thanh to\u00e1n v\u00e0 giao nh\u1eadn. LUNA CLOSET h\u1ed7 tr\u1ee3 v\u1ec1 vi\u1ec7c v\u1eadn chuy\u1ec3n h\u00e0ng h\u00f3a nh\u01b0 sau: &nbsp; &nbsp; [&#8230;]\n","protected":false},"author":1,"featured_media":0,"parent":0,"menu_order":0,"comment_status":"closed","ping_status":"closed","template":"","meta":{"footnotes":""},"class_list":["post-453","page","type-page","status-publish","hentry"],"yoast_head":"<!-- This site is optimized with the Yoast SEO plugin v27.2 - https:\/\/yoast.com\/product\/yoast-seo-wordpress\/ -->\n<title>CH\u00cdNH S\u00c1CH V\u1eacN CHUY\u1ec2N - lunacloset<\/title>\n<meta name=\"robots\" content=\"index, follow, max-snippet:-1, max-image-preview:large, max-video-preview:-1\" \/>\n<link rel=\"canonical\" href=\"https:\/\/amazon.azdigi.shop\/index.php\/chinh-sach-van-chuyen\/\" \/>\n<meta property=\"og:locale\" content=\"en_US\" \/>\n<meta property=\"og:type\" content=\"article\" \/>\n<meta property=\"og:title\" content=\"CH\u00cdNH S\u00c1CH V\u1eacN CHUY\u1ec2N - lunacloset\" \/>\n<meta property=\"og:description\" content=\"CH\u00cdNH S\u00c1CH V\u1eacN CHUY\u1ec2N Th\u00f4ng th\u01b0\u1eddng sau khi nh\u1eadn \u0111\u01b0\u1ee3c th\u00f4ng tin \u0111\u1eb7t h\u00e0ng Online, ch\u00fang t\u00f4i s\u1ebd x\u1eed l\u00fd \u0111\u01a1n h\u00e0ng trong v\u00f2ng 24h v\u00e0 ph\u1ea3n h\u1ed3i l\u1ea1i th\u00f4ng tin cho kh\u00e1ch h\u00e0ng v\u1ec1 vi\u1ec7c thanh to\u00e1n v\u00e0 giao nh\u1eadn. LUNA CLOSET h\u1ed7 tr\u1ee3 v\u1ec1 vi\u1ec7c v\u1eadn chuy\u1ec3n h\u00e0ng h\u00f3a nh\u01b0 sau: &nbsp; &nbsp; [...]\" \/>\n<meta property=\"og:url\" content=\"https:\/\/amazon.azdigi.shop\/index.php\/chinh-sach-van-chuyen\/\" \/>\n<meta property=\"og:site_name\" content=\"lunacloset\" \/>\n<meta name=\"twitter:card\" content=\"summary_large_image\" \/>\n<meta name=\"twitter:label1\" content=\"Est. reading time\" \/>\n\t<meta name=\"twitter:data1\" content=\"4 minutes\" \/>\n<script type=\"application\/ld+json\" class=\"yoast-schema-graph\">{\"@context\":\"https:\/\/schema.org\",\"@graph\":[{\"@type\":\"WebPage\",\"@id\":\"https:\/\/amazon.azdigi.shop\/index.php\/chinh-sach-van-chuyen\/\",\"url\":\"https:\/\/amazon.azdigi.shop\/index.php\/chinh-sach-van-chuyen\/\",\"name\":\"CH\u00cdNH S\u00c1CH V\u1eacN CHUY\u1ec2N - lunacloset\",\"isPartOf\":{\"@id\":\"https:\/\/amazon.azdigi.shop\/#website\"},\"datePublished\":\"2026-04-12T06:03:25+00:00\",\"breadcrumb\":{\"@id\":\"https:\/\/amazon.azdigi.shop\/index.php\/chinh-sach-van-chuyen\/#breadcrumb\"},\"inLanguage\":\"en-US\",\"potentialAction\":[{\"@type\":\"ReadAction\",\"target\":[\"https:\/\/amazon.azdigi.shop\/index.php\/chinh-sach-van-chuyen\/\"]}]},{\"@type\":\"BreadcrumbList\",\"@id\":\"https:\/\/amazon.azdigi.shop\/index.php\/chinh-sach-van-chuyen\/#breadcrumb\",\"itemListElement\":[{\"@type\":\"ListItem\",\"position\":1,\"name\":\"Home\",\"item\":\"https:\/\/amazon.azdigi.shop\/\"},{\"@type\":\"ListItem\",\"position\":2,\"name\":\"CH\u00cdNH S\u00c1CH V\u1eacN CHUY\u1ec2N\"}]},{\"@type\":\"WebSite\",\"@id\":\"https:\/\/amazon.azdigi.shop\/#website\",\"url\":\"https:\/\/amazon.azdigi.shop\/\",\"name\":\"lunacloset\",\"description\":\"\",\"potentialAction\":[{\"@type\":\"SearchAction\",\"target\":{\"@type\":\"EntryPoint\",\"urlTemplate\":\"https:\/\/amazon.azdigi.shop\/?s={search_term_string}\"},\"query-input\":{\"@type\":\"PropertyValueSpecification\",\"valueRequired\":true,\"valueName\":\"search_term_string\"}}],\"inLanguage\":\"en-US\"}]}<\/script>\n<!-- \/ Yoast SEO plugin. -->","yoast_head_json":{"title":"CH\u00cdNH S\u00c1CH V\u1eacN CHUY\u1ec2N - lunacloset","robots":{"index":"index","follow":"follow","max-snippet":"max-snippet:-1","max-image-preview":"max-image-preview:large","max-video-preview":"max-video-preview:-1"},"canonical":"https:\/\/amazon.azdigi.shop\/index.php\/chinh-sach-van-chuyen\/","og_locale":"en_US","og_type":"article","og_title":"CH\u00cdNH S\u00c1CH V\u1eacN CHUY\u1ec2N - lunacloset","og_description":"CH\u00cdNH S\u00c1CH V\u1eacN CHUY\u1ec2N Th\u00f4ng th\u01b0\u1eddng sau khi nh\u1eadn \u0111\u01b0\u1ee3c th\u00f4ng tin \u0111\u1eb7t h\u00e0ng Online, ch\u00fang t\u00f4i s\u1ebd x\u1eed l\u00fd \u0111\u01a1n h\u00e0ng trong v\u00f2ng 24h v\u00e0 ph\u1ea3n h\u1ed3i l\u1ea1i th\u00f4ng tin cho kh\u00e1ch h\u00e0ng v\u1ec1 vi\u1ec7c thanh to\u00e1n v\u00e0 giao nh\u1eadn. LUNA CLOSET h\u1ed7 tr\u1ee3 v\u1ec1 vi\u1ec7c v\u1eadn chuy\u1ec3n h\u00e0ng h\u00f3a nh\u01b0 sau: &nbsp; &nbsp; [...]","og_url":"https:\/\/amazon.azdigi.shop\/index.php\/chinh-sach-van-chuyen\/","og_site_name":"lunacloset","twitter_card":"summary_large_image","twitter_misc":{"Est. reading time":"4 minutes"},"schema":{"@context":"https:\/\/schema.org","@graph":[{"@type":"WebPage","@id":"https:\/\/amazon.azdigi.shop\/index.php\/chinh-sach-van-chuyen\/","url":"https:\/\/amazon.azdigi.shop\/index.php\/chinh-sach-van-chuyen\/","name":"CH\u00cdNH S\u00c1CH V\u1eacN CHUY\u1ec2N - lunacloset","isPartOf":{"@id":"https:\/\/amazon.azdigi.shop\/#website"},"datePublished":"2026-04-12T06:03:25+00:00","breadcrumb":{"@id":"https:\/\/amazon.azdigi.shop\/index.php\/chinh-sach-van-chuyen\/#breadcrumb"},"inLanguage":"en-US","potentialAction":[{"@type":"ReadAction","target":["https:\/\/amazon.azdigi.shop\/index.php\/chinh-sach-van-chuyen\/"]}]},{"@type":"BreadcrumbList","@id":"https:\/\/amazon.azdigi.shop\/index.php\/chinh-sach-van-chuyen\/#breadcrumb","itemListElement":[{"@type":"ListItem","position":1,"name":"Home","item":"https:\/\/amazon.azdigi.shop\/"},{"@type":"ListItem","position":2,"name":"CH\u00cdNH S\u00c1CH V\u1eacN CHUY\u1ec2N"}]},{"@type":"WebSite","@id":"https:\/\/amazon.azdigi.shop\/#website","url":"https:\/\/amazon.azdigi.shop\/","name":"lunacloset","description":"","potentialAction":[{"@type":"SearchAction","target":{"@type":"EntryPoint","urlTemplate":"https:\/\/amazon.azdigi.shop\/?s={search_term_string}"},"query-input":{"@type":"PropertyValueSpecification","valueRequired":true,"valueName":"search_term_string"}}],"inLanguage":"en-US"}]}},"_links":{"self":[{"href":"https:\/\/amazon.azdigi.shop\/index.php\/wp-json\/wp\/v2\/pages\/453","targetHints":{"allow":["GET"]}}],"collection":[{"href":"https:\/\/amazon.azdigi.shop\/index.php\/wp-json\/wp\/v2\/pages"}],"about":[{"href":"https:\/\/amazon.azdigi.shop\/index.php\/wp-json\/wp\/v2\/types\/page"}],"author":[{"embeddable":true,"href":"https:\/\/amazon.azdigi.shop\/index.php\/wp-json\/wp\/v2\/users\/1"}],"replies":[{"embeddable":true,"href":"https:\/\/amazon.azdigi.shop\/index.php\/wp-json\/wp\/v2\/comments?post=453"}],"version-history":[{"count":1,"href":"https:\/\/amazon.azdigi.shop\/index.php\/wp-json\/wp\/v2\/pages\/453\/revisions"}],"predecessor-version":[{"id":454,"href":"https:\/\/amazon.azdigi.shop\/index.php\/wp-json\/wp\/v2\/pages\/453\/revisions\/454"}],"wp:attachment":[{"href":"https:\/\/amazon.azdigi.shop\/index.php\/wp-json\/wp\/v2\/media?parent=453"}],"curies":[{"name":"wp","href":"https:\/\/api.w.org\/{rel}","templated":true}]}}