{"id":446,"date":"2026-04-10T19:23:41","date_gmt":"2026-04-10T19:23:41","guid":{"rendered":"https:\/\/amazon.azdigi.shop\/?page_id=446"},"modified":"2026-04-10T19:23:41","modified_gmt":"2026-04-10T19:23:41","slug":"tuyen-dung","status":"publish","type":"page","link":"https:\/\/amazon.azdigi.shop\/index.php\/tuyen-dung\/","title":{"rendered":"TUY\u1ec2N D\u1ee4NG"},"content":{"rendered":"<div class=\"heading-page\">\n<h1><span style=\"font-family: verdana, geneva, sans-serif;\">TUY\u1ec2N D\u1ee4NG<\/span><\/h1>\n<\/div>\n<div class=\"wrapbox-content-page\">\n<div class=\"content-page \">\n<p><span style=\"font-family: verdana, geneva, sans-serif;\"><strong>luna CLOSET Team <\/strong>lu\u00f4n ch\u00e0o \u0111\u00f3n nh\u1eefng th\u00e0nh vi\u00ean m\u1edbi \u0111\u1ed3ng h\u00e0nh c\u00f9ng ch\u00fang m\u00ecnh tr\u00ean h\u00e0nh tr\u00ecnh th\u1eddi trang s\u00e1ng t\u1ea1o v\u00e0 \u0111\u1ea7y th\u00fa v\u1ecb.<\/span><\/p>\n<p><span style=\"font-family: verdana, geneva, sans-serif;\">N\u1ebfu b\u1ea1n \u0111ang quan t\u00e2m \u0111\u1ebfn c\u00e1c c\u00f4ng vi\u1ec7c d\u01b0\u1edbi \u0111\u00e2y, vui l\u00f2ng chia s\u1ebb CV\/ portfolio c\u1ee7a b\u1ea1n t\u1edbi email:\u00a0<strong>mainn@lunaclosetvn.com<\/strong>\u00a0ngay nh\u00e9!\u00a0<\/span><\/p>\n<p>&nbsp;<\/p>\n<p><span style=\"font-family: verdana, geneva, sans-serif;\"><strong>Nh\u1eefng v\u1ecb tr\u00ed LUNA CLOSET \u0111ang tuy\u1ec3n d\u1ee5ng:<\/strong><\/span><\/p>\n<p><span style=\"font-family: verdana, geneva, sans-serif;\"><u><strong>Kh\u1ed1i c\u1eeda h\u00e0ng:<\/strong><\/u><\/span><\/p>\n<p><span style=\"font-family: verdana, geneva, sans-serif;\"><strong>\u00a0 \u00a0 \u00a0 \u00a0Nh\u00e2n vi\u00ean b\u00e1n h\u00e0ng<\/strong>\u00a0(Store B\u00e0 Tri\u1ec7u)\u00a0<strong><a href=\"https:\/\/docs.google.com\/document\/d\/1MY6N_WzFXriiOdYFi9dx1TeZFW7m1jM_\/edit\">(JOB DESCRIPTION)<\/a><\/strong><\/span><br \/>\n<span style=\"font-family: verdana, geneva, sans-serif;\"><strong>\u00a0 \u00a0 \u00a0 \u00a0C\u1eeda h\u00e0ng tr\u01b0\u1edfng<\/strong>\u00a0(HCM)\u00a0<strong><a href=\"https:\/\/docs.google.com\/document\/d\/1IM3Vy1qIav8nK1PNhyWH0Udt8YApdOiZ\/edit#heading=h.gjdgxs\">( JOB DESCRIPTION)<\/a><\/strong><\/span><\/p>\n<p><span style=\"font-family: verdana, geneva, sans-serif;\"><u><strong>Kh\u1ed1i v\u0103n ph\u00f2ng:<\/strong><\/u><\/span><\/p>\n<p><span style=\"font-family: verdana, geneva, sans-serif;\"><strong>\u00a0 \u00a0\u00a0\u00a0 Sale Online Manager<\/strong><a href=\"https:\/\/docs.google.com\/document\/d\/1HW9YyShH0Y_K6dfqnJ3Rx4m2uIB0s-pO\/edit\">(JOB DESCRIPTION)<\/a><\/span><br \/>\n<span style=\"font-family: verdana, geneva, sans-serif;\"><strong>\u00a0 \u00a0 \u00a0 Senior Content Marketing<\/strong>\u00a0<a href=\"https:\/\/docs.google.com\/document\/d\/1eX7S5nUEWiIlDJmOYGYD6CxFT97K1IdT\/edit\">(JOB DESCRIPTION)<\/a><\/span><br \/>\n<span style=\"font-family: verdana, geneva, sans-serif;\"><strong>\u00a0 \u00a0 \u00a0 Content MKT Executive<\/strong>\u00a0<a href=\"https:\/\/docs.google.com\/document\/d\/1e_ls8LH6HFm09G0OrrymezJzXUUHhVFj\/edit#heading=h.gjdgxs\">(JOB DESCRIPTION)<\/a><\/span><br \/>\n<span style=\"font-family: verdana, geneva, sans-serif;\">\u00a0 \u00a0 \u00a0\u00a0<strong>Graphic Designer<\/strong>\u00a0<a href=\"https:\/\/docs.google.com\/document\/d\/1VJip8_IXdUWna2Z5ZF9kEKE7ALt8Z6TP\/edit\">(JOB DESCRIPTION)<\/a><\/span><br \/>\n<span style=\"font-family: verdana, geneva, sans-serif;\">\u00a0 \u00a0 \u00a0\u00a0<strong>V\u1eadn H\u00e0nh S\u00e0n Tiktok<\/strong>\u00a0(<a href=\"https:\/\/docs.google.com\/document\/d\/1j4J52eAW0BPvKkakhlOGXS887IN9klv3\/edit\">JOB DESCRIPTION)<\/a><\/span><\/p>\n<p><span style=\"font-family: verdana, geneva, sans-serif;\">\u00a0<\/span><\/p>\n<p>&nbsp;<\/p>\n<p><span style=\"font-family: verdana, geneva, sans-serif;\">M\u1ecdi th\u00f4ng tin tuy\u1ec3n d\u1ee5ng m\u1edbi nh\u1ea5t s\u1ebd \u0111\u01b0\u1ee3c ch\u00fang m\u00ecnh c\u1eadp nh\u1eadt tr\u00ean website luna<strong>closetvn.com<\/strong>, c\u0169ng nh\u01b0 tr\u00ean Facebook v\u00e0 k\u00eanh tuy\u1ec3n d\u1ee5ng c\u1ee7a LUNA<strong>CLOSET.<\/strong><\/span><\/p>\n<p><span style=\"font-family: verdana, geneva, sans-serif;\">Join us. Share our dreams.<\/span><\/p>\n<\/div>\n<\/div>\n","protected":false},"excerpt":{"rendered":"<p>TUY\u1ec2N D\u1ee4NG luna CLOSET Team lu\u00f4n ch\u00e0o \u0111\u00f3n nh\u1eefng th\u00e0nh vi\u00ean m\u1edbi \u0111\u1ed3ng h\u00e0nh c\u00f9ng ch\u00fang m\u00ecnh tr\u00ean h\u00e0nh tr\u00ecnh th\u1eddi trang s\u00e1ng t\u1ea1o v\u00e0 \u0111\u1ea7y th\u00fa v\u1ecb. N\u1ebfu b\u1ea1n \u0111ang quan t\u00e2m \u0111\u1ebfn c\u00e1c c\u00f4ng vi\u1ec7c d\u01b0\u1edbi \u0111\u00e2y, vui l\u00f2ng chia s\u1ebb CV\/ portfolio c\u1ee7a b\u1ea1n t\u1edbi email:\u00a0mainn@lunaclosetvn.com\u00a0ngay nh\u00e9!\u00a0 &nbsp; Nh\u1eefng v\u1ecb tr\u00ed LUNA [&#8230;]\n","protected":false},"author":1,"featured_media":0,"parent":0,"menu_order":0,"comment_status":"closed","ping_status":"closed","template":"","meta":{"footnotes":""},"class_list":["post-446","page","type-page","status-publish","hentry"],"yoast_head":"<!-- This site is optimized with the Yoast SEO plugin v27.2 - https:\/\/yoast.com\/product\/yoast-seo-wordpress\/ -->\n<title>TUY\u1ec2N D\u1ee4NG - lunacloset<\/title>\n<meta name=\"robots\" content=\"index, follow, max-snippet:-1, max-image-preview:large, max-video-preview:-1\" \/>\n<link rel=\"canonical\" href=\"https:\/\/amazon.azdigi.shop\/index.php\/tuyen-dung\/\" \/>\n<meta property=\"og:locale\" content=\"en_US\" \/>\n<meta property=\"og:type\" content=\"article\" \/>\n<meta property=\"og:title\" content=\"TUY\u1ec2N D\u1ee4NG - lunacloset\" \/>\n<meta property=\"og:description\" content=\"TUY\u1ec2N D\u1ee4NG luna CLOSET Team lu\u00f4n ch\u00e0o \u0111\u00f3n nh\u1eefng th\u00e0nh vi\u00ean m\u1edbi \u0111\u1ed3ng h\u00e0nh c\u00f9ng ch\u00fang m\u00ecnh tr\u00ean h\u00e0nh tr\u00ecnh th\u1eddi trang s\u00e1ng t\u1ea1o v\u00e0 \u0111\u1ea7y th\u00fa v\u1ecb. N\u1ebfu b\u1ea1n \u0111ang quan t\u00e2m \u0111\u1ebfn c\u00e1c c\u00f4ng vi\u1ec7c d\u01b0\u1edbi \u0111\u00e2y, vui l\u00f2ng chia s\u1ebb CV\/ portfolio c\u1ee7a b\u1ea1n t\u1edbi email:\u00a0mainn@lunaclosetvn.com\u00a0ngay nh\u00e9!\u00a0 &nbsp; Nh\u1eefng v\u1ecb tr\u00ed LUNA [...]\" \/>\n<meta property=\"og:url\" content=\"https:\/\/amazon.azdigi.shop\/index.php\/tuyen-dung\/\" \/>\n<meta property=\"og:site_name\" content=\"lunacloset\" \/>\n<meta name=\"twitter:card\" content=\"summary_large_image\" \/>\n<meta name=\"twitter:label1\" content=\"Est. reading time\" \/>\n\t<meta name=\"twitter:data1\" content=\"1 minute\" \/>\n<script type=\"application\/ld+json\" class=\"yoast-schema-graph\">{\"@context\":\"https:\/\/schema.org\",\"@graph\":[{\"@type\":\"WebPage\",\"@id\":\"https:\/\/amazon.azdigi.shop\/index.php\/tuyen-dung\/\",\"url\":\"https:\/\/amazon.azdigi.shop\/index.php\/tuyen-dung\/\",\"name\":\"TUY\u1ec2N D\u1ee4NG - lunacloset\",\"isPartOf\":{\"@id\":\"https:\/\/amazon.azdigi.shop\/#website\"},\"datePublished\":\"2026-04-10T19:23:41+00:00\",\"breadcrumb\":{\"@id\":\"https:\/\/amazon.azdigi.shop\/index.php\/tuyen-dung\/#breadcrumb\"},\"inLanguage\":\"en-US\",\"potentialAction\":[{\"@type\":\"ReadAction\",\"target\":[\"https:\/\/amazon.azdigi.shop\/index.php\/tuyen-dung\/\"]}]},{\"@type\":\"BreadcrumbList\",\"@id\":\"https:\/\/amazon.azdigi.shop\/index.php\/tuyen-dung\/#breadcrumb\",\"itemListElement\":[{\"@type\":\"ListItem\",\"position\":1,\"name\":\"Home\",\"item\":\"https:\/\/amazon.azdigi.shop\/\"},{\"@type\":\"ListItem\",\"position\":2,\"name\":\"TUY\u1ec2N D\u1ee4NG\"}]},{\"@type\":\"WebSite\",\"@id\":\"https:\/\/amazon.azdigi.shop\/#website\",\"url\":\"https:\/\/amazon.azdigi.shop\/\",\"name\":\"lunacloset\",\"description\":\"\",\"potentialAction\":[{\"@type\":\"SearchAction\",\"target\":{\"@type\":\"EntryPoint\",\"urlTemplate\":\"https:\/\/amazon.azdigi.shop\/?s={search_term_string}\"},\"query-input\":{\"@type\":\"PropertyValueSpecification\",\"valueRequired\":true,\"valueName\":\"search_term_string\"}}],\"inLanguage\":\"en-US\"}]}<\/script>\n<!-- \/ Yoast SEO plugin. -->","yoast_head_json":{"title":"TUY\u1ec2N D\u1ee4NG - lunacloset","robots":{"index":"index","follow":"follow","max-snippet":"max-snippet:-1","max-image-preview":"max-image-preview:large","max-video-preview":"max-video-preview:-1"},"canonical":"https:\/\/amazon.azdigi.shop\/index.php\/tuyen-dung\/","og_locale":"en_US","og_type":"article","og_title":"TUY\u1ec2N D\u1ee4NG - lunacloset","og_description":"TUY\u1ec2N D\u1ee4NG luna CLOSET Team lu\u00f4n ch\u00e0o \u0111\u00f3n nh\u1eefng th\u00e0nh vi\u00ean m\u1edbi \u0111\u1ed3ng h\u00e0nh c\u00f9ng ch\u00fang m\u00ecnh tr\u00ean h\u00e0nh tr\u00ecnh th\u1eddi trang s\u00e1ng t\u1ea1o v\u00e0 \u0111\u1ea7y th\u00fa v\u1ecb. N\u1ebfu b\u1ea1n \u0111ang quan t\u00e2m \u0111\u1ebfn c\u00e1c c\u00f4ng vi\u1ec7c d\u01b0\u1edbi \u0111\u00e2y, vui l\u00f2ng chia s\u1ebb CV\/ portfolio c\u1ee7a b\u1ea1n t\u1edbi email:\u00a0mainn@lunaclosetvn.com\u00a0ngay nh\u00e9!\u00a0 &nbsp; Nh\u1eefng v\u1ecb tr\u00ed LUNA [...]","og_url":"https:\/\/amazon.azdigi.shop\/index.php\/tuyen-dung\/","og_site_name":"lunacloset","twitter_card":"summary_large_image","twitter_misc":{"Est. reading time":"1 minute"},"schema":{"@context":"https:\/\/schema.org","@graph":[{"@type":"WebPage","@id":"https:\/\/amazon.azdigi.shop\/index.php\/tuyen-dung\/","url":"https:\/\/amazon.azdigi.shop\/index.php\/tuyen-dung\/","name":"TUY\u1ec2N D\u1ee4NG - lunacloset","isPartOf":{"@id":"https:\/\/amazon.azdigi.shop\/#website"},"datePublished":"2026-04-10T19:23:41+00:00","breadcrumb":{"@id":"https:\/\/amazon.azdigi.shop\/index.php\/tuyen-dung\/#breadcrumb"},"inLanguage":"en-US","potentialAction":[{"@type":"ReadAction","target":["https:\/\/amazon.azdigi.shop\/index.php\/tuyen-dung\/"]}]},{"@type":"BreadcrumbList","@id":"https:\/\/amazon.azdigi.shop\/index.php\/tuyen-dung\/#breadcrumb","itemListElement":[{"@type":"ListItem","position":1,"name":"Home","item":"https:\/\/amazon.azdigi.shop\/"},{"@type":"ListItem","position":2,"name":"TUY\u1ec2N D\u1ee4NG"}]},{"@type":"WebSite","@id":"https:\/\/amazon.azdigi.shop\/#website","url":"https:\/\/amazon.azdigi.shop\/","name":"lunacloset","description":"","potentialAction":[{"@type":"SearchAction","target":{"@type":"EntryPoint","urlTemplate":"https:\/\/amazon.azdigi.shop\/?s={search_term_string}"},"query-input":{"@type":"PropertyValueSpecification","valueRequired":true,"valueName":"search_term_string"}}],"inLanguage":"en-US"}]}},"_links":{"self":[{"href":"https:\/\/amazon.azdigi.shop\/index.php\/wp-json\/wp\/v2\/pages\/446","targetHints":{"allow":["GET"]}}],"collection":[{"href":"https:\/\/amazon.azdigi.shop\/index.php\/wp-json\/wp\/v2\/pages"}],"about":[{"href":"https:\/\/amazon.azdigi.shop\/index.php\/wp-json\/wp\/v2\/types\/page"}],"author":[{"embeddable":true,"href":"https:\/\/amazon.azdigi.shop\/index.php\/wp-json\/wp\/v2\/users\/1"}],"replies":[{"embeddable":true,"href":"https:\/\/amazon.azdigi.shop\/index.php\/wp-json\/wp\/v2\/comments?post=446"}],"version-history":[{"count":1,"href":"https:\/\/amazon.azdigi.shop\/index.php\/wp-json\/wp\/v2\/pages\/446\/revisions"}],"predecessor-version":[{"id":447,"href":"https:\/\/amazon.azdigi.shop\/index.php\/wp-json\/wp\/v2\/pages\/446\/revisions\/447"}],"wp:attachment":[{"href":"https:\/\/amazon.azdigi.shop\/index.php\/wp-json\/wp\/v2\/media?parent=446"}],"curies":[{"name":"wp","href":"https:\/\/api.w.org\/{rel}","templated":true}]}}