{"id":444,"date":"2026-04-10T19:20:32","date_gmt":"2026-04-10T19:20:32","guid":{"rendered":"https:\/\/amazon.azdigi.shop\/?page_id=444"},"modified":"2026-04-10T19:20:32","modified_gmt":"2026-04-10T19:20:32","slug":"chinh-sach-thanh-toan","status":"publish","type":"page","link":"https:\/\/amazon.azdigi.shop\/index.php\/chinh-sach-thanh-toan\/","title":{"rendered":"CH\u00cdNH S\u00c1CH THANH TO\u00c1N"},"content":{"rendered":"<div class=\"heading-page\">\n<h1><span style=\"font-family: 'times new roman', times, serif; font-size: 120%;\">CH\u00cdNH S\u00c1CH THANH TO\u00c1N<\/span><\/h1>\n<\/div>\n<div class=\"wrapbox-content-page\">\n<div class=\"content-page \">\n<p><span style=\"font-family: 'times new roman', times, serif; font-size: 120%;\"><strong>LUNA CLOSET hi\u1ec7n \u0111ang h\u1ed7 tr\u1ee3 kh\u00e1ch h\u00e0ng c\u00e1c h\u00ecnh th\u1ee9c thanh to\u00e1n sau \u0111\u00e2y:\u00a0<\/strong><\/span><\/p>\n<p><span style=\"font-family: 'times new roman', times, serif; font-size: 120%;\"><strong>Thanh to\u00e1n tr\u1ef1c ti\u1ebfp\u00a0<\/strong><\/span><\/p>\n<p><span style=\"font-family: 'times new roman', times, serif; font-size: 120%;\">Qu\u00fd kh\u00e1ch h\u00e0ng vui l\u00f2ng thanh to\u00e1n tr\u1ef1c ti\u1ebfp\u00a0khi mua h\u00e0ng t\u1ea1i:<\/span><\/p>\n<ul>\n<li><span style=\"font-family: 'times new roman', times, serif; font-size: 120%;\">Chi nh\u00e1nh 1: 32 NGUY\u1ec4N TR\u00c3I, PH\u01af\u1edcNG B\u1ebeN TH\u00c0NH, QU\u1eacN 1, TP.HCM\u00a0<\/span><\/li>\n<li><span style=\"font-family: 'times new roman', times, serif; font-size: 120%;\">Chi nh\u00e1nh 2:\u00a0246 B\u00c0 TRI\u1ec6U, PH\u01af\u1edcNG L\u00ca \u0110\u1ea0I H\u00c0NH, QU\u1eacN HAI B\u00c0 TR\u01afNG, H\u00c0 N\u1ed8I\u00a0<\/span><\/li>\n<\/ul>\n<p><span style=\"font-family: 'times new roman', times, serif; font-size: 120%;\"><strong>\u00a0Thanh to\u00e1n tr\u1ef1c tuy\u1ebfn qua c\u1ed5ng thanh to\u00e1n online\u00a0<\/strong><\/span><\/p>\n<p><span style=\"font-family: 'times new roman', times, serif; font-size: 120%;\">Thanh to\u00e1n chuy\u1ec3n kho\u1ea3n theo th\u00f4ng tin sau:<\/span><\/p>\n<ul>\n<li><span style=\"font-family: 'times new roman', times, serif; font-size: 120%;\">T\u00ean ch\u1ee7 t\u00e0i kho\u1ea3n: LE THI HOAI THUONG<\/span><\/li>\n<li><span style=\"font-family: 'times new roman', times, serif; font-size: 120%;\">S\u1ed1 t\u00e0i kho\u1ea3n: 1043849305<\/span><\/li>\n<li><span style=\"font-family: 'times new roman', times, serif; font-size: 120%;\">Ng\u00e2n h\u00e0ng VIETCOMBANK<\/span><\/li>\n<li><span style=\"font-family: 'times new roman', times, serif; font-size: 120%;\">N\u1ed9i dung chuy\u1ec3n kho\u1ea3n: T\u00ean + S\u0110T mua h\u00e0ng\u00a0<\/span><\/li>\n<\/ul>\n<\/div>\n<\/div>\n","protected":false},"excerpt":{"rendered":"<p>CH\u00cdNH S\u00c1CH THANH TO\u00c1N LUNA CLOSET hi\u1ec7n \u0111ang h\u1ed7 tr\u1ee3 kh\u00e1ch h\u00e0ng c\u00e1c h\u00ecnh th\u1ee9c thanh to\u00e1n sau \u0111\u00e2y:\u00a0 Thanh to\u00e1n tr\u1ef1c ti\u1ebfp\u00a0 Qu\u00fd kh\u00e1ch h\u00e0ng vui l\u00f2ng thanh to\u00e1n tr\u1ef1c ti\u1ebfp\u00a0khi mua h\u00e0ng t\u1ea1i: Chi nh\u00e1nh 1: 32 NGUY\u1ec4N TR\u00c3I, PH\u01af\u1edcNG B\u1ebeN TH\u00c0NH, QU\u1eacN 1, TP.HCM\u00a0 Chi nh\u00e1nh 2:\u00a0246 B\u00c0 TRI\u1ec6U, PH\u01af\u1edcNG L\u00ca \u0110\u1ea0I [&#8230;]\n","protected":false},"author":1,"featured_media":0,"parent":0,"menu_order":0,"comment_status":"closed","ping_status":"closed","template":"","meta":{"footnotes":""},"class_list":["post-444","page","type-page","status-publish","hentry"],"yoast_head":"<!-- This site is optimized with the Yoast SEO plugin v27.2 - https:\/\/yoast.com\/product\/yoast-seo-wordpress\/ -->\n<title>CH\u00cdNH S\u00c1CH THANH TO\u00c1N - lunacloset<\/title>\n<meta name=\"robots\" content=\"index, follow, max-snippet:-1, max-image-preview:large, max-video-preview:-1\" \/>\n<link rel=\"canonical\" href=\"https:\/\/amazon.azdigi.shop\/index.php\/chinh-sach-thanh-toan\/\" \/>\n<meta property=\"og:locale\" content=\"en_US\" \/>\n<meta property=\"og:type\" content=\"article\" \/>\n<meta property=\"og:title\" content=\"CH\u00cdNH S\u00c1CH THANH TO\u00c1N - lunacloset\" \/>\n<meta property=\"og:description\" content=\"CH\u00cdNH S\u00c1CH THANH TO\u00c1N LUNA CLOSET hi\u1ec7n \u0111ang h\u1ed7 tr\u1ee3 kh\u00e1ch h\u00e0ng c\u00e1c h\u00ecnh th\u1ee9c thanh to\u00e1n sau \u0111\u00e2y:\u00a0 Thanh to\u00e1n tr\u1ef1c ti\u1ebfp\u00a0 Qu\u00fd kh\u00e1ch h\u00e0ng vui l\u00f2ng thanh to\u00e1n tr\u1ef1c ti\u1ebfp\u00a0khi mua h\u00e0ng t\u1ea1i: Chi nh\u00e1nh 1: 32 NGUY\u1ec4N TR\u00c3I, PH\u01af\u1edcNG B\u1ebeN TH\u00c0NH, QU\u1eacN 1, TP.HCM\u00a0 Chi nh\u00e1nh 2:\u00a0246 B\u00c0 TRI\u1ec6U, PH\u01af\u1edcNG L\u00ca \u0110\u1ea0I [...]\" \/>\n<meta property=\"og:url\" content=\"https:\/\/amazon.azdigi.shop\/index.php\/chinh-sach-thanh-toan\/\" \/>\n<meta property=\"og:site_name\" content=\"lunacloset\" \/>\n<meta name=\"twitter:card\" content=\"summary_large_image\" \/>\n<meta name=\"twitter:label1\" content=\"Est. reading time\" \/>\n\t<meta name=\"twitter:data1\" content=\"1 minute\" \/>\n<script type=\"application\/ld+json\" class=\"yoast-schema-graph\">{\"@context\":\"https:\/\/schema.org\",\"@graph\":[{\"@type\":\"WebPage\",\"@id\":\"https:\/\/amazon.azdigi.shop\/index.php\/chinh-sach-thanh-toan\/\",\"url\":\"https:\/\/amazon.azdigi.shop\/index.php\/chinh-sach-thanh-toan\/\",\"name\":\"CH\u00cdNH S\u00c1CH THANH TO\u00c1N - lunacloset\",\"isPartOf\":{\"@id\":\"https:\/\/amazon.azdigi.shop\/#website\"},\"datePublished\":\"2026-04-10T19:20:32+00:00\",\"breadcrumb\":{\"@id\":\"https:\/\/amazon.azdigi.shop\/index.php\/chinh-sach-thanh-toan\/#breadcrumb\"},\"inLanguage\":\"en-US\",\"potentialAction\":[{\"@type\":\"ReadAction\",\"target\":[\"https:\/\/amazon.azdigi.shop\/index.php\/chinh-sach-thanh-toan\/\"]}]},{\"@type\":\"BreadcrumbList\",\"@id\":\"https:\/\/amazon.azdigi.shop\/index.php\/chinh-sach-thanh-toan\/#breadcrumb\",\"itemListElement\":[{\"@type\":\"ListItem\",\"position\":1,\"name\":\"Home\",\"item\":\"https:\/\/amazon.azdigi.shop\/\"},{\"@type\":\"ListItem\",\"position\":2,\"name\":\"CH\u00cdNH S\u00c1CH THANH TO\u00c1N\"}]},{\"@type\":\"WebSite\",\"@id\":\"https:\/\/amazon.azdigi.shop\/#website\",\"url\":\"https:\/\/amazon.azdigi.shop\/\",\"name\":\"lunacloset\",\"description\":\"\",\"potentialAction\":[{\"@type\":\"SearchAction\",\"target\":{\"@type\":\"EntryPoint\",\"urlTemplate\":\"https:\/\/amazon.azdigi.shop\/?s={search_term_string}\"},\"query-input\":{\"@type\":\"PropertyValueSpecification\",\"valueRequired\":true,\"valueName\":\"search_term_string\"}}],\"inLanguage\":\"en-US\"}]}<\/script>\n<!-- \/ Yoast SEO plugin. -->","yoast_head_json":{"title":"CH\u00cdNH S\u00c1CH THANH TO\u00c1N - lunacloset","robots":{"index":"index","follow":"follow","max-snippet":"max-snippet:-1","max-image-preview":"max-image-preview:large","max-video-preview":"max-video-preview:-1"},"canonical":"https:\/\/amazon.azdigi.shop\/index.php\/chinh-sach-thanh-toan\/","og_locale":"en_US","og_type":"article","og_title":"CH\u00cdNH S\u00c1CH THANH TO\u00c1N - lunacloset","og_description":"CH\u00cdNH S\u00c1CH THANH TO\u00c1N LUNA CLOSET hi\u1ec7n \u0111ang h\u1ed7 tr\u1ee3 kh\u00e1ch h\u00e0ng c\u00e1c h\u00ecnh th\u1ee9c thanh to\u00e1n sau \u0111\u00e2y:\u00a0 Thanh to\u00e1n tr\u1ef1c ti\u1ebfp\u00a0 Qu\u00fd kh\u00e1ch h\u00e0ng vui l\u00f2ng thanh to\u00e1n tr\u1ef1c ti\u1ebfp\u00a0khi mua h\u00e0ng t\u1ea1i: Chi nh\u00e1nh 1: 32 NGUY\u1ec4N TR\u00c3I, PH\u01af\u1edcNG B\u1ebeN TH\u00c0NH, QU\u1eacN 1, TP.HCM\u00a0 Chi nh\u00e1nh 2:\u00a0246 B\u00c0 TRI\u1ec6U, PH\u01af\u1edcNG L\u00ca \u0110\u1ea0I [...]","og_url":"https:\/\/amazon.azdigi.shop\/index.php\/chinh-sach-thanh-toan\/","og_site_name":"lunacloset","twitter_card":"summary_large_image","twitter_misc":{"Est. reading time":"1 minute"},"schema":{"@context":"https:\/\/schema.org","@graph":[{"@type":"WebPage","@id":"https:\/\/amazon.azdigi.shop\/index.php\/chinh-sach-thanh-toan\/","url":"https:\/\/amazon.azdigi.shop\/index.php\/chinh-sach-thanh-toan\/","name":"CH\u00cdNH S\u00c1CH THANH TO\u00c1N - lunacloset","isPartOf":{"@id":"https:\/\/amazon.azdigi.shop\/#website"},"datePublished":"2026-04-10T19:20:32+00:00","breadcrumb":{"@id":"https:\/\/amazon.azdigi.shop\/index.php\/chinh-sach-thanh-toan\/#breadcrumb"},"inLanguage":"en-US","potentialAction":[{"@type":"ReadAction","target":["https:\/\/amazon.azdigi.shop\/index.php\/chinh-sach-thanh-toan\/"]}]},{"@type":"BreadcrumbList","@id":"https:\/\/amazon.azdigi.shop\/index.php\/chinh-sach-thanh-toan\/#breadcrumb","itemListElement":[{"@type":"ListItem","position":1,"name":"Home","item":"https:\/\/amazon.azdigi.shop\/"},{"@type":"ListItem","position":2,"name":"CH\u00cdNH S\u00c1CH THANH TO\u00c1N"}]},{"@type":"WebSite","@id":"https:\/\/amazon.azdigi.shop\/#website","url":"https:\/\/amazon.azdigi.shop\/","name":"lunacloset","description":"","potentialAction":[{"@type":"SearchAction","target":{"@type":"EntryPoint","urlTemplate":"https:\/\/amazon.azdigi.shop\/?s={search_term_string}"},"query-input":{"@type":"PropertyValueSpecification","valueRequired":true,"valueName":"search_term_string"}}],"inLanguage":"en-US"}]}},"_links":{"self":[{"href":"https:\/\/amazon.azdigi.shop\/index.php\/wp-json\/wp\/v2\/pages\/444","targetHints":{"allow":["GET"]}}],"collection":[{"href":"https:\/\/amazon.azdigi.shop\/index.php\/wp-json\/wp\/v2\/pages"}],"about":[{"href":"https:\/\/amazon.azdigi.shop\/index.php\/wp-json\/wp\/v2\/types\/page"}],"author":[{"embeddable":true,"href":"https:\/\/amazon.azdigi.shop\/index.php\/wp-json\/wp\/v2\/users\/1"}],"replies":[{"embeddable":true,"href":"https:\/\/amazon.azdigi.shop\/index.php\/wp-json\/wp\/v2\/comments?post=444"}],"version-history":[{"count":1,"href":"https:\/\/amazon.azdigi.shop\/index.php\/wp-json\/wp\/v2\/pages\/444\/revisions"}],"predecessor-version":[{"id":445,"href":"https:\/\/amazon.azdigi.shop\/index.php\/wp-json\/wp\/v2\/pages\/444\/revisions\/445"}],"wp:attachment":[{"href":"https:\/\/amazon.azdigi.shop\/index.php\/wp-json\/wp\/v2\/media?parent=444"}],"curies":[{"name":"wp","href":"https:\/\/api.w.org\/{rel}","templated":true}]}}