{"id":441,"date":"2026-04-10T19:17:17","date_gmt":"2026-04-10T19:17:17","guid":{"rendered":"https:\/\/amazon.azdigi.shop\/?page_id=441"},"modified":"2026-04-10T19:17:55","modified_gmt":"2026-04-10T19:17:55","slug":"chinh-sach-bao-mat","status":"publish","type":"page","link":"https:\/\/amazon.azdigi.shop\/index.php\/chinh-sach-bao-mat\/","title":{"rendered":"CH\u00cdNH S\u00c1CH B\u1ea2O M\u1eacT"},"content":{"rendered":"<div class=\"heading-page\">\n<h1><span style=\"font-family: 'times new roman', times, serif; font-size: 115%;\">CH\u00cdNH S\u00c1CH B\u1ea2O M\u1eacT<\/span><\/h1>\n<\/div>\n<div class=\"wrapbox-content-page\">\n<div class=\"content-page \">\n<p><span style=\"font-family: 'times new roman', times, serif; font-size: 115%;\">1. M\u1ee4C \u0110\u00cdCH V\u00c0 PH\u1ea0M VI THU TH\u1eacP<\/span><\/p>\n<p><span style=\"font-family: 'times new roman', times, serif; font-size: 115%;\">Vi\u1ec7c thu th\u1eadp d\u1eef li\u1ec7u tr\u00ean website bao g\u1ed3m: h\u1ecd t\u00ean, email, \u0111i\u1ec7n tho\u1ea1i, \u0111\u1ecba ch\u1ec9 kh\u00e1ch h\u00e0ng . \u0110\u00e2y l\u00e0 c\u00e1c th\u00f4ng tin m\u00e0 ch\u00fang t\u00f4i \u00a0c\u1ea7n th\u00e0nh vi\u00ean cung c\u1ea5p b\u1eaft bu\u1ed9c khi g\u1eedi th\u00f4ng tin nh\u1edd t\u01b0 v\u1ea5n hay mu\u1ed1n mua s\u1ea3n ph\u1ea9m v\u00e0 \u0111\u1ec3 ch\u00fang t\u00f4i\u00a0li\u00ean h\u1ec7 x\u00e1c nh\u1eadn l\u1ea1i v\u1edbi kh\u00e1ch h\u00e0ng tr\u00ean website nh\u1eb1m \u0111\u1ea3m b\u1ea3o quy\u1ec1n l\u1ee3i cho cho ng\u01b0\u1eddi ti\u00eau d\u00f9ng.<\/span><\/p>\n<p><span style=\"font-family: 'times new roman', times, serif; font-size: 115%;\">C\u00e1c th\u00e0nh vi\u00ean s\u1ebd t\u1ef1 ch\u1ecbu tr\u00e1ch nhi\u1ec7m v\u1ec1 b\u1ea3o m\u1eadt v\u00e0 l\u01b0u gi\u1eef m\u1ecdi ho\u1ea1t \u0111\u1ed9ng s\u1eed d\u1ee5ng d\u1ecbch v\u1ee5 d\u01b0\u1edbi th\u00f4ng tin m\u00e0 m\u00ecnh cung c\u1ea5p v\u00e0 h\u1ed9p th\u01b0 \u0111i\u1ec7n t\u1eed c\u1ee7a m\u00ecnh. Ngo\u00e0i ra, th\u00e0nh vi\u00ean c\u00f3 tr\u00e1ch nhi\u1ec7m th\u00f4ng b\u00e1o k\u1ecbp th\u1eddi cho webiste ch\u00fang t\u00f4i \u00a0 v\u1ec1 nh\u1eefng h\u00e0nh vi s\u1eed d\u1ee5ng tr\u00e1i ph\u00e9p, l\u1ea1m d\u1ee5ng, vi ph\u1ea1m b\u1ea3o m\u1eadt, l\u01b0u gi\u1eef t\u00ean \u0111\u0103ng k\u00fd v\u00e0 m\u1eadt kh\u1ea9u c\u1ee7a b\u00ean th\u1ee9 ba \u0111\u1ec3 c\u00f3 bi\u1ec7n ph\u00e1p gi\u1ea3i quy\u1ebft ph\u00f9 h\u1ee3p.<\/span><\/p>\n<p><span style=\"font-family: 'times new roman', times, serif; font-size: 115%;\">2. PH\u1ea0M VI S\u1eec D\u1ee4NG TH\u00d4NG TIN<\/span><\/p>\n<p><span style=\"font-family: 'times new roman', times, serif; font-size: 115%;\">Ch\u00fang t\u00f4i s\u1eed d\u1ee5ng th\u00f4ng tin th\u00e0nh vi\u00ean cung c\u1ea5p \u0111\u1ec3:<\/span><\/p>\n<p><span style=\"font-family: 'times new roman', times, serif; font-size: 115%;\">Li\u00ean h\u1ec7 x\u00e1c nh\u1eadn \u0111\u01a1n h\u00e0ng v\u00e0 giao h\u00e0ng cho th\u00e0nh vi\u00ean khi nh\u1eadn \u0111\u01b0\u1ee3c y\u00eau c\u1ea7u t\u1eeb th\u00e0nh vi\u00ean;<\/span><\/p>\n<p><span style=\"font-family: 'times new roman', times, serif; font-size: 115%;\">Cung c\u1ea5p th\u00f4ng tin v\u1ec1 s\u1ea3n ph\u1ea9m \u0111\u1ebfn kh\u00e1ch h\u00e0ng n\u1ebfu c\u00f3 y\u00eau c\u1ea7u t\u1eeb kh\u00e1ch h\u00e0ng;<\/span><\/p>\n<p><span style=\"font-family: 'times new roman', times, serif; font-size: 115%;\">G\u1eedi email ti\u1ebfp th\u1ecb, khuy\u1ebfn m\u1ea1i v\u1ec1 h\u00e0ng h\u00f3a do ch\u00fang t\u00f4i b\u00e1n;<\/span><\/p>\n<p><span style=\"font-family: 'times new roman', times, serif; font-size: 115%;\">G\u1eedi c\u00e1c th\u00f4ng b\u00e1o v\u1ec1 c\u00e1c ho\u1ea1t \u0111\u1ed9ng tr\u00ean website<\/span><\/p>\n<p><span style=\"font-family: 'times new roman', times, serif; font-size: 115%;\">Li\u00ean l\u1ea1c v\u00e0 gi\u1ea3i quy\u1ebft v\u1edbi ng\u01b0\u1eddi d\u00f9ng trong nh\u1eefng tr\u01b0\u1eddng h\u1ee3p \u0111\u1eb7c bi\u1ec7t;<\/span><\/p>\n<p><span style=\"font-family: 'times new roman', times, serif; font-size: 115%;\">Kh\u00f4ng s\u1eed d\u1ee5ng th\u00f4ng tin c\u00e1 nh\u00e2n c\u1ee7a ng\u01b0\u1eddi d\u00f9ng ngo\u00e0i m\u1ee5c \u0111\u00edch x\u00e1c nh\u1eadn v\u00e0 li\u00ean h\u1ec7 c\u00f3 li\u00ean quan \u0111\u1ebfn giao d\u1ecbch<\/span><\/p>\n<p><span style=\"font-family: 'times new roman', times, serif; font-size: 115%;\">Khi c\u00f3 y\u00eau c\u1ea7u c\u1ee7a c\u01a1 quan t\u01b0 ph\u00e1p bao g\u1ed3m: Vi\u1ec7n ki\u1ec3m s\u00e1t, t\u00f2a \u00e1n, c\u01a1 quan c\u00f4ng an \u0111i\u1ec1u tra li\u00ean quan \u0111\u1ebfn h\u00e0nh vi vi ph\u1ea1m ph\u00e1p lu\u1eadt n\u00e0o \u0111\u00f3 c\u1ee7a kh\u00e1ch h\u00e0ng.<\/span><br \/>\n<span style=\"font-family: 'times new roman', times, serif; font-size: 115%;\">3. \u00a0 TH\u1edcI GIAN L\u01afU TR\u1eee TH\u00d4NG TIN<\/span><\/p>\n<p><span style=\"font-family: 'times new roman', times, serif; font-size: 115%;\">D\u1eef li\u1ec7u c\u00e1 nh\u00e2n c\u1ee7a th\u00e0nh vi\u00ean s\u1ebd \u0111\u01b0\u1ee3c l\u01b0u tr\u1eef cho \u0111\u1ebfn khi c\u00f3 y\u00eau c\u1ea7u ban qu\u1ea3n tr\u1ecb h\u1ee7y b\u1ecf. C\u00f2n l\u1ea1i trong m\u1ecdi tr\u01b0\u1eddng h\u1ee3p th\u00f4ng tin c\u00e1 nh\u00e2n th\u00e0nh vi\u00ean s\u1ebd \u0111\u01b0\u1ee3c b\u1ea3o m\u1eadt tr\u00ean m\u00e1y ch\u1ee7 c\u1ee7a ch\u00fang t\u00f4i<\/span><\/p>\n<p>&nbsp;<\/p>\n<p><span style=\"font-family: 'times new roman', times, serif; font-size: 115%;\">4. NH\u1eeeNG NG\u01af\u1edcI HO\u1eb6C T\u1ed4 CH\u1ee8C C\u00d3 TH\u1ec2 \u0110\u01af\u1ee2C TI\u1ebeP C\u1eacN V\u1edaI TH\u00d4NG TIN C\u00c1 NH\u00c2N<\/span><\/p>\n<p><span style=\"font-family: 'times new roman', times, serif; font-size: 115%;\">Nh\u1eefng th\u00f4ng tin c\u00e1 nh\u00e2n tr\u00ean website \u0111\u01b0\u1ee3c ph\u00e9p ti\u1ebfp c\u1eadn b\u1edfi:<\/span><\/p>\n<p><span style=\"font-family: 'times new roman', times, serif; font-size: 115%;\">Ban qu\u1ea3n tr\u1ecb website<\/span><\/p>\n<p><span style=\"font-family: 'times new roman', times, serif; font-size: 115%;\">Kh\u00e1ch h\u00e0ng s\u1edf h\u1eefu th\u00f4ng tin c\u00e1 nh\u00e2n \u0111\u00f3<\/span><\/p>\n<p><span style=\"font-family: 'times new roman', times, serif; font-size: 115%;\">C\u00e1c c\u01a1 quan Ph\u00e1p lu\u1eadt Vi\u1ec7t Nam c\u00f3 th\u1ea9m quy\u1ec1n<\/span><\/p>\n<p><span style=\"font-family: 'times new roman', times, serif; font-size: 115%;\">C\u00e1c \u0111\u1ed1i t\u00e1c ho\u1ea1t \u0111\u1ed9ng li\u00ean quan \u0111\u1ebfn giao d\u1ecbch c\u1ee7a b\u1ea1n, ch\u1eb3ng h\u1ea1n nh\u01b0 \u0111\u01a1n v\u1ecb v\u1eadn chuy\u1ec3n.<\/span><\/p>\n<p>&nbsp;<\/p>\n<p><span style=\"font-family: 'times new roman', times, serif; font-size: 115%;\">5. \u0110\u1ecaA CH\u1ec8 C\u1ee6A \u0110\u01a0N V\u1eca THU TH\u1eacP V\u00c0 QU\u1ea2N L\u00dd TH\u00d4NG TIN C\u00c1 NH\u00c2N<\/span><\/p>\n<p><span style=\"font-family: 'times new roman', times, serif; font-size: 115%;\"><strong>C\u00d4NG TY TNHH -CLOSET<\/strong><\/span><\/p>\n<p><span style=\"font-family: 'times new roman', times, serif; font-size: 115%;\">\u0110\u1ecba ch\u1ec9: 232 V\u00d5 V\u0102N T\u1ea6N, PH\u01af\u1edcNG 5, QU\u1eacN 3, TP.HCM<\/span><\/p>\n<p><span style=\"font-family: 'times new roman', times, serif; font-size: 115%;\">Hotline: 091 645 63 38<\/span><\/p>\n<p>&nbsp;<\/p>\n<p><span style=\"font-family: 'times new roman', times, serif; font-size: 115%;\">6. PH\u01af\u01a0NG TI\u1ec6N V\u00c0 C\u00d4NG C\u1ee4 \u0110\u1ec2 NG\u01af\u1edcI D\u00d9NG TI\u1ebeP C\u1eacN V\u00c0 CH\u1ec8NH S\u1eecA D\u1eee LI\u1ec6U C\u00c1 NH\u00c2N C\u1ee6A M\u00ccNH<\/span><\/p>\n<p><span style=\"font-family: 'times new roman', times, serif; font-size: 115%;\">Th\u00e0nh vi\u00ean c\u00f3 quy\u1ec1n t\u1ef1 ki\u1ec3m tra, c\u1eadp nh\u1eadt, \u0111i\u1ec1u ch\u1ec9nh ho\u1eb7c h\u1ee7y b\u1ecf th\u00f4ng tin c\u00e1 nh\u00e2n c\u1ee7a m\u00ecnh b\u1eb1ng c\u00e1ch li\u00ean h\u1ec7 v\u1edbi ban qu\u1ea3n tr\u1ecb website th\u1ef1c hi\u1ec7n vi\u1ec7c n\u00e0y.<\/span><\/p>\n<p><span style=\"font-family: 'times new roman', times, serif; font-size: 115%;\">Th\u00e0nh vi\u00ean c\u00f3 quy\u1ec1n g\u1eedi khi\u1ebfu n\u1ea1i v\u1ec1 n\u1ed9i dung b\u1ea3o m\u1eadt th\u00f4ng tin \u0111\u1ec1 ngh\u1ecb li\u00ean h\u1ec7 Ban qu\u1ea3n tr\u1ecb c\u1ee7a website. Khi ti\u1ebfp nh\u1eadn nh\u1eefng ph\u1ea3n h\u1ed3i n\u00e0y, ch\u00fang t\u00f4i s\u1ebd x\u00e1c nh\u1eadn l\u1ea1i th\u00f4ng tin, tr\u01b0\u1eddng h\u1ee3p \u0111\u00fang nh\u01b0 ph\u1ea3n \u00e1nh c\u1ee7a th\u00e0nh vi\u00ean t\u00f9y theo m\u1ee9c \u0111\u1ed9, ch\u00fang t\u00f4i s\u1ebd c\u00f3 nh\u1eefng bi\u1ec7n ph\u00e1p x\u1eed l\u00fd k\u1ecbp th\u1eddi.<\/span><\/p>\n<p>&nbsp;<\/p>\n<p><span style=\"font-family: 'times new roman', times, serif; font-size: 115%;\">7. C\u01a0 CH\u1ebe TI\u1ebeP NH\u1eacN V\u00c0 GI\u1ea2I QUY\u1ebeT KHI\u1ebeU N\u1ea0I C\u1ee6A NG\u01af\u1edcI TI\u00caU D\u00d9NG<\/span><\/p>\n<p><span style=\"font-family: 'times new roman', times, serif; font-size: 115%;\">Khi pha\u0301t hi\u00ea\u0323n th\u00f4ng tin ca\u0301 nh\u00e2n cu\u0309a mi\u0300nh bi\u0323 s\u01b0\u0309 du\u0323ng sai mu\u0323c \u0111i\u0301ch ho\u0103\u0323c pha\u0323m vi, kh\u00e1ch h\u00e0ng g\u1ecdi \u0111i\u1ec7n tho\u1ea1i t\u1edbi s\u1ed1<strong>\u00a0<\/strong>091 645 63 38\u00a0\u0111\u1ec3 khi\u1ebfu n\u1ea1i v\u00e0 cung c\u1ea5p ch\u01b0\u0301ng c\u01b0\u0301 li\u00ean quan t\u01a1\u0301i v\u1ee5 vi\u00ea\u0323c cho Ban qu\u1ea3n tr\u1ecb.<\/span><\/p>\n<p><span style=\"font-family: 'times new roman', times, serif; font-size: 115%;\">Ban qu\u1ea3n tr\u1ecb cam k\u00ea\u0301t se\u0303 pha\u0309n h\u00f4\u0300i ngay l\u1eadp t\u1ee9c ho\u1eb7c mu\u1ed9n nh\u1ea5t l\u00e0 trong vo\u0300ng 24 gi\u1edd l\u00e0m vi\u1ec7c k\u1ec3 t\u1eeb th\u1eddi \u0111i\u1ec3m nh\u1eadn \u0111\u01b0\u1ee3c khi\u1ebfu n\u1ea1i.<\/span><\/p>\n<\/div>\n<\/div>\n","protected":false},"excerpt":{"rendered":"<p>CH\u00cdNH S\u00c1CH B\u1ea2O M\u1eacT 1. M\u1ee4C \u0110\u00cdCH V\u00c0 PH\u1ea0M VI THU TH\u1eacP Vi\u1ec7c thu th\u1eadp d\u1eef li\u1ec7u tr\u00ean website bao g\u1ed3m: h\u1ecd t\u00ean, email, \u0111i\u1ec7n tho\u1ea1i, \u0111\u1ecba ch\u1ec9 kh\u00e1ch h\u00e0ng . \u0110\u00e2y l\u00e0 c\u00e1c th\u00f4ng tin m\u00e0 ch\u00fang t\u00f4i \u00a0c\u1ea7n th\u00e0nh vi\u00ean cung c\u1ea5p b\u1eaft bu\u1ed9c khi g\u1eedi th\u00f4ng tin nh\u1edd t\u01b0 v\u1ea5n hay mu\u1ed1n [&#8230;]\n","protected":false},"author":1,"featured_media":0,"parent":0,"menu_order":0,"comment_status":"closed","ping_status":"closed","template":"","meta":{"footnotes":""},"class_list":["post-441","page","type-page","status-publish","hentry"],"yoast_head":"<!-- This site is optimized with the Yoast SEO plugin v27.2 - https:\/\/yoast.com\/product\/yoast-seo-wordpress\/ -->\n<title>CH\u00cdNH S\u00c1CH B\u1ea2O M\u1eacT - lunacloset<\/title>\n<meta name=\"robots\" content=\"index, follow, max-snippet:-1, max-image-preview:large, max-video-preview:-1\" \/>\n<link rel=\"canonical\" href=\"https:\/\/amazon.azdigi.shop\/index.php\/chinh-sach-bao-mat\/\" \/>\n<meta property=\"og:locale\" content=\"en_US\" \/>\n<meta property=\"og:type\" content=\"article\" \/>\n<meta property=\"og:title\" content=\"CH\u00cdNH S\u00c1CH B\u1ea2O M\u1eacT - lunacloset\" \/>\n<meta property=\"og:description\" content=\"CH\u00cdNH S\u00c1CH B\u1ea2O M\u1eacT 1. M\u1ee4C \u0110\u00cdCH V\u00c0 PH\u1ea0M VI THU TH\u1eacP Vi\u1ec7c thu th\u1eadp d\u1eef li\u1ec7u tr\u00ean website bao g\u1ed3m: h\u1ecd t\u00ean, email, \u0111i\u1ec7n tho\u1ea1i, \u0111\u1ecba ch\u1ec9 kh\u00e1ch h\u00e0ng . \u0110\u00e2y l\u00e0 c\u00e1c th\u00f4ng tin m\u00e0 ch\u00fang t\u00f4i \u00a0c\u1ea7n th\u00e0nh vi\u00ean cung c\u1ea5p b\u1eaft bu\u1ed9c khi g\u1eedi th\u00f4ng tin nh\u1edd t\u01b0 v\u1ea5n hay mu\u1ed1n [...]\" \/>\n<meta property=\"og:url\" content=\"https:\/\/amazon.azdigi.shop\/index.php\/chinh-sach-bao-mat\/\" \/>\n<meta property=\"og:site_name\" content=\"lunacloset\" \/>\n<meta property=\"article:modified_time\" content=\"2026-04-10T19:17:55+00:00\" \/>\n<meta name=\"twitter:card\" content=\"summary_large_image\" \/>\n<meta name=\"twitter:label1\" content=\"Est. reading time\" \/>\n\t<meta name=\"twitter:data1\" content=\"3 minutes\" \/>\n<script type=\"application\/ld+json\" class=\"yoast-schema-graph\">{\"@context\":\"https:\/\/schema.org\",\"@graph\":[{\"@type\":\"WebPage\",\"@id\":\"https:\/\/amazon.azdigi.shop\/index.php\/chinh-sach-bao-mat\/\",\"url\":\"https:\/\/amazon.azdigi.shop\/index.php\/chinh-sach-bao-mat\/\",\"name\":\"CH\u00cdNH S\u00c1CH B\u1ea2O M\u1eacT - lunacloset\",\"isPartOf\":{\"@id\":\"https:\/\/amazon.azdigi.shop\/#website\"},\"datePublished\":\"2026-04-10T19:17:17+00:00\",\"dateModified\":\"2026-04-10T19:17:55+00:00\",\"breadcrumb\":{\"@id\":\"https:\/\/amazon.azdigi.shop\/index.php\/chinh-sach-bao-mat\/#breadcrumb\"},\"inLanguage\":\"en-US\",\"potentialAction\":[{\"@type\":\"ReadAction\",\"target\":[\"https:\/\/amazon.azdigi.shop\/index.php\/chinh-sach-bao-mat\/\"]}]},{\"@type\":\"BreadcrumbList\",\"@id\":\"https:\/\/amazon.azdigi.shop\/index.php\/chinh-sach-bao-mat\/#breadcrumb\",\"itemListElement\":[{\"@type\":\"ListItem\",\"position\":1,\"name\":\"Home\",\"item\":\"https:\/\/amazon.azdigi.shop\/\"},{\"@type\":\"ListItem\",\"position\":2,\"name\":\"CH\u00cdNH S\u00c1CH B\u1ea2O M\u1eacT\"}]},{\"@type\":\"WebSite\",\"@id\":\"https:\/\/amazon.azdigi.shop\/#website\",\"url\":\"https:\/\/amazon.azdigi.shop\/\",\"name\":\"lunacloset\",\"description\":\"\",\"potentialAction\":[{\"@type\":\"SearchAction\",\"target\":{\"@type\":\"EntryPoint\",\"urlTemplate\":\"https:\/\/amazon.azdigi.shop\/?s={search_term_string}\"},\"query-input\":{\"@type\":\"PropertyValueSpecification\",\"valueRequired\":true,\"valueName\":\"search_term_string\"}}],\"inLanguage\":\"en-US\"}]}<\/script>\n<!-- \/ Yoast SEO plugin. -->","yoast_head_json":{"title":"CH\u00cdNH S\u00c1CH B\u1ea2O M\u1eacT - lunacloset","robots":{"index":"index","follow":"follow","max-snippet":"max-snippet:-1","max-image-preview":"max-image-preview:large","max-video-preview":"max-video-preview:-1"},"canonical":"https:\/\/amazon.azdigi.shop\/index.php\/chinh-sach-bao-mat\/","og_locale":"en_US","og_type":"article","og_title":"CH\u00cdNH S\u00c1CH B\u1ea2O M\u1eacT - lunacloset","og_description":"CH\u00cdNH S\u00c1CH B\u1ea2O M\u1eacT 1. M\u1ee4C \u0110\u00cdCH V\u00c0 PH\u1ea0M VI THU TH\u1eacP Vi\u1ec7c thu th\u1eadp d\u1eef li\u1ec7u tr\u00ean website bao g\u1ed3m: h\u1ecd t\u00ean, email, \u0111i\u1ec7n tho\u1ea1i, \u0111\u1ecba ch\u1ec9 kh\u00e1ch h\u00e0ng . \u0110\u00e2y l\u00e0 c\u00e1c th\u00f4ng tin m\u00e0 ch\u00fang t\u00f4i \u00a0c\u1ea7n th\u00e0nh vi\u00ean cung c\u1ea5p b\u1eaft bu\u1ed9c khi g\u1eedi th\u00f4ng tin nh\u1edd t\u01b0 v\u1ea5n hay mu\u1ed1n [...]","og_url":"https:\/\/amazon.azdigi.shop\/index.php\/chinh-sach-bao-mat\/","og_site_name":"lunacloset","article_modified_time":"2026-04-10T19:17:55+00:00","twitter_card":"summary_large_image","twitter_misc":{"Est. reading time":"3 minutes"},"schema":{"@context":"https:\/\/schema.org","@graph":[{"@type":"WebPage","@id":"https:\/\/amazon.azdigi.shop\/index.php\/chinh-sach-bao-mat\/","url":"https:\/\/amazon.azdigi.shop\/index.php\/chinh-sach-bao-mat\/","name":"CH\u00cdNH S\u00c1CH B\u1ea2O M\u1eacT - lunacloset","isPartOf":{"@id":"https:\/\/amazon.azdigi.shop\/#website"},"datePublished":"2026-04-10T19:17:17+00:00","dateModified":"2026-04-10T19:17:55+00:00","breadcrumb":{"@id":"https:\/\/amazon.azdigi.shop\/index.php\/chinh-sach-bao-mat\/#breadcrumb"},"inLanguage":"en-US","potentialAction":[{"@type":"ReadAction","target":["https:\/\/amazon.azdigi.shop\/index.php\/chinh-sach-bao-mat\/"]}]},{"@type":"BreadcrumbList","@id":"https:\/\/amazon.azdigi.shop\/index.php\/chinh-sach-bao-mat\/#breadcrumb","itemListElement":[{"@type":"ListItem","position":1,"name":"Home","item":"https:\/\/amazon.azdigi.shop\/"},{"@type":"ListItem","position":2,"name":"CH\u00cdNH S\u00c1CH B\u1ea2O M\u1eacT"}]},{"@type":"WebSite","@id":"https:\/\/amazon.azdigi.shop\/#website","url":"https:\/\/amazon.azdigi.shop\/","name":"lunacloset","description":"","potentialAction":[{"@type":"SearchAction","target":{"@type":"EntryPoint","urlTemplate":"https:\/\/amazon.azdigi.shop\/?s={search_term_string}"},"query-input":{"@type":"PropertyValueSpecification","valueRequired":true,"valueName":"search_term_string"}}],"inLanguage":"en-US"}]}},"_links":{"self":[{"href":"https:\/\/amazon.azdigi.shop\/index.php\/wp-json\/wp\/v2\/pages\/441","targetHints":{"allow":["GET"]}}],"collection":[{"href":"https:\/\/amazon.azdigi.shop\/index.php\/wp-json\/wp\/v2\/pages"}],"about":[{"href":"https:\/\/amazon.azdigi.shop\/index.php\/wp-json\/wp\/v2\/types\/page"}],"author":[{"embeddable":true,"href":"https:\/\/amazon.azdigi.shop\/index.php\/wp-json\/wp\/v2\/users\/1"}],"replies":[{"embeddable":true,"href":"https:\/\/amazon.azdigi.shop\/index.php\/wp-json\/wp\/v2\/comments?post=441"}],"version-history":[{"count":2,"href":"https:\/\/amazon.azdigi.shop\/index.php\/wp-json\/wp\/v2\/pages\/441\/revisions"}],"predecessor-version":[{"id":443,"href":"https:\/\/amazon.azdigi.shop\/index.php\/wp-json\/wp\/v2\/pages\/441\/revisions\/443"}],"wp:attachment":[{"href":"https:\/\/amazon.azdigi.shop\/index.php\/wp-json\/wp\/v2\/media?parent=441"}],"curies":[{"name":"wp","href":"https:\/\/api.w.org\/{rel}","templated":true}]}}